{"id":914,"date":"2021-05-30T01:56:31","date_gmt":"2021-05-29T23:56:31","guid":{"rendered":"http:\/\/ibiworld.eu\/fr\/?page_id=914"},"modified":"2022-02-26T22:58:38","modified_gmt":"2022-02-26T21:58:38","slug":"destination-sahel","status":"publish","type":"page","link":"https:\/\/ibiworld.eu\/fr\/destination-sahel\/","title":{"rendered":"DESTINATION SAHEL"},"content":{"rendered":"[vc_row][vc_column width=\u00a0\u00bb2\/3&Prime;][vc_empty_space height=\u00a0\u00bb63px\u00a0\u00bb][vc_column_text]\n<h3><strong><img loading=\"lazy\" class=\"aligncenter size-full wp-image-915\" src=\"https:\/\/ibiworld.eu\/fr\/wp-content\/uploads\/2021\/05\/EDIT07.jpg\" alt=\"\" width=\"1280\" height=\"853\" srcset=\"https:\/\/ibiworld.eu\/fr\/wp-content\/uploads\/2021\/05\/EDIT07.jpg 1280w, https:\/\/ibiworld.eu\/fr\/wp-content\/uploads\/2021\/05\/EDIT07-300x200.jpg 300w, https:\/\/ibiworld.eu\/fr\/wp-content\/uploads\/2021\/05\/EDIT07-1024x682.jpg 1024w, https:\/\/ibiworld.eu\/fr\/wp-content\/uploads\/2021\/05\/EDIT07-768x512.jpg 768w, https:\/\/ibiworld.eu\/fr\/wp-content\/uploads\/2021\/05\/EDIT07-600x400.jpg 600w\" sizes=\"(max-width: 1280px) 100vw, 1280px\" \/><\/strong><\/h3>\n<h3><strong>LE SAHEL: LE PREMIER GRAND EFFONDREMENT \u00c9COLOGIQUE ET SOCIAL DE L&rsquo;HUMANIT\u00c9<\/strong><\/h3>\n<p>&nbsp;<\/p>\n<p>La destruction de Carthage en 146 av. J.C. n&rsquo;a pas seulement d\u00e9truit une civilisation m\u00e9diterran\u00e9enne florissante sur les rives de ce que nous appelons maintenant la Tunisie. D&rsquo;un seul coup, pendant plus de mille ans, il a coup\u00e9 le canal d&rsquo;\u00e9change qui mettait l&rsquo;Europe au contact du Sahel, c&rsquo;est-\u00e0-dire la r\u00e9gion des plateaux bois\u00e9s et des rivi\u00e8res et lacs boueux, des zones pleines de p\u00eache et de gibier, de gisements m\u00e9talliques et l&rsquo;or, qui est la zone la plus riche et la plus peupl\u00e9e du monde.<\/p>\n<p>C&rsquo;est l&rsquo;abondance qui a caus\u00e9 la premi\u00e8re grande catastrophe \u00e9cologique de l&rsquo;humanit\u00e9. En seulement six si\u00e8cles, gr\u00e2ce \u00e0 l&rsquo;intervention impitoyable de l&rsquo;humanit\u00e9, la for\u00eat du Sahel est devenue le d\u00e9sert du Sahara. Apr\u00e8s l&rsquo;abattage des for\u00eats et l&rsquo;extermination du poisson et du gibier, les habitants de la r\u00e9gion, presque tous des tribus nomades, ont \u00e9t\u00e9 progressivement contraints de se d\u00e9placer vers le sud et l&rsquo;ouest, acc\u00e9l\u00e9rant le processus de d\u00e9sertification et provoquant mis\u00e8re et guerres tribales. L&rsquo;absence de plaque tournante commerciale dans le nord signifiait que, alors que l&rsquo;Europe connaissait encore le dernier souffle de l&rsquo;Empire romain, toute l&rsquo;Afrique de l&rsquo;Ouest avait chang\u00e9 son \u00e9conomie et la vente d&rsquo;esclaves humains \u00e9tait devenue le centre d&rsquo;int\u00e9r\u00eat.<\/p>\n<style type=\"text\/css\" id=\"umsMapStyles_6_82581\">\r\n\t#ultimate_maps_6_82581 {\r\n        width: 100%;\r\n        height: 500px;\r\n\t        border: 0px solid ;\r\n        margin: 0px;\r\n    }\r\n\t#mapsControlsNum_6_82581 {\r\n\t\twidth:100%\t}\r\n\t.umsMapDetailsContainer#umsMapDetailsContainer_6_82581 {\r\n\t\theight:500px;\r\n\t}\r\n\t.ums_MapPreview#ultimate_maps_6_82581 {\r\n\t\t\/*position:absolute;*\/\r\n\t\twidth:100%;\r\n\t}\r\n\t#mapConElem_6_82581{\r\n\t\twidth:100%\t}\r\n\t<\/style>\r\n<div class=\"ums_map_opts\" id=\"mapConElem_6_82581\" data-id=\"6\" data-view-id=\"6_82581\" > <div class=\"umsMapDetailsContainer\" id=\"umsMapDetailsContainer_6_82581\"> <i class=\"umsKMLLayersPreloader fa fa-spinner fa-spin\" aria-hidden=\"true\" style=\"display: none;\"><\/i> <div class=\"ums_MapPreview \" id=\"ultimate_maps_6_82581\"><\/div> <\/div> <div class=\"umsMapMarkerFilters\" id=\"umsMapMarkerFilters_6_82581\"> <\/div> <div class=\"umsMapProControlsCon\" id=\"umsMapProControlsCon_6_82581\"> <\/div> <div class=\"umsMapProDirectionsCon\" id=\"umsMapProDirectionsCon_6_82581\" > <\/div> <div class=\"umsMapProKmlFilterCon\" id=\"umsMapProKmlFilterCon_6_82581\" > <\/div> <div class=\"umsSocialSharingShell umsSocialSharingShell_6_82581\"> <\/div> <div style=\"clear: both;\"><\/div> <\/div> \n<p>Alors que la science galopait en Asie et en Europe, les civilisations les plus avanc\u00e9es du Sahel, comme les Nok du Niger<a href=\"#_ftn1\" name=\"_ftnref1\">[1]<\/a>, ont \u00e9t\u00e9 extermin\u00e9es pour \u00eatre vendues comme esclaves. Au 13\u00e8me si\u00e8cle, la r\u00e9gion est devenue une partie de l&#8217;empire Mandingue, qui \u00e9tait parmi les plus grands du monde pendant le r\u00e8gne de Sundjata Ke\u00efta (1217-1255)<a href=\"#_ftn2\" name=\"_ftnref2\">[2]<\/a> et Mansa Musa (1280-1339)<a href=\"#_ftn3\" name=\"_ftnref3\">[3]<\/a>, et les pays africains de l&rsquo;Atlantique \u00e0 les fronti\u00e8res l&rsquo;Egypte unie.<\/p>\n<p>Apr\u00e8s la d\u00e9couverte de l&rsquo;Am\u00e9rique, la colonisation coloniale espagnole, portugaise et anglaise a malheureusement fait de la traite n\u00e9gri\u00e8re la seule activit\u00e9 commerciale de toute la r\u00e9gion. De plus, apr\u00e8s l&rsquo;effondrement des empires sah\u00e9liens, les peuples, toujours contraints par les luttes tribales, se poussent de plus en plus vers la c\u00f4te, l&rsquo;int\u00e9rieur du continent \u00e9tant devenu un immense d\u00e9sert.<\/p>\n<p>Le Sahel ne s&rsquo;est pas encore remis de cette trag\u00e9die \u00e9cologique, sociale et \u00e9conomique. La fin de la colonisation militaire europ\u00e9enne n&rsquo;a rien chang\u00e9. Ce sont encore les \u00e9trangers qui d\u00e9tiennent les leviers des ressources naturelles et entre leurs mains des terres agricoles de plus en plus grandes. Les nations dessin\u00e9es sur la carte avec un crayon ont du mal \u00e0 trouver leur propre identit\u00e9. Les gouvernements nationaux ne sont que des hordes tribales au pouvoir dont l&rsquo;objectif principal est de maintenir le pouvoir, d&rsquo;exploiter les ressources et d&rsquo;obtenir des aum\u00f4nes (pots-de-vin) des soci\u00e9t\u00e9s multinationales.<\/p>\n<p>Nous essayons de d\u00e9crire cette trag\u00e9die telle qu&rsquo;elle est v\u00e9cue et per\u00e7ue dans les nations de l&rsquo;Afrique de l&rsquo;Ouest \u2013 et de la replacer dans le contexte plus large des nouveaux \u00e9quilibres politiques, militaires, religieux et \u00e9conomiques de la plan\u00e8te. Regardant avec confiance l&rsquo;un des projets les plus grands et les plus courageux de la FAO: le reboisement de 100 millions d&rsquo;hectares du d\u00e9sert du Sahara<a href=\"#_ftn4\" name=\"_ftnref4\">[4]<\/a>. Dans l&rsquo;espoir que ce qui fut autrefois l&rsquo;un des grands berceaux de la civilisation puisse rattraper au plus vite le temps perdu et reconstruire sa propre identit\u00e9 humaine et civique commune.<\/p>\n<p>&nbsp;<\/p>\n<p><a href=\"#_ftnref1\" name=\"_ftn1\">[1]<\/a> <a href=\"https:\/\/brill.com\/view\/journals\/jaa\/14\/3\/article-p237_1.pdf\">https:\/\/brill.com\/view\/journals\/jaa\/14\/3\/article-p237_1.pdf<\/a> ; <a href=\"http:\/\/araf.studiumdigitale.uni-frankfurt.de\/attachments\/110_Nok%20Brosch%C3%BCre%20Exploring%20the%20Nok%20Culture%20online.pdf\">http:\/\/araf.studiumdigitale.uni-frankfurt.de\/attachments\/110_Nok%20Brosch%C3%BCre%20Exploring%20the%20Nok%20Culture%20online.pdf<\/a><\/p>\n<p><a href=\"#_ftnref2\" name=\"_ftn2\">[2]<\/a> Patricia McKissack, Frerdrik McKissack, \u201c<em>The Royal Kingdoms of Ghana, Mali and Songhay: Life in Medieval Africa<\/em>\u201c, Square Fish Publishing, New York 1996<\/p>\n<p><a href=\"#_ftnref3\" name=\"_ftn3\">[3]<\/a> Marq De Villiers, Sheila Hirtle, \u201d<em>Timbuktu: Sahara\u2019s Fabled City of Gold<\/em>\u201c, Walker and Company, New York 2007<\/p>\n<p><a href=\"#_ftnref4\" name=\"_ftn4\">[4]<\/a> <a href=\"https:\/\/undocs.org\/A\/RES\/73\/284\">https:\/\/undocs.org\/A\/RES\/73\/284<\/a>[\/vc_column_text][\/vc_column][vc_column width=\u00a0\u00bb1\/3&Prime;][vc_column_text]<form  class=\"is-search-form is-form-style is-form-style-3 is-form-id-367 \" action=\"https:\/\/ibiworld.eu\/fr\/\" method=\"get\" role=\"search\" ><label for=\"is-search-input-367\"><span class=\"is-screen-reader-text\">Search for:<\/span><input  type=\"search\" id=\"is-search-input-367\" name=\"s\" value=\"\" class=\"is-search-input\" placeholder=\"CHERCHE ICI... \" autocomplete=off \/><\/label><button type=\"submit\" class=\"is-search-submit\"><span class=\"is-screen-reader-text\">Search Button<\/span><span class=\"is-search-icon\"><svg focusable=\"false\" aria-label=\"Search\" xmlns=\"http:\/\/www.w3.org\/2000\/svg\" viewBox=\"0 0 24 24\" width=\"24px\"><path d=\"M15.5 14h-.79l-.28-.27C15.41 12.59 16 11.11 16 9.5 16 5.91 13.09 3 9.5 3S3 5.91 3 9.5 5.91 16 9.5 16c1.61 0 3.09-.59 4.23-1.57l.27.28v.79l5 4.99L20.49 19l-4.99-5zm-6 0C7.01 14 5 11.99 5 9.5S7.01 5 9.5 5 14 7.01 14 9.5 11.99 14 9.5 14z\"><\/path><\/svg><\/span><\/button><input type=\"hidden\" name=\"id\" value=\"367\" \/><\/form>[\/vc_column_text][vc_wp_categories title=\u00a0\u00bbARCHIVER\u00a0\u00bb options=\u00a0\u00bbdropdown,count,hierarchical\u00a0\u00bb][vc_column_text]\n<h2>ARTICLES<\/h2>\n[\/vc_column_text]<div class=\"widget widget_latest_posts\">\t\t\t<div class=\"latest_posts\">\n\t\t\t<ul class=\"small-thumb\">\n\t\t\t\t\t\t\t\t\t<li>\n\t\t\t\t\t\t<div class=\"small-custom-frame-wrapper alignleft\"><div class=\"custom-frame-inner-wrapper\"><div class=\"custom-frame-padding\"><a href=\"https:\/\/ibiworld.eu\/fr\/2022\/10\/25\/kara-kara-ou-le-monde-senfonce\/\" title=\"KARA-KARA, OU LE MONDE S&rsquo;ENFONCE\"><img src=\"https:\/\/ibiworld.eu\/fr\/wp-content\/uploads\/2022\/10\/FRA021-01-60x60_c.jpg\" width=\"60\" height=\"60\" alt=\"KARA-KARA, OU LE MONDE S&#039;ENFONCE\" \/><\/a><\/div><\/div><\/div>\t\t\t\t\t\t<a class=\"teaser-title\" title=\"KARA-KARA, OU LE MONDE S&rsquo;ENFONCE\" href=\"https:\/\/ibiworld.eu\/fr\/2022\/10\/25\/kara-kara-ou-le-monde-senfonce\/\">KARA-KARA, OU LE MONDE S&rsquo;ENFONCE<\/a>\n\t\t\t\t\t\t\t\t\t\t\t\t\t\t\t\t\t\t\t\t\t\t\t\t\t\t\t<div class=\"date-author\">25 octobre 2022 par <a href=\"https:\/\/ibiworld.eu\/fr\/author\/ibi-world\/\" title=\"Articles par IBI World France\" rel=\"author\">IBI World France<\/a> <\/div>\n\t\t\t\t\t\t\t\t\t\t\t\t<div class=\"teaser-content\">\n\t\t\t\t\t\tNous avons besoin de l&rsquo;Afrique. Nous avons besoin d&rsquo;une terre encore vierge, o\u00f9 il y a de grandes ressources min\u00e9rales...\t\t\t\t\t\t<\/div>\n\t\t\t\t\t\t\t\t\t\t\t\t<div class=\"clear\"><\/div>\n\t\t\t\t\t<\/li>\n\t\t\t\t\t\t\t\t\t\t<li>\n\t\t\t\t\t\t<div class=\"small-custom-frame-wrapper alignleft\"><div class=\"custom-frame-inner-wrapper\"><div class=\"custom-frame-padding\"><a href=\"https:\/\/ibiworld.eu\/fr\/2021\/10\/18\/guinee-encore-un-changement-de-leopard\/\" title=\"GUINEE, ENCORE UN CHANGEMENT DE LEOPARD\"><img src=\"https:\/\/ibiworld.eu\/fr\/wp-content\/uploads\/2021\/10\/FRA014-01-60x60_c.jpg\" width=\"60\" height=\"60\" alt=\"GUINEE, ENCORE UN CHANGEMENT DE LEOPARD\" \/><\/a><\/div><\/div><\/div>\t\t\t\t\t\t<a class=\"teaser-title\" title=\"GUINEE, ENCORE UN CHANGEMENT DE LEOPARD\" href=\"https:\/\/ibiworld.eu\/fr\/2021\/10\/18\/guinee-encore-un-changement-de-leopard\/\">GUINEE, ENCORE UN CHANGEMENT DE LEOPARD<\/a>\n\t\t\t\t\t\t\t\t\t\t\t\t\t\t\t\t\t\t\t\t\t\t\t\t\t\t\t<div class=\"date-author\">18 octobre 2021 par <a href=\"https:\/\/ibiworld.eu\/fr\/author\/ibi-world\/\" title=\"Articles par IBI World France\" rel=\"author\">IBI World France<\/a> <\/div>\n\t\t\t\t\t\t\t\t\t\t\t\t<div class=\"teaser-content\">\n\t\t\t\t\t\tNous sommes le dimanche matin 5 septembre 2021, et dans le quartier de Kaloum \u00e0 Conakry, de nombreux coups de...\t\t\t\t\t\t<\/div>\n\t\t\t\t\t\t\t\t\t\t\t\t<div class=\"clear\"><\/div>\n\t\t\t\t\t<\/li>\n\t\t\t\t\t\t\t\t\t\t<li>\n\t\t\t\t\t\t<div class=\"small-custom-frame-wrapper alignleft\"><div class=\"custom-frame-inner-wrapper\"><div class=\"custom-frame-padding\"><a href=\"https:\/\/ibiworld.eu\/fr\/2021\/07\/11\/entre-reve-et-espoir-le-projet-de-la-grande-muraille-verte\/\" title=\"ENTRE REVE ET ESPOIR : LE PROJET DE LA GRANDE MURAILLE VERTE\"><img src=\"https:\/\/ibiworld.eu\/fr\/wp-content\/uploads\/2021\/07\/ITA013-01-60x60_c.jpg\" width=\"60\" height=\"60\" alt=\"ENTRE REVE ET ESPOIR : LE PROJET DE LA GRANDE MURAILLE VERTE\" \/><\/a><\/div><\/div><\/div>\t\t\t\t\t\t<a class=\"teaser-title\" title=\"ENTRE REVE ET ESPOIR : LE PROJET DE LA GRANDE MURAILLE VERTE\" href=\"https:\/\/ibiworld.eu\/fr\/2021\/07\/11\/entre-reve-et-espoir-le-projet-de-la-grande-muraille-verte\/\">ENTRE REVE ET ESPOIR : LE PROJET DE LA GRANDE MURAILLE VERTE<\/a>\n\t\t\t\t\t\t\t\t\t\t\t\t\t\t\t\t\t\t\t\t\t\t\t\t\t\t\t<div class=\"date-author\">11 juillet 2021 par <a href=\"https:\/\/ibiworld.eu\/fr\/author\/ibi-world-italie\/\" title=\"Articles par IBI World Italie\" rel=\"author\">IBI World Italie<\/a> <\/div>\n\t\t\t\t\t\t\t\t\t\t\t\t<div class=\"teaser-content\">\n\t\t\t\t\t\tCe sont des images de la m\u00eame r\u00e9gion du sud de la Libye, telle qu&rsquo;elle \u00e9tait \u00e0 l&rsquo;\u00e9poque o\u00f9 l&rsquo;Empire...\t\t\t\t\t\t<\/div>\n\t\t\t\t\t\t\t\t\t\t\t\t<div class=\"clear\"><\/div>\n\t\t\t\t\t<\/li>\n\t\t\t\t\t\t\t\t\t\t<li>\n\t\t\t\t\t\t<div class=\"small-custom-frame-wrapper alignleft\"><div class=\"custom-frame-inner-wrapper\"><div class=\"custom-frame-padding\"><a href=\"https:\/\/ibiworld.eu\/fr\/2021\/06\/08\/guerres-ethniques-religieuses-et-coloniales-le-mali-comme-metaphore-de-un-desastre-mondial\/\" title=\"GUERRES ETHNIQUES, RELIGIEUSES ET COLONIALES : LE MALI COMME METAPHORE DE UN DESASTRE MONDIAL\"><img src=\"https:\/\/ibiworld.eu\/fr\/wp-content\/uploads\/2021\/06\/FRA015-01-60x60_c.jpg\" width=\"60\" height=\"60\" alt=\"GUERRES ETHNIQUES, RELIGIEUSES ET COLONIALES : LE MALI COMME METAPHORE DE UN DESASTRE MONDIAL\" \/><\/a><\/div><\/div><\/div>\t\t\t\t\t\t<a class=\"teaser-title\" title=\"GUERRES ETHNIQUES, RELIGIEUSES ET COLONIALES : LE MALI COMME METAPHORE DE UN DESASTRE MONDIAL\" href=\"https:\/\/ibiworld.eu\/fr\/2021\/06\/08\/guerres-ethniques-religieuses-et-coloniales-le-mali-comme-metaphore-de-un-desastre-mondial\/\">GUERRES ETHNIQUES, RELIGIEUSES ET COLONIALES : LE MALI COMME METAPHORE DE UN DESASTRE MONDIAL<\/a>\n\t\t\t\t\t\t\t\t\t\t\t\t\t\t\t\t\t\t\t\t\t\t\t\t\t\t\t<div class=\"date-author\">8 juin 2021 par <a href=\"https:\/\/ibiworld.eu\/fr\/author\/ibi-world\/\" title=\"Articles par IBI World France\" rel=\"author\">IBI World France<\/a> <\/div>\n\t\t\t\t\t\t\t\t\t\t\t\t<div class=\"teaser-content\">\n\t\t\t\t\t\tEn Afrique de l&rsquo;Ouest, parmi les \u00c9tats n\u00e9s de la Conf\u00e9rence de Berlin de 1884, qui ont cr\u00e9\u00e9 des nations...\t\t\t\t\t\t<\/div>\n\t\t\t\t\t\t\t\t\t\t\t\t<div class=\"clear\"><\/div>\n\t\t\t\t\t<\/li>\n\t\t\t\t\t\t\t\t\t\t<li>\n\t\t\t\t\t\t<div class=\"small-custom-frame-wrapper alignleft\"><div class=\"custom-frame-inner-wrapper\"><div class=\"custom-frame-padding\"><a href=\"https:\/\/ibiworld.eu\/fr\/2021\/05\/09\/comment-meme-la-fourmi-mauritanienne-peut-changer-lequilibre-du-monde\/\" title=\"COMMENT MEME LA FOURMI MAURITANIENNE PEUT CHANGER L&rsquo;EQUILIBRE DU MONDE\"><img src=\"https:\/\/ibiworld.eu\/fr\/wp-content\/uploads\/2021\/05\/FRA013-01-60x60_c.jpg\" width=\"60\" height=\"60\" alt=\"COMMENT MEME LA FOURMI MAURITANIENNE PEUT CHANGER L&#039;EQUILIBRE DU MONDE\" \/><\/a><\/div><\/div><\/div>\t\t\t\t\t\t<a class=\"teaser-title\" title=\"COMMENT MEME LA FOURMI MAURITANIENNE PEUT CHANGER L&rsquo;EQUILIBRE DU MONDE\" href=\"https:\/\/ibiworld.eu\/fr\/2021\/05\/09\/comment-meme-la-fourmi-mauritanienne-peut-changer-lequilibre-du-monde\/\">COMMENT MEME LA FOURMI MAURITANIENNE PEUT CHANGER L&rsquo;EQUILIBRE DU MONDE<\/a>\n\t\t\t\t\t\t\t\t\t\t\t\t\t\t\t\t\t\t\t\t\t\t\t\t\t\t\t<div class=\"date-author\">9 mai 2021 par <a href=\"https:\/\/ibiworld.eu\/fr\/author\/ibi-world\/\" title=\"Articles par IBI World France\" rel=\"author\">IBI World France<\/a> <\/div>\n\t\t\t\t\t\t\t\t\t\t\t\t<div class=\"teaser-content\">\n\t\t\t\t\t\tSable sans fin. Comme un cauchemar. Un paysage dans lequel aucun point ne peut \u00eatre distingu\u00e9 pour le saisir avec...\t\t\t\t\t\t<\/div>\n\t\t\t\t\t\t\t\t\t\t\t\t<div class=\"clear\"><\/div>\n\t\t\t\t\t<\/li>\n\t\t\t\t\t\t\t\t\t\t<li>\n\t\t\t\t\t\t<div class=\"small-custom-frame-wrapper alignleft\"><div class=\"custom-frame-inner-wrapper\"><div class=\"custom-frame-padding\"><a href=\"https:\/\/ibiworld.eu\/fr\/2021\/04\/23\/les-burkinabe-un-petit-espoir-pour-une-autre-afrique\/\" title=\"LES BURKINABE, UN PETIT ESPOIR POUR UNE AUTRE AFRIQUE\"><img src=\"https:\/\/ibiworld.eu\/fr\/wp-content\/uploads\/2021\/04\/RUS011-01-60x60_c.png\" width=\"60\" height=\"60\" alt=\"LES BURKINABE, UN PETIT ESPOIR POUR UNE AUTRE AFRIQUE\" \/><\/a><\/div><\/div><\/div>\t\t\t\t\t\t<a class=\"teaser-title\" title=\"LES BURKINABE, UN PETIT ESPOIR POUR UNE AUTRE AFRIQUE\" href=\"https:\/\/ibiworld.eu\/fr\/2021\/04\/23\/les-burkinabe-un-petit-espoir-pour-une-autre-afrique\/\">LES BURKINABE, UN PETIT ESPOIR POUR UNE AUTRE AFRIQUE<\/a>\n\t\t\t\t\t\t\t\t\t\t\t\t\t\t\t\t\t\t\t\t\t\t\t\t\t\t\t<div class=\"date-author\">23 avril 2021 par <a href=\"https:\/\/ibiworld.eu\/fr\/author\/ibi-world-russie\/\" title=\"Articles par IBI World Russie\" rel=\"author\">IBI World Russie<\/a> <\/div>\n\t\t\t\t\t\t\t\t\t\t\t\t<div class=\"teaser-content\">\n\t\t\t\t\t\tLe Conseil mondial de l&rsquo;or[1] a d\u00e9clar\u00e9 le 14 juillet 2020 au milieu de l&rsquo;\u00e9pid\u00e9mie de Covid : \u00ab Les...\t\t\t\t\t\t<\/div>\n\t\t\t\t\t\t\t\t\t\t\t\t<div class=\"clear\"><\/div>\n\t\t\t\t\t<\/li>\n\t\t\t\t\t\t\t\t\t\t<li>\n\t\t\t\t\t\t<div class=\"small-custom-frame-wrapper alignleft\"><div class=\"custom-frame-inner-wrapper\"><div class=\"custom-frame-padding\"><a href=\"https:\/\/ibiworld.eu\/fr\/2020\/12\/18\/lac-tchad-un-voyage-entre-enclume-et-marteau\/\" title=\"LAC TCHAD, UN VOYAGE ENTRE ENCLUME ET MARTEAU\"><img src=\"https:\/\/ibiworld.eu\/fr\/wp-content\/uploads\/2020\/12\/FRA003-01-60x60_c.jpg\" width=\"60\" height=\"60\" alt=\"LAC TCHAD, UN VOYAGE ENTRE ENCLUME ET MARTEAU\" \/><\/a><\/div><\/div><\/div>\t\t\t\t\t\t<a class=\"teaser-title\" title=\"LAC TCHAD, UN VOYAGE ENTRE ENCLUME ET MARTEAU\" href=\"https:\/\/ibiworld.eu\/fr\/2020\/12\/18\/lac-tchad-un-voyage-entre-enclume-et-marteau\/\">LAC TCHAD, UN VOYAGE ENTRE ENCLUME ET MARTEAU<\/a>\n\t\t\t\t\t\t\t\t\t\t\t\t\t\t\t\t\t\t\t\t\t\t\t\t\t\t\t<div class=\"date-author\">18 d\u00e9cembre 2020 par <a href=\"https:\/\/ibiworld.eu\/fr\/author\/ibi-world\/\" title=\"Articles par IBI World France\" rel=\"author\">IBI World France<\/a> <\/div>\n\t\t\t\t\t\t\t\t\t\t\t\t<div class=\"teaser-content\">\n\t\t\t\t\t\tTchad : Un pays enclav\u00e9 au c\u0153ur du continent africain, au centre du Sahara, aussi grand que la France, l&rsquo;Italie...\t\t\t\t\t\t<\/div>\n\t\t\t\t\t\t\t\t\t\t\t\t<div class=\"clear\"><\/div>\n\t\t\t\t\t<\/li>\n\t\t\t\t\t\t\t\t\t\t<li>\n\t\t\t\t\t\t<div class=\"small-custom-frame-wrapper alignleft\"><div class=\"custom-frame-inner-wrapper\"><div class=\"custom-frame-padding\"><a href=\"https:\/\/ibiworld.eu\/fr\/2020\/11\/20\/lentreprise-millionnaire-pas-si-secrete-du-hezbollah-en-gambie\/\" title=\"L&rsquo;ENTREPRISE MILLIONNAIRE PAS SI SECRETE DU HEZBOLLAH EN GAMBIE\"><img src=\"https:\/\/ibiworld.eu\/fr\/wp-content\/uploads\/2020\/11\/RUS004-01-60x60_c.jpg\" width=\"60\" height=\"60\" alt=\"L&#039;ENTREPRISE MILLIONNAIRE PAS SI SECRETE DU HEZBOLLAH EN GAMBIE\" \/><\/a><\/div><\/div><\/div>\t\t\t\t\t\t<a class=\"teaser-title\" title=\"L&rsquo;ENTREPRISE MILLIONNAIRE PAS SI SECRETE DU HEZBOLLAH EN GAMBIE\" href=\"https:\/\/ibiworld.eu\/fr\/2020\/11\/20\/lentreprise-millionnaire-pas-si-secrete-du-hezbollah-en-gambie\/\">L&rsquo;ENTREPRISE MILLIONNAIRE PAS SI SECRETE DU HEZBOLLAH EN GAMBIE<\/a>\n\t\t\t\t\t\t\t\t\t\t\t\t\t\t\t\t\t\t\t\t\t\t\t\t\t\t\t<div class=\"date-author\">20 novembre 2020 par <a href=\"https:\/\/ibiworld.eu\/fr\/author\/ibi-world-russie\/\" title=\"Articles par IBI World Russie\" rel=\"author\">IBI World Russie<\/a> <\/div>\n\t\t\t\t\t\t\t\t\t\t\t\t<div class=\"teaser-content\">\n\t\t\t\t\t\tLa principale activit\u00e9 des milices qui luttent contre les gouvernements nationaux ou contre certains pays consid\u00e9r\u00e9s comme ennemis (comme les...\t\t\t\t\t\t<\/div>\n\t\t\t\t\t\t\t\t\t\t\t\t<div class=\"clear\"><\/div>\n\t\t\t\t\t<\/li>\n\t\t\t\t\t\t\t\t<\/ul>\n\t\t\t<\/div><!-- end widget_recent_posts -->\n\t\t\t<\/div>[\/vc_column][\/vc_row]\n","protected":false},"excerpt":{"rendered":"<p>[vc_row][vc_column width=\u00a0\u00bb2\/3&Prime;][vc_empty_space height=\u00a0\u00bb63px\u00a0\u00bb][vc_column_text] LE SAHEL: LE PREMIER GRAND EFFONDREMENT \u00c9COLOGIQUE ET SOCIAL DE L&rsquo;HUMANIT\u00c9 &nbsp; La destruction de Carthage en 146 av. J.C. n&rsquo;a pas seulement d\u00e9truit une civilisation m\u00e9diterran\u00e9enne florissante sur les rives de ce que nous appelons maintenant la Tunisie. D&rsquo;un seul coup, pendant plus<\/p>\n","protected":false},"author":1,"featured_media":0,"parent":0,"menu_order":0,"comment_status":"closed","ping_status":"closed","template":"page-FullWidth.php","meta":[],"_links":{"self":[{"href":"https:\/\/ibiworld.eu\/fr\/wp-json\/wp\/v2\/pages\/914"}],"collection":[{"href":"https:\/\/ibiworld.eu\/fr\/wp-json\/wp\/v2\/pages"}],"about":[{"href":"https:\/\/ibiworld.eu\/fr\/wp-json\/wp\/v2\/types\/page"}],"author":[{"embeddable":true,"href":"https:\/\/ibiworld.eu\/fr\/wp-json\/wp\/v2\/users\/1"}],"replies":[{"embeddable":true,"href":"https:\/\/ibiworld.eu\/fr\/wp-json\/wp\/v2\/comments?post=914"}],"version-history":[{"count":4,"href":"https:\/\/ibiworld.eu\/fr\/wp-json\/wp\/v2\/pages\/914\/revisions"}],"predecessor-version":[{"id":2181,"href":"https:\/\/ibiworld.eu\/fr\/wp-json\/wp\/v2\/pages\/914\/revisions\/2181"}],"wp:attachment":[{"href":"https:\/\/ibiworld.eu\/fr\/wp-json\/wp\/v2\/media?parent=914"}],"curies":[{"name":"wp","href":"https:\/\/api.w.org\/{rel}","templated":true}]}}