{"id":608,"date":"2021-04-28T18:36:33","date_gmt":"2021-04-28T16:36:33","guid":{"rendered":"http:\/\/ibiworld.eu\/fr\/?page_id=608"},"modified":"2022-02-26T22:56:05","modified_gmt":"2022-02-26T21:56:05","slug":"deep-sea-mining","status":"publish","type":"page","link":"https:\/\/ibiworld.eu\/fr\/deep-sea-mining\/","title":{"rendered":"DEEP SEA MINING"},"content":{"rendered":"[vc_row][vc_column width=\u00a0\u00bb2\/3&Prime;][vc_empty_space height=\u00a0\u00bb63px\u00a0\u00bb][vc_column_text]\n<h3><img loading=\"lazy\" class=\"aligncenter size-full wp-image-609\" src=\"https:\/\/ibiworld.eu\/fr\/wp-content\/uploads\/2021\/03\/EDIT04.jpg\" alt=\"\" width=\"754\" height=\"566\" srcset=\"https:\/\/ibiworld.eu\/fr\/wp-content\/uploads\/2021\/03\/EDIT04.jpg 754w, https:\/\/ibiworld.eu\/fr\/wp-content\/uploads\/2021\/03\/EDIT04-300x225.jpg 300w, https:\/\/ibiworld.eu\/fr\/wp-content\/uploads\/2021\/03\/EDIT04-600x450.jpg 600w\" sizes=\"(max-width: 754px) 100vw, 754px\" \/><\/h3>\n<p>&nbsp;<\/p>\n<h3><span class=\"VIiyi\" lang=\"fr\"><span class=\"JLqJ4b ChMk0b\" data-language-for-alternatives=\"fr\" data-language-to-translate-into=\"it\" data-phrase-index=\"0\">\u00c9DITORIAL<\/span><\/span>: <strong>LES DESIR EFFRONTE DE DETRUIRE L&rsquo;OCEAN<\/strong><\/h3>\n<p>Le 4 mars 2021, sous la direction de Daniela Camboni, le site d&rsquo;analyse financi\u00e8re Stansberry Research, qui est l&rsquo;un des piliers de la vision du monde du march\u00e9 des ressources min\u00e9rales depuis plus de vingt ans, diffuse une interview fondamentale<a href=\"#_ftn1\" name=\"_ftnref1\">[1]<\/a>. Star du journalisme financier mondial, Camboni a dirig\u00e9 KitCo News &#8211; une cha\u00eene de t\u00e9l\u00e9vision et Web exclusivement pour le march\u00e9 min\u00e9rale pendant 12 ans. Pendant ce temps, Daniela Camboni est pass\u00e9e d&rsquo;une jeune femme \u00e0 la t\u00eate d&rsquo;un empire de plusieurs millions de dollars. Le journaliste alors inconnu et plein d&rsquo;ambition est devenu l&rsquo;un des visages et des voix les plus c\u00e9l\u00e8bres sur le Web mondial.<\/p>\n<p>Daniela Camboni interviewe Gerard Barron, PDG d&rsquo;une soci\u00e9t\u00e9 canadienne appel\u00e9e The Metals Company, et le milliardaire Frank Giustra, qui est \u00e0 la fois un expert minier et un philanthrope. Le sujet de l&rsquo;entrevue est l&rsquo;introduction de la naissance d&rsquo;une nouvelle multinationale, The Metals Company, issue de la fusion de la SOAC Sustainable Opportunities Acquisition Corporation Vancouver et de DeepGreen Metals Inc. Vancouver. L&rsquo;entreprise est en train de creuser le fond de l&rsquo;oc\u00e9an Pacifique pour collecter des min\u00e9raux qui devraient devenir de plus en plus rares \u00e0 la surface de la terre : cobalt, nickel, cuivre et mangan\u00e8se<a href=\"#_ftn2\" name=\"_ftnref2\">[2]<\/a>.<\/p>\n<style type=\"text\/css\" id=\"umsMapStyles_5_90898\">\r\n\t#ultimate_maps_5_90898 {\r\n        width: 100%;\r\n        height: 500px;\r\n\t        border: 0px solid ;\r\n        margin: 0px;\r\n    }\r\n\t#mapsControlsNum_5_90898 {\r\n\t\twidth:100%\t}\r\n\t.umsMapDetailsContainer#umsMapDetailsContainer_5_90898 {\r\n\t\theight:500px;\r\n\t}\r\n\t.ums_MapPreview#ultimate_maps_5_90898 {\r\n\t\t\/*position:absolute;*\/\r\n\t\twidth:100%;\r\n\t}\r\n\t#mapConElem_5_90898{\r\n\t\twidth:100%\t}\r\n\t<\/style>\r\n<div class=\"ums_map_opts\" id=\"mapConElem_5_90898\" data-id=\"5\" data-view-id=\"5_90898\" > <div class=\"umsMapDetailsContainer\" id=\"umsMapDetailsContainer_5_90898\"> <i class=\"umsKMLLayersPreloader fa fa-spinner fa-spin\" aria-hidden=\"true\" style=\"display: none;\"><\/i> <div class=\"ums_MapPreview \" id=\"ultimate_maps_5_90898\"><\/div> <\/div> <div class=\"umsMapMarkerFilters\" id=\"umsMapMarkerFilters_5_90898\"> <\/div> <div class=\"umsMapProControlsCon\" id=\"umsMapProControlsCon_5_90898\"> <\/div> <div class=\"umsMapProDirectionsCon\" id=\"umsMapProDirectionsCon_5_90898\" > <\/div> <div class=\"umsMapProKmlFilterCon\" id=\"umsMapProKmlFilterCon_5_90898\" > <\/div> <div class=\"umsSocialSharingShell umsSocialSharingShell_5_90898\"> <\/div> <div style=\"clear: both;\"><\/div> <\/div> \n<p>Le programme soutient le point de vue suivant : En creusant le fond de l&rsquo;oc\u00e9an, l&rsquo;humanit\u00e9 peut disposer de quantit\u00e9s de mat\u00e9riaux jusqu&rsquo;alors inimaginables qui sont n\u00e9cessaires au d\u00e9veloppement de technologies \u00e9cologiquement durables. Depuis vingt ans, cependant, des ONG du monde entier soutiennent le contraire : creuser le fond des oc\u00e9ans, c&rsquo;est d\u00e9truire tout un \u00e9cosyst\u00e8me dont nous ne savons pas grand-chose ou rien, mettre en danger la stabilit\u00e9 g\u00e9ologique et tectonique des continents, polluer et chauffer l&rsquo;oc\u00e9an dans un irr\u00e9parable et sage, et pourrait devenir la paille proverbiale qui tire le dos du chameau de son \u00e9quilibre environnemental.<\/p>\n<p>Pour cette raison, pendant plus d&rsquo;un quart de si\u00e8cle, le projet d&rsquo;exploitation des fonds marins s&rsquo;est poursuivi presque en secret et gr\u00e2ce \u00e0 l&rsquo;utilisation d&rsquo;une agence fond\u00e9e par les Nations Unies, l&rsquo;Autorit\u00e9 internationale des fonds marins ISA de Kingston (Jama\u00efque), qui a remport\u00e9 plus de d\u00e9faites que de victoires et a n\u00e9anmoins \u00e9t\u00e9 autoris\u00e9 \u00e0 d\u00e9livrer des licences mini\u00e8res \u00e0 des consortiums internationaux.<\/p>\n<p>Jusqu&rsquo;\u00e0 pr\u00e9sent, l&rsquo;ISA a essay\u00e9 de faire croire qu&rsquo;il s&rsquo;agit d&rsquo;une op\u00e9ration dans laquelle plus d&rsquo;une centaine de nations du monde sont impliqu\u00e9es \u00e0 l&rsquo;amiable et qu&rsquo;elles donnent aux pays en d\u00e9veloppement une excellente occasion de s&rsquo;enrichir. Mais les pays qui ont creus\u00e9 les premiers (Papouasie-Nouvelle-Guin\u00e9e, Tonga, Nauru et Kiribati) se sont d\u00e9sormais retir\u00e9s, faisant preuve de peur et tentent d\u00e9sormais d\u00e9sesp\u00e9r\u00e9ment (et en vain) d&rsquo;arr\u00eater les bulldozers.<\/p>\n<p>Trop tard. La fusion entre SOAC et DeepGreen Metals rend officiellement ce que l&rsquo;on tente de prouver depuis des ann\u00e9es, avec des recherches intensives dans le labyrinthe de structures pyramidales de soci\u00e9t\u00e9s financi\u00e8res opaques dans les paradis fiscaux : il n&rsquo;y a qu&rsquo;un seul projet qui rassemble tout le monde &#8211; oligarques russes, am\u00e9ricains et Des milliardaires canadiens, des aventuriers de toutes origines, des fonctionnaires de l&rsquo;ONU qui se consid\u00e8rent comme des dieux, des politiciens aveugles ou corrompus. Le projet est en train de devenir une r\u00e9alit\u00e9 et devrait commencer \u00e0 creuser au milieu de l&rsquo;oc\u00e9an Pacifique au cours de cette nouvelle d\u00e9cennie<a href=\"#_ftn3\" name=\"_ftnref3\">[3]<\/a>. Pendant des ann\u00e9es, il se cachait derri\u00e8re la fa\u00e7ade de dizaines d&rsquo;acronymes, presque tous inconnus, mais maintenant il a \u00e9t\u00e9 d\u00e9cid\u00e9 qu&rsquo;il n&rsquo;y avait plus lieu d&rsquo;\u00eatre prudent : Frank Giustra, par exemple, avait jusqu&rsquo;ici vigoureusement d\u00e9fendu la secret de sa participation.<\/p>\n<p>Nous ne pouvons pas faire grand-chose, mais nous devons le faire : nous devons montrer au plus grand nombre ce qui s&rsquo;est pass\u00e9 et, s\u00e9rieusement, ce qui pourrait arriver. Montrez combien de projets fous sont n\u00e9s du r\u00eave de fouiller l&rsquo;oc\u00e9an Pacifique et visent d\u00e9sormais \u00e0 fouiller la M\u00e9diterran\u00e9e ou la mer des Cara\u00efbes, \u00e0 quelques kilom\u00e8tres de la c\u00f4te. Des projets qui ne sont pas seulement entre les mains des soci\u00e9t\u00e9s mini\u00e8res, mais aussi des soci\u00e9t\u00e9s qui exploitent de l&rsquo;or, du p\u00e9trole ou de l&rsquo;industrie militaire. Parce que le projet d&rsquo;exploitation des fonds marins cache des cauchemars encore pires. Et nous essayons seulement de r\u00e9veiller tout le monde maintenant, quand il sera peut-\u00eatre trop tard.<\/p>\n<p><a href=\"#_ftnref1\" name=\"_ftn1\">[1]<\/a> <a href=\"https:\/\/www.youtube.com\/watch?v=ZI5AulS82Ds\">https:\/\/www.youtube.com\/watch?v=ZI5AulS82Ds<\/a><\/p>\n<p><a href=\"#_ftnref2\" name=\"_ftn2\">[2]<\/a> <a href=\"https:\/\/www.youtube.com\/watch?v=ZI5AulS82Ds\">https:\/\/www.youtube.com\/watch?v=ZI5AulS82Ds<\/a><\/p>\n<p><a href=\"#_ftnref3\" name=\"_ftn3\">[3]<\/a> 2021.03.04 Sustainable Opportunities Acquisition Corp. Merger Prospectus; <a href=\"https:\/\/sec.report\/Document\/0001213900-21-016758\/\">https:\/\/sec.report\/Document\/0001213900-21-016758\/<\/a>[\/vc_column_text][\/vc_column][vc_column width=\u00a0\u00bb1\/3&Prime;][vc_column_text]<form  class=\"is-search-form is-form-style is-form-style-3 is-form-id-367 \" action=\"https:\/\/ibiworld.eu\/fr\/\" method=\"get\" role=\"search\" ><label for=\"is-search-input-367\"><span class=\"is-screen-reader-text\">Search for:<\/span><input  type=\"search\" id=\"is-search-input-367\" name=\"s\" value=\"\" class=\"is-search-input\" placeholder=\"CHERCHE ICI... \" autocomplete=off \/><\/label><button type=\"submit\" class=\"is-search-submit\"><span class=\"is-screen-reader-text\">Search Button<\/span><span class=\"is-search-icon\"><svg focusable=\"false\" aria-label=\"Search\" xmlns=\"http:\/\/www.w3.org\/2000\/svg\" viewBox=\"0 0 24 24\" width=\"24px\"><path d=\"M15.5 14h-.79l-.28-.27C15.41 12.59 16 11.11 16 9.5 16 5.91 13.09 3 9.5 3S3 5.91 3 9.5 5.91 16 9.5 16c1.61 0 3.09-.59 4.23-1.57l.27.28v.79l5 4.99L20.49 19l-4.99-5zm-6 0C7.01 14 5 11.99 5 9.5S7.01 5 9.5 5 14 7.01 14 9.5 11.99 14 9.5 14z\"><\/path><\/svg><\/span><\/button><input type=\"hidden\" name=\"id\" value=\"367\" \/><\/form>[\/vc_column_text][vc_wp_categories title=\u00a0\u00bbARCHIVER\u00a0\u00bb options=\u00a0\u00bbdropdown,count,hierarchical\u00a0\u00bb][vc_column_text]\n<h2>ARTICLES<\/h2>\n[\/vc_column_text]<div class=\"widget widget_latest_posts\">\t\t\t<div class=\"latest_posts\">\n\t\t\t<ul class=\"small-thumb\">\n\t\t\t\t\t\t\t\t\t<li>\n\t\t\t\t\t\t<div class=\"small-custom-frame-wrapper alignleft\"><div class=\"custom-frame-inner-wrapper\"><div class=\"custom-frame-padding\"><a href=\"https:\/\/ibiworld.eu\/fr\/2023\/05\/15\/le-gouvernement-italien-reve-de-detruire-les-fonds-marins\/\" title=\"LE GOUVERNEMENT ITALIEN REVE DE DETRUIRE LES FONDS MARINS\"><img src=\"https:\/\/ibiworld.eu\/fr\/wp-content\/uploads\/2023\/05\/ITA035-01-60x60_c.jpg\" width=\"60\" height=\"60\" alt=\"LE GOUVERNEMENT ITALIEN REVE DE DETRUIRE LES FONDS MARINS\" \/><\/a><\/div><\/div><\/div>\t\t\t\t\t\t<a class=\"teaser-title\" title=\"LE GOUVERNEMENT ITALIEN REVE DE DETRUIRE LES FONDS MARINS\" href=\"https:\/\/ibiworld.eu\/fr\/2023\/05\/15\/le-gouvernement-italien-reve-de-detruire-les-fonds-marins\/\">LE GOUVERNEMENT ITALIEN REVE DE DETRUIRE LES FONDS MARINS<\/a>\n\t\t\t\t\t\t\t\t\t\t\t\t\t\t\t\t\t\t\t\t\t\t\t\t\t\t\t<div class=\"date-author\">15 mai 2023 par <a href=\"https:\/\/ibiworld.eu\/fr\/author\/ibi-world-italie\/\" title=\"Articles par IBI World Italie\" rel=\"author\">IBI World Italie<\/a> <\/div>\n\t\t\t\t\t\t\t\t\t\t\t\t<div class=\"teaser-content\">\n\t\t\t\t\t\tApr\u00e8s des ann\u00e9es de participation passive et silencieuse, l&rsquo;Italie a d\u00e9cid\u00e9, le 3 mai, d&rsquo;activer sa participation \u00e0 l&rsquo;Autorit\u00e9 internationale...\t\t\t\t\t\t<\/div>\n\t\t\t\t\t\t\t\t\t\t\t\t<div class=\"clear\"><\/div>\n\t\t\t\t\t<\/li>\n\t\t\t\t\t\t\t\t\t\t<li>\n\t\t\t\t\t\t<div class=\"small-custom-frame-wrapper alignleft\"><div class=\"custom-frame-inner-wrapper\"><div class=\"custom-frame-padding\"><a href=\"https:\/\/ibiworld.eu\/fr\/2022\/11\/21\/pourquoi-londres-veut-espionner-le-fond-de-locean\/\" title=\"POURQUOI LONDRES VEUT ESPIONNER LE FOND DE L&rsquo;OCEAN\"><img src=\"https:\/\/ibiworld.eu\/fr\/wp-content\/uploads\/2022\/11\/SVE017-01-60x60_c.jpg\" width=\"60\" height=\"60\" alt=\"POURQUOI LONDRES VEUT ESPIONNER LE FOND DE L&#039;OCEAN\" \/><\/a><\/div><\/div><\/div>\t\t\t\t\t\t<a class=\"teaser-title\" title=\"POURQUOI LONDRES VEUT ESPIONNER LE FOND DE L&rsquo;OCEAN\" href=\"https:\/\/ibiworld.eu\/fr\/2022\/11\/21\/pourquoi-londres-veut-espionner-le-fond-de-locean\/\">POURQUOI LONDRES VEUT ESPIONNER LE FOND DE L&rsquo;OCEAN<\/a>\n\t\t\t\t\t\t\t\t\t\t\t\t\t\t\t\t\t\t\t\t\t\t\t\t\t\t\t<div class=\"date-author\">21 novembre 2022 par <a href=\"https:\/\/ibiworld.eu\/fr\/author\/ibi-world-suede\/\" title=\"Articles par IBI World Suede\" rel=\"author\">IBI World Suede<\/a> <\/div>\n\t\t\t\t\t\t\t\t\t\t\t\t<div class=\"teaser-content\">\n\t\t\t\t\t\tUne soci\u00e9t\u00e9 am\u00e9ricaine, DST Digital Sky Technology, n\u00e9e d&rsquo;une nervure de la NASA, mais soutenue financi\u00e8rement par le g\u00e9ant p\u00e9trolier...\t\t\t\t\t\t<\/div>\n\t\t\t\t\t\t\t\t\t\t\t\t<div class=\"clear\"><\/div>\n\t\t\t\t\t<\/li>\n\t\t\t\t\t\t\t\t\t\t<li>\n\t\t\t\t\t\t<div class=\"small-custom-frame-wrapper alignleft\"><div class=\"custom-frame-inner-wrapper\"><div class=\"custom-frame-padding\"><a href=\"https:\/\/ibiworld.eu\/fr\/2022\/05\/03\/la-guerre-secrete-pour-locean-arctique\/\" title=\"LA GUERRE SECRETE POUR L&rsquo;OCEAN ARCTIQUE\"><img src=\"https:\/\/ibiworld.eu\/fr\/wp-content\/uploads\/2022\/05\/JPN008-01-60x60_c.jpg\" width=\"60\" height=\"60\" alt=\"LA GUERRE SECRETE POUR L&#039;OCEAN ARCTIQUE\" \/><\/a><\/div><\/div><\/div>\t\t\t\t\t\t<a class=\"teaser-title\" title=\"LA GUERRE SECRETE POUR L&rsquo;OCEAN ARCTIQUE\" href=\"https:\/\/ibiworld.eu\/fr\/2022\/05\/03\/la-guerre-secrete-pour-locean-arctique\/\">LA GUERRE SECRETE POUR L&rsquo;OCEAN ARCTIQUE<\/a>\n\t\t\t\t\t\t\t\t\t\t\t\t\t\t\t\t\t\t\t\t\t\t\t\t\t\t\t<div class=\"date-author\">3 mai 2022 par <a href=\"https:\/\/ibiworld.eu\/fr\/author\/ibi-world-japon\/\" title=\"Articles par IBI World Japon\" rel=\"author\">IBI World Japon<\/a> <\/div>\n\t\t\t\t\t\t\t\t\t\t\t\t<div class=\"teaser-content\">\n\t\t\t\t\t\tAu d\u00e9part, nous voulions \u00e9crire un rapport sur la situation climatique et les dangers auxquels est confront\u00e9e la faune dans...\t\t\t\t\t\t<\/div>\n\t\t\t\t\t\t\t\t\t\t\t\t<div class=\"clear\"><\/div>\n\t\t\t\t\t<\/li>\n\t\t\t\t\t\t\t\t\t\t<li>\n\t\t\t\t\t\t<div class=\"small-custom-frame-wrapper alignleft\"><div class=\"custom-frame-inner-wrapper\"><div class=\"custom-frame-padding\"><a href=\"https:\/\/ibiworld.eu\/fr\/2021\/07\/15\/aliser-usmanov-les-yeux-indiscrets-dun-oligarque-sur-le-monde\/\" title=\"ALISER USMANOV : LES YEUX INDISCRETS D&rsquo;UN OLIGARQUE SUR LE MONDE\"><img src=\"https:\/\/ibiworld.eu\/fr\/wp-content\/uploads\/2021\/07\/RUS007-01-60x60_c.jpg\" width=\"60\" height=\"60\" alt=\"ALISER USMANOV : LES YEUX INDISCRETS D&#039;UN OLIGARQUE SUR LE MONDE\" \/><\/a><\/div><\/div><\/div>\t\t\t\t\t\t<a class=\"teaser-title\" title=\"ALISER USMANOV : LES YEUX INDISCRETS D&rsquo;UN OLIGARQUE SUR LE MONDE\" href=\"https:\/\/ibiworld.eu\/fr\/2021\/07\/15\/aliser-usmanov-les-yeux-indiscrets-dun-oligarque-sur-le-monde\/\">ALISER USMANOV : LES YEUX INDISCRETS D&rsquo;UN OLIGARQUE SUR LE MONDE<\/a>\n\t\t\t\t\t\t\t\t\t\t\t\t\t\t\t\t\t\t\t\t\t\t\t\t\t\t\t<div class=\"date-author\">15 juillet 2021 par <a href=\"https:\/\/ibiworld.eu\/fr\/author\/ibi-world-russie\/\" title=\"Articles par IBI World Russie\" rel=\"author\">IBI World Russie<\/a> <\/div>\n\t\t\t\t\t\t\t\t\t\t\t\t<div class=\"teaser-content\">\n\t\t\t\t\t\tDans la vie, une fois que vous avez atteint la richesse, plusieurs choix s&rsquo;offrent \u00e0 vous, dont celui qui est...\t\t\t\t\t\t<\/div>\n\t\t\t\t\t\t\t\t\t\t\t\t<div class=\"clear\"><\/div>\n\t\t\t\t\t<\/li>\n\t\t\t\t\t\t\t\t\t\t<li>\n\t\t\t\t\t\t<div class=\"small-custom-frame-wrapper alignleft\"><div class=\"custom-frame-inner-wrapper\"><div class=\"custom-frame-padding\"><a href=\"https:\/\/ibiworld.eu\/fr\/2021\/05\/08\/heerema-le-long-voyage-du-national-socialisme-a-lexploitation-des-fonds-marins\/\" title=\"HEEREMA : LE LONG VOYAGE DU NATIONAL-SOCIALISME A L&rsquo;EXPLOITATION DES FONDS MARINS\"><img src=\"https:\/\/ibiworld.eu\/fr\/wp-content\/uploads\/2021\/05\/GER011-01-60x60_c.jpg\" width=\"60\" height=\"60\" alt=\"HEEREMA : LE LONG VOYAGE DU NATIONAL-SOCIALISME A L&#039;EXPLOITATION DES FONDS MARINS\" \/><\/a><\/div><\/div><\/div>\t\t\t\t\t\t<a class=\"teaser-title\" title=\"HEEREMA : LE LONG VOYAGE DU NATIONAL-SOCIALISME A L&rsquo;EXPLOITATION DES FONDS MARINS\" href=\"https:\/\/ibiworld.eu\/fr\/2021\/05\/08\/heerema-le-long-voyage-du-national-socialisme-a-lexploitation-des-fonds-marins\/\">HEEREMA : LE LONG VOYAGE DU NATIONAL-SOCIALISME A L&rsquo;EXPLOITATION DES FONDS MARINS<\/a>\n\t\t\t\t\t\t\t\t\t\t\t\t\t\t\t\t\t\t\t\t\t\t\t\t\t\t\t<div class=\"date-author\">8 mai 2021 par <a href=\"https:\/\/ibiworld.eu\/fr\/author\/ibi-world-allemagne\/\" title=\"Articles par IBI World Allemagne\" rel=\"author\">IBI World Allemagne<\/a> <\/div>\n\t\t\t\t\t\t\t\t\t\t\t\t<div class=\"teaser-content\">\n\t\t\t\t\t\tAmsterdam, d\u00e9cembre 1942. Malgr\u00e9 les conditions hivernales rigoureuses et la poursuite de la guerre, celle-ci est un jour de f\u00eate....\t\t\t\t\t\t<\/div>\n\t\t\t\t\t\t\t\t\t\t\t\t<div class=\"clear\"><\/div>\n\t\t\t\t\t<\/li>\n\t\t\t\t\t\t\t\t\t\t<li>\n\t\t\t\t\t\t<div class=\"small-custom-frame-wrapper alignleft\"><div class=\"custom-frame-inner-wrapper\"><div class=\"custom-frame-padding\"><a href=\"https:\/\/ibiworld.eu\/fr\/2021\/04\/27\/bases-militaires-et-mines-le-nouveau-visage-des-fonds-marins\/\" title=\"BASES MILITAIRES ET MINES : LE NOUVEAU VISAGE DES FONDS MARINS\"><img src=\"https:\/\/ibiworld.eu\/fr\/wp-content\/uploads\/2021\/04\/RUS010-01-60x60_c.jpg\" width=\"60\" height=\"60\" alt=\"BASES MILITAIRES ET MINES : LE NOUVEAU VISAGE DES FONDS MARINS\" \/><\/a><\/div><\/div><\/div>\t\t\t\t\t\t<a class=\"teaser-title\" title=\"BASES MILITAIRES ET MINES : LE NOUVEAU VISAGE DES FONDS MARINS\" href=\"https:\/\/ibiworld.eu\/fr\/2021\/04\/27\/bases-militaires-et-mines-le-nouveau-visage-des-fonds-marins\/\">BASES MILITAIRES ET MINES : LE NOUVEAU VISAGE DES FONDS MARINS<\/a>\n\t\t\t\t\t\t\t\t\t\t\t\t\t\t\t\t\t\t\t\t\t\t\t\t\t\t\t<div class=\"date-author\">27 avril 2021 par <a href=\"https:\/\/ibiworld.eu\/fr\/author\/ibi-world-russie\/\" title=\"Articles par IBI World Russie\" rel=\"author\">IBI World Russie<\/a> <\/div>\n\t\t\t\t\t\t\t\t\t\t\t\t<div class=\"teaser-content\">\n\t\t\t\t\t\tCeci est un dessin de science-fiction. Mais \u00e0 quel point la r\u00e9alit\u00e9 est-elle \u00e9loign\u00e9e de ces images invent\u00e9es ? Peu....\t\t\t\t\t\t<\/div>\n\t\t\t\t\t\t\t\t\t\t\t\t<div class=\"clear\"><\/div>\n\t\t\t\t\t<\/li>\n\t\t\t\t\t\t\t\t\t\t<li>\n\t\t\t\t\t\t<div class=\"small-custom-frame-wrapper alignleft\"><div class=\"custom-frame-inner-wrapper\"><div class=\"custom-frame-padding\"><a href=\"https:\/\/ibiworld.eu\/fr\/2021\/03\/18\/lexploitation-des-fonds-marins-nouvelle-limite-autodestructrice-de-lhumanite\/\" title=\"L&rsquo;EXPLOITATION DES FONDS MARINS, NOUVELLE LIMITE AUTODESTRUCTRICE DE L&rsquo;HUMANITE\"><img src=\"https:\/\/ibiworld.eu\/fr\/wp-content\/uploads\/2021\/03\/SVE002-01-60x60_c.jpg\" width=\"60\" height=\"60\" alt=\"L&#039;EXPLOITATION DES FONDS MARINS, NOUVELLE LIMITE AUTODESTRUCTRICE DE L&#039;HUMANITE\" \/><\/a><\/div><\/div><\/div>\t\t\t\t\t\t<a class=\"teaser-title\" title=\"L&rsquo;EXPLOITATION DES FONDS MARINS, NOUVELLE LIMITE AUTODESTRUCTRICE DE L&rsquo;HUMANITE\" href=\"https:\/\/ibiworld.eu\/fr\/2021\/03\/18\/lexploitation-des-fonds-marins-nouvelle-limite-autodestructrice-de-lhumanite\/\">L&rsquo;EXPLOITATION DES FONDS MARINS, NOUVELLE LIMITE AUTODESTRUCTRICE DE L&rsquo;HUMANITE<\/a>\n\t\t\t\t\t\t\t\t\t\t\t\t\t\t\t\t\t\t\t\t\t\t\t\t\t\t\t<div class=\"date-author\">18 mars 2021 par <a href=\"https:\/\/ibiworld.eu\/fr\/author\/ibi-world-suede\/\" title=\"Articles par IBI World Suede\" rel=\"author\">IBI World Suede<\/a> <\/div>\n\t\t\t\t\t\t\t\t\t\t\t\t<div class=\"teaser-content\">\n\t\t\t\t\t\tDans l&rsquo;un de ses romans extr\u00eamement r\u00e9ussis, \u00ab\u00a0Der Schwarm\u00a0\u00bb, publi\u00e9 en 2004, l&rsquo;\u00e9crivain allemand Frank Sch\u00e4tzing raconte comment l&rsquo;exploitation des...\t\t\t\t\t\t<\/div>\n\t\t\t\t\t\t\t\t\t\t\t\t<div class=\"clear\"><\/div>\n\t\t\t\t\t<\/li>\n\t\t\t\t\t\t\t\t<\/ul>\n\t\t\t<\/div><!-- end widget_recent_posts -->\n\t\t\t<\/div>[\/vc_column][\/vc_row]\n","protected":false},"excerpt":{"rendered":"<p>[vc_row][vc_column width=\u00a0\u00bb2\/3&Prime;][vc_empty_space height=\u00a0\u00bb63px\u00a0\u00bb][vc_column_text] &nbsp; \u00c9DITORIAL: LES DESIR EFFRONTE DE DETRUIRE L&rsquo;OCEAN Le 4 mars 2021, sous la direction de Daniela Camboni, le site d&rsquo;analyse financi\u00e8re Stansberry Research, qui est l&rsquo;un des piliers de la vision du monde du march\u00e9 des ressources min\u00e9rales depuis plus de vingt ans,<\/p>\n","protected":false},"author":1,"featured_media":0,"parent":0,"menu_order":0,"comment_status":"closed","ping_status":"closed","template":"page-FullWidth.php","meta":[],"_links":{"self":[{"href":"https:\/\/ibiworld.eu\/fr\/wp-json\/wp\/v2\/pages\/608"}],"collection":[{"href":"https:\/\/ibiworld.eu\/fr\/wp-json\/wp\/v2\/pages"}],"about":[{"href":"https:\/\/ibiworld.eu\/fr\/wp-json\/wp\/v2\/types\/page"}],"author":[{"embeddable":true,"href":"https:\/\/ibiworld.eu\/fr\/wp-json\/wp\/v2\/users\/1"}],"replies":[{"embeddable":true,"href":"https:\/\/ibiworld.eu\/fr\/wp-json\/wp\/v2\/comments?post=608"}],"version-history":[{"count":7,"href":"https:\/\/ibiworld.eu\/fr\/wp-json\/wp\/v2\/pages\/608\/revisions"}],"predecessor-version":[{"id":2179,"href":"https:\/\/ibiworld.eu\/fr\/wp-json\/wp\/v2\/pages\/608\/revisions\/2179"}],"wp:attachment":[{"href":"https:\/\/ibiworld.eu\/fr\/wp-json\/wp\/v2\/media?parent=608"}],"curies":[{"name":"wp","href":"https:\/\/api.w.org\/{rel}","templated":true}]}}