{"id":6,"date":"2020-07-11T00:57:38","date_gmt":"2020-07-10T22:57:38","guid":{"rendered":"http:\/\/ibiworld.eu\/fr\/udesign-welcome\/"},"modified":"2023-10-02T00:33:02","modified_gmt":"2023-10-01T22:33:02","slug":"udesign-welcome","status":"publish","type":"page","link":"https:\/\/ibiworld.eu\/fr\/","title":{"rendered":"Home"},"content":{"rendered":"[vc_row][vc_column][vc_column_text]\n<h4>Nous sommes n\u00e9s dans un monde en plein boom industriel, dans lequel la plus-value globale &#8211; du moins en Occident &#8211; augmentait au rythme de l&rsquo;accroissement de la production, des progr\u00e8s scientifiques et technologiques, des nouvelles possibilit\u00e9s de distribution logistique. Dans ce monde, le march\u00e9 int\u00e9rieur devait \u00eatre soutenu de toutes les mani\u00e8res possibles, car la production croissante avait besoin d&rsquo;acheteurs, et la classe ouvri\u00e8re, qui \u00e9tait fondamentale pour garantir cette croissance, avait un pouvoir de n\u00e9gociation extraordinaire. C&rsquo;\u00e9tait un monde de citoyens, pers\u00e9cut\u00e9s par deux gigantesques puissances supranationales (les \u00c9tats-Unis et l&rsquo;Union sovi\u00e9tique), qui d\u00e9cidaient des peuples \u00e9trangers sans leur donner le moindre choix ni le moindre vote, qui faisaient et d\u00e9faisaient les gouvernements, qui torturaient et tuaient les \u00e2mes critiques, qui faisaient entrer les tanks dans la rue et vous envoyaient dans un goulag ou dans un camp de r\u00e9\u00e9ducation \u00e0 Guantanamo.<br \/>\nPuis vint 1973, et ce monde prit fin &#8211; \u00e0 l&rsquo;Est comme \u00e0 l&rsquo;Ouest. Gerald Ford remplace d&rsquo;abord Spiro Agnew, puis Richard Nixon, emport\u00e9 par le scandale du Watergate. De nombreux pays plus faibles ont connu des changements de r\u00e9gime violents (Chili, RDA, etc.). En Italie, en Allemagne et dans d&rsquo;autres pays europ\u00e9ens, les ann\u00e9es de plomb ont commenc\u00e9, tout comme les ann\u00e9es de Gladio. La repr\u00e9sentation syndicale, pour diverses raisons, est entr\u00e9e en crise. De cette crise est n\u00e9 un nouveau monde, celui de la finance, qui cr\u00e9e de l&rsquo;argent \u00e0 partir d&rsquo;argent, ind\u00e9pendamment de la production. On a dit aux gens que c&rsquo;\u00e9tait nul d&rsquo;\u00eatre conscient, et les citoyens ont \u00e9t\u00e9 transform\u00e9s en consommateurs. On a dit aux gens que c&rsquo;\u00e9tait nul d&rsquo;\u00e9tudier, de s&rsquo;informer et de descendre dans la rue, et les gens ont commenc\u00e9 \u00e0 se cacher chez eux et derri\u00e8re des appels t\u00e9l\u00e9phoniques \u00e0 Jean-Pierre Focault, et Gilles Bouleau a disparu de la t\u00e9l\u00e9vision, remplac\u00e9 par des gens comme Jean-Luc Delarue.<br \/>\nPuis est arriv\u00e9 2008, le grand effondrement bancaire mondial, et ce nouveau monde a \u00e9galement pris fin. Les consommateurs sont devenus pr\u00e9caires, d\u00e9plac\u00e9s, migrants, mendiants, travailleurs forc\u00e9s, ch\u00f4meurs chroniques, tronqu\u00e9s et analphab\u00e8tes. La valeur du vote \u00e9lectoral a \u00e9t\u00e9 an\u00e9antie. La religion est devenue un fondamentalisme, tant chez les chr\u00e9tiens que chez les musulmans et les juifs. Les gens ont continu\u00e9 \u00e0 croire \u00e0 l&rsquo;argent, alors que le vrai message \u00e9tait : plus de production, la terre n&rsquo;en peut plus. Plus de sp\u00e9culation financi\u00e8re, les effondrements p\u00e9riodiques laissent derri\u00e8re eux une tra\u00een\u00e9e de victimes sans d\u00e9fense.<br \/>\nC&rsquo;est le monde dans lequel nous vivons aujourd&rsquo;hui. Ni les industries, ni les banques, ni les partis, ni les syndicats ne comptent plus. Seuls les tanks comptent. Et il n&rsquo;y a aucun endroit s\u00fbr o\u00f9 se cacher. Ce site web existe pour expliquer ce monde : dans son immense complexit\u00e9 et sa terrifiante simplicit\u00e9.<\/h4>\n[\/vc_column_text][vc_empty_space height=\u00a0\u00bb10px\u00a0\u00bb][vc_column_text]\n<h3 style=\"text-align: justify;\"><span style=\"line-height: 1.5em;\"><b>Info Brokers International<\/b> est une soci\u00e9t\u00e9 de chercheurs ind\u00e9pendants italiens, russes et allemands, issus du journalisme \u00e9conomico-financier, du syst\u00e8me bancaire ou de travaux universitaires. Depuis 2004, nous nous adressons aux entreprises de toutes sortes d&rsquo;informations financi\u00e8res, \u00e9conomiques et l\u00e9gislatives, mettant \u00e0 la disposition du client un impressionnant r\u00e9seau de relations professionnelles, construit au cours de d\u00e9cennies d&rsquo;activit\u00e9, dans les milieux politiques, financiers, industriels et judiciaires. Nous op\u00e9rons principalement en Europe, Asie et Afrique et dans les principales juridictions Off-shore.<\/span><\/h3>\n[\/vc_column_text][vc_empty_space][vc_column_text]\n<h2 style=\"text-align: center;\">L&rsquo;\u00e9quipe<\/h2>\n[\/vc_column_text][vc_row_inner][vc_column_inner width=\u00a0\u00bb1\/4&Prime;][vc_single_image image=\u00a0\u00bb4768&Prime; img_size=\u00a0\u00bb300X300&Prime; alignment=\u00a0\u00bbcenter\u00a0\u00bb][vc_column_text]\n<h4 style=\"text-align: center;\"><strong>Paolo Fusi<\/strong><br \/>\nAnalyst\/Researcher, CEO\/Founder<br \/>\ndirector, member of the board (1959)<\/h4>\n[\/vc_column_text][\/vc_column_inner][vc_column_inner width=\u00a0\u00bb1\/4&Prime;][vc_single_image image=\u00a0\u00bb4767&Prime; img_size=\u00a0\u00bb300&#215;300&Prime; alignment=\u00a0\u00bbcenter\u00a0\u00bb][vc_column_text]\n<h4 style=\"text-align: center;\"><strong>Claudio Oliva<\/strong><br \/>\nAnalyst\/Researcher<br \/>\ndirector, member of the board (1978)<\/h4>\n[\/vc_column_text][\/vc_column_inner][vc_column_inner width=\u00a0\u00bb1\/4&Prime;][vc_single_image image=\u00a0\u00bb4769&Prime; img_size=\u00a0\u00bb300&#215;300&Prime; alignment=\u00a0\u00bbcenter\u00a0\u00bb][vc_column_text]\n<h4 style=\"text-align: center;\"><strong>Gelena Katkova<\/strong><br \/>\nAnalyst\/Researcher<br \/>\ndirector, member of the board (1983)<\/h4>\n[\/vc_column_text][\/vc_column_inner][vc_column_inner width=\u00a0\u00bb1\/4&Prime;][vc_single_image image=\u00a0\u00bb4770&Prime; img_size=\u00a0\u00bb300&#215;300&Prime; alignment=\u00a0\u00bbcenter\u00a0\u00bb][vc_column_text]\n<h4 style=\"text-align: center;\"><strong>Simone Coccia<\/strong><br \/>\nAnalyst\/Researcher<br \/>\ndirector, member of the board (1964)<\/h4>\n[\/vc_column_text][\/vc_column_inner][\/vc_row_inner][\/vc_column][\/vc_row][vc_row][vc_column][\/vc_column][\/vc_row]\n","protected":false},"excerpt":{"rendered":"<p>[vc_row][vc_column][vc_column_text] Nous sommes n\u00e9s dans un monde en plein boom industriel, dans lequel la plus-value globale &#8211; du moins en Occident &#8211; augmentait au rythme de l&rsquo;accroissement de la production, des progr\u00e8s scientifiques et technologiques, des nouvelles possibilit\u00e9s de distribution logistique. Dans ce monde, le march\u00e9 int\u00e9rieur<\/p>\n","protected":false},"author":1,"featured_media":0,"parent":0,"menu_order":0,"comment_status":"closed","ping_status":"closed","template":"page-FullWidth.php","meta":[],"_links":{"self":[{"href":"https:\/\/ibiworld.eu\/fr\/wp-json\/wp\/v2\/pages\/6"}],"collection":[{"href":"https:\/\/ibiworld.eu\/fr\/wp-json\/wp\/v2\/pages"}],"about":[{"href":"https:\/\/ibiworld.eu\/fr\/wp-json\/wp\/v2\/types\/page"}],"author":[{"embeddable":true,"href":"https:\/\/ibiworld.eu\/fr\/wp-json\/wp\/v2\/users\/1"}],"replies":[{"embeddable":true,"href":"https:\/\/ibiworld.eu\/fr\/wp-json\/wp\/v2\/comments?post=6"}],"version-history":[{"count":36,"href":"https:\/\/ibiworld.eu\/fr\/wp-json\/wp\/v2\/pages\/6\/revisions"}],"predecessor-version":[{"id":4772,"href":"https:\/\/ibiworld.eu\/fr\/wp-json\/wp\/v2\/pages\/6\/revisions\/4772"}],"wp:attachment":[{"href":"https:\/\/ibiworld.eu\/fr\/wp-json\/wp\/v2\/media?parent=6"}],"curies":[{"name":"wp","href":"https:\/\/api.w.org\/{rel}","templated":true}]}}