{"id":3148,"date":"2022-08-11T23:53:06","date_gmt":"2022-08-11T21:53:06","guid":{"rendered":"https:\/\/ibiworld.eu\/fr\/?page_id=3148"},"modified":"2022-08-22T23:11:31","modified_gmt":"2022-08-22T21:11:31","slug":"voix-de-femmes","status":"publish","type":"page","link":"https:\/\/ibiworld.eu\/fr\/voix-de-femmes\/","title":{"rendered":"VOIX DE FEMMES"},"content":{"rendered":"[vc_row][vc_column width=\u00a0\u00bb2\/3&Prime;][vc_empty_space height=\u00a0\u00bb63px\u00a0\u00bb][vc_column_text]\n<h3><img loading=\"lazy\" class=\"aligncenter size-full wp-image-3149\" src=\"https:\/\/ibiworld.eu\/fr\/wp-content\/uploads\/2022\/08\/Voci-di-donna.jpg\" alt=\"\" width=\"518\" height=\"701\" srcset=\"https:\/\/ibiworld.eu\/fr\/wp-content\/uploads\/2022\/08\/Voci-di-donna.jpg 518w, https:\/\/ibiworld.eu\/fr\/wp-content\/uploads\/2022\/08\/Voci-di-donna-222x300.jpg 222w\" sizes=\"(max-width: 518px) 100vw, 518px\" \/><\/h3>\n<h3>\u00c9DITORIAL: <strong>CES VOIX INEFFABLES, MERES DE NOUS TOUS<\/strong><\/h3>\n<p>Lorsque, le 5 f\u00e9vrier 1967, \u00e0 seulement 50 ans, Violeta Parra s&rsquo;est tu\u00e9e d&rsquo;un coup de fusil, la racine d&rsquo;un arbre est morte qui, heureusement, et malgr\u00e9 la m\u00e9chancet\u00e9 humaine, a continu\u00e9 \u00e0 fleurir et \u00e0 porter des fruits. Le XXe si\u00e8cle, avant m\u00eame d&rsquo;\u00eatre le si\u00e8cle de la prise de conscience du prol\u00e9tariat, est le si\u00e8cle o\u00f9, pour la premi\u00e8re fois, la voix des femmes &#8211; victimes de milliers d&rsquo;ann\u00e9es de patriarcat aveugle et vulgaire &#8211; se fait entendre, forte, claire et (malheureusement) d\u00e9sesp\u00e9r\u00e9e.<\/p>\n<p>Il est tr\u00e8s difficile de ne pas prof\u00e9rer des platitudes sur le sujet. Nous ne voulons pas parler de quotas roses, de sup\u00e9riorit\u00e9, d&rsquo;\u00e9galit\u00e9 des salaires, car il s&rsquo;agit d&rsquo;une rh\u00e9torique acquies\u00e7ante, qui consid\u00e8re la situation actuelle comme incontestable. Il y a des femmes qui ont r\u00e9ussi \u00e0 faire entrer leur voix dans nos r\u00eaves, dans nos souvenirs, dans notre exp\u00e9rience de vie, et Violeta \u00e9tait la m\u00e8re de toutes ces femmes. Neuvi\u00e8me enfant d&rsquo;un paysan musicien et d&rsquo;une couturi\u00e8re, n\u00e9e dans un village \u00e9loign\u00e9 sur le plateau entre Santiago et Concepci\u00f3n, elle venait de nulle part, d&rsquo;un endroit situ\u00e9 en dehors du carrefour de l&rsquo;\u00e9conomie et de la culture dominantes, comme ce fut le cas pour J\u00e9sus de Nazareth.<\/p>\n<style type=\"text\/css\" id=\"umsMapStyles_14_3039\">\r\n\t#ultimate_maps_14_3039 {\r\n        width: 100%;\r\n        height: 500px;\r\n\t        border: 0px solid ;\r\n        margin: 0px;\r\n    }\r\n\t#mapsControlsNum_14_3039 {\r\n\t\twidth:100%\t}\r\n\t.umsMapDetailsContainer#umsMapDetailsContainer_14_3039 {\r\n\t\theight:500px;\r\n\t}\r\n\t.ums_MapPreview#ultimate_maps_14_3039 {\r\n\t\t\/*position:absolute;*\/\r\n\t\twidth:100%;\r\n\t}\r\n\t#mapConElem_14_3039{\r\n\t\twidth:100%\t}\r\n\t<\/style>\r\n<div class=\"ums_map_opts\" id=\"mapConElem_14_3039\" data-id=\"14\" data-view-id=\"14_3039\" > <div class=\"umsMapDetailsContainer\" id=\"umsMapDetailsContainer_14_3039\"> <i class=\"umsKMLLayersPreloader fa fa-spinner fa-spin\" aria-hidden=\"true\" style=\"display: none;\"><\/i> <div class=\"ums_MapPreview \" id=\"ultimate_maps_14_3039\"><\/div> <\/div> <div class=\"umsMapMarkerFilters\" id=\"umsMapMarkerFilters_14_3039\"> <\/div> <div class=\"umsMapProControlsCon\" id=\"umsMapProControlsCon_14_3039\"> <\/div> <div class=\"umsMapProDirectionsCon\" id=\"umsMapProDirectionsCon_14_3039\" > <\/div> <div class=\"umsMapProKmlFilterCon\" id=\"umsMapProKmlFilterCon_14_3039\" > <\/div> <div class=\"umsSocialSharingShell umsSocialSharingShell_14_3039\"> <\/div> <div style=\"clear: both;\"><\/div> <\/div> \n<p>Elle, comme les autres femmes dont nous relatons la vie et l&rsquo;\u0153uvre, a chang\u00e9 \u00e0 jamais notre fa\u00e7on de voir les choses. Il ne s&rsquo;agit pas de musiciennes folk ou pop qui, en raison de leurs prouesses singuli\u00e8res, ont eu une carri\u00e8re professionnelle sous les projecteurs du monde entier (comme Joni Mitchell, Dalida et Fran\u00e7oise Hardy), mais d&rsquo;artisans de la douleur qui, dans leurs textes et \u00e0 travers leur chant, ont t\u00e9moign\u00e9 de ce qu&rsquo;est une m\u00e8re : une vraie femme, qui a pris la vie en main, qui paie n&rsquo;importe quel prix pour sa libert\u00e9 et la d\u00e9fense de ses enfants.<\/p>\n<p>Ces femmes ont des millions d&rsquo;enfants, \u00e9parpill\u00e9s dans l&rsquo;histoire de ce dernier si\u00e8cle de mort, de destruction, mais aussi d&rsquo;une beaut\u00e9 incomparable. Ils sont la conscience de tous ceux, hommes et femmes, qui ont grandi en connaissant leur enseignement, et qui se sont endormis berc\u00e9s par leur douceur, leur t\u00e9nacit\u00e9, leur force et leur vitalit\u00e9 ineffables.<\/p>\n<p>C&rsquo;est pourquoi, pour les d\u00e9crire, nous avons choisi le tableau de Violeta, intitul\u00e9 \u00ab\u00a0L&rsquo;arbre de vie\u00a0\u00bb, qui d\u00e9crit mieux que mille mots la maternit\u00e9 qui, par son \u0153uvre, a pu influencer des g\u00e9n\u00e9rations d&rsquo;\u00eatres humains et donner une lueur d&rsquo;espoir \u00e0 notre humanit\u00e9 autodestructrice.[\/vc_column_text][\/vc_column][vc_column width=\u00a0\u00bb1\/3&Prime;][vc_column_text]<form  class=\"is-search-form is-form-style is-form-style-3 is-form-id-367 \" action=\"https:\/\/ibiworld.eu\/fr\/\" method=\"get\" role=\"search\" ><label for=\"is-search-input-367\"><span class=\"is-screen-reader-text\">Search for:<\/span><input  type=\"search\" id=\"is-search-input-367\" name=\"s\" value=\"\" class=\"is-search-input\" placeholder=\"CHERCHE ICI... \" autocomplete=off \/><\/label><button type=\"submit\" class=\"is-search-submit\"><span class=\"is-screen-reader-text\">Search Button<\/span><span class=\"is-search-icon\"><svg focusable=\"false\" aria-label=\"Search\" xmlns=\"http:\/\/www.w3.org\/2000\/svg\" viewBox=\"0 0 24 24\" width=\"24px\"><path d=\"M15.5 14h-.79l-.28-.27C15.41 12.59 16 11.11 16 9.5 16 5.91 13.09 3 9.5 3S3 5.91 3 9.5 5.91 16 9.5 16c1.61 0 3.09-.59 4.23-1.57l.27.28v.79l5 4.99L20.49 19l-4.99-5zm-6 0C7.01 14 5 11.99 5 9.5S7.01 5 9.5 5 14 7.01 14 9.5 11.99 14 9.5 14z\"><\/path><\/svg><\/span><\/button><input type=\"hidden\" name=\"id\" value=\"367\" \/><\/form>[\/vc_column_text][vc_wp_categories title=\u00a0\u00bbARCHIVER\u00a0\u00bb options=\u00a0\u00bbdropdown,count,hierarchical\u00a0\u00bb][vc_column_text]\n<h2>ARTICLES<\/h2>\n[\/vc_column_text]<div class=\"widget widget_latest_posts\">\t\t\t<div class=\"latest_posts\">\n\t\t\t<ul class=\"small-thumb\">\n\t\t\t\t\t\t\t\t\t<li>\n\t\t\t\t\t\t<div class=\"small-custom-frame-wrapper alignleft\"><div class=\"custom-frame-inner-wrapper\"><div class=\"custom-frame-padding\"><a href=\"https:\/\/ibiworld.eu\/fr\/2022\/12\/08\/miriam-makeba-la-voix-de-lafrique\/\" title=\"MIRIAM MAKEBA, LA VOIX DE L&rsquo;AFRIQUE\"><img src=\"https:\/\/ibiworld.eu\/fr\/wp-content\/uploads\/2022\/12\/USA009-01-60x60_c.jpg\" width=\"60\" height=\"60\" alt=\"MIRIAM MAKEBA, LA VOIX DE L&#039;AFRIQUE\" \/><\/a><\/div><\/div><\/div>\t\t\t\t\t\t<a class=\"teaser-title\" title=\"MIRIAM MAKEBA, LA VOIX DE L&rsquo;AFRIQUE\" href=\"https:\/\/ibiworld.eu\/fr\/2022\/12\/08\/miriam-makeba-la-voix-de-lafrique\/\">MIRIAM MAKEBA, LA VOIX DE L&rsquo;AFRIQUE<\/a>\n\t\t\t\t\t\t\t\t\t\t\t\t\t\t\t\t\t\t\t\t\t\t\t\t\t\t\t<div class=\"date-author\">8 d\u00e9cembre 2022 par <a href=\"https:\/\/ibiworld.eu\/fr\/author\/ibi-world-royaume-uni\/\" title=\"Articles par IBI World Royaume-Uni\" rel=\"author\">IBI World Royaume-Uni<\/a> <\/div>\n\t\t\t\t\t\t\t\t\t\t\t\t<div class=\"teaser-content\">\n\t\t\t\t\t\tAu cours des ann\u00e9es les plus sombres qui ont suivi la Seconde Guerre mondiale, la pers\u00e9cution de la population noire...\t\t\t\t\t\t<\/div>\n\t\t\t\t\t\t\t\t\t\t\t\t<div class=\"clear\"><\/div>\n\t\t\t\t\t<\/li>\n\t\t\t\t\t\t\t\t\t\t<li>\n\t\t\t\t\t\t<div class=\"small-custom-frame-wrapper alignleft\"><div class=\"custom-frame-inner-wrapper\"><div class=\"custom-frame-padding\"><a href=\"https:\/\/ibiworld.eu\/fr\/2022\/11\/17\/marta-kubisova-cette-voix-contre-les-tanks\/\" title=\"MARTA KUBI\u0160OV\u00c1, CETTE VOIX CONTRE LES TANKS\"><img src=\"https:\/\/ibiworld.eu\/fr\/wp-content\/uploads\/2022\/11\/RUS020-01-60x60_c.jpg\" width=\"60\" height=\"60\" alt=\"MARTA KUBI\u0160OV\u00c1, CETTE VOIX CONTRE LES TANKS\" \/><\/a><\/div><\/div><\/div>\t\t\t\t\t\t<a class=\"teaser-title\" title=\"MARTA KUBI\u0160OV\u00c1, CETTE VOIX CONTRE LES TANKS\" href=\"https:\/\/ibiworld.eu\/fr\/2022\/11\/17\/marta-kubisova-cette-voix-contre-les-tanks\/\">MARTA KUBI\u0160OV\u00c1, CETTE VOIX CONTRE LES TANKS<\/a>\n\t\t\t\t\t\t\t\t\t\t\t\t\t\t\t\t\t\t\t\t\t\t\t\t\t\t\t<div class=\"date-author\">17 novembre 2022 par <a href=\"https:\/\/ibiworld.eu\/fr\/author\/ibi-world-russie\/\" title=\"Articles par IBI World Russie\" rel=\"author\">IBI World Russie<\/a> <\/div>\n\t\t\t\t\t\t\t\t\t\t\t\t<div class=\"teaser-content\">\n\t\t\t\t\t\tUn froid novembre 1968, la neige et le d\u00e9sespoir, et une chanson. La chanteuse, pour d\u00e9fendre la d\u00e9mocratie, est une...\t\t\t\t\t\t<\/div>\n\t\t\t\t\t\t\t\t\t\t\t\t<div class=\"clear\"><\/div>\n\t\t\t\t\t<\/li>\n\t\t\t\t\t\t\t\t\t\t<li>\n\t\t\t\t\t\t<div class=\"small-custom-frame-wrapper alignleft\"><div class=\"custom-frame-inner-wrapper\"><div class=\"custom-frame-padding\"><a href=\"https:\/\/ibiworld.eu\/fr\/2022\/10\/29\/cesaria-evora-la-melancolie-de-la-diva-aux-pieds-nus\/\" title=\"CESARIA \u00c9VORA: LA MELANCOLIE DE LA DIVA AUX PIEDS NUS\"><img src=\"https:\/\/ibiworld.eu\/fr\/wp-content\/uploads\/2022\/10\/ESP020-01-60x60_c.jpg\" width=\"60\" height=\"60\" alt=\"CESARIA \u00c9VORA: LA MELANCOLIE DE LA DIVA AUX PIEDS NUS\" \/><\/a><\/div><\/div><\/div>\t\t\t\t\t\t<a class=\"teaser-title\" title=\"CESARIA \u00c9VORA: LA MELANCOLIE DE LA DIVA AUX PIEDS NUS\" href=\"https:\/\/ibiworld.eu\/fr\/2022\/10\/29\/cesaria-evora-la-melancolie-de-la-diva-aux-pieds-nus\/\">CESARIA \u00c9VORA: LA MELANCOLIE DE LA DIVA AUX PIEDS NUS<\/a>\n\t\t\t\t\t\t\t\t\t\t\t\t\t\t\t\t\t\t\t\t\t\t\t\t\t\t\t<div class=\"date-author\">29 octobre 2022 par <a href=\"https:\/\/ibiworld.eu\/fr\/author\/ibi-world-espagne\/\" title=\"Articles par IBI World Espagne\" rel=\"author\">IBI World Espagne<\/a> <\/div>\n\t\t\t\t\t\t\t\t\t\t\t\t<div class=\"teaser-content\">\n\t\t\t\t\t\tLes joues potel\u00e9es, le front rond et haut, les sourcils \u00e9pais peints en noir. Son cou, ses poignets et ses...\t\t\t\t\t\t<\/div>\n\t\t\t\t\t\t\t\t\t\t\t\t<div class=\"clear\"><\/div>\n\t\t\t\t\t<\/li>\n\t\t\t\t\t\t\t\t\t\t<li>\n\t\t\t\t\t\t<div class=\"small-custom-frame-wrapper alignleft\"><div class=\"custom-frame-inner-wrapper\"><div class=\"custom-frame-padding\"><a href=\"https:\/\/ibiworld.eu\/fr\/2022\/10\/20\/amalia-rodriguez-et-la-melancolie-infinie\/\" title=\"AM\u00c1LIA RODRIGUES ET LA M\u00c9LANCOLIE INFINIE\"><img src=\"https:\/\/ibiworld.eu\/fr\/wp-content\/uploads\/2022\/10\/ESP021-01-60x60_c.jpg\" width=\"60\" height=\"60\" alt=\"AM\u00c1LIA RODRIGUES ET LA M\u00c9LANCOLIE INFINIE\" \/><\/a><\/div><\/div><\/div>\t\t\t\t\t\t<a class=\"teaser-title\" title=\"AM\u00c1LIA RODRIGUES ET LA M\u00c9LANCOLIE INFINIE\" href=\"https:\/\/ibiworld.eu\/fr\/2022\/10\/20\/amalia-rodriguez-et-la-melancolie-infinie\/\">AM\u00c1LIA RODRIGUES ET LA M\u00c9LANCOLIE INFINIE<\/a>\n\t\t\t\t\t\t\t\t\t\t\t\t\t\t\t\t\t\t\t\t\t\t\t\t\t\t\t<div class=\"date-author\">20 octobre 2022 par <a href=\"https:\/\/ibiworld.eu\/fr\/author\/ibi-world-espagne\/\" title=\"Articles par IBI World Espagne\" rel=\"author\">IBI World Espagne<\/a> <\/div>\n\t\t\t\t\t\t\t\t\t\t\t\t<div class=\"teaser-content\">\n\t\t\t\t\t\tElle se produit dans une robe noire, un ch\u00e2le sur les \u00e9paules, le deuil dans le c\u0153ur. La t\u00eate pench\u00e9e...\t\t\t\t\t\t<\/div>\n\t\t\t\t\t\t\t\t\t\t\t\t<div class=\"clear\"><\/div>\n\t\t\t\t\t<\/li>\n\t\t\t\t\t\t\t\t\t\t<li>\n\t\t\t\t\t\t<div class=\"small-custom-frame-wrapper alignleft\"><div class=\"custom-frame-inner-wrapper\"><div class=\"custom-frame-padding\"><a href=\"https:\/\/ibiworld.eu\/fr\/2022\/09\/19\/rosa-balistreri-les-cris-de-douleur-de-la-sicile\/\" title=\"ROSA BALISTRERI, LES CRIS DE DOULEUR DE LA SICILE\"><img src=\"https:\/\/ibiworld.eu\/fr\/wp-content\/uploads\/2022\/09\/ITA022-01-60x60_c.jpg\" width=\"60\" height=\"60\" alt=\"ROSA BALISTRERI, LES CRIS DE DOULEUR DE LA SICILE\" \/><\/a><\/div><\/div><\/div>\t\t\t\t\t\t<a class=\"teaser-title\" title=\"ROSA BALISTRERI, LES CRIS DE DOULEUR DE LA SICILE\" href=\"https:\/\/ibiworld.eu\/fr\/2022\/09\/19\/rosa-balistreri-les-cris-de-douleur-de-la-sicile\/\">ROSA BALISTRERI, LES CRIS DE DOULEUR DE LA SICILE<\/a>\n\t\t\t\t\t\t\t\t\t\t\t\t\t\t\t\t\t\t\t\t\t\t\t\t\t\t\t<div class=\"date-author\">19 septembre 2022 par <a href=\"https:\/\/ibiworld.eu\/fr\/author\/ibi-world-italie\/\" title=\"Articles par IBI World Italie\" rel=\"author\">IBI World Italie<\/a> <\/div>\n\t\t\t\t\t\t\t\t\t\t\t\t<div class=\"teaser-content\">\n\t\t\t\t\t\tLes vraies chansons qui parlent de la souffrance, des drames familiaux, ne peuvent \u00eatre \u00e9crites que par ceux qui vivent...\t\t\t\t\t\t<\/div>\n\t\t\t\t\t\t\t\t\t\t\t\t<div class=\"clear\"><\/div>\n\t\t\t\t\t<\/li>\n\t\t\t\t\t\t\t\t\t\t<li>\n\t\t\t\t\t\t<div class=\"small-custom-frame-wrapper alignleft\"><div class=\"custom-frame-inner-wrapper\"><div class=\"custom-frame-padding\"><a href=\"https:\/\/ibiworld.eu\/fr\/2022\/09\/09\/mercedes-sosa-la-voix-des-sans-voix\/\" title=\"MERCEDES SOSA, LA VOIX DES SANS-VOIX\"><img src=\"https:\/\/ibiworld.eu\/fr\/wp-content\/uploads\/2022\/09\/ESP014-01-60x60_c.jpg\" width=\"60\" height=\"60\" alt=\"MERCEDES SOSA, LA VOIX DES SANS-VOIX\" \/><\/a><\/div><\/div><\/div>\t\t\t\t\t\t<a class=\"teaser-title\" title=\"MERCEDES SOSA, LA VOIX DES SANS-VOIX\" href=\"https:\/\/ibiworld.eu\/fr\/2022\/09\/09\/mercedes-sosa-la-voix-des-sans-voix\/\">MERCEDES SOSA, LA VOIX DES SANS-VOIX<\/a>\n\t\t\t\t\t\t\t\t\t\t\t\t\t\t\t\t\t\t\t\t\t\t\t\t\t\t\t<div class=\"date-author\">9 septembre 2022 par <a href=\"https:\/\/ibiworld.eu\/fr\/author\/ibi-world-espagne\/\" title=\"Articles par IBI World Espagne\" rel=\"author\">IBI World Espagne<\/a> <\/div>\n\t\t\t\t\t\t\t\t\t\t\t\t<div class=\"teaser-content\">\n\t\t\t\t\t\tSi vous n&rsquo;\u00eates pas familier avec les \u00e9v\u00e9nements tragiques de l&rsquo;Argentine d&rsquo;apr\u00e8s-guerre et les cinquante derni\u00e8res ann\u00e9es d&rsquo;histoire civile et...\t\t\t\t\t\t<\/div>\n\t\t\t\t\t\t\t\t\t\t\t\t<div class=\"clear\"><\/div>\n\t\t\t\t\t<\/li>\n\t\t\t\t\t\t\t\t\t\t<li>\n\t\t\t\t\t\t<div class=\"small-custom-frame-wrapper alignleft\"><div class=\"custom-frame-inner-wrapper\"><div class=\"custom-frame-padding\"><a href=\"https:\/\/ibiworld.eu\/fr\/2022\/09\/02\/violeta-parra-la-liberte-est-une-douleur-absolue\/\" title=\"VIOLETA PARRA, LA LIBERTE EST UNE DOULEUR ABSOLUE\"><img src=\"https:\/\/ibiworld.eu\/fr\/wp-content\/uploads\/2022\/09\/ESP019-01-60x60_c.jpg\" width=\"60\" height=\"60\" alt=\"VIOLETA PARRA, LA LIBERTE EST UNE DOULEUR ABSOLUE\" \/><\/a><\/div><\/div><\/div>\t\t\t\t\t\t<a class=\"teaser-title\" title=\"VIOLETA PARRA, LA LIBERTE EST UNE DOULEUR ABSOLUE\" href=\"https:\/\/ibiworld.eu\/fr\/2022\/09\/02\/violeta-parra-la-liberte-est-une-douleur-absolue\/\">VIOLETA PARRA, LA LIBERTE EST UNE DOULEUR ABSOLUE<\/a>\n\t\t\t\t\t\t\t\t\t\t\t\t\t\t\t\t\t\t\t\t\t\t\t\t\t\t\t<div class=\"date-author\">2 septembre 2022 par <a href=\"https:\/\/ibiworld.eu\/fr\/author\/ibi-world-espagne\/\" title=\"Articles par IBI World Espagne\" rel=\"author\">IBI World Espagne<\/a> <\/div>\n\t\t\t\t\t\t\t\t\t\t\t\t<div class=\"teaser-content\">\n\t\t\t\t\t\tSi vous voulez vous battre pour changer le monde, vous devez utiliser des armes non conventionnelles, comme la musique et...\t\t\t\t\t\t<\/div>\n\t\t\t\t\t\t\t\t\t\t\t\t<div class=\"clear\"><\/div>\n\t\t\t\t\t<\/li>\n\t\t\t\t\t\t\t\t\t\t<li>\n\t\t\t\t\t\t<div class=\"small-custom-frame-wrapper alignleft\"><div class=\"custom-frame-inner-wrapper\"><div class=\"custom-frame-padding\"><a href=\"https:\/\/ibiworld.eu\/fr\/2022\/08\/22\/sona-jobarteh-la-kora-qui-guerit-le-mal-dafrique\/\" title=\"SONA JOBARTEH : LA KORA QUI GU\u00c9RIT LE MAL D&rsquo;AFRIQUE\"><img src=\"https:\/\/ibiworld.eu\/fr\/wp-content\/uploads\/2022\/08\/FRA025-01-60x60_c.jpg\" width=\"60\" height=\"60\" alt=\"SONA JOBARTEH : LA KORA QUI GU\u00c9RIT LE MAL D&#039;AFRIQUE\" \/><\/a><\/div><\/div><\/div>\t\t\t\t\t\t<a class=\"teaser-title\" title=\"SONA JOBARTEH : LA KORA QUI GU\u00c9RIT LE MAL D&rsquo;AFRIQUE\" href=\"https:\/\/ibiworld.eu\/fr\/2022\/08\/22\/sona-jobarteh-la-kora-qui-guerit-le-mal-dafrique\/\">SONA JOBARTEH : LA KORA QUI GU\u00c9RIT LE MAL D&rsquo;AFRIQUE<\/a>\n\t\t\t\t\t\t\t\t\t\t\t\t\t\t\t\t\t\t\t\t\t\t\t\t\t\t\t<div class=\"date-author\">22 ao\u00fbt 2022 par <a href=\"https:\/\/ibiworld.eu\/fr\/author\/ibi-world\/\" title=\"Articles par IBI World France\" rel=\"author\">IBI World France<\/a> <\/div>\n\t\t\t\t\t\t\t\t\t\t\t\t<div class=\"teaser-content\">\n\t\t\t\t\t\tCertains moments apparemment d\u00e9sagr\u00e9ables de l&rsquo;enfance, une fois adultes, peuvent \u00eatre revisit\u00e9s et retravaill\u00e9s &#8211; c&rsquo;est probablement ce qui est...\t\t\t\t\t\t<\/div>\n\t\t\t\t\t\t\t\t\t\t\t\t<div class=\"clear\"><\/div>\n\t\t\t\t\t<\/li>\n\t\t\t\t\t\t\t\t\t\t<li>\n\t\t\t\t\t\t<div class=\"small-custom-frame-wrapper alignleft\"><div class=\"custom-frame-inner-wrapper\"><div class=\"custom-frame-padding\"><a href=\"https:\/\/ibiworld.eu\/fr\/2022\/08\/12\/rim-banna-la-voix-du-coeur-blesse-de-la-palestine\/\" title=\"RIM BANNA, LA VOIX DU C\u0152UR BLESSE DE LA PALESTINE\"><img src=\"https:\/\/ibiworld.eu\/fr\/wp-content\/uploads\/2022\/08\/FRA024-01-60x60_c.jpg\" width=\"60\" height=\"60\" alt=\"RIM BANNA, LA VOIX DU C\u0152UR BLESSE DE LA PALESTINE\" \/><\/a><\/div><\/div><\/div>\t\t\t\t\t\t<a class=\"teaser-title\" title=\"RIM BANNA, LA VOIX DU C\u0152UR BLESSE DE LA PALESTINE\" href=\"https:\/\/ibiworld.eu\/fr\/2022\/08\/12\/rim-banna-la-voix-du-coeur-blesse-de-la-palestine\/\">RIM BANNA, LA VOIX DU C\u0152UR BLESSE DE LA PALESTINE<\/a>\n\t\t\t\t\t\t\t\t\t\t\t\t\t\t\t\t\t\t\t\t\t\t\t\t\t\t\t<div class=\"date-author\">12 ao\u00fbt 2022 par <a href=\"https:\/\/ibiworld.eu\/fr\/author\/ibi-world\/\" title=\"Articles par IBI World France\" rel=\"author\">IBI World France<\/a> <\/div>\n\t\t\t\t\t\t\t\t\t\t\t\t<div class=\"teaser-content\">\n\t\t\t\t\t\tJe suis un terroriste sans bombes et je n&rsquo;ai qu&rsquo;une seule arme, ma musique\u00a0\u00bb[1]. Elle est chant\u00e9e par Rim Banna,...\t\t\t\t\t\t<\/div>\n\t\t\t\t\t\t\t\t\t\t\t\t<div class=\"clear\"><\/div>\n\t\t\t\t\t<\/li>\n\t\t\t\t\t\t\t\t<\/ul>\n\t\t\t<\/div><!-- end widget_recent_posts -->\n\t\t\t<\/div>[\/vc_column][\/vc_row]\n","protected":false},"excerpt":{"rendered":"<p>[vc_row][vc_column width=\u00a0\u00bb2\/3&Prime;][vc_empty_space height=\u00a0\u00bb63px\u00a0\u00bb][vc_column_text] \u00c9DITORIAL: CES VOIX INEFFABLES, MERES DE NOUS TOUS Lorsque, le 5 f\u00e9vrier 1967, \u00e0 seulement 50 ans, Violeta Parra s&rsquo;est tu\u00e9e d&rsquo;un coup de fusil, la racine d&rsquo;un arbre est morte qui, heureusement, et malgr\u00e9 la m\u00e9chancet\u00e9 humaine, a continu\u00e9 \u00e0 fleurir et \u00e0<\/p>\n","protected":false},"author":1,"featured_media":0,"parent":0,"menu_order":0,"comment_status":"closed","ping_status":"closed","template":"page-FullWidth.php","meta":[],"_links":{"self":[{"href":"https:\/\/ibiworld.eu\/fr\/wp-json\/wp\/v2\/pages\/3148"}],"collection":[{"href":"https:\/\/ibiworld.eu\/fr\/wp-json\/wp\/v2\/pages"}],"about":[{"href":"https:\/\/ibiworld.eu\/fr\/wp-json\/wp\/v2\/types\/page"}],"author":[{"embeddable":true,"href":"https:\/\/ibiworld.eu\/fr\/wp-json\/wp\/v2\/users\/1"}],"replies":[{"embeddable":true,"href":"https:\/\/ibiworld.eu\/fr\/wp-json\/wp\/v2\/comments?post=3148"}],"version-history":[{"count":3,"href":"https:\/\/ibiworld.eu\/fr\/wp-json\/wp\/v2\/pages\/3148\/revisions"}],"predecessor-version":[{"id":3235,"href":"https:\/\/ibiworld.eu\/fr\/wp-json\/wp\/v2\/pages\/3148\/revisions\/3235"}],"wp:attachment":[{"href":"https:\/\/ibiworld.eu\/fr\/wp-json\/wp\/v2\/media?parent=3148"}],"curies":[{"name":"wp","href":"https:\/\/api.w.org\/{rel}","templated":true}]}}