{"id":2608,"date":"2022-05-29T23:55:57","date_gmt":"2022-05-29T21:55:57","guid":{"rendered":"https:\/\/ibiworld.eu\/fr\/?page_id=2608"},"modified":"2022-05-29T23:57:41","modified_gmt":"2022-05-29T21:57:41","slug":"rio-congo","status":"publish","type":"page","link":"https:\/\/ibiworld.eu\/fr\/rio-congo\/","title":{"rendered":"RIO CONGO"},"content":{"rendered":"[vc_row][vc_column width=\u00a0\u00bb2\/3&Prime;][vc_empty_space height=\u00a0\u00bb63px\u00a0\u00bb][vc_column_text]\n<h3><span class=\"VIiyi\" lang=\"fr\"><span class=\"JLqJ4b ChMk0b\" data-language-for-alternatives=\"fr\" data-language-to-translate-into=\"it\" data-phrase-index=\"0\"><img loading=\"lazy\" class=\"aligncenter size-full wp-image-2609\" src=\"https:\/\/ibiworld.eu\/fr\/wp-content\/uploads\/2022\/05\/Rio-Congo.jpg\" alt=\"\" width=\"1300\" height=\"737\" srcset=\"https:\/\/ibiworld.eu\/fr\/wp-content\/uploads\/2022\/05\/Rio-Congo.jpg 1300w, https:\/\/ibiworld.eu\/fr\/wp-content\/uploads\/2022\/05\/Rio-Congo-300x170.jpg 300w, https:\/\/ibiworld.eu\/fr\/wp-content\/uploads\/2022\/05\/Rio-Congo-1024x581.jpg 1024w, https:\/\/ibiworld.eu\/fr\/wp-content\/uploads\/2022\/05\/Rio-Congo-768x435.jpg 768w, https:\/\/ibiworld.eu\/fr\/wp-content\/uploads\/2022\/05\/Rio-Congo-600x340.jpg 600w\" sizes=\"(max-width: 1300px) 100vw, 1300px\" \/><\/span><\/span><\/h3>\n<h3><span class=\"VIiyi\" lang=\"fr\"><span class=\"JLqJ4b ChMk0b\" data-language-for-alternatives=\"fr\" data-language-to-translate-into=\"it\" data-phrase-index=\"0\">\u00c9DITORIAL<\/span><\/span>: <strong>L&rsquo;HISTOIRE COULE DANS LES EAUX DU FLEUVE CONGO<\/strong><\/h3>\n<p><strong>\u00a0<\/strong><\/p>\n<p>Le 24 octobre 1996, l&rsquo;arm\u00e9e rwandaise traverse le lac Kivu et entre en territoire za\u00efrois. L&rsquo;objectif est d&rsquo;an\u00e9antir les arm\u00e9es rebelles qui, depuis des ann\u00e9es, traversent le lac pour terroriser Kigali. Le gouvernement central, \u00e0 Kinshasa, est incapable de r\u00e9agir : le f\u00e9roce dictateur Mobutu Sese Seko est malade, ses ministres et lieutenants sont corrompus et incomp\u00e9tents. Dans les jours qui suivent, les arm\u00e9es de l&rsquo;Ouganda, du Burundi, de l&rsquo;Angola et de l&rsquo;\u00c9rythr\u00e9e passent \u00e9galement \u00e0 l&rsquo;offensive. En mai 1997, l&rsquo;arm\u00e9e angolaise entre dans Kinshasa, Mobutu s&rsquo;enfuit, le Za\u00efre cesse d&rsquo;exister, remplac\u00e9 par un \u00c9tat tr\u00e8s fragile appel\u00e9 R\u00e9publique d\u00e9mocratique du Congo, dirig\u00e9 par l&rsquo;un des hommes de confiance de Mobutu, Laurent D\u00e9sir\u00e9 Kabila.<\/p>\n<p>Cette situation pr\u00e9caire ne dure qu&rsquo;un an et demi, apr\u00e8s quoi Kabila d\u00e9cide de tenter la lib\u00e9ration du pays, et attaque les milices rebelles dispers\u00e9es dans l&rsquo;est du pays. Cette fois, l&rsquo;Angola est de son c\u00f4t\u00e9, car son p\u00e8re \u00e0 Luanda, Jos\u00e9 Eduardo Dos Santos, craint l&rsquo;invasion de l&rsquo;enclave de Cabinda, \u00e0 l&#8217;embouchure du Rio Congo &#8211; la zone la plus riche en ressources min\u00e9rales de l&rsquo;Angola. La deuxi\u00e8me guerre du Congo a fait 5,4 millions de morts, victimes des combats, de la famine et des maladies. Apr\u00e8s la fin de la Seconde Guerre mondiale, c&rsquo;est le plus grand massacre connu par l&rsquo;humanit\u00e9.<\/p>\n<p>Le nouveau Congo est l&rsquo;un des pays les plus grands et les plus riches du monde en termes de ressources environnementales et min\u00e9rales. Les m\u00eames vautours qui, pendant des ann\u00e9es, ont pill\u00e9 l&rsquo;Angola voisin (France, \u00c9tats-Unis, Isra\u00ebl) se jettent sur les grandes opportunit\u00e9s offertes par une zone g\u00e9ographique deux fois plus grande que l&rsquo;Union europ\u00e9enne. Les pots-de-vin vers\u00e9s au clan Kabila et la protection des dizaines de groupes militaires rebelles qui contr\u00f4lent de petites r\u00e9gions riches et vivent de chantage, de piraterie et de contrebande suffisent.<\/p>\n<style type=\"text\/css\" id=\"umsMapStyles_13_1104\">\r\n\t#ultimate_maps_13_1104 {\r\n        width: 100%;\r\n        height: 500px;\r\n\t        border: 0px solid ;\r\n        margin: 0px;\r\n    }\r\n\t#mapsControlsNum_13_1104 {\r\n\t\twidth:100%\t}\r\n\t.umsMapDetailsContainer#umsMapDetailsContainer_13_1104 {\r\n\t\theight:500px;\r\n\t}\r\n\t.ums_MapPreview#ultimate_maps_13_1104 {\r\n\t\t\/*position:absolute;*\/\r\n\t\twidth:100%;\r\n\t}\r\n\t#mapConElem_13_1104{\r\n\t\twidth:100%\t}\r\n\t<\/style>\r\n<div class=\"ums_map_opts\" id=\"mapConElem_13_1104\" data-id=\"13\" data-view-id=\"13_1104\" > <div class=\"umsMapDetailsContainer\" id=\"umsMapDetailsContainer_13_1104\"> <i class=\"umsKMLLayersPreloader fa fa-spinner fa-spin\" aria-hidden=\"true\" style=\"display: none;\"><\/i> <div class=\"ums_MapPreview \" id=\"ultimate_maps_13_1104\"><\/div> <\/div> <div class=\"umsMapMarkerFilters\" id=\"umsMapMarkerFilters_13_1104\"> <\/div> <div class=\"umsMapProControlsCon\" id=\"umsMapProControlsCon_13_1104\"> <\/div> <div class=\"umsMapProDirectionsCon\" id=\"umsMapProDirectionsCon_13_1104\" > <\/div> <div class=\"umsMapProKmlFilterCon\" id=\"umsMapProKmlFilterCon_13_1104\" > <\/div> <div class=\"umsSocialSharingShell umsSocialSharingShell_13_1104\"> <\/div> <div style=\"clear: both;\"><\/div> <\/div> \n<p>\u00c0 la fin des deux guerres, et apr\u00e8s l&rsquo;assassinat de Kabila &#8211; auquel a succ\u00e9d\u00e9 son fils Joseph &#8211; l&rsquo;intervention de la communaut\u00e9 internationale et la d\u00e9fense acharn\u00e9e des int\u00e9r\u00eats industriels d&rsquo;un nombre croissant de multinationales, la R\u00e9publique d\u00e9mocratique du Congo a retrouv\u00e9 un \u00e9quilibre fragile, fond\u00e9 sur la non-bellig\u00e9rance entre l&rsquo;\u00c9tat et les groupes rebelles, entre l&rsquo;\u00c9tat et le crime organis\u00e9, entre l&rsquo;\u00c9tat et les entreprises \u00e9trang\u00e8res. Au cours des 18 ann\u00e9es de cet \u00e9tat de transition, le monde entier a les yeux tourn\u00e9s vers le fleuve Congo &#8211; l&rsquo;un des fleuves les plus profonds de la plan\u00e8te, pr\u00e8s de 5000 km d&rsquo;eau essentiellement navigable, le deuxi\u00e8me fleuve africain apr\u00e8s le Nil. La Chine construit un r\u00e9seau de routes et de villes qui reliera le port de Matadi (non loin de Kinshasa) aux ports \u00e9loign\u00e9s d&rsquo;\u00c9gypte et d&rsquo;\u00c9rythr\u00e9e. La France s&rsquo;efforce de transformer ce petit port fluvial en une plate-forme logistique internationale.<\/p>\n<p>Aujourd&rsquo;hui, cet \u00e9quilibre n&rsquo;est plus suffisant. La R\u00e9publique d\u00e9mocratique du Congo et ses pays voisins (notamment le Rwanda et l&rsquo;Angola) sont devenus la zone de croissance la plus prometteuse de la plan\u00e8te. Le r\u00e8gne du clan Kabila est termin\u00e9, et l&rsquo;on s&rsquo;efforce maintenant d&rsquo;\u00e9radiquer d\u00e9finitivement les rebelles, le crime organis\u00e9 et de r\u00e9tablir la sant\u00e9, l&rsquo;\u00e9ducation et la dignit\u00e9 de la population. Bien s\u00fbr, tout cela se passe avec les hauts et les bas qui font partie de la tradition du continent africain, depuis des si\u00e8cles otage du colonialisme et de dirigeants politiques serviles et corrompus. Il s&rsquo;agit d&rsquo;un moment historique crucial, notamment parce que le nouveau gouvernement de Kinshasa, \u00e9tonnamment, semble avoir pris conscience et, pour la premi\u00e8re fois, au lieu de mener des guerres inutiles, tente de convaincre les \u00c9tats voisins de mener la guerre la plus importante : celle qui consiste \u00e0 d\u00e9fendre l&rsquo;\u00e9cosyst\u00e8me et \u00e0 reprendre possession de leurs richesses naturelles, pour les mettre \u00e0 la disposition des Africains. Une \u00e9volution que nous ne pouvons que suivre avec attention et enthousiasme.[\/vc_column_text][\/vc_column][vc_column width=\u00a0\u00bb1\/3&Prime;][vc_column_text]<form  class=\"is-search-form is-form-style is-form-style-3 is-form-id-367 \" action=\"https:\/\/ibiworld.eu\/fr\/\" method=\"get\" role=\"search\" ><label for=\"is-search-input-367\"><span class=\"is-screen-reader-text\">Search for:<\/span><input  type=\"search\" id=\"is-search-input-367\" name=\"s\" value=\"\" class=\"is-search-input\" placeholder=\"CHERCHE ICI... \" autocomplete=off \/><\/label><button type=\"submit\" class=\"is-search-submit\"><span class=\"is-screen-reader-text\">Search Button<\/span><span class=\"is-search-icon\"><svg focusable=\"false\" aria-label=\"Search\" xmlns=\"http:\/\/www.w3.org\/2000\/svg\" viewBox=\"0 0 24 24\" width=\"24px\"><path d=\"M15.5 14h-.79l-.28-.27C15.41 12.59 16 11.11 16 9.5 16 5.91 13.09 3 9.5 3S3 5.91 3 9.5 5.91 16 9.5 16c1.61 0 3.09-.59 4.23-1.57l.27.28v.79l5 4.99L20.49 19l-4.99-5zm-6 0C7.01 14 5 11.99 5 9.5S7.01 5 9.5 5 14 7.01 14 9.5 11.99 14 9.5 14z\"><\/path><\/svg><\/span><\/button><input type=\"hidden\" name=\"id\" value=\"367\" \/><\/form>[\/vc_column_text][vc_wp_categories title=\u00a0\u00bbARCHIVER\u00a0\u00bb options=\u00a0\u00bbdropdown,count,hierarchical\u00a0\u00bb][vc_column_text]\n<h2>ARTICLES<\/h2>\n[\/vc_column_text]<div class=\"widget widget_latest_posts\">\t\t\t<div class=\"latest_posts\">\n\t\t\t<ul class=\"small-thumb\">\n\t\t\t\t\t\t\t\t\t<li>\n\t\t\t\t\t\t<div class=\"small-custom-frame-wrapper alignleft\"><div class=\"custom-frame-inner-wrapper\"><div class=\"custom-frame-padding\"><a href=\"https:\/\/ibiworld.eu\/fr\/2023\/03\/06\/les-ombres-russes-sur-le-scandale-afriland\/\" title=\"LES OMBRES RUSSES SUR LE SCANDALE AFRILAND\"><img src=\"https:\/\/ibiworld.eu\/fr\/wp-content\/uploads\/2023\/03\/FRA012-01-60x60_c.jpg\" width=\"60\" height=\"60\" alt=\"LES OMBRES RUSSES SUR LE SCANDALE AFRILAND\" \/><\/a><\/div><\/div><\/div>\t\t\t\t\t\t<a class=\"teaser-title\" title=\"LES OMBRES RUSSES SUR LE SCANDALE AFRILAND\" href=\"https:\/\/ibiworld.eu\/fr\/2023\/03\/06\/les-ombres-russes-sur-le-scandale-afriland\/\">LES OMBRES RUSSES SUR LE SCANDALE AFRILAND<\/a>\n\t\t\t\t\t\t\t\t\t\t\t\t\t\t\t\t\t\t\t\t\t\t\t\t\t\t\t<div class=\"date-author\">6 mars 2023 par <a href=\"https:\/\/ibiworld.eu\/fr\/author\/ibi-world\/\" title=\"Articles par IBI World France\" rel=\"author\">IBI World France<\/a> <\/div>\n\t\t\t\t\t\t\t\t\t\t\t\t<div class=\"teaser-content\">\n\t\t\t\t\t\tL&rsquo;invasion de l&rsquo;Ukraine est un mouvement strat\u00e9gique global du gouvernement russe, soigneusement pr\u00e9par\u00e9, depuis des ann\u00e9es, et raisonn\u00e9 dans les...\t\t\t\t\t\t<\/div>\n\t\t\t\t\t\t\t\t\t\t\t\t<div class=\"clear\"><\/div>\n\t\t\t\t\t<\/li>\n\t\t\t\t\t\t\t\t\t\t<li>\n\t\t\t\t\t\t<div class=\"small-custom-frame-wrapper alignleft\"><div class=\"custom-frame-inner-wrapper\"><div class=\"custom-frame-padding\"><a href=\"https:\/\/ibiworld.eu\/fr\/2023\/02\/03\/rwanda-congo-et-ouganda-la-frontiere-maudite\/\" title=\"RWANDA, CONGO ET OUGANDA: LA FRONTIERE MAUDITE\"><img src=\"https:\/\/ibiworld.eu\/fr\/wp-content\/uploads\/2023\/02\/FRA028-01-60x60_c.jpg\" width=\"60\" height=\"60\" alt=\"RWANDA, CONGO ET OUGANDA: LA FRONTIERE MAUDITE\" \/><\/a><\/div><\/div><\/div>\t\t\t\t\t\t<a class=\"teaser-title\" title=\"RWANDA, CONGO ET OUGANDA: LA FRONTIERE MAUDITE\" href=\"https:\/\/ibiworld.eu\/fr\/2023\/02\/03\/rwanda-congo-et-ouganda-la-frontiere-maudite\/\">RWANDA, CONGO ET OUGANDA: LA FRONTIERE MAUDITE<\/a>\n\t\t\t\t\t\t\t\t\t\t\t\t\t\t\t\t\t\t\t\t\t\t\t\t\t\t\t<div class=\"date-author\">3 f\u00e9vrier 2023 par <a href=\"https:\/\/ibiworld.eu\/fr\/author\/ibi-world\/\" title=\"Articles par IBI World France\" rel=\"author\">IBI World France<\/a> <\/div>\n\t\t\t\t\t\t\t\t\t\t\t\t<div class=\"teaser-content\">\n\t\t\t\t\t\tAlors que les yeux du monde sont tourn\u00e9s vers la fronti\u00e8re russo-ukrainienne et celle entre la Chine et Ta\u00efwan, des...\t\t\t\t\t\t<\/div>\n\t\t\t\t\t\t\t\t\t\t\t\t<div class=\"clear\"><\/div>\n\t\t\t\t\t<\/li>\n\t\t\t\t\t\t\t\t\t\t<li>\n\t\t\t\t\t\t<div class=\"small-custom-frame-wrapper alignleft\"><div class=\"custom-frame-inner-wrapper\"><div class=\"custom-frame-padding\"><a href=\"https:\/\/ibiworld.eu\/fr\/2023\/01\/03\/cabinda-une-guerre-qui-pue-le-petrole\/\" title=\"CABINDA, UNE GUERRE QUI PUE LE PETROLE\"><img src=\"https:\/\/ibiworld.eu\/fr\/wp-content\/uploads\/2023\/01\/ESP015-01-60x60_c.jpg\" width=\"60\" height=\"60\" alt=\"CABINDA, UNE GUERRE QUI PUE LE PETROLE\" \/><\/a><\/div><\/div><\/div>\t\t\t\t\t\t<a class=\"teaser-title\" title=\"CABINDA, UNE GUERRE QUI PUE LE PETROLE\" href=\"https:\/\/ibiworld.eu\/fr\/2023\/01\/03\/cabinda-une-guerre-qui-pue-le-petrole\/\">CABINDA, UNE GUERRE QUI PUE LE PETROLE<\/a>\n\t\t\t\t\t\t\t\t\t\t\t\t\t\t\t\t\t\t\t\t\t\t\t\t\t\t\t<div class=\"date-author\">3 janvier 2023 par <a href=\"https:\/\/ibiworld.eu\/fr\/author\/ibi-world-espagne\/\" title=\"Articles par IBI World Espagne\" rel=\"author\">IBI World Espagne<\/a> <\/div>\n\t\t\t\t\t\t\t\t\t\t\t\t<div class=\"teaser-content\">\n\t\t\t\t\t\tDans le monde, certains conflits sont \u00e9clips\u00e9s par de trop nombreux int\u00e9r\u00eats particuliers. Des conflits qui bouleversent la vie de...\t\t\t\t\t\t<\/div>\n\t\t\t\t\t\t\t\t\t\t\t\t<div class=\"clear\"><\/div>\n\t\t\t\t\t<\/li>\n\t\t\t\t\t\t\t\t\t\t<li>\n\t\t\t\t\t\t<div class=\"small-custom-frame-wrapper alignleft\"><div class=\"custom-frame-inner-wrapper\"><div class=\"custom-frame-padding\"><a href=\"https:\/\/ibiworld.eu\/fr\/2022\/10\/29\/angola-congo-chine-et-les-villes-fantomes\/\" title=\"ANGOLA, CONGO, CHINE ET LES VILLES FANTOMES\"><img src=\"https:\/\/ibiworld.eu\/fr\/wp-content\/uploads\/2022\/10\/JPN016-01-60x60_c.jpg\" width=\"60\" height=\"60\" alt=\"ANGOLA, CONGO, CHINE ET LES VILLES FANTOMES\" \/><\/a><\/div><\/div><\/div>\t\t\t\t\t\t<a class=\"teaser-title\" title=\"ANGOLA, CONGO, CHINE ET LES VILLES FANTOMES\" href=\"https:\/\/ibiworld.eu\/fr\/2022\/10\/29\/angola-congo-chine-et-les-villes-fantomes\/\">ANGOLA, CONGO, CHINE ET LES VILLES FANTOMES<\/a>\n\t\t\t\t\t\t\t\t\t\t\t\t\t\t\t\t\t\t\t\t\t\t\t\t\t\t\t<div class=\"date-author\">29 octobre 2022 par <a href=\"https:\/\/ibiworld.eu\/fr\/author\/ibi-world-japon\/\" title=\"Articles par IBI World Japon\" rel=\"author\">IBI World Japon<\/a> <\/div>\n\t\t\t\t\t\t\t\t\t\t\t\t<div class=\"teaser-content\">\n\t\t\t\t\t\tLa n\u00e9cessit\u00e9 d&rsquo;am\u00e9liorer les r\u00e9seaux logistiques de la plan\u00e8te ne cesse de cro\u00eetre, notamment en raison de l&rsquo;incertitude croissante concernant...\t\t\t\t\t\t<\/div>\n\t\t\t\t\t\t\t\t\t\t\t\t<div class=\"clear\"><\/div>\n\t\t\t\t\t<\/li>\n\t\t\t\t\t\t\t\t\t\t<li>\n\t\t\t\t\t\t<div class=\"small-custom-frame-wrapper alignleft\"><div class=\"custom-frame-inner-wrapper\"><div class=\"custom-frame-padding\"><a href=\"https:\/\/ibiworld.eu\/fr\/2022\/06\/15\/lenfer-regne-au-paradis-de-louganda\/\" title=\"L&rsquo;ENFER REGNE AU PARADIS DE L&rsquo;OUGANDA\"><img src=\"https:\/\/ibiworld.eu\/fr\/wp-content\/uploads\/2022\/06\/UK022-01-60x60_c.jpg\" width=\"60\" height=\"60\" alt=\"L&#039;ENFER REGNE AU PARADIS DE L&#039;OUGANDA\" \/><\/a><\/div><\/div><\/div>\t\t\t\t\t\t<a class=\"teaser-title\" title=\"L&rsquo;ENFER REGNE AU PARADIS DE L&rsquo;OUGANDA\" href=\"https:\/\/ibiworld.eu\/fr\/2022\/06\/15\/lenfer-regne-au-paradis-de-louganda\/\">L&rsquo;ENFER REGNE AU PARADIS DE L&rsquo;OUGANDA<\/a>\n\t\t\t\t\t\t\t\t\t\t\t\t\t\t\t\t\t\t\t\t\t\t\t\t\t\t\t<div class=\"date-author\">15 juin 2022 par <a href=\"https:\/\/ibiworld.eu\/fr\/author\/ibi-world-royaume-uni\/\" title=\"Articles par IBI World Royaume-Uni\" rel=\"author\">IBI World Royaume-Uni<\/a> <\/div>\n\t\t\t\t\t\t\t\t\t\t\t\t<div class=\"teaser-content\">\n\t\t\t\t\t\tChaque jour, en Ouganda, des dizaines de personnes disparaissent, tu\u00e9es dans la rue ou arr\u00eat\u00e9es sans inculpation, et d&rsquo;autres restent...\t\t\t\t\t\t<\/div>\n\t\t\t\t\t\t\t\t\t\t\t\t<div class=\"clear\"><\/div>\n\t\t\t\t\t<\/li>\n\t\t\t\t\t\t\t\t\t\t<li>\n\t\t\t\t\t\t<div class=\"small-custom-frame-wrapper alignleft\"><div class=\"custom-frame-inner-wrapper\"><div class=\"custom-frame-padding\"><a href=\"https:\/\/ibiworld.eu\/fr\/2022\/05\/31\/lavenir-de-lafrique-depend-du-congo\/\" title=\"L&rsquo;AVENIR DE L&rsquo;AFRIQUE DEPEND DU CONGO\"><img src=\"https:\/\/ibiworld.eu\/fr\/wp-content\/uploads\/2022\/05\/FRA019-01-60x60_c.jpg\" width=\"60\" height=\"60\" alt=\"L&#039;AVENIR DE L&#039;AFRIQUE DEPEND DU CONGO\" \/><\/a><\/div><\/div><\/div>\t\t\t\t\t\t<a class=\"teaser-title\" title=\"L&rsquo;AVENIR DE L&rsquo;AFRIQUE DEPEND DU CONGO\" href=\"https:\/\/ibiworld.eu\/fr\/2022\/05\/31\/lavenir-de-lafrique-depend-du-congo\/\">L&rsquo;AVENIR DE L&rsquo;AFRIQUE DEPEND DU CONGO<\/a>\n\t\t\t\t\t\t\t\t\t\t\t\t\t\t\t\t\t\t\t\t\t\t\t\t\t\t\t<div class=\"date-author\">31 mai 2022 par <a href=\"https:\/\/ibiworld.eu\/fr\/author\/ibi-world\/\" title=\"Articles par IBI World France\" rel=\"author\">IBI World France<\/a> <\/div>\n\t\t\t\t\t\t\t\t\t\t\t\t<div class=\"teaser-content\">\n\t\t\t\t\t\tL&rsquo;Afrique se d\u00e9veloppe. Malgr\u00e9 de terribles guerres, la famine, la mis\u00e8re, la corruption et les dictatures, de nouvelles g\u00e9n\u00e9rations d&rsquo;hommes...\t\t\t\t\t\t<\/div>\n\t\t\t\t\t\t\t\t\t\t\t\t<div class=\"clear\"><\/div>\n\t\t\t\t\t<\/li>\n\t\t\t\t\t\t\t\t\t\t<li>\n\t\t\t\t\t\t<div class=\"small-custom-frame-wrapper alignleft\"><div class=\"custom-frame-inner-wrapper\"><div class=\"custom-frame-padding\"><a href=\"https:\/\/ibiworld.eu\/fr\/2021\/06\/13\/eric-monga-mumba-et-le-katanga-le-vrai-visage-du-pouvoir\/\" title=\"ERIC MONGA MUMBA ET LE KATANGA : LE VRAI VISAGE DU POUVOIR\"><img src=\"https:\/\/ibiworld.eu\/fr\/wp-content\/uploads\/2021\/06\/FRA005-01-60x60_c.jpg\" width=\"60\" height=\"60\" alt=\"ERIC MONGA MUMBA ET LE KATANGA : LE VRAI VISAGE DU POUVOIR\" \/><\/a><\/div><\/div><\/div>\t\t\t\t\t\t<a class=\"teaser-title\" title=\"ERIC MONGA MUMBA ET LE KATANGA : LE VRAI VISAGE DU POUVOIR\" href=\"https:\/\/ibiworld.eu\/fr\/2021\/06\/13\/eric-monga-mumba-et-le-katanga-le-vrai-visage-du-pouvoir\/\">ERIC MONGA MUMBA ET LE KATANGA : LE VRAI VISAGE DU POUVOIR<\/a>\n\t\t\t\t\t\t\t\t\t\t\t\t\t\t\t\t\t\t\t\t\t\t\t\t\t\t\t<div class=\"date-author\">13 juin 2021 par <a href=\"https:\/\/ibiworld.eu\/fr\/author\/ibi-world\/\" title=\"Articles par IBI World France\" rel=\"author\">IBI World France<\/a> <\/div>\n\t\t\t\t\t\t\t\t\t\t\t\t<div class=\"teaser-content\">\n\t\t\t\t\t\tLe dernier demi-si\u00e8cle de l&rsquo;histoire de la R\u00e9publique D\u00e9mocratique du Congo (ex-Za\u00efre) d\u00e9borde de sang. Le sang, qui a \u00e9t\u00e9...\t\t\t\t\t\t<\/div>\n\t\t\t\t\t\t\t\t\t\t\t\t<div class=\"clear\"><\/div>\n\t\t\t\t\t<\/li>\n\t\t\t\t\t\t\t\t\t\t<li>\n\t\t\t\t\t\t<div class=\"small-custom-frame-wrapper alignleft\"><div class=\"custom-frame-inner-wrapper\"><div class=\"custom-frame-padding\"><a href=\"https:\/\/ibiworld.eu\/fr\/2021\/03\/12\/mercenaires-et-emirats-le-peril-mondial-de-lindustrie-privee-de-la-mort\/\" title=\"MERCENAIRES ET EMIRATS : LE PERIL MONDIAL DE L&rsquo;INDUSTRIE PRIVEE DE LA MORT\"><img src=\"https:\/\/ibiworld.eu\/fr\/wp-content\/uploads\/2021\/03\/UK008-01-60x60_c.jpg\" width=\"60\" height=\"60\" alt=\"MERCENAIRES ET EMIRATS : LE PERIL MONDIAL DE L&#039;INDUSTRIE PRIVEE DE LA MORT\" \/><\/a><\/div><\/div><\/div>\t\t\t\t\t\t<a class=\"teaser-title\" title=\"MERCENAIRES ET EMIRATS : LE PERIL MONDIAL DE L&rsquo;INDUSTRIE PRIVEE DE LA MORT\" href=\"https:\/\/ibiworld.eu\/fr\/2021\/03\/12\/mercenaires-et-emirats-le-peril-mondial-de-lindustrie-privee-de-la-mort\/\">MERCENAIRES ET EMIRATS : LE PERIL MONDIAL DE L&rsquo;INDUSTRIE PRIVEE DE LA MORT<\/a>\n\t\t\t\t\t\t\t\t\t\t\t\t\t\t\t\t\t\t\t\t\t\t\t\t\t\t\t<div class=\"date-author\">12 mars 2021 par <a href=\"https:\/\/ibiworld.eu\/fr\/author\/ibi-world-royaume-uni\/\" title=\"Articles par IBI World Royaume-Uni\" rel=\"author\">IBI World Royaume-Uni<\/a> <\/div>\n\t\t\t\t\t\t\t\t\t\t\t\t<div class=\"teaser-content\">\n\t\t\t\t\t\tIl y en a plus de deux millions. La plus grande arm\u00e9e que le monde ait jamais vue. Ils ne...\t\t\t\t\t\t<\/div>\n\t\t\t\t\t\t\t\t\t\t\t\t<div class=\"clear\"><\/div>\n\t\t\t\t\t<\/li>\n\t\t\t\t\t\t\t\t\t\t<li>\n\t\t\t\t\t\t<div class=\"small-custom-frame-wrapper alignleft\"><div class=\"custom-frame-inner-wrapper\"><div class=\"custom-frame-padding\"><a href=\"https:\/\/ibiworld.eu\/fr\/2021\/01\/23\/60-ans-de-dictature-et-200-ans-de-guerres-desclavage-et-de-contrebande-bienvenue-au-congo\/\" title=\"60 ANS DE DICTATURE ET 200 ANS DE GUERRES, D&rsquo;ESCLAVAGE ET DE CONTREBANDE : BIENVENUE AU CONGO\"><img src=\"https:\/\/ibiworld.eu\/fr\/wp-content\/uploads\/2021\/01\/UK007-01-60x60_c.jpg\" width=\"60\" height=\"60\" alt=\"60 ANS DE DICTATURE ET 200 ANS DE GUERRES, D&#039;ESCLAVAGE ET DE CONTREBANDE : BIENVENUE AU CONGO\" \/><\/a><\/div><\/div><\/div>\t\t\t\t\t\t<a class=\"teaser-title\" title=\"60 ANS DE DICTATURE ET 200 ANS DE GUERRES, D&rsquo;ESCLAVAGE ET DE CONTREBANDE : BIENVENUE AU CONGO\" href=\"https:\/\/ibiworld.eu\/fr\/2021\/01\/23\/60-ans-de-dictature-et-200-ans-de-guerres-desclavage-et-de-contrebande-bienvenue-au-congo\/\">60 ANS DE DICTATURE ET 200 ANS DE GUERRES, D&rsquo;ESCLAVAGE ET DE CONTREBANDE : BIENVENUE AU CONGO<\/a>\n\t\t\t\t\t\t\t\t\t\t\t\t\t\t\t\t\t\t\t\t\t\t\t\t\t\t\t<div class=\"date-author\">23 janvier 2021 par <a href=\"https:\/\/ibiworld.eu\/fr\/author\/ibi-world-royaume-uni\/\" title=\"Articles par IBI World Royaume-Uni\" rel=\"author\">IBI World Royaume-Uni<\/a> <\/div>\n\t\t\t\t\t\t\t\t\t\t\t\t<div class=\"teaser-content\">\n\t\t\t\t\t\tLa vie dans le pays le plus riche du monde n&rsquo;est pas une b\u00e9n\u00e9diction, c&rsquo;est l&rsquo;enfer. Depuis plus de deux...\t\t\t\t\t\t<\/div>\n\t\t\t\t\t\t\t\t\t\t\t\t<div class=\"clear\"><\/div>\n\t\t\t\t\t<\/li>\n\t\t\t\t\t\t\t\t<\/ul>\n\t\t\t<\/div><!-- end widget_recent_posts -->\n\t\t\t<\/div>[\/vc_column][\/vc_row]\n","protected":false},"excerpt":{"rendered":"<p>[vc_row][vc_column width=\u00a0\u00bb2\/3&Prime;][vc_empty_space height=\u00a0\u00bb63px\u00a0\u00bb][vc_column_text] \u00c9DITORIAL: L&rsquo;HISTOIRE COULE DANS LES EAUX DU FLEUVE CONGO \u00a0 Le 24 octobre 1996, l&rsquo;arm\u00e9e rwandaise traverse le lac Kivu et entre en territoire za\u00efrois. L&rsquo;objectif est d&rsquo;an\u00e9antir les arm\u00e9es rebelles qui, depuis des ann\u00e9es, traversent le lac pour terroriser Kigali. Le gouvernement central,<\/p>\n","protected":false},"author":1,"featured_media":0,"parent":0,"menu_order":0,"comment_status":"closed","ping_status":"closed","template":"page-FullWidth.php","meta":[],"_links":{"self":[{"href":"https:\/\/ibiworld.eu\/fr\/wp-json\/wp\/v2\/pages\/2608"}],"collection":[{"href":"https:\/\/ibiworld.eu\/fr\/wp-json\/wp\/v2\/pages"}],"about":[{"href":"https:\/\/ibiworld.eu\/fr\/wp-json\/wp\/v2\/types\/page"}],"author":[{"embeddable":true,"href":"https:\/\/ibiworld.eu\/fr\/wp-json\/wp\/v2\/users\/1"}],"replies":[{"embeddable":true,"href":"https:\/\/ibiworld.eu\/fr\/wp-json\/wp\/v2\/comments?post=2608"}],"version-history":[{"count":3,"href":"https:\/\/ibiworld.eu\/fr\/wp-json\/wp\/v2\/pages\/2608\/revisions"}],"predecessor-version":[{"id":2612,"href":"https:\/\/ibiworld.eu\/fr\/wp-json\/wp\/v2\/pages\/2608\/revisions\/2612"}],"wp:attachment":[{"href":"https:\/\/ibiworld.eu\/fr\/wp-json\/wp\/v2\/media?parent=2608"}],"curies":[{"name":"wp","href":"https:\/\/api.w.org\/{rel}","templated":true}]}}