{"id":2307,"date":"2022-03-27T15:41:59","date_gmt":"2022-03-27T13:41:59","guid":{"rendered":"https:\/\/ibiworld.eu\/fr\/?page_id=2307"},"modified":"2022-05-06T23:24:22","modified_gmt":"2022-05-06T21:24:22","slug":"arreter-la-torture","status":"publish","type":"page","link":"https:\/\/ibiworld.eu\/fr\/arreter-la-torture\/","title":{"rendered":"ARR\u00caTER LA TORTURE"},"content":{"rendered":"[vc_row][vc_column width=\u00a0\u00bb2\/3&Prime;][vc_empty_space height=\u00a0\u00bb63px\u00a0\u00bb][vc_column_text]<strong><img loading=\"lazy\" class=\"aligncenter size-full wp-image-2308\" src=\"https:\/\/ibiworld.eu\/fr\/wp-content\/uploads\/2022\/03\/EDIT012-01.jpg\" alt=\"\" width=\"1900\" height=\"1029\" srcset=\"https:\/\/ibiworld.eu\/fr\/wp-content\/uploads\/2022\/03\/EDIT012-01.jpg 1900w, https:\/\/ibiworld.eu\/fr\/wp-content\/uploads\/2022\/03\/EDIT012-01-300x162.jpg 300w, https:\/\/ibiworld.eu\/fr\/wp-content\/uploads\/2022\/03\/EDIT012-01-1024x555.jpg 1024w, https:\/\/ibiworld.eu\/fr\/wp-content\/uploads\/2022\/03\/EDIT012-01-768x416.jpg 768w, https:\/\/ibiworld.eu\/fr\/wp-content\/uploads\/2022\/03\/EDIT012-01-1536x832.jpg 1536w, https:\/\/ibiworld.eu\/fr\/wp-content\/uploads\/2022\/03\/EDIT012-01-600x325.jpg 600w\" sizes=\"(max-width: 1900px) 100vw, 1900px\" \/><\/strong><\/p>\n<p>&nbsp;<\/p>\n<h3>\u00c9DITORIAL: <strong>NE PLUS TRAITER AVEC LES DICTATEURS<\/strong><\/h3>\n<p>La guerre en Ukraine a d\u00e9montr\u00e9 une autre v\u00e9rit\u00e9 tragique. Lorsqu&rsquo;on n\u00e9gocie avec des dictateurs, en essayant de trouver des compromis mutuellement b\u00e9n\u00e9fiques, on commet des erreurs qui ont des effets tragiques. La premi\u00e8re : un dictateur n&rsquo;a aucun scrupule \u00e0 torturer et massacrer son propre peuple &#8211; donc (comme Poutine, Hitler, Staline et bien d&rsquo;autres l&rsquo;ont montr\u00e9) il n&rsquo;a aucun scrupule \u00e0 massacrer et torturer le reste de l&rsquo;humanit\u00e9. La seconde : puisque le seul objectif d&rsquo;un r\u00e9gime est l&rsquo;auto-pr\u00e9servation contre la volont\u00e9 de tous, la torture et le meurtre sont la m\u00e9thode principale et la plus efficace, mais les mensonges de propagande (ce que nous appelons aujourd&rsquo;hui les \u00ab\u00a0fake news\u00a0\u00bb), ainsi que l&rsquo;endoctrinement religieux (comme en Turquie et dans de nombreux pays musulmans), deviennent un probl\u00e8me encore plus insidieux &#8211; car ils instillent le doute m\u00eame chez de nombreux citoyens de nations d\u00e9mocratiques.<\/p>\n<p>Le troisi\u00e8me : En Italie, un proverbe dit que \u00ab\u00a0celui qui accompagne les boiteux apprend \u00e0 boiter\u00a0\u00bb. Force est donc de constater que, au cours des 50 derni\u00e8res ann\u00e9es, la d\u00e9mocratie, m\u00eame en Occident, principalement en raison de l&rsquo;imp\u00e9rialisme am\u00e9ricain et du n\u00e9ocolonialisme europ\u00e9en, est s\u00e9rieusement bless\u00e9e, les mouvements d&rsquo;extr\u00eame droite violents et antid\u00e9mocratiques se renforcent, la peur se r\u00e9pand \u00e0 mesure que la d\u00e9sinformation se d\u00e9veloppe &#8211; en raison de la d\u00e9t\u00e9rioration des institutions \u00e9ducatives et de la transformation des citoyens (qui comprenaient leur coresponsabilit\u00e9) en consommateurs (qui ne per\u00e7oivent que leur propre bien-\u00eatre individuel et ne sont plus capables de voir l&rsquo;ensemble des probl\u00e8mes.<\/p>\n<style type=\"text\/css\" id=\"umsMapStyles_12_52626\">\r\n\t#ultimate_maps_12_52626 {\r\n        width: 100%;\r\n        height: 500px;\r\n\t        border: 0px solid ;\r\n        margin: 0px;\r\n    }\r\n\t#mapsControlsNum_12_52626 {\r\n\t\twidth:100%\t}\r\n\t.umsMapDetailsContainer#umsMapDetailsContainer_12_52626 {\r\n\t\theight:500px;\r\n\t}\r\n\t.ums_MapPreview#ultimate_maps_12_52626 {\r\n\t\t\/*position:absolute;*\/\r\n\t\twidth:100%;\r\n\t}\r\n\t#mapConElem_12_52626{\r\n\t\twidth:100%\t}\r\n\t<\/style>\r\n<div class=\"ums_map_opts\" id=\"mapConElem_12_52626\" data-id=\"12\" data-view-id=\"12_52626\" > <div class=\"umsMapDetailsContainer\" id=\"umsMapDetailsContainer_12_52626\"> <i class=\"umsKMLLayersPreloader fa fa-spinner fa-spin\" aria-hidden=\"true\" style=\"display: none;\"><\/i> <div class=\"ums_MapPreview \" id=\"ultimate_maps_12_52626\"><\/div> <\/div> <div class=\"umsMapMarkerFilters\" id=\"umsMapMarkerFilters_12_52626\"> <\/div> <div class=\"umsMapProControlsCon\" id=\"umsMapProControlsCon_12_52626\"> <\/div> <div class=\"umsMapProDirectionsCon\" id=\"umsMapProDirectionsCon_12_52626\" > <\/div> <div class=\"umsMapProKmlFilterCon\" id=\"umsMapProKmlFilterCon_12_52626\" > <\/div> <div class=\"umsSocialSharingShell umsSocialSharingShell_12_52626\"> <\/div> <div style=\"clear: both;\"><\/div> <\/div> \n<p>La guerre en Ukraine est un choc terrible, m\u00eame si ce n&rsquo;est \u00ab\u00a0que\u00a0\u00bb le \u00e9ni\u00e8me massacre perp\u00e9tr\u00e9 par le r\u00e9gime de Moscou apr\u00e8s ceux de Syrie, de G\u00e9orgie, d&rsquo;Arm\u00e9nie, de Tch\u00e9tch\u00e9nie et de Bi\u00e9lorussie. Cette fois, nous avons peur, parce que les bombes sifflent \u00e0 quelques kilom\u00e8tres de nos fronti\u00e8res &#8211; et parce que des millions de femmes et d&rsquo;hommes fuyant d\u00e9sesp\u00e9r\u00e9ment arrivent dans nos rues : des femmes et des hommes que nous ressentons comme des s\u0153urs et des fr\u00e8res, parce qu&rsquo;ils sont comme nous, et non des personnes fuyant des mondes qui nous sont culturellement incompr\u00e9hensibles.<\/p>\n<p>La vague de solidarit\u00e9 qui enveloppe l&rsquo;Europe doit \u00eatre mise \u00e0 profit pour nous rappeler tous les autres massacres oubli\u00e9s, notamment ceux qui se d\u00e9roulent \u00e0 quelques kilom\u00e8tres de chez nous. Et elle doit nous donner la force d&rsquo;accepter le prix \u00e9conomique de sanctions internationales s\u00e9v\u00e8res et de forcer nos gouvernements \u00e0 aller beaucoup plus loin, beaucoup plus profond\u00e9ment &#8211; notamment dans des pays terrifiants comme la Turquie. Nous devons tous comprendre que l&rsquo;alternative n&rsquo;est pas entre payer Gazprom et rester au chaud ou ne pas payer Gazprom et rester au froid. L&rsquo;alternative est de ne pas arr\u00eater Gazprom et d&rsquo;avoir des chars russes devant nos maisons et les escadrons de la mort d&rsquo;Erdogan dans nos rues.[\/vc_column_text][\/vc_column][vc_column width=\u00a0\u00bb1\/3&Prime;][vc_column_text]<form  class=\"is-search-form is-form-style is-form-style-3 is-form-id-367 \" action=\"https:\/\/ibiworld.eu\/fr\/\" method=\"get\" role=\"search\" ><label for=\"is-search-input-367\"><span class=\"is-screen-reader-text\">Search for:<\/span><input  type=\"search\" id=\"is-search-input-367\" name=\"s\" value=\"\" class=\"is-search-input\" placeholder=\"CHERCHE ICI... \" autocomplete=off \/><\/label><button type=\"submit\" class=\"is-search-submit\"><span class=\"is-screen-reader-text\">Search Button<\/span><span class=\"is-search-icon\"><svg focusable=\"false\" aria-label=\"Search\" xmlns=\"http:\/\/www.w3.org\/2000\/svg\" viewBox=\"0 0 24 24\" width=\"24px\"><path d=\"M15.5 14h-.79l-.28-.27C15.41 12.59 16 11.11 16 9.5 16 5.91 13.09 3 9.5 3S3 5.91 3 9.5 5.91 16 9.5 16c1.61 0 3.09-.59 4.23-1.57l.27.28v.79l5 4.99L20.49 19l-4.99-5zm-6 0C7.01 14 5 11.99 5 9.5S7.01 5 9.5 5 14 7.01 14 9.5 11.99 14 9.5 14z\"><\/path><\/svg><\/span><\/button><input type=\"hidden\" name=\"id\" value=\"367\" \/><\/form>[\/vc_column_text][vc_wp_categories title=\u00a0\u00bbARCHIVER\u00a0\u00bb options=\u00a0\u00bbdropdown,count,hierarchical\u00a0\u00bb][vc_column_text]\n<h2>ARTICLES<\/h2>\n[\/vc_column_text]<div class=\"widget widget_latest_posts\">\t\t\t<div class=\"latest_posts\">\n\t\t\t<ul class=\"small-thumb\">\n\t\t\t\t\t\t\t\t\t<li>\n\t\t\t\t\t\t<div class=\"small-custom-frame-wrapper alignleft\"><div class=\"custom-frame-inner-wrapper\"><div class=\"custom-frame-padding\"><a href=\"https:\/\/ibiworld.eu\/fr\/2022\/10\/03\/assassine-pour-un-voile-de-tissu\/\" title=\"ASSASSIN\u00c9. POUR UN VOILE DE TISSU\"><img src=\"https:\/\/ibiworld.eu\/fr\/wp-content\/uploads\/2022\/10\/JPN019-01-60x60_c.png\" width=\"60\" height=\"60\" alt=\"ASSASSIN\u00c9. POUR UN VOILE DE TISSU\" \/><\/a><\/div><\/div><\/div>\t\t\t\t\t\t<a class=\"teaser-title\" title=\"ASSASSIN\u00c9. POUR UN VOILE DE TISSU\" href=\"https:\/\/ibiworld.eu\/fr\/2022\/10\/03\/assassine-pour-un-voile-de-tissu\/\">ASSASSIN\u00c9. POUR UN VOILE DE TISSU<\/a>\n\t\t\t\t\t\t\t\t\t\t\t\t\t\t\t\t\t\t\t\t\t\t\t\t\t\t\t<div class=\"date-author\">3 octobre 2022 par <a href=\"https:\/\/ibiworld.eu\/fr\/author\/ibi-world-japon\/\" title=\"Articles par IBI World Japon\" rel=\"author\">IBI World Japon<\/a> <\/div>\n\t\t\t\t\t\t\t\t\t\t\t\t<div class=\"teaser-content\">\n\t\t\t\t\t\tIls sont quatre ou six \u00e0 porter des combinaisons de camouflage. Ils ont peut-\u00eatre attendu pendant des heures, dans une...\t\t\t\t\t\t<\/div>\n\t\t\t\t\t\t\t\t\t\t\t\t<div class=\"clear\"><\/div>\n\t\t\t\t\t<\/li>\n\t\t\t\t\t\t\t\t\t\t<li>\n\t\t\t\t\t\t<div class=\"small-custom-frame-wrapper alignleft\"><div class=\"custom-frame-inner-wrapper\"><div class=\"custom-frame-padding\"><a href=\"https:\/\/ibiworld.eu\/fr\/2022\/09\/12\/seuls-comme-les-kurdes\/\" title=\"SEULS, COMME LES KURDES\"><img src=\"https:\/\/ibiworld.eu\/fr\/wp-content\/uploads\/2022\/09\/USA002-01-60x60_c.jpg\" width=\"60\" height=\"60\" alt=\"SEULS, COMME LES KURDES\" \/><\/a><\/div><\/div><\/div>\t\t\t\t\t\t<a class=\"teaser-title\" title=\"SEULS, COMME LES KURDES\" href=\"https:\/\/ibiworld.eu\/fr\/2022\/09\/12\/seuls-comme-les-kurdes\/\">SEULS, COMME LES KURDES<\/a>\n\t\t\t\t\t\t\t\t\t\t\t\t\t\t\t\t\t\t\t\t\t\t\t\t\t\t\t<div class=\"date-author\">12 septembre 2022 par <a href=\"https:\/\/ibiworld.eu\/fr\/author\/ibi-world-royaume-uni\/\" title=\"Articles par IBI World Royaume-Uni\" rel=\"author\">IBI World Royaume-Uni<\/a> <\/div>\n\t\t\t\t\t\t\t\t\t\t\t\t<div class=\"teaser-content\">\n\t\t\t\t\t\tUn vieux dicton kurde dit en une phrase une v\u00e9rit\u00e9 si grande qu&rsquo;elle en devient insupportable : \u00ab\u00a0les Kurdes n&rsquo;ont...\t\t\t\t\t\t<\/div>\n\t\t\t\t\t\t\t\t\t\t\t\t<div class=\"clear\"><\/div>\n\t\t\t\t\t<\/li>\n\t\t\t\t\t\t\t\t\t\t<li>\n\t\t\t\t\t\t<div class=\"small-custom-frame-wrapper alignleft\"><div class=\"custom-frame-inner-wrapper\"><div class=\"custom-frame-padding\"><a href=\"https:\/\/ibiworld.eu\/fr\/2022\/08\/04\/haiti-dans-le-sang-la-terreur-des-gangs-criminels\/\" title=\"HA\u00cfTI DANS LE SANG : LA TERREUR DES GANGS CRIMINELS\"><img src=\"https:\/\/ibiworld.eu\/fr\/wp-content\/uploads\/2022\/08\/ESP018-01-60x60_c.jpg\" width=\"60\" height=\"60\" alt=\"HA\u00cfTI DANS LE SANG : LA TERREUR DES GANGS CRIMINELS\" \/><\/a><\/div><\/div><\/div>\t\t\t\t\t\t<a class=\"teaser-title\" title=\"HA\u00cfTI DANS LE SANG : LA TERREUR DES GANGS CRIMINELS\" href=\"https:\/\/ibiworld.eu\/fr\/2022\/08\/04\/haiti-dans-le-sang-la-terreur-des-gangs-criminels\/\">HA\u00cfTI DANS LE SANG : LA TERREUR DES GANGS CRIMINELS<\/a>\n\t\t\t\t\t\t\t\t\t\t\t\t\t\t\t\t\t\t\t\t\t\t\t\t\t\t\t<div class=\"date-author\">4 ao\u00fbt 2022 par <a href=\"https:\/\/ibiworld.eu\/fr\/author\/ibi-world-espagne\/\" title=\"Articles par IBI World Espagne\" rel=\"author\">IBI World Espagne<\/a> <\/div>\n\t\t\t\t\t\t\t\t\t\t\t\t<div class=\"teaser-content\">\n\t\t\t\t\t\tIl existe des conflits f\u00e9roces et sans fin dont personne ne se soucie plus, alors que la crise ukrainienne focalise...\t\t\t\t\t\t<\/div>\n\t\t\t\t\t\t\t\t\t\t\t\t<div class=\"clear\"><\/div>\n\t\t\t\t\t<\/li>\n\t\t\t\t\t\t\t\t\t\t<li>\n\t\t\t\t\t\t<div class=\"small-custom-frame-wrapper alignleft\"><div class=\"custom-frame-inner-wrapper\"><div class=\"custom-frame-padding\"><a href=\"https:\/\/ibiworld.eu\/fr\/2022\/07\/15\/le-genocide-ouighour-entretien-avec-dolkun-isa\/\" title=\"LE GENOCIDE OU\u00cfGHOUR : ENTRETIEN AVEC DOLKUN ISA\"><img src=\"https:\/\/ibiworld.eu\/fr\/wp-content\/uploads\/2022\/07\/JPN009_01-60x60_c.jpg\" width=\"60\" height=\"60\" alt=\"LE GENOCIDE OU\u00cfGHOUR : ENTRETIEN AVEC DOLKUN ISA\" \/><\/a><\/div><\/div><\/div>\t\t\t\t\t\t<a class=\"teaser-title\" title=\"LE GENOCIDE OU\u00cfGHOUR : ENTRETIEN AVEC DOLKUN ISA\" href=\"https:\/\/ibiworld.eu\/fr\/2022\/07\/15\/le-genocide-ouighour-entretien-avec-dolkun-isa\/\">LE GENOCIDE OU\u00cfGHOUR : ENTRETIEN AVEC DOLKUN ISA<\/a>\n\t\t\t\t\t\t\t\t\t\t\t\t\t\t\t\t\t\t\t\t\t\t\t\t\t\t\t<div class=\"date-author\">15 juillet 2022 par <a href=\"https:\/\/ibiworld.eu\/fr\/author\/ibi-world-japon\/\" title=\"Articles par IBI World Japon\" rel=\"author\">IBI World Japon<\/a> <\/div>\n\t\t\t\t\t\t\t\t\t\t\t\t<div class=\"teaser-content\">\n\t\t\t\t\t\tDepuis 2017, le gouvernement chinois, sur ordre du secr\u00e9taire g\u00e9n\u00e9ral du Parti communiste Xi Jinping, a cr\u00e9\u00e9 un programme d&rsquo;\u00c9tat...\t\t\t\t\t\t<\/div>\n\t\t\t\t\t\t\t\t\t\t\t\t<div class=\"clear\"><\/div>\n\t\t\t\t\t<\/li>\n\t\t\t\t\t\t\t\t\t\t<li>\n\t\t\t\t\t\t<div class=\"small-custom-frame-wrapper alignleft\"><div class=\"custom-frame-inner-wrapper\"><div class=\"custom-frame-padding\"><a href=\"https:\/\/ibiworld.eu\/fr\/2022\/05\/27\/sri-lanka-galoper-vers-le-desastre\/\" title=\"SRI LANKA: GALOPER VERS LE DESASTRE\"><img src=\"https:\/\/ibiworld.eu\/fr\/wp-content\/uploads\/2022\/05\/JPN013-01-60x60_c.jpg\" width=\"60\" height=\"60\" alt=\"SRI LANKA: GALOPER VERS LE DESASTRE\" \/><\/a><\/div><\/div><\/div>\t\t\t\t\t\t<a class=\"teaser-title\" title=\"SRI LANKA: GALOPER VERS LE DESASTRE\" href=\"https:\/\/ibiworld.eu\/fr\/2022\/05\/27\/sri-lanka-galoper-vers-le-desastre\/\">SRI LANKA: GALOPER VERS LE DESASTRE<\/a>\n\t\t\t\t\t\t\t\t\t\t\t\t\t\t\t\t\t\t\t\t\t\t\t\t\t\t\t<div class=\"date-author\">27 mai 2022 par <a href=\"https:\/\/ibiworld.eu\/fr\/author\/ibi-world-japon\/\" title=\"Articles par IBI World Japon\" rel=\"author\">IBI World Japon<\/a> <\/div>\n\t\t\t\t\t\t\t\t\t\t\t\t<div class=\"teaser-content\">\n\t\t\t\t\t\tLe Sri Lanka est en flammes. Cette fois, il ne s&rsquo;agit pas d&rsquo;un conflit ethnique, mais de la faim et...\t\t\t\t\t\t<\/div>\n\t\t\t\t\t\t\t\t\t\t\t\t<div class=\"clear\"><\/div>\n\t\t\t\t\t<\/li>\n\t\t\t\t\t\t\t\t\t\t<li>\n\t\t\t\t\t\t<div class=\"small-custom-frame-wrapper alignleft\"><div class=\"custom-frame-inner-wrapper\"><div class=\"custom-frame-padding\"><a href=\"https:\/\/ibiworld.eu\/fr\/2022\/05\/01\/suede-quand-le-reve-des-refugies-devient-un-cauchemar\/\" title=\"SUEDE : QUAND LE REVE DES REFUGIES DEVIENT UN CAUCHEMAR\"><img src=\"https:\/\/ibiworld.eu\/fr\/wp-content\/uploads\/2022\/05\/SVE011-01-60x60_c.jpg\" width=\"60\" height=\"60\" alt=\"SUEDE : QUAND LE REVE DES REFUGIES DEVIENT UN CAUCHEMAR\" \/><\/a><\/div><\/div><\/div>\t\t\t\t\t\t<a class=\"teaser-title\" title=\"SUEDE : QUAND LE REVE DES REFUGIES DEVIENT UN CAUCHEMAR\" href=\"https:\/\/ibiworld.eu\/fr\/2022\/05\/01\/suede-quand-le-reve-des-refugies-devient-un-cauchemar\/\">SUEDE : QUAND LE REVE DES REFUGIES DEVIENT UN CAUCHEMAR<\/a>\n\t\t\t\t\t\t\t\t\t\t\t\t\t\t\t\t\t\t\t\t\t\t\t\t\t\t\t<div class=\"date-author\">1 mai 2022 par <a href=\"https:\/\/ibiworld.eu\/fr\/author\/ibi-world-suede\/\" title=\"Articles par IBI World Suede\" rel=\"author\">IBI World Suede<\/a> <\/div>\n\t\t\t\t\t\t\t\t\t\t\t\t<div class=\"teaser-content\">\n\t\t\t\t\t\tC&rsquo;est une histoire brute et d\u00e9sesp\u00e9r\u00e9e. C&rsquo;est l&rsquo;histoire d&rsquo;enfants maltrait\u00e9s et arrach\u00e9s \u00e0 leur famille, victimes d&rsquo;une violence sans pr\u00e9c\u00e9dent,...\t\t\t\t\t\t<\/div>\n\t\t\t\t\t\t\t\t\t\t\t\t<div class=\"clear\"><\/div>\n\t\t\t\t\t<\/li>\n\t\t\t\t\t\t\t\t\t\t<li>\n\t\t\t\t\t\t<div class=\"small-custom-frame-wrapper alignleft\"><div class=\"custom-frame-inner-wrapper\"><div class=\"custom-frame-padding\"><a href=\"https:\/\/ibiworld.eu\/fr\/2022\/03\/17\/comment-la-turquie-torture-et-tue-les-intellectuels\/\" title=\"COMMENT LA TURQUIE TORTURE ET TUE LES INTELLECTUELS\"><img src=\"https:\/\/ibiworld.eu\/fr\/wp-content\/uploads\/2022\/03\/RUS018-01-60x60_c.jpg\" width=\"60\" height=\"60\" alt=\"COMMENT LA TURQUIE TORTURE ET TUE LES INTELLECTUELS\" \/><\/a><\/div><\/div><\/div>\t\t\t\t\t\t<a class=\"teaser-title\" title=\"COMMENT LA TURQUIE TORTURE ET TUE LES INTELLECTUELS\" href=\"https:\/\/ibiworld.eu\/fr\/2022\/03\/17\/comment-la-turquie-torture-et-tue-les-intellectuels\/\">COMMENT LA TURQUIE TORTURE ET TUE LES INTELLECTUELS<\/a>\n\t\t\t\t\t\t\t\t\t\t\t\t\t\t\t\t\t\t\t\t\t\t\t\t\t\t\t<div class=\"date-author\">17 mars 2022 par <a href=\"https:\/\/ibiworld.eu\/fr\/author\/ibi-world-russie\/\" title=\"Articles par IBI World Russie\" rel=\"author\">IBI World Russie<\/a> <\/div>\n\t\t\t\t\t\t\t\t\t\t\t\t<div class=\"teaser-content\">\n\t\t\t\t\t\tNous vivons une \u00e9poque de violence sans pr\u00e9c\u00e9dent. Berc\u00e9s dans la ouate de notre d\u00e9mocratie occidentale (dont nous ne cachons...\t\t\t\t\t\t<\/div>\n\t\t\t\t\t\t\t\t\t\t\t\t<div class=\"clear\"><\/div>\n\t\t\t\t\t<\/li>\n\t\t\t\t\t\t\t\t\t\t<li>\n\t\t\t\t\t\t<div class=\"small-custom-frame-wrapper alignleft\"><div class=\"custom-frame-inner-wrapper\"><div class=\"custom-frame-padding\"><a href=\"https:\/\/ibiworld.eu\/fr\/2021\/07\/23\/lhorreur-quon-est-devenu\/\" title=\"L&rsquo;HORREUR QU&rsquo;ON EST DEVENU\"><img src=\"https:\/\/ibiworld.eu\/fr\/wp-content\/uploads\/2021\/07\/ITA016-01-60x60_c.jpg\" width=\"60\" height=\"60\" alt=\"L&#039;HORREUR QU&#039;ON EST DEVENU\" \/><\/a><\/div><\/div><\/div>\t\t\t\t\t\t<a class=\"teaser-title\" title=\"L&rsquo;HORREUR QU&rsquo;ON EST DEVENU\" href=\"https:\/\/ibiworld.eu\/fr\/2021\/07\/23\/lhorreur-quon-est-devenu\/\">L&rsquo;HORREUR QU&rsquo;ON EST DEVENU<\/a>\n\t\t\t\t\t\t\t\t\t\t\t\t\t\t\t\t\t\t\t\t\t\t\t\t\t\t\t<div class=\"date-author\">23 juillet 2021 par <a href=\"https:\/\/ibiworld.eu\/fr\/author\/ibi-world-italie\/\" title=\"Articles par IBI World Italie\" rel=\"author\">IBI World Italie<\/a> <\/div>\n\t\t\t\t\t\t\t\t\t\t\t\t<div class=\"teaser-content\">\n\t\t\t\t\t\tIl y a vingt ans, pendant le G8 de G\u00eanes, j&rsquo;avais cess\u00e9 d&rsquo;\u00eatre un citoyen et j&rsquo;\u00e9tais juste un p\u00e8re...\t\t\t\t\t\t<\/div>\n\t\t\t\t\t\t\t\t\t\t\t\t<div class=\"clear\"><\/div>\n\t\t\t\t\t<\/li>\n\t\t\t\t\t\t\t\t\t\t<li>\n\t\t\t\t\t\t<div class=\"small-custom-frame-wrapper alignleft\"><div class=\"custom-frame-inner-wrapper\"><div class=\"custom-frame-padding\"><a href=\"https:\/\/ibiworld.eu\/fr\/2021\/07\/01\/les-intrigues-financieres-derriere-le-coup-detat-sanglant-au-myanmar\/\" title=\"LES INTRIGUES FINANCIERES DERRIERE LE COUP D&rsquo;\u00c9TAT SANGLANT AU MYANMAR\"><img src=\"https:\/\/ibiworld.eu\/fr\/wp-content\/uploads\/2021\/07\/JPN002-01-60x60_c.jpg\" width=\"60\" height=\"60\" alt=\"LES INTRIGUES FINANCIERES DERRIERE LE COUP D&#039;\u00c9TAT SANGLANT AU MYANMAR\" \/><\/a><\/div><\/div><\/div>\t\t\t\t\t\t<a class=\"teaser-title\" title=\"LES INTRIGUES FINANCIERES DERRIERE LE COUP D&rsquo;\u00c9TAT SANGLANT AU MYANMAR\" href=\"https:\/\/ibiworld.eu\/fr\/2021\/07\/01\/les-intrigues-financieres-derriere-le-coup-detat-sanglant-au-myanmar\/\">LES INTRIGUES FINANCIERES DERRIERE LE COUP D&rsquo;\u00c9TAT SANGLANT AU MYANMAR<\/a>\n\t\t\t\t\t\t\t\t\t\t\t\t\t\t\t\t\t\t\t\t\t\t\t\t\t\t\t<div class=\"date-author\">1 juillet 2021 par <a href=\"https:\/\/ibiworld.eu\/fr\/author\/ibi-world-japon\/\" title=\"Articles par IBI World Japon\" rel=\"author\">IBI World Japon<\/a> <\/div>\n\t\t\t\t\t\t\t\t\t\t\t\t<div class=\"teaser-content\">\n\t\t\t\t\t\t1er f\u00e9vrier 2021. La m\u00e9tropole de Yangon, ancienne capitale du Myanmar, se r\u00e9veille sous un ciel d&rsquo;orage : la dirigeante...\t\t\t\t\t\t<\/div>\n\t\t\t\t\t\t\t\t\t\t\t\t<div class=\"clear\"><\/div>\n\t\t\t\t\t<\/li>\n\t\t\t\t\t\t\t\t\t\t<li>\n\t\t\t\t\t\t<div class=\"small-custom-frame-wrapper alignleft\"><div class=\"custom-frame-inner-wrapper\"><div class=\"custom-frame-padding\"><a href=\"https:\/\/ibiworld.eu\/fr\/2021\/04\/16\/parc-gezi-le-symbole-de-leffondrement-de-la-turquie\/\" title=\"PARC GEZI : LE SYMBOLE DE L&rsquo;EFFONDREMENT DE LA TURQUIE\"><img src=\"https:\/\/ibiworld.eu\/fr\/wp-content\/uploads\/2021\/04\/ITA009-01-60x60_c.jpg\" width=\"60\" height=\"60\" alt=\"PARC GEZI : LE SYMBOLE DE L&#039;EFFONDREMENT DE LA TURQUIE\" \/><\/a><\/div><\/div><\/div>\t\t\t\t\t\t<a class=\"teaser-title\" title=\"PARC GEZI : LE SYMBOLE DE L&rsquo;EFFONDREMENT DE LA TURQUIE\" href=\"https:\/\/ibiworld.eu\/fr\/2021\/04\/16\/parc-gezi-le-symbole-de-leffondrement-de-la-turquie\/\">PARC GEZI : LE SYMBOLE DE L&rsquo;EFFONDREMENT DE LA TURQUIE<\/a>\n\t\t\t\t\t\t\t\t\t\t\t\t\t\t\t\t\t\t\t\t\t\t\t\t\t\t\t<div class=\"date-author\">16 avril 2021 par <a href=\"https:\/\/ibiworld.eu\/fr\/author\/ibi-world-italie\/\" title=\"Articles par IBI World Italie\" rel=\"author\">IBI World Italie<\/a> <\/div>\n\t\t\t\t\t\t\t\t\t\t\t\t<div class=\"teaser-content\">\n\t\t\t\t\t\tDe loin, il y a risque de malentendu : la Turquie fait une voix forte, \u00e0 la fois diplomatiquement et...\t\t\t\t\t\t<\/div>\n\t\t\t\t\t\t\t\t\t\t\t\t<div class=\"clear\"><\/div>\n\t\t\t\t\t<\/li>\n\t\t\t\t\t\t\t\t<\/ul>\n\t\t\t<\/div><!-- end widget_recent_posts -->\n\t\t\t<\/div>[\/vc_column][\/vc_row]\n","protected":false},"excerpt":{"rendered":"<p>[vc_row][vc_column width=\u00a0\u00bb2\/3&Prime;][vc_empty_space height=\u00a0\u00bb63px\u00a0\u00bb][vc_column_text] &nbsp; \u00c9DITORIAL: NE PLUS TRAITER AVEC LES DICTATEURS La guerre en Ukraine a d\u00e9montr\u00e9 une autre v\u00e9rit\u00e9 tragique. Lorsqu&rsquo;on n\u00e9gocie avec des dictateurs, en essayant de trouver des compromis mutuellement b\u00e9n\u00e9fiques, on commet des erreurs qui ont des effets tragiques. La premi\u00e8re : un<\/p>\n","protected":false},"author":1,"featured_media":0,"parent":0,"menu_order":0,"comment_status":"closed","ping_status":"closed","template":"page-FullWidth.php","meta":[],"_links":{"self":[{"href":"https:\/\/ibiworld.eu\/fr\/wp-json\/wp\/v2\/pages\/2307"}],"collection":[{"href":"https:\/\/ibiworld.eu\/fr\/wp-json\/wp\/v2\/pages"}],"about":[{"href":"https:\/\/ibiworld.eu\/fr\/wp-json\/wp\/v2\/types\/page"}],"author":[{"embeddable":true,"href":"https:\/\/ibiworld.eu\/fr\/wp-json\/wp\/v2\/users\/1"}],"replies":[{"embeddable":true,"href":"https:\/\/ibiworld.eu\/fr\/wp-json\/wp\/v2\/comments?post=2307"}],"version-history":[{"count":2,"href":"https:\/\/ibiworld.eu\/fr\/wp-json\/wp\/v2\/pages\/2307\/revisions"}],"predecessor-version":[{"id":2496,"href":"https:\/\/ibiworld.eu\/fr\/wp-json\/wp\/v2\/pages\/2307\/revisions\/2496"}],"wp:attachment":[{"href":"https:\/\/ibiworld.eu\/fr\/wp-json\/wp\/v2\/media?parent=2307"}],"curies":[{"name":"wp","href":"https:\/\/api.w.org\/{rel}","templated":true}]}}