{"id":2136,"date":"2022-02-21T00:09:07","date_gmt":"2022-02-20T23:09:07","guid":{"rendered":"https:\/\/ibiworld.eu\/fr\/?page_id=2136"},"modified":"2022-02-26T23:10:40","modified_gmt":"2022-02-26T22:10:40","slug":"la-guerre-pour-larctique","status":"publish","type":"page","link":"https:\/\/ibiworld.eu\/fr\/la-guerre-pour-larctique\/","title":{"rendered":"LA GUERRE POUR L&rsquo;ARCTIQUE"},"content":{"rendered":"[vc_row][vc_column width=\u00a0\u00bb2\/3&Prime;][vc_empty_space height=\u00a0\u00bb63px\u00a0\u00bb][vc_column_text]<strong><img loading=\"lazy\" class=\"aligncenter size-full wp-image-2137\" src=\"https:\/\/ibiworld.eu\/fr\/wp-content\/uploads\/2022\/02\/EDIT11.jpg\" alt=\"\" width=\"800\" height=\"600\" srcset=\"https:\/\/ibiworld.eu\/fr\/wp-content\/uploads\/2022\/02\/EDIT11.jpg 800w, https:\/\/ibiworld.eu\/fr\/wp-content\/uploads\/2022\/02\/EDIT11-300x225.jpg 300w, https:\/\/ibiworld.eu\/fr\/wp-content\/uploads\/2022\/02\/EDIT11-768x576.jpg 768w, https:\/\/ibiworld.eu\/fr\/wp-content\/uploads\/2022\/02\/EDIT11-600x450.jpg 600w\" sizes=\"(max-width: 800px) 100vw, 800px\" \/><\/strong><\/p>\n<h3>\u00c9DITORIAL: <strong>LE DERNIER THULE, LE BOUT DE L&rsquo;HUMANITE<\/strong><\/h3>\n<p><strong>\u00a0<\/strong><\/p>\n<p>Je n&rsquo;ose imaginer le visage du marin grec Pytheas, en 325 avant J.-C., lorsque, apr\u00e8s avoir franchi les piliers d&rsquo;Hercule et d\u00e9fi\u00e9 les dieux pour trouver des terres fertiles et riches en min\u00e9raux, il se heurta \u00e0 ces immenses montagnes de glace \u00e9ternelle et comprit qu&rsquo;il ne pouvait aller plus loin. Son monde est diff\u00e9rent, immuable, inconnu. Alexandre le Grand est sur le point de rendre l&rsquo;\u00e2me au milieu de sa folle campagne militaire orientale. \u00c0 Rome, la monarchie a pris fin et la r\u00e9publique est n\u00e9e. En Chine, Gongsung Long enseigne le rationalisme et cherche une corr\u00e9lation m\u00e9taphysique entre le nom et le pr\u00e9sage. Tout est encore possible, et Zeus est toujours assis sur le tr\u00f4ne de nos peurs, d&rsquo;o\u00f9 il lance les foudres qui font trembler la terre.<\/p>\n<p>Au lieu de cela, j&rsquo;ai devant les yeux les images documentaires de la premi\u00e8re mission de sauvetage au p\u00f4le Nord. Nous sommes en 1928 : deux ans apr\u00e8s le premier voyage avec Roald Amundsen, l&rsquo;explorateur Umberto Nobile effectue un second voyage au bout du monde, et son dirigeable s&rsquo;est \u00e9cras\u00e9 au sol. Ils l&rsquo;ont retrouv\u00e9 au bout de sept semaines, heureusement pour lui, car lui et certains membres de son personnel, qui avaient \u00e9chapp\u00e9 au crash du dirigeable, ont peint en rouge la tente dans laquelle ils passent leurs journ\u00e9es \u00e0 prier et \u00e0 grincer des dents. Un point rouge dans une immensit\u00e9 blanche inhumaine et immuable.<\/p>\n<p>Et je pense \u00e0 ce que sera le p\u00f4le dans moins de cent ans, lorsque les glaciers auront disparu et que les narvals n&rsquo;auront plus besoin de leurs cornes pour briser la glace et remonter \u00e0 la surface. Quand il y aura des humains partout, avec des machines monstrueuses qui creusent des mines, des sous-marins atomiques qui se regardent d&rsquo;un air renfrogn\u00e9, des bateaux de p\u00eache semblables \u00e0 des vaisseaux spatiaux qui exterminent les quelques poissons qui restent sur la plan\u00e8te. Le dernier coin survivant de la plan\u00e8te, tandis que le reste br\u00fble dans les d\u00e9serts, est balay\u00e9 par des ouragans ou se noie dans des raz-de-mar\u00e9e qui an\u00e9antissent des \u00eeles enti\u00e8res.<\/p>\n<style type=\"text\/css\" id=\"umsMapStyles_10_83693\">\r\n\t#ultimate_maps_10_83693 {\r\n        width: 100%;\r\n        height: 500px;\r\n\t        border: 0px solid ;\r\n        margin: 0px;\r\n    }\r\n\t#mapsControlsNum_10_83693 {\r\n\t\twidth:100%\t}\r\n\t.umsMapDetailsContainer#umsMapDetailsContainer_10_83693 {\r\n\t\theight:500px;\r\n\t}\r\n\t.ums_MapPreview#ultimate_maps_10_83693 {\r\n\t\t\/*position:absolute;*\/\r\n\t\twidth:100%;\r\n\t}\r\n\t#mapConElem_10_83693{\r\n\t\twidth:100%\t}\r\n\t<\/style>\r\n<div class=\"ums_map_opts\" id=\"mapConElem_10_83693\" data-id=\"10\" data-view-id=\"10_83693\" > <div class=\"umsMapDetailsContainer\" id=\"umsMapDetailsContainer_10_83693\"> <i class=\"umsKMLLayersPreloader fa fa-spinner fa-spin\" aria-hidden=\"true\" style=\"display: none;\"><\/i> <div class=\"ums_MapPreview \" id=\"ultimate_maps_10_83693\"><\/div> <\/div> <div class=\"umsMapMarkerFilters\" id=\"umsMapMarkerFilters_10_83693\"> <\/div> <div class=\"umsMapProControlsCon\" id=\"umsMapProControlsCon_10_83693\"> <\/div> <div class=\"umsMapProDirectionsCon\" id=\"umsMapProDirectionsCon_10_83693\" > <\/div> <div class=\"umsMapProKmlFilterCon\" id=\"umsMapProKmlFilterCon_10_83693\" > <\/div> <div class=\"umsSocialSharingShell umsSocialSharingShell_10_83693\"> <\/div> <div style=\"clear: both;\"><\/div> <\/div> \n<p>Je me rends compte que la bataille pour l&rsquo;Arctique, \u00e0 laquelle se livrent principalement les trois grandes puissances militaires, est un symbole du suicide collectif de l&rsquo;humanit\u00e9, de la folie extr\u00eame des gouvernements qui croient encore que le progr\u00e8s et la consommation sont une ligne qui pointe vers le haut et qu&rsquo;il ne faut pas arr\u00eater, et qui r\u00eavent d&#8217;emmener les survivants de ce qu&rsquo;ils croient \u00eatre une race sup\u00e9rieure, sur Mars, ou je ne sais o\u00f9, pour reconstruire sur une plan\u00e8te impossible la vie merveilleuse qui nous a \u00e9t\u00e9 donn\u00e9e sur la plan\u00e8te bleue. Notre m\u00e8re la terre, trahie et mortellement bless\u00e9e.<\/p>\n<p>Je pense que, pendant qu&rsquo;ils nous taquinent avec la \u00ab\u00a0taxonomie\u00a0\u00bb et qu&rsquo;apr\u00e8s nous avoir expliqu\u00e9 comment le changement climatique va exterminer la vie, ils investissent dans des centrales \u00e0 gaz et nucl\u00e9aires, et pr\u00e9parent des guerres locales semblables \u00e0 celles du Moyen \u00c2ge, il est n\u00e9cessaire d&rsquo;avoir un regard extr\u00eamement attentif sur ce qui se passe l\u00e0-haut, l\u00e0 o\u00f9 personne ne regarde jamais, et o\u00f9 il se passe des choses terribles, et pas seulement parce que les glaciers fondent, mais aussi parce que les Russes y d\u00e9versent leurs poubelles radioactives, et que le m\u00e9thane cach\u00e9 sous le gel \u00e9ternel, une fois lib\u00e9r\u00e9, se transformera en hydrate de m\u00e9thane et, sous cette forme, constituera en quelques ann\u00e9es une pellicule qui encerclera la plan\u00e8te, la r\u00e9chauffant \u00e0 des temp\u00e9ratures que m\u00eame la science actuelle ne peut calculer.<\/p>\n<p>Francesco Guccini a chant\u00e9 : nous ne serons pas l\u00e0. C&rsquo;est vrai. Mais nos enfants et petits-enfants seront l\u00e0, et ce serait bien que nous les aimions et que nous nous pr\u00e9occupions de leur avenir, m\u00eame si l&rsquo;apparence trompeuse de la normalit\u00e9 nous conforte dans notre paresse et notre \u00e9go\u00efsme quotidien.[\/vc_column_text][\/vc_column][vc_column width=\u00a0\u00bb1\/3&Prime;][vc_column_text]<form  class=\"is-search-form is-form-style is-form-style-3 is-form-id-367 \" action=\"https:\/\/ibiworld.eu\/fr\/\" method=\"get\" role=\"search\" ><label for=\"is-search-input-367\"><span class=\"is-screen-reader-text\">Search for:<\/span><input  type=\"search\" id=\"is-search-input-367\" name=\"s\" value=\"\" class=\"is-search-input\" placeholder=\"CHERCHE ICI... \" autocomplete=off \/><\/label><button type=\"submit\" class=\"is-search-submit\"><span class=\"is-screen-reader-text\">Search Button<\/span><span class=\"is-search-icon\"><svg focusable=\"false\" aria-label=\"Search\" xmlns=\"http:\/\/www.w3.org\/2000\/svg\" viewBox=\"0 0 24 24\" width=\"24px\"><path d=\"M15.5 14h-.79l-.28-.27C15.41 12.59 16 11.11 16 9.5 16 5.91 13.09 3 9.5 3S3 5.91 3 9.5 5.91 16 9.5 16c1.61 0 3.09-.59 4.23-1.57l.27.28v.79l5 4.99L20.49 19l-4.99-5zm-6 0C7.01 14 5 11.99 5 9.5S7.01 5 9.5 5 14 7.01 14 9.5 11.99 14 9.5 14z\"><\/path><\/svg><\/span><\/button><input type=\"hidden\" name=\"id\" value=\"367\" \/><\/form>[\/vc_column_text][vc_wp_categories title=\u00a0\u00bbARCHIVER\u00a0\u00bb options=\u00a0\u00bbdropdown,count,hierarchical\u00a0\u00bb][vc_column_text]\n<h2>ARTICLES<\/h2>\n[\/vc_column_text]<div class=\"widget widget_latest_posts\">\t\t\t<div class=\"latest_posts\">\n\t\t\t<ul class=\"small-thumb\">\n\t\t\t\t\t\t\t\t\t<li>\n\t\t\t\t\t\t<div class=\"small-custom-frame-wrapper alignleft\"><div class=\"custom-frame-inner-wrapper\"><div class=\"custom-frame-padding\"><a href=\"https:\/\/ibiworld.eu\/fr\/2023\/02\/13\/tant-quil-y-a-une-guerre-il-y-a-un-lobbyiste\/\" title=\"TANT QU&rsquo;IL Y A UNE GUERRE, IL Y A UN LOBBYISTE\"><img src=\"https:\/\/ibiworld.eu\/fr\/wp-content\/uploads\/2023\/02\/SVE019-01-60x60_c.jpg\" width=\"60\" height=\"60\" alt=\"TANT QU&#039;IL Y A UNE GUERRE, IL Y A UN LOBBYISTE\" \/><\/a><\/div><\/div><\/div>\t\t\t\t\t\t<a class=\"teaser-title\" title=\"TANT QU&rsquo;IL Y A UNE GUERRE, IL Y A UN LOBBYISTE\" href=\"https:\/\/ibiworld.eu\/fr\/2023\/02\/13\/tant-quil-y-a-une-guerre-il-y-a-un-lobbyiste\/\">TANT QU&rsquo;IL Y A UNE GUERRE, IL Y A UN LOBBYISTE<\/a>\n\t\t\t\t\t\t\t\t\t\t\t\t\t\t\t\t\t\t\t\t\t\t\t\t\t\t\t<div class=\"date-author\">13 f\u00e9vrier 2023 par <a href=\"https:\/\/ibiworld.eu\/fr\/author\/ibi-world-suede\/\" title=\"Articles par IBI World Suede\" rel=\"author\">IBI World Suede<\/a> <\/div>\n\t\t\t\t\t\t\t\t\t\t\t\t<div class=\"teaser-content\">\n\t\t\t\t\t\tLe fait que les lobbyistes modernes puissent agir partout sans \u00eatre d\u00e9rang\u00e9s, ils sont devenus, au cours de ce si\u00e8cle,...\t\t\t\t\t\t<\/div>\n\t\t\t\t\t\t\t\t\t\t\t\t<div class=\"clear\"><\/div>\n\t\t\t\t\t<\/li>\n\t\t\t\t\t\t\t\t\t\t<li>\n\t\t\t\t\t\t<div class=\"small-custom-frame-wrapper alignleft\"><div class=\"custom-frame-inner-wrapper\"><div class=\"custom-frame-padding\"><a href=\"https:\/\/ibiworld.eu\/fr\/2022\/07\/25\/gotland-ou-commence-la-nouvelle-guerre-mondiale\/\" title=\"G\u00d8TLAND, OU COMMENCE LA NOUVELLE GUERRE MONDIALE\"><img src=\"https:\/\/ibiworld.eu\/fr\/wp-content\/uploads\/2022\/07\/SVE015-01-60x60_c.jpg\" width=\"60\" height=\"60\" alt=\"G\u00d8TLAND, OU COMMENCE LA NOUVELLE GUERRE MONDIALE\" \/><\/a><\/div><\/div><\/div>\t\t\t\t\t\t<a class=\"teaser-title\" title=\"G\u00d8TLAND, OU COMMENCE LA NOUVELLE GUERRE MONDIALE\" href=\"https:\/\/ibiworld.eu\/fr\/2022\/07\/25\/gotland-ou-commence-la-nouvelle-guerre-mondiale\/\">G\u00d8TLAND, OU COMMENCE LA NOUVELLE GUERRE MONDIALE<\/a>\n\t\t\t\t\t\t\t\t\t\t\t\t\t\t\t\t\t\t\t\t\t\t\t\t\t\t\t<div class=\"date-author\">25 juillet 2022 par <a href=\"https:\/\/ibiworld.eu\/fr\/author\/ibi-world-suede\/\" title=\"Articles par IBI World Suede\" rel=\"author\">IBI World Suede<\/a> <\/div>\n\t\t\t\t\t\t\t\t\t\t\t\t<div class=\"teaser-content\">\n\t\t\t\t\t\tIl existe une grande \u00eele oubli\u00e9e dans la mer Baltique, si grande qu&rsquo;elle poss\u00e8de des rivi\u00e8res d&rsquo;eau douce qui se...\t\t\t\t\t\t<\/div>\n\t\t\t\t\t\t\t\t\t\t\t\t<div class=\"clear\"><\/div>\n\t\t\t\t\t<\/li>\n\t\t\t\t\t\t\t\t\t\t<li>\n\t\t\t\t\t\t<div class=\"small-custom-frame-wrapper alignleft\"><div class=\"custom-frame-inner-wrapper\"><div class=\"custom-frame-padding\"><a href=\"https:\/\/ibiworld.eu\/fr\/2022\/05\/03\/la-guerre-secrete-pour-locean-arctique\/\" title=\"LA GUERRE SECRETE POUR L&rsquo;OCEAN ARCTIQUE\"><img src=\"https:\/\/ibiworld.eu\/fr\/wp-content\/uploads\/2022\/05\/JPN008-01-60x60_c.jpg\" width=\"60\" height=\"60\" alt=\"LA GUERRE SECRETE POUR L&#039;OCEAN ARCTIQUE\" \/><\/a><\/div><\/div><\/div>\t\t\t\t\t\t<a class=\"teaser-title\" title=\"LA GUERRE SECRETE POUR L&rsquo;OCEAN ARCTIQUE\" href=\"https:\/\/ibiworld.eu\/fr\/2022\/05\/03\/la-guerre-secrete-pour-locean-arctique\/\">LA GUERRE SECRETE POUR L&rsquo;OCEAN ARCTIQUE<\/a>\n\t\t\t\t\t\t\t\t\t\t\t\t\t\t\t\t\t\t\t\t\t\t\t\t\t\t\t<div class=\"date-author\">3 mai 2022 par <a href=\"https:\/\/ibiworld.eu\/fr\/author\/ibi-world-japon\/\" title=\"Articles par IBI World Japon\" rel=\"author\">IBI World Japon<\/a> <\/div>\n\t\t\t\t\t\t\t\t\t\t\t\t<div class=\"teaser-content\">\n\t\t\t\t\t\tAu d\u00e9part, nous voulions \u00e9crire un rapport sur la situation climatique et les dangers auxquels est confront\u00e9e la faune dans...\t\t\t\t\t\t<\/div>\n\t\t\t\t\t\t\t\t\t\t\t\t<div class=\"clear\"><\/div>\n\t\t\t\t\t<\/li>\n\t\t\t\t\t\t\t\t\t\t<li>\n\t\t\t\t\t\t<div class=\"small-custom-frame-wrapper alignleft\"><div class=\"custom-frame-inner-wrapper\"><div class=\"custom-frame-padding\"><a href=\"https:\/\/ibiworld.eu\/fr\/2022\/02\/22\/le-groenland-nouvelle-terre-promise-de-lhumanite\/\" title=\"LE GROENLAND, NOUVELLE TERRE PROMISE DE L&rsquo;HUMANITE\"><img src=\"https:\/\/ibiworld.eu\/fr\/wp-content\/uploads\/2022\/02\/SVE003-01-scaled-60x60_c.jpg\" width=\"60\" height=\"60\" alt=\"LE GROENLAND, NOUVELLE TERRE PROMISE DE L&#039;HUMANITE\" \/><\/a><\/div><\/div><\/div>\t\t\t\t\t\t<a class=\"teaser-title\" title=\"LE GROENLAND, NOUVELLE TERRE PROMISE DE L&rsquo;HUMANITE\" href=\"https:\/\/ibiworld.eu\/fr\/2022\/02\/22\/le-groenland-nouvelle-terre-promise-de-lhumanite\/\">LE GROENLAND, NOUVELLE TERRE PROMISE DE L&rsquo;HUMANITE<\/a>\n\t\t\t\t\t\t\t\t\t\t\t\t\t\t\t\t\t\t\t\t\t\t\t\t\t\t\t<div class=\"date-author\">22 f\u00e9vrier 2022 par <a href=\"https:\/\/ibiworld.eu\/fr\/author\/ibi-world\/\" title=\"Articles par IBI World France\" rel=\"author\">IBI World France<\/a> <\/div>\n\t\t\t\t\t\t\t\t\t\t\t\t<div class=\"teaser-content\">\n\t\t\t\t\t\tEn 1957, le romancier anglais Nevil Shute a publi\u00e9 son chef-d&rsquo;\u0153uvre, \u00ab\u00a0Sur la plage\u00a0\u00bb. Une guerre atomique a eu lieu,...\t\t\t\t\t\t<\/div>\n\t\t\t\t\t\t\t\t\t\t\t\t<div class=\"clear\"><\/div>\n\t\t\t\t\t<\/li>\n\t\t\t\t\t\t\t\t<\/ul>\n\t\t\t<\/div><!-- end widget_recent_posts -->\n\t\t\t<\/div>[\/vc_column][\/vc_row]\n","protected":false},"excerpt":{"rendered":"<p>[vc_row][vc_column width=\u00a0\u00bb2\/3&Prime;][vc_empty_space height=\u00a0\u00bb63px\u00a0\u00bb][vc_column_text] \u00c9DITORIAL: LE DERNIER THULE, LE BOUT DE L&rsquo;HUMANITE \u00a0 Je n&rsquo;ose imaginer le visage du marin grec Pytheas, en 325 avant J.-C., lorsque, apr\u00e8s avoir franchi les piliers d&rsquo;Hercule et d\u00e9fi\u00e9 les dieux pour trouver des terres fertiles et riches en min\u00e9raux, il se<\/p>\n","protected":false},"author":1,"featured_media":0,"parent":0,"menu_order":0,"comment_status":"closed","ping_status":"closed","template":"page-FullWidth.php","meta":[],"_links":{"self":[{"href":"https:\/\/ibiworld.eu\/fr\/wp-json\/wp\/v2\/pages\/2136"}],"collection":[{"href":"https:\/\/ibiworld.eu\/fr\/wp-json\/wp\/v2\/pages"}],"about":[{"href":"https:\/\/ibiworld.eu\/fr\/wp-json\/wp\/v2\/types\/page"}],"author":[{"embeddable":true,"href":"https:\/\/ibiworld.eu\/fr\/wp-json\/wp\/v2\/users\/1"}],"replies":[{"embeddable":true,"href":"https:\/\/ibiworld.eu\/fr\/wp-json\/wp\/v2\/comments?post=2136"}],"version-history":[{"count":6,"href":"https:\/\/ibiworld.eu\/fr\/wp-json\/wp\/v2\/pages\/2136\/revisions"}],"predecessor-version":[{"id":2187,"href":"https:\/\/ibiworld.eu\/fr\/wp-json\/wp\/v2\/pages\/2136\/revisions\/2187"}],"wp:attachment":[{"href":"https:\/\/ibiworld.eu\/fr\/wp-json\/wp\/v2\/media?parent=2136"}],"curies":[{"name":"wp","href":"https:\/\/api.w.org\/{rel}","templated":true}]}}