{"id":20,"date":"2020-07-29T23:00:16","date_gmt":"2020-07-29T21:00:16","guid":{"rendered":"http:\/\/ibiworld.eu\/fr\/?page_id=20"},"modified":"2022-02-26T22:50:38","modified_gmt":"2022-02-26T21:50:38","slug":"projets","status":"publish","type":"page","link":"https:\/\/ibiworld.eu\/fr\/projets\/","title":{"rendered":"PROJETS"},"content":{"rendered":"[vc_row][vc_column width=\u00a0\u00bb2\/3&Prime;][vc_column_text]<img loading=\"lazy\" class=\"alignleft size-full wp-image-21\" src=\"https:\/\/ibiworld.eu\/fr\/wp-content\/uploads\/2020\/07\/Foto-Paolo.jpg\" alt=\"\" width=\"200\" height=\"200\" srcset=\"https:\/\/ibiworld.eu\/fr\/wp-content\/uploads\/2020\/07\/Foto-Paolo.jpg 200w, https:\/\/ibiworld.eu\/fr\/wp-content\/uploads\/2020\/07\/Foto-Paolo-150x150.jpg 150w, https:\/\/ibiworld.eu\/fr\/wp-content\/uploads\/2020\/07\/Foto-Paolo-100x100.jpg 100w\" sizes=\"(max-width: 200px) 100vw, 200px\" \/>Comprendre la r\u00e9alit\u00e9 est d\u00e9sormais une chim\u00e8re. Comme cela a toujours \u00e9t\u00e9 : la diff\u00e9rence est qu&rsquo;aujourd&rsquo;hui, tout le monde peut le voir. Le fait de ne pas savoir n&rsquo;est pas une information confidentielle pour Socrate, mais c&rsquo;est \u00e9vident pour chacun. Savoir que vous ne pouvez pas savoir, c&rsquo;est donc la grande d\u00e9sillusion qui a mis fin au r\u00eave de d\u00e9mocratie participative, d&rsquo;\u00e9mancipation, d&rsquo;\u00e9galit\u00e9 et de fraternit\u00e9. Deux cents ans apr\u00e8s la R\u00e9volution fran\u00e7aise, tout ce qui innovait dans cet \u00e9v\u00e9nement cataclysmique a \u00e9t\u00e9 ni\u00e9, an\u00e9anti, humili\u00e9.<\/p>\n<p>Comprendre quelles revendications sont cr\u00e9dibles dans des territoires cl\u00e9s tels que la science, la politique, l&rsquo;\u00e9conomie, la technologie militaire et la gestion du pouvoir, est aujourd&rsquo;hui tout aussi impossible que d&rsquo;utiliser le syst\u00e8me de repr\u00e9sentation d\u00e9mocratique (en votant), dans l&rsquo;espoir de changer, pour le mieux, le sort de la civilisation. La complexit\u00e9 a toujours exist\u00e9 : la diff\u00e9rence est qu&rsquo;aujourd&rsquo;hui, elle est utilis\u00e9e comme un marteau pour d\u00e9manteler toute croyance, car certaines pierres angulaires de l&rsquo;organisation sociale ont fait d\u00e9faut. Les dix commandements dict\u00e9s par Dieu \u00e0 Mo\u00efse, qui, pendant des si\u00e8cles (ind\u00e9pendamment de la doctrine religieuse avec laquelle ils ont \u00e9t\u00e9 impos\u00e9s), ont \u00e9t\u00e9 la base de la moralit\u00e9 du monde occidental (et pas seulement chr\u00e9tien), sont aujourd&rsquo;hui remis en question. Vous pouvez peut-\u00eatre le tuer. Peut-\u00eatre pouvez-vous voler d\u00e9shonorer vos parents, adorer les f\u00e9tiches, mentir, au nom d&rsquo;un individualisme sans la limite logique de l&rsquo;id\u00e9e initiale (ma libert\u00e9 s&rsquo;arr\u00eate l\u00e0, o\u00f9 je porte atteinte \u00e0 votre libert\u00e9 ou vous met en danger ou menace), ce qui est la partie la plus enfantine de l&rsquo;\u00e9go\u00efsme.<\/p>\n<p>La prudence, l&rsquo;\u00e9quit\u00e9, le courage civil, le sens de la justice, l&rsquo;honn\u00eatet\u00e9, le doute sont enseign\u00e9s comme des faiblesses et v\u00e9cues comme telles. L&rsquo;arrogance (qui est synonyme d&rsquo;ignorance suffisante), la paresse, la violence (en particulier celle qui vient de la peur qui, \u00e0 son tour, est presque toujours l&rsquo;ignorance), la luxure (qui est l&rsquo;utilisation de la sexualit\u00e9 comme instrument de pouvoir, et pas le plaisir), l&rsquo;envie, la col\u00e8re et l&rsquo;avarice sont soudain non seulement des qualit\u00e9s acceptables, mais bien vues. L&rsquo;\u00c9glise chr\u00e9tienne, avec son hypocrisie cynique, est l&rsquo;un des principaux responsables de ce changement profond et apparemment irr\u00e9parable.<\/p>\n<p>Cette subversion des valeurs avait une signification r\u00e9volutionnaire. Aujourd&rsquo;hui, comme \u00e0 la fin des ann\u00e9es 1920, une grande partie de la population pr\u00e9f\u00e8re un an\u00e9antissement de l&rsquo;Holocauste, une dictature bureaucratique, cynique et sadique \u00e0 une d\u00e9mocratie complexe dans laquelle on ne comprend pas quelle est la solution des probl\u00e8mes, on ne croit pas qu&rsquo;il existe des mouvements politiques qui connaissent cette r\u00e9ponse et l&rsquo;appliquer, on per\u00e7oit le fait d&rsquo;\u00eatre compl\u00e8tement impuissant et, surtout au cours des vingt derni\u00e8res ann\u00e9es, \u00e0 la merci des conditions du pouvoir politique, \u00e9conomique et militaire, et compl\u00e8tement subjugu\u00e9, dans l&rsquo;expression de leurs opinions, \u00e0 une machine de pouvoir de plus en plus efficace, de plus en plus invasive, de plus en plus meurtri\u00e8re. Faire un geste de d\u00e9fi aujourd&rsquo;hui n&rsquo;a pas de sens. Les complots ne fonctionnent que si le pouvoir les soutient (pour des raisons que nous ne saurons jamais) ; les actes de d\u00e9fi, m\u00eame ceux sensationnels comme se mettant le feu pour protester, sont pervertis vers autre chose, interpr\u00e9t\u00e9s par le syst\u00e8me m\u00e9diatique comme quelque chose de pervers, dangereux, ignoble.<\/p>\n<p>Cela ne vous jamais fait pas croire que la quasi-totalit\u00e9 de l&rsquo;humanit\u00e9 ne souhaite que l&rsquo;\u00e9go\u00efsme, l&rsquo;infantilisme, l&rsquo;ignorance et la destruction. Au contraire, comme l&rsquo;\u00e9crit l&rsquo;intellectuel italien Enrico Cisnetto<a href=\"#_ftn1\" name=\"_ftnref1\">[1]<\/a>, la grande majorit\u00e9, au moins en Europe, croit aux m\u00eames valeurs qu&rsquo;il y a soixante-dix ans &#8211; mais n&rsquo;a plus de repr\u00e9sentation politique, est exclue de la comp\u00e9tition \u00e9lectorale, sa culture est exclue des circuits officiels, l&rsquo;information l&rsquo;ignore. Nous vivons, en somme, dans une dictature de quelques imb\u00e9ciles, des imb\u00e9ciles sanglants et de leurs seigneurs f\u00e9odaux.<\/p>\n<p>Cette \u00e9volution avait \u00e9t\u00e9 pr\u00e9dite par de nombreux intellectuels il y a d\u00e9j\u00e0 soixante ans. En 1974, le po\u00e8te italien Giorgio Gaber, qui a qualifi\u00e9 la d\u00e9mocratie de \u00ab superstition \u00bb <a href=\"#_ftn2\" name=\"_ftnref2\">[2]<\/a>, commentant le d\u00e9veloppement de la soci\u00e9t\u00e9 am\u00e9ricaine, a d\u00e9clar\u00e9 : \u00ab La libert\u00e9 semble \u00e0 la port\u00e9e de tous, comme la guitare. Tout le monde sonne comme il veut, mais tout le monde sonne comme l&rsquo;exige la libert\u00e9 \u00bb <a href=\"#_ftn3\" name=\"_ftnref3\">[3]<\/a>. Malheureusement, c&rsquo;est exactement ce qui s&rsquo;est produit. Aujourd&rsquo;hui, quiconque souhaite protester ne trouve aucun \u00e9cho. De nombreuses personnes qui manifestent dans la rue ne savent pas exactement quoi proposer et sont instrumentalis\u00e9es pour augmenter le niveau de peur de la population. Si, d&rsquo;une part, l&rsquo;\u00e9go\u00efsme cynique et non empathique est pr\u00e9conis\u00e9 comme valeur fondatrice de l&rsquo;humanit\u00e9, d&rsquo;autre part, les pr\u00e9ceptes de la g\u00e9opolitique sont utilis\u00e9s, qui sont le rendu conceptuel de l&rsquo;annihilation de la libert\u00e9 personnelle. La g\u00e9opolitique dit : l&rsquo;Allemagne pense \u00e7a, la Turquie croie \u00e7a, la Chine dit \u00e7a. Comme si elles \u00e9taient d\u00e9limit\u00e9es et coh\u00e9rentes. Comme s&rsquo;il n&rsquo;\u00e9tait pas \u00e9vident qu&rsquo;au sein d&rsquo;une communaut\u00e9, il est impossible qu&rsquo;il y ait 80 millions d&rsquo;Allemands qui pensent de la m\u00eame mani\u00e8re sur n&rsquo;importe quel sujet.<\/p>\n<p>Mark Birdsall, fondateur et r\u00e9dacteur en chef de Eye Spy Magazine, le magazine d&rsquo;espionnage le plus ancien, et le plus r\u00e9put\u00e9, en 2013, dans son essai \u00ab\u00a0The Future of Intelligence in the 21<sup>st<\/sup> Century\u00a0\u00bb, a \u00e9crit que l&rsquo;espionnage militaire et industriel du pass\u00e9 n&rsquo;est plus n\u00e9cessaire pour expliquer la r\u00e9alit\u00e9, r\u00e9v\u00e9ler des secrets, mais uniquement pour identifier les cibles \u00e0 frapper aveugl\u00e9ment, sans se soucier des cons\u00e9quences. Aujourd&rsquo;hui &#8211; \u00e9crit-il &#8211; les informations abondent partout, elles ne sont plus cach\u00e9es, mais il y en a tellement qu&rsquo;il est presque impossible de les rassembler, de les analyser, de les expliquer. Ainsi, il conclut Birdsall, sur les dix sp\u00e9cialisations d&rsquo;espionnage, une seule aide \u00e0 comprendre le monde, c&rsquo;est-\u00e0-dire l&rsquo;analyse des connaissances publiques et disponibles, ce qu&rsquo;il appelle l&rsquo;Open Source Intelligence<a href=\"#_ftn4\" name=\"_ftnref4\">[4]<\/a>. Eh bien, c&rsquo;est ce que nous essayons de faire. Pour nous, pour tous ceux qui ont la patience de nous lire, pour ceux qui sont aujourd&rsquo;hui au d\u00e9but de leur parcours d&rsquo;information et, miraculeusement, conservent les grandes vertus constitutives d&rsquo;un \u00eatre humain : curiosit\u00e9, empathie, solidarit\u00e9, perception de la justice et le plus grand, le plus dangereux, le plus combattu et le plus cher de tous les biens. La libert\u00e9.<\/p>\n<p><a href=\"#_ftnref1\" name=\"_ftn1\">[1]<\/a> <a href=\"https:\/\/www.pensalibero.it\/tornare-indietro-o-andare-avanti\/\">https:\/\/www.pensalibero.it\/tornare-indietro-o-andare-avanti\/<\/a><\/p>\n<p><a href=\"#_ftnref2\" name=\"_ftn2\">[2]<\/a> Giorgio Gaber, Sergio Luporini. \u201c<em>Io se fossi Dio<\/em>\u201d, F1Team, Milano 1980<\/p>\n<p><a href=\"#_ftnref3\" name=\"_ftn3\">[3]<\/a> Giorgio Gaber, Sergio Luporini, \u201c<em>L\u2019America<\/em>\u201d, in \u201c<em>Libert\u00e0 obbligatoria<\/em>\u201d, Carosello, Milano 1976<\/p>\n<p><a href=\"#_ftnref4\" name=\"_ftn4\">[4]<\/a> Mark Birdsall, \u201c<em>The future of Intelligence in the 21<sup>st<\/sup> Century<\/em>\u201d, The Emirates Center for Strategic Studies &amp; Research, Abu Dhabi 2013, page 3. Available at <a href=\"https:\/\/www.ecssr.ae\/wp-content\/themes\/ecssr-child\/split\/100-The-Future-of-Intelligence-in-the-21st-Century_Preview.pdf\">https:\/\/www.ecssr.ae\/wp-content\/themes\/ecssr-child\/split\/100-The-Future-of-Intelligence-in-the-21st-Century_Preview.pdf<\/a>[\/vc_column_text][\/vc_column][vc_column width=\u00a0\u00bb1\/3&Prime;][vc_column_text]<form  class=\"is-search-form is-form-style is-form-style-3 is-form-id-367 \" action=\"https:\/\/ibiworld.eu\/fr\/\" method=\"get\" role=\"search\" ><label for=\"is-search-input-367\"><span class=\"is-screen-reader-text\">Search for:<\/span><input  type=\"search\" id=\"is-search-input-367\" name=\"s\" value=\"\" class=\"is-search-input\" placeholder=\"CHERCHE ICI... \" autocomplete=off \/><\/label><button type=\"submit\" class=\"is-search-submit\"><span class=\"is-screen-reader-text\">Search Button<\/span><span class=\"is-search-icon\"><svg focusable=\"false\" aria-label=\"Search\" xmlns=\"http:\/\/www.w3.org\/2000\/svg\" viewBox=\"0 0 24 24\" width=\"24px\"><path d=\"M15.5 14h-.79l-.28-.27C15.41 12.59 16 11.11 16 9.5 16 5.91 13.09 3 9.5 3S3 5.91 3 9.5 5.91 16 9.5 16c1.61 0 3.09-.59 4.23-1.57l.27.28v.79l5 4.99L20.49 19l-4.99-5zm-6 0C7.01 14 5 11.99 5 9.5S7.01 5 9.5 5 14 7.01 14 9.5 11.99 14 9.5 14z\"><\/path><\/svg><\/span><\/button><input type=\"hidden\" name=\"id\" value=\"367\" \/><\/form>[\/vc_column_text][vc_wp_categories title=\u00a0\u00bbARCHIVER\u00a0\u00bb options=\u00a0\u00bbdropdown,count,hierarchical\u00a0\u00bb]<div class=\"widget widget_latest_posts\">\t\t\t<div class=\"latest_posts\">\n\t\t\t<ul class=\"small-thumb\">\n\t\t\t\t\t\t\t\t\t<li>\n\t\t\t\t\t\t<div class=\"small-custom-frame-wrapper alignleft\"><div class=\"custom-frame-inner-wrapper\"><div class=\"custom-frame-padding\"><a href=\"https:\/\/ibiworld.eu\/fr\/2023\/08\/02\/mohammed-bedjaoui-et-la-corruption-au-tribunal-de-la-haye\/\" title=\"MOHAMMED BEDJAOUI ET LA CORRUPTION AU TRIBUNAL DE LA HAYE\"><img src=\"https:\/\/ibiworld.eu\/fr\/wp-content\/uploads\/2023\/08\/FRA020-01-60x60_c.jpg\" width=\"60\" height=\"60\" alt=\"MOHAMMED BEDJAOUI ET LA CORRUPTION AU TRIBUNAL DE LA HAYE\" \/><\/a><\/div><\/div><\/div>\t\t\t\t\t\t<a class=\"teaser-title\" title=\"MOHAMMED BEDJAOUI ET LA CORRUPTION AU TRIBUNAL DE LA HAYE\" href=\"https:\/\/ibiworld.eu\/fr\/2023\/08\/02\/mohammed-bedjaoui-et-la-corruption-au-tribunal-de-la-haye\/\">MOHAMMED BEDJAOUI ET LA CORRUPTION AU TRIBUNAL DE LA HAYE<\/a>\n\t\t\t\t\t\t\t\t\t\t\t\t\t\t\t\t\t\t\t\t\t\t\t\t\t\t\t<div class=\"date-author\">2 ao\u00fbt 2023 par <a href=\"https:\/\/ibiworld.eu\/fr\/author\/ibi-world\/\" title=\"Articles par IBI World France\" rel=\"author\">IBI World France<\/a> <\/div>\n\t\t\t\t\t\t\t\t\t\t\t\t<div class=\"teaser-content\">\n\t\t\t\t\t\tLa Cour internationale de justice a \u00e9t\u00e9 fond\u00e9e en 1945 \u00e0 La Haye (Den Haag), aux Pays-Bas, avec le r\u00eave...\t\t\t\t\t\t<\/div>\n\t\t\t\t\t\t\t\t\t\t\t\t<div class=\"clear\"><\/div>\n\t\t\t\t\t<\/li>\n\t\t\t\t\t\t\t\t\t\t<li>\n\t\t\t\t\t\t<div class=\"small-custom-frame-wrapper alignleft\"><div class=\"custom-frame-inner-wrapper\"><div class=\"custom-frame-padding\"><a href=\"https:\/\/ibiworld.eu\/fr\/2023\/07\/31\/les-russes-conquierent-egalement-le-niger\/\" title=\"LES RUSSES CONQUI\u00c8RENT \u00c9GALEMENT LE NIGER\"><img src=\"https:\/\/ibiworld.eu\/fr\/wp-content\/uploads\/2023\/07\/FRA034-01-60x60_c.jpg\" width=\"60\" height=\"60\" alt=\"LES RUSSES CONQUI\u00c8RENT \u00c9GALEMENT LE NIGER\" \/><\/a><\/div><\/div><\/div>\t\t\t\t\t\t<a class=\"teaser-title\" title=\"LES RUSSES CONQUI\u00c8RENT \u00c9GALEMENT LE NIGER\" href=\"https:\/\/ibiworld.eu\/fr\/2023\/07\/31\/les-russes-conquierent-egalement-le-niger\/\">LES RUSSES CONQUI\u00c8RENT \u00c9GALEMENT LE NIGER<\/a>\n\t\t\t\t\t\t\t\t\t\t\t\t\t\t\t\t\t\t\t\t\t\t\t\t\t\t\t<div class=\"date-author\">31 juillet 2023 par <a href=\"https:\/\/ibiworld.eu\/fr\/author\/ibi-world\/\" title=\"Articles par IBI World France\" rel=\"author\">IBI World France<\/a> <\/div>\n\t\t\t\t\t\t\t\t\t\t\t\t<div class=\"teaser-content\">\n\t\t\t\t\t\tComme \u00e0 l&rsquo;\u00e9poque de la guerre froide, la confrontation entre l&rsquo;Est et l&rsquo;Ouest ne se d\u00e9roule pas seulement \u00e0 la...\t\t\t\t\t\t<\/div>\n\t\t\t\t\t\t\t\t\t\t\t\t<div class=\"clear\"><\/div>\n\t\t\t\t\t<\/li>\n\t\t\t\t\t\t\t\t\t\t<li>\n\t\t\t\t\t\t<div class=\"small-custom-frame-wrapper alignleft\"><div class=\"custom-frame-inner-wrapper\"><div class=\"custom-frame-padding\"><a href=\"https:\/\/ibiworld.eu\/fr\/2023\/05\/15\/vie-et-miracles-dun-mercenaire-dans-la-guerre-mediatique\/\" title=\"VIE ET MIRACLES D&rsquo;UN MERCENAIRE DANS LA GUERRE MEDIATIQUE\"><img src=\"https:\/\/ibiworld.eu\/fr\/wp-content\/uploads\/2023\/05\/FRA032-01-60x60_c.jpg\" width=\"60\" height=\"60\" alt=\"VIE ET MIRACLES D&#039;UN MERCENAIRE DANS LA GUERRE MEDIATIQUE\" \/><\/a><\/div><\/div><\/div>\t\t\t\t\t\t<a class=\"teaser-title\" title=\"VIE ET MIRACLES D&rsquo;UN MERCENAIRE DANS LA GUERRE MEDIATIQUE\" href=\"https:\/\/ibiworld.eu\/fr\/2023\/05\/15\/vie-et-miracles-dun-mercenaire-dans-la-guerre-mediatique\/\">VIE ET MIRACLES D&rsquo;UN MERCENAIRE DANS LA GUERRE MEDIATIQUE<\/a>\n\t\t\t\t\t\t\t\t\t\t\t\t\t\t\t\t\t\t\t\t\t\t\t\t\t\t\t<div class=\"date-author\">15 mai 2023 par <a href=\"https:\/\/ibiworld.eu\/fr\/author\/ibi-world\/\" title=\"Articles par IBI World France\" rel=\"author\">IBI World France<\/a> <\/div>\n\t\t\t\t\t\t\t\t\t\t\t\t<div class=\"teaser-content\">\n\t\t\t\t\t\tPeut-\u00eatre avons-nous \u00e9t\u00e9 trop pessimistes. Peut-\u00eatre que, dans l&rsquo;oc\u00e9an d&rsquo;informations qui noie le r\u00e9seau, \u00e0 c\u00f4t\u00e9 d&rsquo;informations d\u00e9lib\u00e9r\u00e9ment fausses, il...\t\t\t\t\t\t<\/div>\n\t\t\t\t\t\t\t\t\t\t\t\t<div class=\"clear\"><\/div>\n\t\t\t\t\t<\/li>\n\t\t\t\t\t\t\t\t<\/ul>\n\t\t\t<\/div><!-- end widget_recent_posts -->\n\t\t\t<\/div><div class=\"widget widget_latest_posts\">\t\t\t<div class=\"latest_posts\">\n\t\t\t<ul class=\"small-thumb\">\n\t\t\t\t\t\t\t\t\t<li>\n\t\t\t\t\t\t<div class=\"small-custom-frame-wrapper alignleft\"><div class=\"custom-frame-inner-wrapper\"><div class=\"custom-frame-padding\"><a href=\"https:\/\/ibiworld.eu\/fr\/2023\/08\/25\/assassine-prigozhin-et-maintenant\/\" title=\"ASSASSIN\u00c9 PRIGOZHIN. ET MAINTENANT?\"><img src=\"https:\/\/ibiworld.eu\/fr\/wp-content\/uploads\/2023\/08\/RUS035-01-60x60_c.jpg\" width=\"60\" height=\"60\" alt=\"ASSASSIN\u00c9 PRIGOZHIN. ET MAINTENANT?\" \/><\/a><\/div><\/div><\/div>\t\t\t\t\t\t<a class=\"teaser-title\" title=\"ASSASSIN\u00c9 PRIGOZHIN. ET MAINTENANT?\" href=\"https:\/\/ibiworld.eu\/fr\/2023\/08\/25\/assassine-prigozhin-et-maintenant\/\">ASSASSIN\u00c9 PRIGOZHIN. ET MAINTENANT?<\/a>\n\t\t\t\t\t\t\t\t\t\t\t\t\t\t\t\t\t\t\t\t\t\t\t\t\t\t\t<div class=\"date-author\">25 ao\u00fbt 2023 par <a href=\"https:\/\/ibiworld.eu\/fr\/author\/ibi-world-russie\/\" title=\"Articles par IBI World Russie\" rel=\"author\">IBI World Russie<\/a> <\/div>\n\t\t\t\t\t\t\t\t\t\t\t\t<div class=\"teaser-content\">\n\t\t\t\t\t\tL&rsquo;\u00e9pave en feu que l&rsquo;on voit sur cette photo est celle du jet priv\u00e9 de Yevgheny Prigozhin, le chef des...\t\t\t\t\t\t<\/div>\n\t\t\t\t\t\t\t\t\t\t\t\t<div class=\"clear\"><\/div>\n\t\t\t\t\t<\/li>\n\t\t\t\t\t\t\t\t\t\t<li>\n\t\t\t\t\t\t<div class=\"small-custom-frame-wrapper alignleft\"><div class=\"custom-frame-inner-wrapper\"><div class=\"custom-frame-padding\"><a href=\"https:\/\/ibiworld.eu\/fr\/2023\/08\/20\/omega-risk-la-reconciliation-des-mercenaires\/\" title=\"OMEGA RISK, LA RECONCILIATION DES MERCENAIRES\"><img src=\"https:\/\/ibiworld.eu\/fr\/wp-content\/uploads\/2023\/08\/SVE020-01-60x60_c.jpg\" width=\"60\" height=\"60\" alt=\"OMEGA RISK, LA RECONCILIATION DES MERCENAIRES\" \/><\/a><\/div><\/div><\/div>\t\t\t\t\t\t<a class=\"teaser-title\" title=\"OMEGA RISK, LA RECONCILIATION DES MERCENAIRES\" href=\"https:\/\/ibiworld.eu\/fr\/2023\/08\/20\/omega-risk-la-reconciliation-des-mercenaires\/\">OMEGA RISK, LA RECONCILIATION DES MERCENAIRES<\/a>\n\t\t\t\t\t\t\t\t\t\t\t\t\t\t\t\t\t\t\t\t\t\t\t\t\t\t\t<div class=\"date-author\">20 ao\u00fbt 2023 par <a href=\"https:\/\/ibiworld.eu\/fr\/author\/ibi-world-suede\/\" title=\"Articles par IBI World Suede\" rel=\"author\">IBI World Suede<\/a> <\/div>\n\t\t\t\t\t\t\t\t\t\t\t\t<div class=\"teaser-content\">\n\t\t\t\t\t\tTrente ans apr\u00e8s la fin de l&rsquo;apartheid, l&rsquo;Afrique du Sud reste un immense laboratoire \u00e0 ciel ouvert de ce que...\t\t\t\t\t\t<\/div>\n\t\t\t\t\t\t\t\t\t\t\t\t<div class=\"clear\"><\/div>\n\t\t\t\t\t<\/li>\n\t\t\t\t\t\t\t\t\t\t<li>\n\t\t\t\t\t\t<div class=\"small-custom-frame-wrapper alignleft\"><div class=\"custom-frame-inner-wrapper\"><div class=\"custom-frame-padding\"><a href=\"https:\/\/ibiworld.eu\/fr\/2023\/08\/14\/le-belucistan-un-autre-massacre-oublie\/\" title=\"LE BELUCISTAN, UN AUTRE MASSACRE OUBLIE\"><img src=\"https:\/\/ibiworld.eu\/fr\/wp-content\/uploads\/2023\/08\/JPN023-01-60x60_c.jpg\" width=\"60\" height=\"60\" alt=\"LE BELUCISTAN, UN AUTRE MASSACRE OUBLIE\" \/><\/a><\/div><\/div><\/div>\t\t\t\t\t\t<a class=\"teaser-title\" title=\"LE BELUCISTAN, UN AUTRE MASSACRE OUBLIE\" href=\"https:\/\/ibiworld.eu\/fr\/2023\/08\/14\/le-belucistan-un-autre-massacre-oublie\/\">LE BELUCISTAN, UN AUTRE MASSACRE OUBLIE<\/a>\n\t\t\t\t\t\t\t\t\t\t\t\t\t\t\t\t\t\t\t\t\t\t\t\t\t\t\t<div class=\"date-author\">14 ao\u00fbt 2023 par <a href=\"https:\/\/ibiworld.eu\/fr\/author\/ibi-world-japon\/\" title=\"Articles par IBI World Japon\" rel=\"author\">IBI World Japon<\/a> <\/div>\n\t\t\t\t\t\t\t\t\t\t\t\t<div class=\"teaser-content\">\n\t\t\t\t\t\tSir Walter Raleigh, navigateur et po\u00e8te anglais ayant v\u00e9cu vers le milieu du XVIe si\u00e8cle, a d\u00e9clar\u00e9 : \u00ab\u00a0Celui qui...\t\t\t\t\t\t<\/div>\n\t\t\t\t\t\t\t\t\t\t\t\t<div class=\"clear\"><\/div>\n\t\t\t\t\t<\/li>\n\t\t\t\t\t\t\t\t\t\t<li>\n\t\t\t\t\t\t<div class=\"small-custom-frame-wrapper alignleft\"><div class=\"custom-frame-inner-wrapper\"><div class=\"custom-frame-padding\"><a href=\"https:\/\/ibiworld.eu\/fr\/2023\/08\/14\/moscou-a-un-nouveau-boucher-en-chef\/\" title=\"MOSCOU A UN NOUVEAU BOUCHER EN CHEF\"><img src=\"https:\/\/ibiworld.eu\/fr\/wp-content\/uploads\/2023\/08\/RUS032-01-60x60_c.jpg\" width=\"60\" height=\"60\" alt=\"MOSCOU A UN NOUVEAU BOUCHER EN CHEF\" \/><\/a><\/div><\/div><\/div>\t\t\t\t\t\t<a class=\"teaser-title\" title=\"MOSCOU A UN NOUVEAU BOUCHER EN CHEF\" href=\"https:\/\/ibiworld.eu\/fr\/2023\/08\/14\/moscou-a-un-nouveau-boucher-en-chef\/\">MOSCOU A UN NOUVEAU BOUCHER EN CHEF<\/a>\n\t\t\t\t\t\t\t\t\t\t\t\t\t\t\t\t\t\t\t\t\t\t\t\t\t\t\t<div class=\"date-author\">14 ao\u00fbt 2023 par <a href=\"https:\/\/ibiworld.eu\/fr\/author\/ibi-world-russie\/\" title=\"Articles par IBI World Russie\" rel=\"author\">IBI World Russie<\/a> <\/div>\n\t\t\t\t\t\t\t\t\t\t\t\t<div class=\"teaser-content\">\n\t\t\t\t\t\tMaxim Shugaley, sociologue russe devenu c\u00e9l\u00e8bre gr\u00e2ce aux films r\u00e9alis\u00e9s sur sa m\u00e9saventure en Libye, est le nouveau chef du...\t\t\t\t\t\t<\/div>\n\t\t\t\t\t\t\t\t\t\t\t\t<div class=\"clear\"><\/div>\n\t\t\t\t\t<\/li>\n\t\t\t\t\t\t\t\t<\/ul>\n\t\t\t<\/div><!-- end widget_recent_posts -->\n\t\t\t<\/div>[vc_column_text]\n<h2 style=\"text-align: center;\"><span class=\"tlid-translation translation\" lang=\"fr\"><span class=\"\" title=\"\">CAT\u00c9GORIES<\/span><\/span><\/h2>\n<p>&nbsp;<\/p>\n<h3><a href=\"https:\/\/ibiworld.eu\/fr\/category\/geopolitique\/\"><span class=\"tlid-translation translation\" lang=\"fr\"><span class=\"\" title=\"\">G\u00c9OPOLITIQUE<\/span><\/span><\/a><\/h3>\n<h3><a href=\"https:\/\/ibiworld.eu\/fr\/category\/espionnage\/\">ESPIONNAGE<\/a><\/h3>\n<h3><a href=\"https:\/\/ibiworld.eu\/fr\/category\/science-et-technologie\/\">SCIENCE ET TECHNOLOGIE<\/a><\/h3>\n<h3><a href=\"https:\/\/ibiworld.eu\/fr\/category\/finance\/\">FINANCE<\/a><\/h3>\n<h3><a href=\"https:\/\/ibiworld.eu\/fr\/category\/industrie\/\">INDUSTRIE<\/a><\/h3>\n<h3><a href=\"https:\/\/ibiworld.eu\/fr\/category\/lobbyisme\/\">LOBBYISME<\/a><\/h3>\n<h3><a href=\"https:\/\/ibiworld.eu\/fr\/category\/militaire\/\">MILITAIRE<\/a><\/h3>\n<h3><a href=\"https:\/\/ibiworld.eu\/fr\/category\/droits-humains\/\">DROITS HUMAINS<\/a><\/h3>\n[\/vc_column_text][\/vc_column][\/vc_row]\n","protected":false},"excerpt":{"rendered":"<p>[vc_row][vc_column width=\u00a0\u00bb2\/3&Prime;][vc_column_text]Comprendre la r\u00e9alit\u00e9 est d\u00e9sormais une chim\u00e8re. Comme cela a toujours \u00e9t\u00e9 : la diff\u00e9rence est qu&rsquo;aujourd&rsquo;hui, tout le monde peut le voir. Le fait de ne pas savoir n&rsquo;est pas une information confidentielle pour Socrate, mais c&rsquo;est \u00e9vident pour chacun. Savoir que vous ne pouvez<\/p>\n","protected":false},"author":1,"featured_media":0,"parent":0,"menu_order":0,"comment_status":"closed","ping_status":"closed","template":"page-FullWidth.php","meta":[],"_links":{"self":[{"href":"https:\/\/ibiworld.eu\/fr\/wp-json\/wp\/v2\/pages\/20"}],"collection":[{"href":"https:\/\/ibiworld.eu\/fr\/wp-json\/wp\/v2\/pages"}],"about":[{"href":"https:\/\/ibiworld.eu\/fr\/wp-json\/wp\/v2\/types\/page"}],"author":[{"embeddable":true,"href":"https:\/\/ibiworld.eu\/fr\/wp-json\/wp\/v2\/users\/1"}],"replies":[{"embeddable":true,"href":"https:\/\/ibiworld.eu\/fr\/wp-json\/wp\/v2\/comments?post=20"}],"version-history":[{"count":16,"href":"https:\/\/ibiworld.eu\/fr\/wp-json\/wp\/v2\/pages\/20\/revisions"}],"predecessor-version":[{"id":2176,"href":"https:\/\/ibiworld.eu\/fr\/wp-json\/wp\/v2\/pages\/20\/revisions\/2176"}],"wp:attachment":[{"href":"https:\/\/ibiworld.eu\/fr\/wp-json\/wp\/v2\/media?parent=20"}],"curies":[{"name":"wp","href":"https:\/\/api.w.org\/{rel}","templated":true}]}}