{"id":1794,"date":"2022-01-04T23:38:58","date_gmt":"2022-01-04T22:38:58","guid":{"rendered":"https:\/\/ibiworld.eu\/fr\/?page_id=1794"},"modified":"2022-02-26T23:03:55","modified_gmt":"2022-02-26T22:03:55","slug":"laboratoire-afrique-du-sud","status":"publish","type":"page","link":"https:\/\/ibiworld.eu\/fr\/laboratoire-afrique-du-sud\/","title":{"rendered":"LABORATOIRE AFRIQUE DU SUD"},"content":{"rendered":"[vc_row][vc_column width=\u00a0\u00bb2\/3&Prime;][vc_empty_space height=\u00a0\u00bb63px\u00a0\u00bb][vc_column_text]<img loading=\"lazy\" class=\"aligncenter size-full wp-image-1795\" src=\"https:\/\/ibiworld.eu\/fr\/wp-content\/uploads\/2022\/01\/EDIT06.jpg\" alt=\"\" width=\"601\" height=\"406\" srcset=\"https:\/\/ibiworld.eu\/fr\/wp-content\/uploads\/2022\/01\/EDIT06.jpg 601w, https:\/\/ibiworld.eu\/fr\/wp-content\/uploads\/2022\/01\/EDIT06-300x203.jpg 300w\" sizes=\"(max-width: 601px) 100vw, 601px\" \/><\/p>\n<h3>\u00c9DITORIAL: <strong>LES ZOULOUS: LE PEUPLE-COBAYE HUMAIN ET LA DECADENCE DES ETATS-NATIONS<\/strong><\/h3>\n<p>&nbsp;<\/p>\n<p>A chaque \u00e9poque de la longue histoire de la civilisation humaine, il est arriv\u00e9 qu&rsquo;une zone particuli\u00e8re soit transform\u00e9e, pour des raisons d&rsquo;\u00e9quilibre \u00e9conomique et militaire, en un laboratoire \u00e0 ciel ouvert. C&rsquo;est le cas de l&rsquo;Italie du XVIIe au XIXe si\u00e8cle &#8211; une zone g\u00e9ographique \u00e9miett\u00e9e, fondamentalement sous le contr\u00f4le des grandes monarchies (Espagne, Autriche et France) qui, dans la p\u00e9ninsule, ont exp\u00e9riment\u00e9 diff\u00e9rents types d&rsquo;approches diplomatiques et militaires afin de maintenir le contr\u00f4le sur les Italiens rebelles, en essayant d&rsquo;\u00e9viter autant que possible les guerres civiles et les affrontements entre grandes puissances.<\/p>\n<p>L&rsquo;histoire du Risorgimento italien, qui a commenc\u00e9 avec le Congr\u00e8s de Vienne en 1815 et s&rsquo;est termin\u00e9e le 20 septembre 1870 avec la chute de Rome, a montr\u00e9 que la th\u00e9orie que Klemens Von Metternich et d&rsquo;autres avaient \u00e9labor\u00e9e \u00e0 la fin de la temp\u00eate napol\u00e9onienne ne r\u00e9siste pas \u00e0 la pratique : l&rsquo;Italie est devenue une nation et a toujours une histoire importante au sein de la communaut\u00e9 internationale. Le XXe si\u00e8cle est ensuite devenu un patchwork de laboratoires exp\u00e9rimentaux, principalement en raison de la guerre froide : la scission des Cor\u00e9es, celle du Vi\u00eat Nam, celle des deux Allemagnes, les guerres en Syrie, en Afghanistan et en Irak, et enfin la s\u00e9cession raciale interne de l&rsquo;Afrique du Sud &#8211; qui, malgr\u00e9 de profonds changements, dure depuis plus d&rsquo;un si\u00e8cle.<\/p>\n<p>En 1913, ann\u00e9e de l&rsquo;ind\u00e9pendance vis-\u00e0-vis du Royaume-Uni, le trait\u00e9 sign\u00e9 avec Londres pr\u00e9voyait l&rsquo;adh\u00e9sion au Commonwealth et la signature du Land Act : les Noirs n&rsquo;\u00e9taient pas autoris\u00e9s \u00e0 poss\u00e9der des maisons ou des terres, et n&rsquo;avaient pas le droit de vote : comme cela s&rsquo;\u00e9tait produit aux \u00c9tats-Unis \u00e0 la fin du XVIIIe si\u00e8cle, les indig\u00e8nes \u00e9taient enferm\u00e9s dans des r\u00e9serves et utilis\u00e9s uniquement comme main-d&rsquo;\u0153uvre pour les Blancs<a href=\"#_ftn1\" name=\"_ftnref1\">[1]<\/a>.<\/p>\n<style type=\"text\/css\" id=\"umsMapStyles_8_8500\">\r\n\t#ultimate_maps_8_8500 {\r\n        width: 100%;\r\n        height: 500px;\r\n\t        border: 0px solid ;\r\n        margin: 0px;\r\n    }\r\n\t#mapsControlsNum_8_8500 {\r\n\t\twidth:100%\t}\r\n\t.umsMapDetailsContainer#umsMapDetailsContainer_8_8500 {\r\n\t\theight:500px;\r\n\t}\r\n\t.ums_MapPreview#ultimate_maps_8_8500 {\r\n\t\t\/*position:absolute;*\/\r\n\t\twidth:100%;\r\n\t}\r\n\t#mapConElem_8_8500{\r\n\t\twidth:100%\t}\r\n\t<\/style>\r\n<div class=\"ums_map_opts\" id=\"mapConElem_8_8500\" data-id=\"8\" data-view-id=\"8_8500\" > <div class=\"umsMapDetailsContainer\" id=\"umsMapDetailsContainer_8_8500\"> <i class=\"umsKMLLayersPreloader fa fa-spinner fa-spin\" aria-hidden=\"true\" style=\"display: none;\"><\/i> <div class=\"ums_MapPreview \" id=\"ultimate_maps_8_8500\"><\/div> <\/div> <div class=\"umsMapMarkerFilters\" id=\"umsMapMarkerFilters_8_8500\"> <\/div> <div class=\"umsMapProControlsCon\" id=\"umsMapProControlsCon_8_8500\"> <\/div> <div class=\"umsMapProDirectionsCon\" id=\"umsMapProDirectionsCon_8_8500\" > <\/div> <div class=\"umsMapProKmlFilterCon\" id=\"umsMapProKmlFilterCon_8_8500\" > <\/div> <div class=\"umsSocialSharingShell umsSocialSharingShell_8_8500\"> <\/div> <div style=\"clear: both;\"><\/div> <\/div> \n<p>En 1948, l&rsquo;Afrique du Sud a adopt\u00e9 une loi encore plus stricte sur la s\u00e9gr\u00e9gation raciale, appel\u00e9e Apartheid. Avec cette loi, la plupart des droits constitutionnels des Noirs ont \u00e9t\u00e9 abolis, des mesures coercitives ont \u00e9t\u00e9 prises pour \u00e9viter les relations interraciales (m\u00eame au sein de la communaut\u00e9 noire, entre Bantous et Zoulous) et de cette fa\u00e7on, pendant un demi-si\u00e8cle, la minorit\u00e9 blanche a g\u00e9r\u00e9 la nation enti\u00e8re comme une terrible prison, dans laquelle il suffisait de peu de choses pour finir par \u00eatre tu\u00e9 ou condamn\u00e9 aux travaux forc\u00e9s \u00e0 perp\u00e9tuit\u00e9<a href=\"#_ftn2\" name=\"_ftnref2\">[2]<\/a>.<\/p>\n<p>Au cours de ce si\u00e8cle, non seulement l&rsquo;Afrique, mais le monde entier a profond\u00e9ment chang\u00e9. Quand, en 1989, nous arrivons \u00e0 l&rsquo;effondrement de l&rsquo;Union sovi\u00e9tique et \u00e0 sa fragmentation interne et externe (avec la fin de sa sph\u00e8re d&rsquo;influence internationale), nous d\u00e9couvrons douloureusement que la le\u00e7on de la Seconde Guerre mondiale n&rsquo;a pas \u00e9t\u00e9 apprise, ou a \u00e9t\u00e9 oubli\u00e9e : la guerre civile yougoslave montre que les groupes ethniques sont plus forts que les int\u00e9r\u00eats nationaux, et cela est encore plus vrai pour le continent noir, o\u00f9 les fronti\u00e8res nationales ont \u00e9t\u00e9 trac\u00e9es au crayon et \u00e0 la r\u00e8gle au cours des si\u00e8cles de colonialisme, sans tenir compte de la r\u00e9alit\u00e9 des populations indig\u00e8nes.<\/p>\n<p><strong><img loading=\"lazy\" class=\"aligncenter size-full wp-image-1815\" src=\"https:\/\/ibiworld.eu\/fr\/wp-content\/uploads\/2022\/01\/EDIT06-02.jpg\" alt=\"\" width=\"792\" height=\"990\" srcset=\"https:\/\/ibiworld.eu\/fr\/wp-content\/uploads\/2022\/01\/EDIT06-02.jpg 792w, https:\/\/ibiworld.eu\/fr\/wp-content\/uploads\/2022\/01\/EDIT06-02-240x300.jpg 240w, https:\/\/ibiworld.eu\/fr\/wp-content\/uploads\/2022\/01\/EDIT06-02-768x960.jpg 768w, https:\/\/ibiworld.eu\/fr\/wp-content\/uploads\/2022\/01\/EDIT06-02-600x750.jpg 600w\" sizes=\"(max-width: 792px) 100vw, 792px\" \/>24 juin 1995 : le pr\u00e9sident Nelson Mandela, portant la casquette et le maillot des Springboks, serre la main du capitaine de l&rsquo;\u00e9quipe championne du monde, Fran\u00e7ois Pienaar<\/strong><a href=\"#_ftn3\" name=\"_ftnref3\"><strong>[3]<\/strong><\/a><\/p>\n<p>L&rsquo;Afrique du Sud est l&rsquo;un des premiers pays \u00e0 subir un profond changement : apr\u00e8s les ann\u00e9es de f\u00e9rocit\u00e9 raciste du pr\u00e9sident Pieter Willem Botha, surnomm\u00e9 le Grand Crocodile, le nouveau pr\u00e9sident Frederik Willem De Klerk d\u00e9cide que, pour que l&rsquo;\u00e9conomie survive, il est n\u00e9cessaire de mettre fin \u00e0 l&#8217;embargo international qui p\u00e8se depuis des ann\u00e9es sur le bien-\u00eatre de la nation. Inaugurant une phase de transition, il entame des n\u00e9gociations avec Nelson Mandela, le repr\u00e9sentant le plus c\u00e9l\u00e8bre et le plus mod\u00e9r\u00e9 de l&rsquo;ANC &#8211; l&rsquo;organisation qui rassemble toutes les tribus noires d&rsquo;Afrique du Sud luttant pour la libert\u00e9.<\/p>\n<p>Mandela est en prison depuis pr\u00e8s de 28 ans : marxiste, fier membre de la famille royale Thembu, de la tribu Xhosa, il a form\u00e9 en 1990, avec De Klerk, le premier gouvernement interracial, au cours duquel il s&rsquo;est surtout battu pour la condamnation des bourreaux de l&rsquo;apartheid, mais aussi pour cr\u00e9er les conditions d&rsquo;une nation dans laquelle Blancs, Bantous et Zoulous pourraient coexister en paix<a href=\"#_ftn4\" name=\"_ftnref4\">[4]<\/a>. Cela implique une s\u00e9rie d&rsquo;actions proactives et de compromis, racont\u00e9s (en partie) de mani\u00e8re \u00e9pique et romantique dans le film \u00ab\u00a0Invictus\u00a0\u00bb de Clint Eastwood, qui raconte la Coupe du monde de rugby de 1995, remport\u00e9e contre toute attente par une \u00e9quipe nationale sud-africaine mixte, pour la premi\u00e8re fois sous les couleurs du nouveau drapeau arc-en-ciel<a href=\"#_ftn5\" name=\"_ftnref5\">[5]<\/a>.<\/p>\n<p>L&rsquo;exp\u00e9rience la plus complexe introduite dans la nouvelle constitution pr\u00e9par\u00e9e par l&rsquo;ANC (d\u00e9sormais un parti politique l\u00e9gitime) et le nouveau Parti d\u00e9mocratique (dirig\u00e9 par des Blancs) consiste \u00e0 ajouter un quatri\u00e8me pouvoir au pouvoir l\u00e9gislatif du Parlement, au pouvoir ex\u00e9cutif du gouvernement et au pouvoir judiciaire du pouvoir judiciaire : le pouvoir monarchique. De plus en plus, \u00e0 partir de 1994, la Maison royale zouloue, dirig\u00e9e par le roi Goodwill Zwelithini, en fonction de 1969 \u00e0 sa mort (2021), a acquis un droit de veto sur de nombreuses d\u00e9cisions parlementaires (notamment celles qui concernent la province du KwaZulu-Natal, au sein de laquelle la monarchie a son centre)<a href=\"#_ftn6\" name=\"_ftnref6\">[6]<\/a>. Il a fond\u00e9 son propre parti (IFP Inkatha Freedom Party<a href=\"#_ftn7\" name=\"_ftnref7\">[7]<\/a>), obtenu des lois (Black Empowerment Laws<a href=\"#_ftn8\" name=\"_ftnref8\">[8]<\/a>) pour la redistribution des b\u00e9n\u00e9fices des multinationales et cr\u00e9\u00e9 sa propre fondation, l&rsquo;Ingonyama Trust<a href=\"#_ftn9\" name=\"_ftnref9\">[9]<\/a>, pour g\u00e9rer son immense richesse au m\u00e9pris (souvent) des lois de l&rsquo;\u00c9tat<a href=\"#_ftn10\" name=\"_ftnref10\">[10]<\/a>.<\/p>\n<p>Mandela est mort avant d&rsquo;assister \u00e0 l&rsquo;effondrement de ce qu&rsquo;il avait, avec amour, patience, intelligence et mod\u00e9ration, tant contribu\u00e9 \u00e0 cr\u00e9er : un pays moderne et occidental dirig\u00e9 par des Africains en harmonie avec les descendants des colonialistes blancs. Apr\u00e8s des ann\u00e9es de crise dues \u00e0 la corruption profonde des dirigeants de l&rsquo;ANC, les neuf ann\u00e9es de pr\u00e9sidence de Jacob Zuma ont \u00e9t\u00e9 l&rsquo;aboutissement d&rsquo;une parabole descendante : repr\u00e9sentant de la tribu zouloue des Msholozi, Zuma a transform\u00e9 le pouvoir du crime organis\u00e9 en un pouvoir alternatif \u00e0 celui de l&rsquo;\u00c9tat. Apr\u00e8s avoir perdu les \u00e9lections de 2018, et surtout apr\u00e8s la mort du roi Zwelithini, Zuma a lanc\u00e9 un programme ambitieux et r\u00e9voltant pour prendre le pouvoir, renoncer \u00e0 la d\u00e9mocratie, exploiter toutes les tensions internes afin de construire un nouvel empire.<\/p>\n<p>Cela ne se fait pas sans retour de b\u00e2ton : m\u00eame les multinationales \u00e9trang\u00e8res, qui exigent g\u00e9n\u00e9ralement la stabilit\u00e9 et, pour cette raison, aiment souvent les r\u00e9gimes dictatoriaux, se retrouvent aujourd&rsquo;hui sous le chantage de bandes d&rsquo;une violence barbare qui, sans aucun contr\u00f4le, r\u00e8gnent, menacent et tuent. La communaut\u00e9 d\u00e9mocratique, notamment en raison de la profonde faiblesse de l&rsquo;ANC, inh\u00e9rente \u00e0 la corruption de l&rsquo;ensemble de son appareil politique et administratif, souffre et se pr\u00e9pare au pire. Et il pr\u00e9vient \u00e0 juste titre : ce qui se passe aujourd&rsquo;hui en Afrique du Sud pourrait bient\u00f4t se produire ailleurs &#8211; m\u00eame en Europe.<\/p>\n<p>&nbsp;<\/p>\n<p><a href=\"#_ftnref1\" name=\"_ftn1\">[1]<\/a> <a href=\"https:\/\/www.history.com\/topics\/africa\/apartheid\">https:\/\/www.history.com\/topics\/africa\/apartheid<\/a><\/p>\n<p><a href=\"#_ftnref2\" name=\"_ftn2\">[2]<\/a> <a href=\"https:\/\/www.britannica.com\/topic\/apartheid\">https:\/\/www.britannica.com\/topic\/apartheid<\/a><\/p>\n<p><a href=\"#_ftnref3\" name=\"_ftn3\">[3]<\/a> <a href=\"https:\/\/www.ilpost.it\/2013\/12\/07\/mandela-rugby-sudafrica-1995\/\">https:\/\/www.ilpost.it\/2013\/12\/07\/mandela-rugby-sudafrica-1995\/<\/a><\/p>\n<p><a href=\"#_ftnref4\" name=\"_ftn4\">[4]<\/a> Anthony Sampson, \u201c<em>Mandela, the authorized biography<\/em>\u201d, Harper &amp; Collins, London 2011<\/p>\n<p><a href=\"#_ftnref5\" name=\"_ftn5\">[5]<\/a> <a href=\"https:\/\/www.youtube.com\/watch?v=yM4_TrGFfwo\">https:\/\/www.youtube.com\/watch?v=yM4_TrGFfwo<\/a><\/p>\n<p><a href=\"#_ftnref6\" name=\"_ftn6\">[6]<\/a> <a href=\"https:\/\/www.thesouthafrican.com\/news\/goodwill-zwelithini-five-quick-facts-about-zulu-king\/\">https:\/\/www.thesouthafrican.com\/news\/goodwill-zwelithini-five-quick-facts-about-zulu-king\/<\/a><\/p>\n<p><a href=\"#_ftnref7\" name=\"_ftn7\">[7]<\/a> <a href=\"https:\/\/www.ifp.org.za\/\">https:\/\/www.ifp.org.za\/<\/a><\/p>\n<p><a href=\"#_ftnref8\" name=\"_ftn8\">[8]<\/a> <a href=\"https:\/\/www.gov.za\/faq\/finance-business\/where-do-i-find-information-broad-based-black-economic-empowerment-bee\">https:\/\/www.gov.za\/faq\/finance-business\/where-do-i-find-information-broad-based-black-economic-empowerment-bee<\/a><\/p>\n<p><a href=\"#_ftnref9\" name=\"_ftn9\">[9]<\/a> <a href=\"http:\/\/www.ingonyamatrust.org.za\/\">http:\/\/www.ingonyamatrust.org.za\/<\/a><\/p>\n<p><a href=\"#_ftnref10\" name=\"_ftn10\">[10]<\/a> <a href=\"https:\/\/www.news24.com\/News24\/Zulu-king-wants-R18m-for-more-palaces-20120905\">https:\/\/www.news24.com\/News24\/Zulu-king-wants-R18m-for-more-palaces-20120905<\/a>[\/vc_column_text][\/vc_column][vc_column width=\u00a0\u00bb1\/3&Prime;][vc_column_text]<form  class=\"is-search-form is-form-style is-form-style-3 is-form-id-367 \" action=\"https:\/\/ibiworld.eu\/fr\/\" method=\"get\" role=\"search\" ><label for=\"is-search-input-367\"><span class=\"is-screen-reader-text\">Search for:<\/span><input  type=\"search\" id=\"is-search-input-367\" name=\"s\" value=\"\" class=\"is-search-input\" placeholder=\"CHERCHE ICI... \" autocomplete=off \/><\/label><button type=\"submit\" class=\"is-search-submit\"><span class=\"is-screen-reader-text\">Search Button<\/span><span class=\"is-search-icon\"><svg focusable=\"false\" aria-label=\"Search\" xmlns=\"http:\/\/www.w3.org\/2000\/svg\" viewBox=\"0 0 24 24\" width=\"24px\"><path d=\"M15.5 14h-.79l-.28-.27C15.41 12.59 16 11.11 16 9.5 16 5.91 13.09 3 9.5 3S3 5.91 3 9.5 5.91 16 9.5 16c1.61 0 3.09-.59 4.23-1.57l.27.28v.79l5 4.99L20.49 19l-4.99-5zm-6 0C7.01 14 5 11.99 5 9.5S7.01 5 9.5 5 14 7.01 14 9.5 11.99 14 9.5 14z\"><\/path><\/svg><\/span><\/button><input type=\"hidden\" name=\"id\" value=\"367\" \/><\/form>[\/vc_column_text][vc_wp_categories title=\u00a0\u00bbARCHIVER\u00a0\u00bb options=\u00a0\u00bbdropdown,count,hierarchical\u00a0\u00bb][vc_column_text]\n<h2>ARTICLES<\/h2>\n[\/vc_column_text]<div class=\"widget widget_latest_posts\">\t\t\t<div class=\"latest_posts\">\n\t\t\t<ul class=\"small-thumb\">\n\t\t\t\t\t\t\t\t\t<li>\n\t\t\t\t\t\t<div class=\"small-custom-frame-wrapper alignleft\"><div class=\"custom-frame-inner-wrapper\"><div class=\"custom-frame-padding\"><a href=\"https:\/\/ibiworld.eu\/fr\/2023\/08\/20\/omega-risk-la-reconciliation-des-mercenaires\/\" title=\"OMEGA RISK, LA RECONCILIATION DES MERCENAIRES\"><img src=\"https:\/\/ibiworld.eu\/fr\/wp-content\/uploads\/2023\/08\/SVE020-01-60x60_c.jpg\" width=\"60\" height=\"60\" alt=\"OMEGA RISK, LA RECONCILIATION DES MERCENAIRES\" \/><\/a><\/div><\/div><\/div>\t\t\t\t\t\t<a class=\"teaser-title\" title=\"OMEGA RISK, LA RECONCILIATION DES MERCENAIRES\" href=\"https:\/\/ibiworld.eu\/fr\/2023\/08\/20\/omega-risk-la-reconciliation-des-mercenaires\/\">OMEGA RISK, LA RECONCILIATION DES MERCENAIRES<\/a>\n\t\t\t\t\t\t\t\t\t\t\t\t\t\t\t\t\t\t\t\t\t\t\t\t\t\t\t<div class=\"date-author\">20 ao\u00fbt 2023 par <a href=\"https:\/\/ibiworld.eu\/fr\/author\/ibi-world-suede\/\" title=\"Articles par IBI World Suede\" rel=\"author\">IBI World Suede<\/a> <\/div>\n\t\t\t\t\t\t\t\t\t\t\t\t<div class=\"teaser-content\">\n\t\t\t\t\t\tTrente ans apr\u00e8s la fin de l&rsquo;apartheid, l&rsquo;Afrique du Sud reste un immense laboratoire \u00e0 ciel ouvert de ce que...\t\t\t\t\t\t<\/div>\n\t\t\t\t\t\t\t\t\t\t\t\t<div class=\"clear\"><\/div>\n\t\t\t\t\t<\/li>\n\t\t\t\t\t\t\t\t\t\t<li>\n\t\t\t\t\t\t<div class=\"small-custom-frame-wrapper alignleft\"><div class=\"custom-frame-inner-wrapper\"><div class=\"custom-frame-padding\"><a href=\"https:\/\/ibiworld.eu\/fr\/2023\/07\/24\/les-rubis-sales-et-italiens-du-mozambique\/\" title=\"LES RUBIS SALES (ET ITALIENS) DU MOZAMBIQUE\"><img src=\"https:\/\/ibiworld.eu\/fr\/wp-content\/uploads\/2023\/07\/UK016-01-60x60_c.jpg\" width=\"60\" height=\"60\" alt=\"LES RUBIS SALES (ET ITALIENS) DU MOZAMBIQUE\" \/><\/a><\/div><\/div><\/div>\t\t\t\t\t\t<a class=\"teaser-title\" title=\"LES RUBIS SALES (ET ITALIENS) DU MOZAMBIQUE\" href=\"https:\/\/ibiworld.eu\/fr\/2023\/07\/24\/les-rubis-sales-et-italiens-du-mozambique\/\">LES RUBIS SALES (ET ITALIENS) DU MOZAMBIQUE<\/a>\n\t\t\t\t\t\t\t\t\t\t\t\t\t\t\t\t\t\t\t\t\t\t\t\t\t\t\t<div class=\"date-author\">24 juillet 2023 par <a href=\"https:\/\/ibiworld.eu\/fr\/author\/ibi-world-royaume-uni\/\" title=\"Articles par IBI World Royaume-Uni\" rel=\"author\">IBI World Royaume-Uni<\/a> <\/div>\n\t\t\t\t\t\t\t\t\t\t\t\t<div class=\"teaser-content\">\n\t\t\t\t\t\tLe monde minier africain, et pas seulement, c&rsquo;est l&rsquo;enfer. Mais il n&rsquo;est pas tr\u00e8s connu. Il y a des noms,...\t\t\t\t\t\t<\/div>\n\t\t\t\t\t\t\t\t\t\t\t\t<div class=\"clear\"><\/div>\n\t\t\t\t\t<\/li>\n\t\t\t\t\t\t\t\t\t\t<li>\n\t\t\t\t\t\t<div class=\"small-custom-frame-wrapper alignleft\"><div class=\"custom-frame-inner-wrapper\"><div class=\"custom-frame-padding\"><a href=\"https:\/\/ibiworld.eu\/fr\/2022\/12\/07\/afrique-du-sud-lombre-des-gangs-derriere-un-nouveau-scandale\/\" title=\"AFRIQUE DU SUD: L&rsquo;OMBRE DES GANGS DERRIERE UN NOUVEAU SCANDALE\"><img src=\"https:\/\/ibiworld.eu\/fr\/wp-content\/uploads\/2022\/12\/USA016-01-60x60_c.jpg\" width=\"60\" height=\"60\" alt=\"AFRIQUE DU SUD: L&#039;OMBRE DES GANGS DERRIERE UN NOUVEAU SCANDALE\" \/><\/a><\/div><\/div><\/div>\t\t\t\t\t\t<a class=\"teaser-title\" title=\"AFRIQUE DU SUD: L&rsquo;OMBRE DES GANGS DERRIERE UN NOUVEAU SCANDALE\" href=\"https:\/\/ibiworld.eu\/fr\/2022\/12\/07\/afrique-du-sud-lombre-des-gangs-derriere-un-nouveau-scandale\/\">AFRIQUE DU SUD: L&rsquo;OMBRE DES GANGS DERRIERE UN NOUVEAU SCANDALE<\/a>\n\t\t\t\t\t\t\t\t\t\t\t\t\t\t\t\t\t\t\t\t\t\t\t\t\t\t\t<div class=\"date-author\">7 d\u00e9cembre 2022 par <a href=\"https:\/\/ibiworld.eu\/fr\/author\/ibi-world-royaume-uni\/\" title=\"Articles par IBI World Royaume-Uni\" rel=\"author\">IBI World Royaume-Uni<\/a> <\/div>\n\t\t\t\t\t\t\t\t\t\t\t\t<div class=\"teaser-content\">\n\t\t\t\t\t\tLe pr\u00e9sident sud-africain Cyril Ramaphosa se rapproche d&rsquo;une proc\u00e9dure qui le conduira \u00e0 la d\u00e9mission. Comme dans le cas de...\t\t\t\t\t\t<\/div>\n\t\t\t\t\t\t\t\t\t\t\t\t<div class=\"clear\"><\/div>\n\t\t\t\t\t<\/li>\n\t\t\t\t\t\t\t\t\t\t<li>\n\t\t\t\t\t\t<div class=\"small-custom-frame-wrapper alignleft\"><div class=\"custom-frame-inner-wrapper\"><div class=\"custom-frame-padding\"><a href=\"https:\/\/ibiworld.eu\/fr\/2022\/07\/22\/le-clan-gupta-et-le-saccage-de-lafrique-du-sud\/\" title=\"LE CLAN GUPTA ET LE SACCAGE DE L&rsquo;AFRIQUE DU SUD\"><img src=\"https:\/\/ibiworld.eu\/fr\/wp-content\/uploads\/2022\/07\/UK030-01-60x60_c.jpg\" width=\"60\" height=\"60\" alt=\"LE CLAN GUPTA ET LE SACCAGE DE L&#039;AFRIQUE DU SUD\" \/><\/a><\/div><\/div><\/div>\t\t\t\t\t\t<a class=\"teaser-title\" title=\"LE CLAN GUPTA ET LE SACCAGE DE L&rsquo;AFRIQUE DU SUD\" href=\"https:\/\/ibiworld.eu\/fr\/2022\/07\/22\/le-clan-gupta-et-le-saccage-de-lafrique-du-sud\/\">LE CLAN GUPTA ET LE SACCAGE DE L&rsquo;AFRIQUE DU SUD<\/a>\n\t\t\t\t\t\t\t\t\t\t\t\t\t\t\t\t\t\t\t\t\t\t\t\t\t\t\t<div class=\"date-author\">22 juillet 2022 par <a href=\"https:\/\/ibiworld.eu\/fr\/author\/ibi-world-royaume-uni\/\" title=\"Articles par IBI World Royaume-Uni\" rel=\"author\">IBI World Royaume-Uni<\/a> <\/div>\n\t\t\t\t\t\t\t\t\t\t\t\t<div class=\"teaser-content\">\n\t\t\t\t\t\tIl y a quelques mois, nous avons \u00e9crit sur les \u00e9meutes du KwaZulu-Natal, et sur la fa\u00e7on dont celles-ci \u00e9taient...\t\t\t\t\t\t<\/div>\n\t\t\t\t\t\t\t\t\t\t\t\t<div class=\"clear\"><\/div>\n\t\t\t\t\t<\/li>\n\t\t\t\t\t\t\t\t\t\t<li>\n\t\t\t\t\t\t<div class=\"small-custom-frame-wrapper alignleft\"><div class=\"custom-frame-inner-wrapper\"><div class=\"custom-frame-padding\"><a href=\"https:\/\/ibiworld.eu\/fr\/2022\/01\/13\/comment-jacob-zuma-se-prepare-a-une-guerre-civile\/\" title=\"COMMENT JACOB ZUMA SE PREPARE A UNE GUERRE CIVILE\"><img src=\"https:\/\/ibiworld.eu\/fr\/wp-content\/uploads\/2022\/01\/UK013-01-60x60_c.jpg\" width=\"60\" height=\"60\" alt=\"COMMENT JACOB ZUMA SE PREPARE A UNE GUERRE CIVILE\" \/><\/a><\/div><\/div><\/div>\t\t\t\t\t\t<a class=\"teaser-title\" title=\"COMMENT JACOB ZUMA SE PREPARE A UNE GUERRE CIVILE\" href=\"https:\/\/ibiworld.eu\/fr\/2022\/01\/13\/comment-jacob-zuma-se-prepare-a-une-guerre-civile\/\">COMMENT JACOB ZUMA SE PREPARE A UNE GUERRE CIVILE<\/a>\n\t\t\t\t\t\t\t\t\t\t\t\t\t\t\t\t\t\t\t\t\t\t\t\t\t\t\t<div class=\"date-author\">13 janvier 2022 par <a href=\"https:\/\/ibiworld.eu\/fr\/author\/ibi-world-royaume-uni\/\" title=\"Articles par IBI World Royaume-Uni\" rel=\"author\">IBI World Royaume-Uni<\/a> <\/div>\n\t\t\t\t\t\t\t\t\t\t\t\t<div class=\"teaser-content\">\n\t\t\t\t\t\tLe r\u00eave de Madiba est mort. Depuis pr\u00e8s de quatre ans maintenant, le syst\u00e8me d\u00e9mocratique sud-africain est au bord de...\t\t\t\t\t\t<\/div>\n\t\t\t\t\t\t\t\t\t\t\t\t<div class=\"clear\"><\/div>\n\t\t\t\t\t<\/li>\n\t\t\t\t\t\t\t\t\t\t<li>\n\t\t\t\t\t\t<div class=\"small-custom-frame-wrapper alignleft\"><div class=\"custom-frame-inner-wrapper\"><div class=\"custom-frame-padding\"><a href=\"https:\/\/ibiworld.eu\/fr\/2022\/01\/05\/kwazulu-natal-la-derniere-grande-monarchie-noire\/\" title=\"KWAZULU-NATAL, LA DERNIERE GRANDE MONARCHIE NOIRE\"><img src=\"https:\/\/ibiworld.eu\/fr\/wp-content\/uploads\/2022\/01\/UK012-01-scaled-60x60_c.jpg\" width=\"60\" height=\"60\" alt=\"KWAZULU-NATAL, LA DERNIERE GRANDE MONARCHIE NOIRE\" \/><\/a><\/div><\/div><\/div>\t\t\t\t\t\t<a class=\"teaser-title\" title=\"KWAZULU-NATAL, LA DERNIERE GRANDE MONARCHIE NOIRE\" href=\"https:\/\/ibiworld.eu\/fr\/2022\/01\/05\/kwazulu-natal-la-derniere-grande-monarchie-noire\/\">KWAZULU-NATAL, LA DERNIERE GRANDE MONARCHIE NOIRE<\/a>\n\t\t\t\t\t\t\t\t\t\t\t\t\t\t\t\t\t\t\t\t\t\t\t\t\t\t\t<div class=\"date-author\">5 janvier 2022 par <a href=\"https:\/\/ibiworld.eu\/fr\/author\/ibi-world-royaume-uni\/\" title=\"Articles par IBI World Royaume-Uni\" rel=\"author\">IBI World Royaume-Uni<\/a> <\/div>\n\t\t\t\t\t\t\t\t\t\t\t\t<div class=\"teaser-content\">\n\t\t\t\t\t\tBien que nous ayons grandi dans une culture eurocentrique, nous savons d\u00e9sormais qu&rsquo;\u00e0 l&rsquo;\u00e9poque des Romains et des Grecs, de...\t\t\t\t\t\t<\/div>\n\t\t\t\t\t\t\t\t\t\t\t\t<div class=\"clear\"><\/div>\n\t\t\t\t\t<\/li>\n\t\t\t\t\t\t\t\t\t\t<li>\n\t\t\t\t\t\t<div class=\"small-custom-frame-wrapper alignleft\"><div class=\"custom-frame-inner-wrapper\"><div class=\"custom-frame-padding\"><a href=\"https:\/\/ibiworld.eu\/fr\/2021\/11\/21\/comment-lafrique-du-sud-construit-son-al-capone\/\" title=\"COMMENT L&rsquo;AFRIQUE DU SUD CONSTRUIT SON AL CAPONE\"><img src=\"https:\/\/ibiworld.eu\/fr\/wp-content\/uploads\/2021\/11\/ESP005-01-60x60_c.jpg\" width=\"60\" height=\"60\" alt=\"COMMENT L&#039;AFRIQUE DU SUD CONSTRUIT SON AL CAPONE\" \/><\/a><\/div><\/div><\/div>\t\t\t\t\t\t<a class=\"teaser-title\" title=\"COMMENT L&rsquo;AFRIQUE DU SUD CONSTRUIT SON AL CAPONE\" href=\"https:\/\/ibiworld.eu\/fr\/2021\/11\/21\/comment-lafrique-du-sud-construit-son-al-capone\/\">COMMENT L&rsquo;AFRIQUE DU SUD CONSTRUIT SON AL CAPONE<\/a>\n\t\t\t\t\t\t\t\t\t\t\t\t\t\t\t\t\t\t\t\t\t\t\t\t\t\t\t<div class=\"date-author\">21 novembre 2021 par <a href=\"https:\/\/ibiworld.eu\/fr\/author\/ibi-world-espagne\/\" title=\"Articles par IBI World Espagne\" rel=\"author\">IBI World Espagne<\/a> <\/div>\n\t\t\t\t\t\t\t\t\t\t\t\t<div class=\"teaser-content\">\n\t\t\t\t\t\tIl y a un peu plus de 30 ans, le 30 juin 1991, le parlement sud-africain abrogeait les lois inhumaines...\t\t\t\t\t\t<\/div>\n\t\t\t\t\t\t\t\t\t\t\t\t<div class=\"clear\"><\/div>\n\t\t\t\t\t<\/li>\n\t\t\t\t\t\t\t\t<\/ul>\n\t\t\t<\/div><!-- end widget_recent_posts -->\n\t\t\t<\/div>[\/vc_column][\/vc_row]\n","protected":false},"excerpt":{"rendered":"<p>[vc_row][vc_column width=\u00a0\u00bb2\/3&Prime;][vc_empty_space height=\u00a0\u00bb63px\u00a0\u00bb][vc_column_text] \u00c9DITORIAL: LES ZOULOUS: LE PEUPLE-COBAYE HUMAIN ET LA DECADENCE DES ETATS-NATIONS &nbsp; A chaque \u00e9poque de la longue histoire de la civilisation humaine, il est arriv\u00e9 qu&rsquo;une zone particuli\u00e8re soit transform\u00e9e, pour des raisons d&rsquo;\u00e9quilibre \u00e9conomique et militaire, en un laboratoire \u00e0 ciel ouvert.<\/p>\n","protected":false},"author":1,"featured_media":0,"parent":0,"menu_order":0,"comment_status":"closed","ping_status":"closed","template":"page-FullWidth.php","meta":[],"_links":{"self":[{"href":"https:\/\/ibiworld.eu\/fr\/wp-json\/wp\/v2\/pages\/1794"}],"collection":[{"href":"https:\/\/ibiworld.eu\/fr\/wp-json\/wp\/v2\/pages"}],"about":[{"href":"https:\/\/ibiworld.eu\/fr\/wp-json\/wp\/v2\/types\/page"}],"author":[{"embeddable":true,"href":"https:\/\/ibiworld.eu\/fr\/wp-json\/wp\/v2\/users\/1"}],"replies":[{"embeddable":true,"href":"https:\/\/ibiworld.eu\/fr\/wp-json\/wp\/v2\/comments?post=1794"}],"version-history":[{"count":5,"href":"https:\/\/ibiworld.eu\/fr\/wp-json\/wp\/v2\/pages\/1794\/revisions"}],"predecessor-version":[{"id":2183,"href":"https:\/\/ibiworld.eu\/fr\/wp-json\/wp\/v2\/pages\/1794\/revisions\/2183"}],"wp:attachment":[{"href":"https:\/\/ibiworld.eu\/fr\/wp-json\/wp\/v2\/media?parent=1794"}],"curies":[{"name":"wp","href":"https:\/\/api.w.org\/{rel}","templated":true}]}}