{"id":989,"date":"2021-05-30T02:08:07","date_gmt":"2021-05-30T00:08:07","guid":{"rendered":"http:\/\/ibiworld.eu\/de\/?page_id=989"},"modified":"2022-02-26T23:30:26","modified_gmt":"2022-02-26T22:30:26","slug":"zielort-sahel","status":"publish","type":"page","link":"https:\/\/ibiworld.eu\/de\/zielort-sahel\/","title":{"rendered":"ZIELORT SAHEL"},"content":{"rendered":"[vc_row][vc_column width=&#8220;2\/3&#8243;][vc_empty_space height=&#8220;63px&#8220;][vc_column_text]\n<h3><strong><img loading=\"lazy\" class=\"aligncenter size-full wp-image-990\" src=\"https:\/\/ibiworld.eu\/de\/wp-content\/uploads\/2021\/05\/EDIT07.jpg\" alt=\"\" width=\"1280\" height=\"853\" srcset=\"https:\/\/ibiworld.eu\/de\/wp-content\/uploads\/2021\/05\/EDIT07.jpg 1280w, https:\/\/ibiworld.eu\/de\/wp-content\/uploads\/2021\/05\/EDIT07-300x200.jpg 300w, https:\/\/ibiworld.eu\/de\/wp-content\/uploads\/2021\/05\/EDIT07-1024x682.jpg 1024w, https:\/\/ibiworld.eu\/de\/wp-content\/uploads\/2021\/05\/EDIT07-768x512.jpg 768w, https:\/\/ibiworld.eu\/de\/wp-content\/uploads\/2021\/05\/EDIT07-600x400.jpg 600w\" sizes=\"(max-width: 1280px) 100vw, 1280px\" \/><\/strong><\/h3>\n<h3><strong>DIE SAHELZONE: DER ERSTE GRO\u00dfE \u00d6KOLOGISCHE UND SOZIALE ZUSAMMENBRUCH DER MENSCHEIT<\/strong><\/h3>\n<p>&nbsp;<\/p>\n<p>Die Zerst\u00f6rung Karthagos im Jahr 146 v. Chr. vernichtete nicht nur eine bl\u00fchende mediterrane Zivilisation an den Ufern dessen, was wir heute Tunesien nennen. Auf einen Schlag unterbrach es \u00fcber tausend Jahre lang den Austauschkanal, der Europa mit der Sahelzone in Kontakt brachte, d.h. die Region der bewaldeten Hochebenen und schlammigen Fl\u00fcsse und Seen, der Gebieten voller Fischerei und Wild, von Metallvorkommen und Gold, die das reichste und bev\u00f6lkerungsreichste Gebiet der Welt waren.<\/p>\n<p>Es war der \u00dcberfluss, der die erste gro\u00dfe \u00f6kologische Katastrophe der Menschheit verursachte. In nur sechs Jahrhunderten wurde der Sahel-Wald durch das r\u00fccksichtslose Eingreifen der Menschheit zur Sahara-W\u00fcste. Nachdem die W\u00e4lder abgeholzt waren, Fisch und Wild ausgerottet wurden, waren die Bewohner der Gegend, fast alle Nomadenst\u00e4mme, nach und nach gezwungen, nach S\u00fcden und Westen zu ziehen, was den Prozess der W\u00fcstenbildung beschleunigte und Elend sowie Stammeskriege verursachte. Das Fehlen eines Handelsdrehpunktes im Norden f\u00fchrte dazu, dass, w\u00e4hrend Europa noch die letzten Atemz\u00fcge des R\u00f6mischen Reiches erlebte, ganz Westafrika seine Wirtschaft ver\u00e4ndert hatte und den Verkauf menschlicher Sklaven in den Mittelpunkt r\u00fcckte.<\/p>\n<style type=\"text\/css\" id=\"umsMapStyles_6_31505\">\r\n\t#ultimate_maps_6_31505 {\r\n        width: 100%;\r\n        height: 500px;\r\n\t        border: 0px solid ;\r\n        margin: 0px;\r\n    }\r\n\t#mapsControlsNum_6_31505 {\r\n\t\twidth:100%\t}\r\n\t.umsMapDetailsContainer#umsMapDetailsContainer_6_31505 {\r\n\t\theight:500px;\r\n\t}\r\n\t.ums_MapPreview#ultimate_maps_6_31505 {\r\n\t\t\/*position:absolute;*\/\r\n\t\twidth:100%;\r\n\t}\r\n\t#mapConElem_6_31505{\r\n\t\twidth:100%\t}\r\n\t<\/style>\r\n<div class=\"ums_map_opts\" id=\"mapConElem_6_31505\" data-id=\"6\" data-view-id=\"6_31505\" > <div class=\"umsMapDetailsContainer\" id=\"umsMapDetailsContainer_6_31505\"> <i class=\"umsKMLLayersPreloader fa fa-spinner fa-spin\" aria-hidden=\"true\" style=\"display: none;\"><\/i> <div class=\"ums_MapPreview \" id=\"ultimate_maps_6_31505\"><\/div> <\/div> <div class=\"umsMapMarkerFilters\" id=\"umsMapMarkerFilters_6_31505\"> <\/div> <div class=\"umsMapProControlsCon\" id=\"umsMapProControlsCon_6_31505\"> <\/div> <div class=\"umsMapProDirectionsCon\" id=\"umsMapProDirectionsCon_6_31505\" > <\/div> <div class=\"umsMapProKmlFilterCon\" id=\"umsMapProKmlFilterCon_6_31505\" > <\/div> <div class=\"umsSocialSharingShell umsSocialSharingShell_6_31505\"> <\/div> <div style=\"clear: both;\"><\/div> <\/div> \n<p>W\u00e4hrend die Wissenschaft in Asien und Europa weiter galoppierte, wurden die fortgeschritteneren Zivilisationen der Sahelzone, wie die Nok von Niger<a href=\"#_ftn1\" name=\"_ftnref1\">[1]<\/a>, ausgerottet, um sie als Sklaven zu verkaufen. Bis zum 13. Jahrhundert wurde die Region Teil des Mandingo-Reiches, das w\u00e4hrend der Herrschaft von Sundjata Ke\u00efta (1217-1255)<a href=\"#_ftn2\" name=\"_ftnref2\">[2]<\/a> und Mansa Musa (1280-1339)<a href=\"#_ftn3\" name=\"_ftnref3\">[3]<\/a> zu den gr\u00f6\u00dften der Welt geh\u00f6rte und die afrikanischen L\u00e4nder vom Atlantik bis zu den Grenzen \u00c4gyptens vereinte.<\/p>\n<p>Nach der Entdeckung Amerikas verwandelte die spanische, portugiesische und englische Kolonialkolonisation leider den Sklavenhandel in die einzige Handelsaktivit\u00e4t des gesamten Gebiets. Au\u00dferdem, nach dem Zusammenbruch der Sahel-Reiche, sind die V\u00f6lker, immer von Stammesk\u00e4mpfen gezwungen, sich immer mehr an die K\u00fcste zu dr\u00e4ngen, da das Innere des Kontinents inzwischen zu einer einzigen riesigen W\u00fcste geworden war.<\/p>\n<p>Die Sahelzone hat sich von dieser \u00f6kologischen, sozialen und wirtschaftlichen Trag\u00f6die noch nicht erholt. Das Ende der europ\u00e4ischen milit\u00e4rischen Kolonialisierung hat nichts ge\u00e4ndert. Es sind immer noch Ausl\u00e4nder, die die Hebel der Bodensch\u00e4tze und in immer gr\u00f6\u00dferen Mengen landwirtschaftlicher Fl\u00e4chen in ihren H\u00e4nden haben. Nationen, die mit einem Bleistift auf der Karte gezeichnet sind, k\u00e4mpfen darum, eine eigene Identit\u00e4t zu finden. Nationale Regierungen sind nur Stammeshorden an der Macht, deren Hauptziel die Erhaltung der Macht, die Ausbeutung von Ressourcen und die Erlangung von Almosen (Bestechungsgelder) durch multinationale Unternehmen ist.<\/p>\n<p>Wir versuchen, diese Trag\u00f6die, wie sie in den Nationen Westafrikas erlebt und wahrgenommen wird, zu beschreiben \u2013 und sie in den breiteren Kontext der neuen politischen, milit\u00e4rischen, religi\u00f6sen und wirtschaftlichen Gleichgewichte des Planeten einzuordnen. Mit Zuversicht auf eines der gr\u00f6\u00dften und mutigsten Projekte der FAO blickend: die Wiederaufforstung von 100 Millionen Hektar der W\u00fcste Sahara<a href=\"#_ftn4\" name=\"_ftnref4\">[4]<\/a>. In der Hoffnung, dass das, was einst eine der gro\u00dfen Wiegen der Zivilisation war, so schnell wie m\u00f6glich die verlorene Zeit aufholen und seine eigene gemeinsame menschliche und b\u00fcrgerliche Identit\u00e4t wieder aufbauen kann.<\/p>\n<p>&nbsp;<\/p>\n<p><a href=\"#_ftnref1\" name=\"_ftn1\">[1]<\/a> <a href=\"https:\/\/brill.com\/view\/journals\/jaa\/14\/3\/article-p237_1.pdf\">https:\/\/brill.com\/view\/journals\/jaa\/14\/3\/article-p237_1.pdf<\/a> ; <a href=\"http:\/\/araf.studiumdigitale.uni-frankfurt.de\/attachments\/110_Nok%20Brosch%C3%BCre%20Exploring%20the%20Nok%20Culture%20online.pdf\">http:\/\/araf.studiumdigitale.uni-frankfurt.de\/attachments\/110_Nok%20Brosch%C3%BCre%20Exploring%20the%20Nok%20Culture%20online.pdf<\/a><\/p>\n<p><a href=\"#_ftnref2\" name=\"_ftn2\">[2]<\/a> Patricia McKissack, Frerdrik McKissack, \u201c<em>The Royal Kingdoms of Ghana, Mali and Songhay: Life in Medieval Africa<\/em>\u201c, Square Fish Publishing, New York 1996<\/p>\n<p><a href=\"#_ftnref3\" name=\"_ftn3\">[3]<\/a> Marq De Villiers, Sheila Hirtle, \u201d<em>Timbuktu: Sahara\u2019s Fabled City of Gold<\/em>\u201c, Walker and Company, New York 2007<\/p>\n<p><a href=\"#_ftnref4\" name=\"_ftn4\">[4]<\/a> <a href=\"https:\/\/undocs.org\/A\/RES\/73\/284\">https:\/\/undocs.org\/A\/RES\/73\/284<\/a><\/p>\n<p><strong>\u00a0<\/strong>[\/vc_column_text][\/vc_column][vc_column width=&#8220;1\/3&#8243;][vc_column_text]<form  class=\"is-search-form is-form-style is-form-style-3 is-form-id-411 \" action=\"https:\/\/ibiworld.eu\/de\/\" method=\"get\" role=\"search\" ><label for=\"is-search-input-411\"><span class=\"is-screen-reader-text\">Search for:<\/span><input  type=\"search\" id=\"is-search-input-411\" name=\"s\" value=\"\" class=\"is-search-input\" placeholder=\"SUCHE HIER...\" autocomplete=off \/><\/label><button type=\"submit\" class=\"is-search-submit\"><span class=\"is-screen-reader-text\">Search Button<\/span><span class=\"is-search-icon\"><svg focusable=\"false\" aria-label=\"Search\" xmlns=\"http:\/\/www.w3.org\/2000\/svg\" viewBox=\"0 0 24 24\" width=\"24px\"><path d=\"M15.5 14h-.79l-.28-.27C15.41 12.59 16 11.11 16 9.5 16 5.91 13.09 3 9.5 3S3 5.91 3 9.5 5.91 16 9.5 16c1.61 0 3.09-.59 4.23-1.57l.27.28v.79l5 4.99L20.49 19l-4.99-5zm-6 0C7.01 14 5 11.99 5 9.5S7.01 5 9.5 5 14 7.01 14 9.5 11.99 14 9.5 14z\"><\/path><\/svg><\/span><\/button><input type=\"hidden\" name=\"id\" value=\"411\" \/><\/form>[\/vc_column_text][vc_wp_categories title=&#8220;ARCHIV&#8220; options=&#8220;dropdown,count,hierarchical&#8220;][vc_column_text]\n<h2>ARTIKEL<\/h2>\n[\/vc_column_text]<div class=\"widget widget_latest_posts\">\t\t\t<div class=\"latest_posts\">\n\t\t\t<ul class=\"small-thumb\">\n\t\t\t\t\t\t\t\t\t<li>\n\t\t\t\t\t\t<div class=\"small-custom-frame-wrapper alignleft\"><div class=\"custom-frame-inner-wrapper\"><div class=\"custom-frame-padding\"><a href=\"https:\/\/ibiworld.eu\/de\/kara-kara-wo-die-welt-versinkt\/\" title=\"KARA-KARA, WO DIE WELT VERSINKT\"><img src=\"https:\/\/ibiworld.eu\/de\/wp-content\/uploads\/2022\/10\/FRA021-01-60x60_c.jpg\" width=\"60\" height=\"60\" alt=\"KARA-KARA, WO DIE WELT VERSINKT\" \/><\/a><\/div><\/div><\/div>\t\t\t\t\t\t<a class=\"teaser-title\" title=\"KARA-KARA, WO DIE WELT VERSINKT\" href=\"https:\/\/ibiworld.eu\/de\/kara-kara-wo-die-welt-versinkt\/\">KARA-KARA, WO DIE WELT VERSINKT<\/a>\n\t\t\t\t\t\t\t\t\t\t\t\t\t\t\t\t\t\t\t\t\t\t\t\t\t\t\t<div class=\"date-author\">25 Oktober 2022 by <a href=\"https:\/\/ibiworld.eu\/de\/author\/ibi-world-frankreich\/\" title=\"Beitr\u00e4ge von IBI World Frankreich\" rel=\"author\">IBI World Frankreich<\/a> <\/div>\n\t\t\t\t\t\t\t\t\t\t\t\t<div class=\"teaser-content\">\n\t\t\t\t\t\tWir brauchen Afrika. Wir brauchen ein Land, das noch jungfr\u00e4ulich ist, in dem es gro\u00dfe Bodensch\u00e4tze und endlose M\u00f6glichkeiten f\u00fcr...\t\t\t\t\t\t<\/div>\n\t\t\t\t\t\t\t\t\t\t\t\t<div class=\"clear\"><\/div>\n\t\t\t\t\t<\/li>\n\t\t\t\t\t\t\t\t\t\t<li>\n\t\t\t\t\t\t<div class=\"small-custom-frame-wrapper alignleft\"><div class=\"custom-frame-inner-wrapper\"><div class=\"custom-frame-padding\"><a href=\"https:\/\/ibiworld.eu\/de\/noch-ein-leopardenwechsel-in-guinea\/\" title=\"NOCH EIN LEOPARDENWECHSEL IN GUINEA\"><img src=\"https:\/\/ibiworld.eu\/de\/wp-content\/uploads\/2021\/10\/FRA014-01-60x60_c.jpg\" width=\"60\" height=\"60\" alt=\"NOCH EIN LEOPARDENWECHSEL IN GUINEA\" \/><\/a><\/div><\/div><\/div>\t\t\t\t\t\t<a class=\"teaser-title\" title=\"NOCH EIN LEOPARDENWECHSEL IN GUINEA\" href=\"https:\/\/ibiworld.eu\/de\/noch-ein-leopardenwechsel-in-guinea\/\">NOCH EIN LEOPARDENWECHSEL IN GUINEA<\/a>\n\t\t\t\t\t\t\t\t\t\t\t\t\t\t\t\t\t\t\t\t\t\t\t\t\t\t\t<div class=\"date-author\">18 Oktober 2021 by <a href=\"https:\/\/ibiworld.eu\/de\/author\/ibi-world-frankreich\/\" title=\"Beitr\u00e4ge von IBI World Frankreich\" rel=\"author\">IBI World Frankreich<\/a> <\/div>\n\t\t\t\t\t\t\t\t\t\t\t\t<div class=\"teaser-content\">\n\t\t\t\t\t\tEs ist Sonntagmorgen, der 5. September 2021, und im Kaloum-Viertel von Conakry sind zahlreiche Sch\u00fcsse zu h\u00f6ren: Mehr als 500...\t\t\t\t\t\t<\/div>\n\t\t\t\t\t\t\t\t\t\t\t\t<div class=\"clear\"><\/div>\n\t\t\t\t\t<\/li>\n\t\t\t\t\t\t\t\t\t\t<li>\n\t\t\t\t\t\t<div class=\"small-custom-frame-wrapper alignleft\"><div class=\"custom-frame-inner-wrapper\"><div class=\"custom-frame-padding\"><a href=\"https:\/\/ibiworld.eu\/de\/zwischen-traum-und-hoffnung-das-projekt-der-grossen-gruenen-mauer\/\" title=\"ZWISCHEN TRAUM UND HOFFNUNG: DAS PROJEKT DER GRO\u00dfEN GR\u00dcNEN MAUER\"><img src=\"https:\/\/ibiworld.eu\/de\/wp-content\/uploads\/2021\/07\/ITA013-01-60x60_c.jpg\" width=\"60\" height=\"60\" alt=\"ZWISCHEN TRAUM UND HOFFNUNG: DAS PROJEKT DER GRO\u00dfEN GR\u00dcNEN MAUER\" \/><\/a><\/div><\/div><\/div>\t\t\t\t\t\t<a class=\"teaser-title\" title=\"ZWISCHEN TRAUM UND HOFFNUNG: DAS PROJEKT DER GRO\u00dfEN GR\u00dcNEN MAUER\" href=\"https:\/\/ibiworld.eu\/de\/zwischen-traum-und-hoffnung-das-projekt-der-grossen-gruenen-mauer\/\">ZWISCHEN TRAUM UND HOFFNUNG: DAS PROJEKT DER GRO\u00dfEN GR\u00dcNEN MAUER<\/a>\n\t\t\t\t\t\t\t\t\t\t\t\t\t\t\t\t\t\t\t\t\t\t\t\t\t\t\t<div class=\"date-author\">11 Juli 2021 by <a href=\"https:\/\/ibiworld.eu\/de\/author\/ibi-world-italien\/\" title=\"Beitr\u00e4ge von IBI World Italien\" rel=\"author\">IBI World Italien<\/a> <\/div>\n\t\t\t\t\t\t\t\t\t\t\t\t<div class=\"teaser-content\">\n\t\t\t\t\t\tDies sind Bilder desselben Gebietes in S\u00fcdlibyen &#8211; so wie es zu der Zeit war, als das R\u00f6mische Reich gegen...\t\t\t\t\t\t<\/div>\n\t\t\t\t\t\t\t\t\t\t\t\t<div class=\"clear\"><\/div>\n\t\t\t\t\t<\/li>\n\t\t\t\t\t\t\t\t\t\t<li>\n\t\t\t\t\t\t<div class=\"small-custom-frame-wrapper alignleft\"><div class=\"custom-frame-inner-wrapper\"><div class=\"custom-frame-padding\"><a href=\"https:\/\/ibiworld.eu\/de\/kolonialkriege-und-stammesrache-mali-als-metapher-fuer-die-globale-katastrophe\/\" title=\"KOLONIALKRIEGE UND STAMMESRACHE: MALI ALS METAPHER F\u00dcR DIE GLOBALE KATASTROPHE\"><img src=\"https:\/\/ibiworld.eu\/de\/wp-content\/uploads\/2021\/06\/FRA015-01-60x60_c.jpg\" width=\"60\" height=\"60\" alt=\"KOLONIALKRIEGE UND STAMMESRACHE: MALI ALS METAPHER F\u00dcR DIE GLOBALE KATASTROPHE\" \/><\/a><\/div><\/div><\/div>\t\t\t\t\t\t<a class=\"teaser-title\" title=\"KOLONIALKRIEGE UND STAMMESRACHE: MALI ALS METAPHER F\u00dcR DIE GLOBALE KATASTROPHE\" href=\"https:\/\/ibiworld.eu\/de\/kolonialkriege-und-stammesrache-mali-als-metapher-fuer-die-globale-katastrophe\/\">KOLONIALKRIEGE UND STAMMESRACHE: MALI ALS METAPHER F\u00dcR DIE GLOBALE KATASTROPHE<\/a>\n\t\t\t\t\t\t\t\t\t\t\t\t\t\t\t\t\t\t\t\t\t\t\t\t\t\t\t<div class=\"date-author\">8 Juni 2021 by <a href=\"https:\/\/ibiworld.eu\/de\/author\/ibi-world-frankreich\/\" title=\"Beitr\u00e4ge von IBI World Frankreich\" rel=\"author\">IBI World Frankreich<\/a> <\/div>\n\t\t\t\t\t\t\t\t\t\t\t\t<div class=\"teaser-content\">\n\t\t\t\t\t\tIn Westafrika, unter den Staaten, die aus der Berliner Konferenz von 1884 hervorgegangen sind, die ohne Respekt vor der s\u00e4kularen...\t\t\t\t\t\t<\/div>\n\t\t\t\t\t\t\t\t\t\t\t\t<div class=\"clear\"><\/div>\n\t\t\t\t\t<\/li>\n\t\t\t\t\t\t\t\t\t\t<li>\n\t\t\t\t\t\t<div class=\"small-custom-frame-wrapper alignleft\"><div class=\"custom-frame-inner-wrapper\"><div class=\"custom-frame-padding\"><a href=\"https:\/\/ibiworld.eu\/de\/wie-selbst-die-mauretanische-ameise-das-gleichgewicht-der-welt-veraendern-kann\/\" title=\"WIE SELBST DIE MAURETANISCHE AMEISE DAS GLEICHGEWICHT DER WELT VER\u00c4NDERN KANN\"><img src=\"https:\/\/ibiworld.eu\/de\/wp-content\/uploads\/2021\/05\/FRA013-01-60x60_c.jpg\" width=\"60\" height=\"60\" alt=\"WIE SELBST DIE MAURETANISCHE AMEISE DAS GLEICHGEWICHT DER WELT VER\u00c4NDERN KANN\" \/><\/a><\/div><\/div><\/div>\t\t\t\t\t\t<a class=\"teaser-title\" title=\"WIE SELBST DIE MAURETANISCHE AMEISE DAS GLEICHGEWICHT DER WELT VER\u00c4NDERN KANN\" href=\"https:\/\/ibiworld.eu\/de\/wie-selbst-die-mauretanische-ameise-das-gleichgewicht-der-welt-veraendern-kann\/\">WIE SELBST DIE MAURETANISCHE AMEISE DAS GLEICHGEWICHT DER WELT VER\u00c4NDERN KANN<\/a>\n\t\t\t\t\t\t\t\t\t\t\t\t\t\t\t\t\t\t\t\t\t\t\t\t\t\t\t<div class=\"date-author\">9 Mai 2021 by <a href=\"https:\/\/ibiworld.eu\/de\/author\/ibi-world-frankreich\/\" title=\"Beitr\u00e4ge von IBI World Frankreich\" rel=\"author\">IBI World Frankreich<\/a> <\/div>\n\t\t\t\t\t\t\t\t\t\t\t\t<div class=\"teaser-content\">\n\t\t\t\t\t\tEndloser Sand. Wie in einem Albtraum. Eine Landschaft, in der kein Punkt unterschieden werden kann, um es mit Gedanken zu...\t\t\t\t\t\t<\/div>\n\t\t\t\t\t\t\t\t\t\t\t\t<div class=\"clear\"><\/div>\n\t\t\t\t\t<\/li>\n\t\t\t\t\t\t\t\t\t\t<li>\n\t\t\t\t\t\t<div class=\"small-custom-frame-wrapper alignleft\"><div class=\"custom-frame-inner-wrapper\"><div class=\"custom-frame-padding\"><a href=\"https:\/\/ibiworld.eu\/de\/die-burkinabe-eine-kleine-hoffnung-auf-ein-anderes-afrika\/\" title=\"DIE BURKINAB\u00c9, EINE KLEINE HOFFNUNG AUF EIN ANDERES AFRIKA\"><img src=\"https:\/\/ibiworld.eu\/de\/wp-content\/uploads\/2021\/04\/RUS011-01-60x60_c.png\" width=\"60\" height=\"60\" alt=\"DIE BURKINAB\u00c9, EINE KLEINE HOFFNUNG AUF EIN ANDERES AFRIKA\" \/><\/a><\/div><\/div><\/div>\t\t\t\t\t\t<a class=\"teaser-title\" title=\"DIE BURKINAB\u00c9, EINE KLEINE HOFFNUNG AUF EIN ANDERES AFRIKA\" href=\"https:\/\/ibiworld.eu\/de\/die-burkinabe-eine-kleine-hoffnung-auf-ein-anderes-afrika\/\">DIE BURKINAB\u00c9, EINE KLEINE HOFFNUNG AUF EIN ANDERES AFRIKA<\/a>\n\t\t\t\t\t\t\t\t\t\t\t\t\t\t\t\t\t\t\t\t\t\t\t\t\t\t\t<div class=\"date-author\">23 April 2021 by <a href=\"https:\/\/ibiworld.eu\/de\/author\/ibi-world-russland\/\" title=\"Beitr\u00e4ge von IBI World Russland\" rel=\"author\">IBI World Russland<\/a> <\/div>\n\t\t\t\t\t\t\t\t\t\t\t\t<div class=\"teaser-content\">\n\t\t\t\t\t\tDer World Gold Council[1] erkl\u00e4rt am 14. Juli 2020 inmitten der Covid-Pandemie: &#8222;Die Anleger haben Gold im Jahr 2020 als...\t\t\t\t\t\t<\/div>\n\t\t\t\t\t\t\t\t\t\t\t\t<div class=\"clear\"><\/div>\n\t\t\t\t\t<\/li>\n\t\t\t\t\t\t\t\t\t\t<li>\n\t\t\t\t\t\t<div class=\"small-custom-frame-wrapper alignleft\"><div class=\"custom-frame-inner-wrapper\"><div class=\"custom-frame-padding\"><a href=\"https:\/\/ibiworld.eu\/de\/tschadsee-eine-reise-zwischen-amboss-und-hammer\/\" title=\"TSCHADSEE, EINE REISE ZWISCHEN AMBOSS UND HAMMER\"><img src=\"https:\/\/ibiworld.eu\/de\/wp-content\/uploads\/2020\/12\/FRA003-01-60x60_c.jpg\" width=\"60\" height=\"60\" alt=\"TSCHADSEE, EINE REISE ZWISCHEN AMBOSS UND HAMMER\" \/><\/a><\/div><\/div><\/div>\t\t\t\t\t\t<a class=\"teaser-title\" title=\"TSCHADSEE, EINE REISE ZWISCHEN AMBOSS UND HAMMER\" href=\"https:\/\/ibiworld.eu\/de\/tschadsee-eine-reise-zwischen-amboss-und-hammer\/\">TSCHADSEE, EINE REISE ZWISCHEN AMBOSS UND HAMMER<\/a>\n\t\t\t\t\t\t\t\t\t\t\t\t\t\t\t\t\t\t\t\t\t\t\t\t\t\t\t<div class=\"date-author\">18 Dezember 2020 by <a href=\"https:\/\/ibiworld.eu\/de\/author\/ibi-world-frankreich\/\" title=\"Beitr\u00e4ge von IBI World Frankreich\" rel=\"author\">IBI World Frankreich<\/a> <\/div>\n\t\t\t\t\t\t\t\t\t\t\t\t<div class=\"teaser-content\">\n\t\t\t\t\t\tTschad: Ein Binnenstaat im Herzen des afrikanischen Kontinents, im Zentrum der Sahara, so gro\u00df wie Frankreich, Italien und Deutschland zusammengerechnet...\t\t\t\t\t\t<\/div>\n\t\t\t\t\t\t\t\t\t\t\t\t<div class=\"clear\"><\/div>\n\t\t\t\t\t<\/li>\n\t\t\t\t\t\t\t\t\t\t<li>\n\t\t\t\t\t\t<div class=\"small-custom-frame-wrapper alignleft\"><div class=\"custom-frame-inner-wrapper\"><div class=\"custom-frame-padding\"><a href=\"https:\/\/ibiworld.eu\/de\/das-nicht-so-geheime-millionaersgeschaeft-der-hisbollah-in-gambia\/\" title=\"DAS NICHT SO GEHEIME MILLION\u00c4RSGESCH\u00c4FT DER HISBOLLAH IN GAMBIA\"><img src=\"https:\/\/ibiworld.eu\/de\/wp-content\/uploads\/2020\/11\/RUS004-01-60x60_c.jpg\" width=\"60\" height=\"60\" alt=\"DAS NICHT SO GEHEIME MILLION\u00c4RSGESCH\u00c4FT DER HISBOLLAH IN GAMBIA\" \/><\/a><\/div><\/div><\/div>\t\t\t\t\t\t<a class=\"teaser-title\" title=\"DAS NICHT SO GEHEIME MILLION\u00c4RSGESCH\u00c4FT DER HISBOLLAH IN GAMBIA\" href=\"https:\/\/ibiworld.eu\/de\/das-nicht-so-geheime-millionaersgeschaeft-der-hisbollah-in-gambia\/\">DAS NICHT SO GEHEIME MILLION\u00c4RSGESCH\u00c4FT DER HISBOLLAH IN GAMBIA<\/a>\n\t\t\t\t\t\t\t\t\t\t\t\t\t\t\t\t\t\t\t\t\t\t\t\t\t\t\t<div class=\"date-author\">20 November 2020 by <a href=\"https:\/\/ibiworld.eu\/de\/author\/ibi-world-russland\/\" title=\"Beitr\u00e4ge von IBI World Russland\" rel=\"author\">IBI World Russland<\/a> <\/div>\n\t\t\t\t\t\t\t\t\t\t\t\t<div class=\"teaser-content\">\n\t\t\t\t\t\tDie Hauptt\u00e4tigkeit der Milizen, die auf der ganzen Welt aus anscheinend religi\u00f6sen Gr\u00fcnden gegen nationale Regierungen oder gegen einige als...\t\t\t\t\t\t<\/div>\n\t\t\t\t\t\t\t\t\t\t\t\t<div class=\"clear\"><\/div>\n\t\t\t\t\t<\/li>\n\t\t\t\t\t\t\t\t<\/ul>\n\t\t\t<\/div><!-- end widget_recent_posts -->\n\t\t\t<\/div>[\/vc_column][\/vc_row]\n","protected":false},"excerpt":{"rendered":"<p>[vc_row][vc_column width=&#8220;2\/3&#8243;][vc_empty_space height=&#8220;63px&#8220;][vc_column_text] DIE SAHELZONE: DER ERSTE GRO\u00dfE \u00d6KOLOGISCHE UND SOZIALE ZUSAMMENBRUCH DER MENSCHEIT &nbsp; Die Zerst\u00f6rung Karthagos im Jahr 146 v. Chr. vernichtete nicht nur eine bl\u00fchende mediterrane Zivilisation an den Ufern dessen, was wir heute Tunesien nennen. Auf einen Schlag unterbrach es \u00fcber tausend Jahre<\/p>\n","protected":false},"author":1,"featured_media":0,"parent":0,"menu_order":0,"comment_status":"closed","ping_status":"closed","template":"page-FullWidth.php","meta":[],"_links":{"self":[{"href":"https:\/\/ibiworld.eu\/de\/wp-json\/wp\/v2\/pages\/989"}],"collection":[{"href":"https:\/\/ibiworld.eu\/de\/wp-json\/wp\/v2\/pages"}],"about":[{"href":"https:\/\/ibiworld.eu\/de\/wp-json\/wp\/v2\/types\/page"}],"author":[{"embeddable":true,"href":"https:\/\/ibiworld.eu\/de\/wp-json\/wp\/v2\/users\/1"}],"replies":[{"embeddable":true,"href":"https:\/\/ibiworld.eu\/de\/wp-json\/wp\/v2\/comments?post=989"}],"version-history":[{"count":3,"href":"https:\/\/ibiworld.eu\/de\/wp-json\/wp\/v2\/pages\/989\/revisions"}],"predecessor-version":[{"id":2316,"href":"https:\/\/ibiworld.eu\/de\/wp-json\/wp\/v2\/pages\/989\/revisions\/2316"}],"wp:attachment":[{"href":"https:\/\/ibiworld.eu\/de\/wp-json\/wp\/v2\/media?parent=989"}],"curies":[{"name":"wp","href":"https:\/\/api.w.org\/{rel}","templated":true}]}}