{"id":656,"date":"2021-04-28T19:06:23","date_gmt":"2021-04-28T17:06:23","guid":{"rendered":"http:\/\/ibiworld.eu\/de\/?page_id=656"},"modified":"2022-02-26T23:29:35","modified_gmt":"2022-02-26T22:29:35","slug":"deep-sea-mining","status":"publish","type":"page","link":"https:\/\/ibiworld.eu\/de\/deep-sea-mining\/","title":{"rendered":"DEEP SEA MINING"},"content":{"rendered":"[vc_row][vc_column width=&#8220;2\/3&#8243;][vc_empty_space height=&#8220;63px&#8220;][vc_column_text]\n<h3><img loading=\"lazy\" class=\"aligncenter size-full wp-image-657\" src=\"https:\/\/ibiworld.eu\/de\/wp-content\/uploads\/2021\/03\/EDIT04.jpg\" alt=\"\" width=\"754\" height=\"566\" srcset=\"https:\/\/ibiworld.eu\/de\/wp-content\/uploads\/2021\/03\/EDIT04.jpg 754w, https:\/\/ibiworld.eu\/de\/wp-content\/uploads\/2021\/03\/EDIT04-300x225.jpg 300w, https:\/\/ibiworld.eu\/de\/wp-content\/uploads\/2021\/03\/EDIT04-600x450.jpg 600w\" sizes=\"(max-width: 754px) 100vw, 754px\" \/><\/h3>\n<p>&nbsp;<\/p>\n<h3>EDITORIAL: <strong>DIE DREISTE WUNSCH, DEN OZEAN ZU ZERST\u00d6REN<\/strong><\/h3>\n<p>Am 4. M\u00e4rz 2021, unter der Leitung von Daniela Camboni, die Finanzanalyse-Website Stansberry Research, die seit \u00fcber zwanzig Jahren eine der S\u00e4ulen der Weltanschauung des Mineralressourcenmarktes darstellt, sendet ein Interview von grundlegender Bedeutung<a href=\"#_ftn1\" name=\"_ftnref1\">[1]<\/a>. Camboni ist ein Star des globalen Finanzjournalismus und leitete 12 Jahren lang KitCo News &#8211; einen Web- und TV-Kanal, der sich nur mit Mineralien befasst. In dieser Zeitspanne ist Daniela Camboni, von einer jungen Frau, zur Leiterin eines Multimillionen-Dollar-Imperiums geworden. Die damals unbekannt und voller ehrgeiziger Journalistin ist mittlerweile zu einem der ber\u00fchmtesten Gesichter und Stimmen im globalen Web geworden.<\/p>\n<p>Daniela Camboni interviewt gleichzeitig Gerard Barron, Vorstandsvorsitzender eines kanadischen Unternehmens namens The Metals Company, und den Milliard\u00e4r Frank Giustra, der als Bergbauexperte und Philanthrop vorgestellt wird. Das Thema des Interviews ist die Vorstellung der Geburtsstunde eines neuen multinationalen Unternehmens, The Metals Company, das aus der Fusion der (bislang unbekannten) SOAC Sustainable Opportunities Acquisition Corporation Vancouver und DeepGreen Metals Inc. Vancouver hervorgegangen ist. Das Unternehmen ist dabei, den Boden des Pazifischen Ozeans auszugraben, um Mineralien zu sammeln, die laut Prognosen auf der Erdoberfl\u00e4che immer seltener werden: Kobalt, Nickel, Kupfer und Mangan<a href=\"#_ftn2\" name=\"_ftnref2\">[2]<\/a>.<\/p>\n<style type=\"text\/css\" id=\"umsMapStyles_5_71041\">\r\n\t#ultimate_maps_5_71041 {\r\n        width: 100%;\r\n        height: 500px;\r\n\t        border: 0px solid ;\r\n        margin: 0px;\r\n    }\r\n\t#mapsControlsNum_5_71041 {\r\n\t\twidth:100%\t}\r\n\t.umsMapDetailsContainer#umsMapDetailsContainer_5_71041 {\r\n\t\theight:500px;\r\n\t}\r\n\t.ums_MapPreview#ultimate_maps_5_71041 {\r\n\t\t\/*position:absolute;*\/\r\n\t\twidth:100%;\r\n\t}\r\n\t#mapConElem_5_71041{\r\n\t\twidth:100%\t}\r\n\t<\/style>\r\n<div class=\"ums_map_opts\" id=\"mapConElem_5_71041\" data-id=\"5\" data-view-id=\"5_71041\" > <div class=\"umsMapDetailsContainer\" id=\"umsMapDetailsContainer_5_71041\"> <i class=\"umsKMLLayersPreloader fa fa-spinner fa-spin\" aria-hidden=\"true\" style=\"display: none;\"><\/i> <div class=\"ums_MapPreview \" id=\"ultimate_maps_5_71041\"><\/div> <\/div> <div class=\"umsMapMarkerFilters\" id=\"umsMapMarkerFilters_5_71041\"> <\/div> <div class=\"umsMapProControlsCon\" id=\"umsMapProControlsCon_5_71041\"> <\/div> <div class=\"umsMapProDirectionsCon\" id=\"umsMapProDirectionsCon_5_71041\" > <\/div> <div class=\"umsMapProKmlFilterCon\" id=\"umsMapProKmlFilterCon_5_71041\" > <\/div> <div class=\"umsSocialSharingShell umsSocialSharingShell_5_71041\"> <\/div> <div style=\"clear: both;\"><\/div> <\/div> \n<p>Die Sendung unterst\u00fctzt den folgenden Standpunkt: Durch das Graben des Meeresbodens kann die Menschheit \u00fcber bisher ungeahnte Mengen an Materialien verf\u00fcgen, die f\u00fcr die Entwicklung \u00f6kologisch nachhaltiger Technologien erforderlich sind. Seit zwanzig Jahren argumentieren NGOs auf der ganzen Welt jedoch das Gegenteil: Das Graben des Meeresbodens zerst\u00f6rt ein ganzes \u00d6kosystem, von dem wir wenig oder gar nichts wissen, gef\u00e4hrdet die geologische und tektonische Stabilit\u00e4t der Kontinente, verschmutzt und erw\u00e4rmt den Ozean auf einer irreparabler Art und Weise, und k\u00f6nnte zum sprichw\u00f6rtlichen Strohhalm werden, der den R\u00fccken des Kamels aus dem Umweltgleichgewicht zerrt.<\/p>\n<p>Aus diesem Grund wird seit \u00fcber einem Vierteljahrhundert das Projekt des Abbaus des Meeresbodens fast im Verborgenen fortgesetzt und durch den Einsatz einer von den Vereinten Nationen gegr\u00fcndeten Agentur, der ISA International Seabed Authority aus Kingston (Jamaika), welche mehr Niederlagen als Siege erzielt hat, und trotzdem Bergbaulizenzen an internationalen Konsortien erteilen durfte.<\/p>\n<p>ISA hat bisher versucht, glaubhaft zu machen, dass es sich um eine Operation handelt, an der \u00fcber hundert Nationen der Welt eintr\u00e4chtig beteiligt sind, und dass sie damit den Entwicklungsl\u00e4ndern eine gro\u00dfe Chance geben, reich zu werden. Aber die L\u00e4nder, die zuerst gegraben haben (Papua-Neuguinea, Tonga, Nauru und Kiribati), haben sich jetzt zur\u00fcckgezogen, zeigen Angst und versuchen nun verzweifelt (und vergeblich), die Bulldozer aufzuhalten.<\/p>\n<p>Zu sp\u00e4t. Die Fusion zwischen SOAC und DeepGreen Metals macht offiziell, was seit Jahren zu beweisen versucht wurde, mit intensiven Untersuchungen im Labyrinth der Pyramidenkonstruktionen undurchsichtiger Finanzunternehmen in Steueroasen und zwar: Es gibt nur ein einziges Projekt, das alle zusammenbringt \u2013 russische Oligarchen, amerikanische und kanadische Milliard\u00e4re, Abenteurer aller Herkunft, UN-Beamte, die sich selbst als G\u00f6tter vorkommen, blinde oder korrupte Politiker. Das Projekt wird zur Realit\u00e4t und soll in diesem neuen Jahrzehnt mit graben in der Mitte des Pazifischen Ozeans beginnen<a href=\"#_ftn3\" name=\"_ftnref3\">[3]<\/a>. Man hatte sich jahrelang hinter der Fassade von Dutzenden von Akronymen versteckt, die fast alle unbekannt waren, aber jetzt hat man sich entschieden, dass es keinen Grund mehr zur Vorsicht gibt: Frank Giustra, zum Beispiel, hatte bisher die Geheimhaltung seiner Teilnahme energisch verteidigt.<\/p>\n<p>Wir k\u00f6nnen wenig tun, aber wir m\u00fcssen es tun: Wir m\u00fcssen so vielen Menschen wie m\u00f6glich zeigen, was passiert ist und, im ernst, was passieren k\u00f6nnte. Zeigen, wie viele verr\u00fcckte Projekte aus dem Traum der Ausgrabung des Pazifischen Ozeans hervorgegangen sind und nun darauf abzielen, auch das Mittelmeer oder das Karibische Meer, nur wenige Kilometer von den K\u00fcsten entfernt, auszugraben. Projekte, die nicht nur in den H\u00e4nden von Bergbauunternehmen liegen, aber auch von Unternehmen, die nach Gold-, \u00d6l- suchen oder der Milit\u00e4rindustrie geh\u00f6ren. Weil das Projekt zur Ausbeutung des Meeresbodens noch schlimmere Alptr\u00e4ume verbirgt. Und wir versuchen leider erst jetzt, alle zum Aufwachen zu bringen, als es vielleicht schon zu sp\u00e4t ist.<\/p>\n<p>&nbsp;<\/p>\n<p><a href=\"#_ftnref1\" name=\"_ftn1\">[1]<\/a> <a href=\"https:\/\/www.youtube.com\/watch?v=ZI5AulS82Ds\">https:\/\/www.youtube.com\/watch?v=ZI5AulS82Ds<\/a><\/p>\n<p><a href=\"#_ftnref2\" name=\"_ftn2\">[2]<\/a> <a href=\"https:\/\/www.youtube.com\/watch?v=ZI5AulS82Ds\">https:\/\/www.youtube.com\/watch?v=ZI5AulS82Ds<\/a><\/p>\n<p><a href=\"#_ftnref3\" name=\"_ftn3\">[3]<\/a> 2021.03.04 Sustainable Opportunities Acquisition Corp. Merger Prospectus; <a href=\"https:\/\/sec.report\/Document\/0001213900-21-016758\/\">https:\/\/sec.report\/Document\/0001213900-21-016758\/<\/a>[\/vc_column_text][\/vc_column][vc_column width=&#8220;1\/3&#8243;][vc_column_text]<form  class=\"is-search-form is-form-style is-form-style-3 is-form-id-411 \" action=\"https:\/\/ibiworld.eu\/de\/\" method=\"get\" role=\"search\" ><label for=\"is-search-input-411\"><span class=\"is-screen-reader-text\">Search for:<\/span><input  type=\"search\" id=\"is-search-input-411\" name=\"s\" value=\"\" class=\"is-search-input\" placeholder=\"SUCHE HIER...\" autocomplete=off \/><\/label><button type=\"submit\" class=\"is-search-submit\"><span class=\"is-screen-reader-text\">Search Button<\/span><span class=\"is-search-icon\"><svg focusable=\"false\" aria-label=\"Search\" xmlns=\"http:\/\/www.w3.org\/2000\/svg\" viewBox=\"0 0 24 24\" width=\"24px\"><path d=\"M15.5 14h-.79l-.28-.27C15.41 12.59 16 11.11 16 9.5 16 5.91 13.09 3 9.5 3S3 5.91 3 9.5 5.91 16 9.5 16c1.61 0 3.09-.59 4.23-1.57l.27.28v.79l5 4.99L20.49 19l-4.99-5zm-6 0C7.01 14 5 11.99 5 9.5S7.01 5 9.5 5 14 7.01 14 9.5 11.99 14 9.5 14z\"><\/path><\/svg><\/span><\/button><input type=\"hidden\" name=\"id\" value=\"411\" \/><\/form>[\/vc_column_text][vc_wp_categories title=&#8220;ARCHIV&#8220; options=&#8220;dropdown,count,hierarchical&#8220;][vc_column_text]\n<h2>ARTIKEL<\/h2>\n[\/vc_column_text]<div class=\"widget widget_latest_posts\">\t\t\t<div class=\"latest_posts\">\n\t\t\t<ul class=\"small-thumb\">\n\t\t\t\t\t\t\t\t\t<li>\n\t\t\t\t\t\t<div class=\"small-custom-frame-wrapper alignleft\"><div class=\"custom-frame-inner-wrapper\"><div class=\"custom-frame-padding\"><a href=\"https:\/\/ibiworld.eu\/de\/die-italienische-regierung-traeumt-von-der-zerstoerung-des-meeresbodens\/\" title=\"DIE ITALIENISCHE REGIERUNG TR\u00c4UMT VON DER ZERST\u00d6RUNG DES MEERESBODENS\"><img src=\"https:\/\/ibiworld.eu\/de\/wp-content\/uploads\/2023\/05\/ITA035-01-60x60_c.jpg\" width=\"60\" height=\"60\" alt=\"DIE ITALIENISCHE REGIERUNG TR\u00c4UMT VON DER ZERST\u00d6RUNG DES MEERESBODENS\" \/><\/a><\/div><\/div><\/div>\t\t\t\t\t\t<a class=\"teaser-title\" title=\"DIE ITALIENISCHE REGIERUNG TR\u00c4UMT VON DER ZERST\u00d6RUNG DES MEERESBODENS\" href=\"https:\/\/ibiworld.eu\/de\/die-italienische-regierung-traeumt-von-der-zerstoerung-des-meeresbodens\/\">DIE ITALIENISCHE REGIERUNG TR\u00c4UMT VON DER ZERST\u00d6RUNG DES MEERESBODENS<\/a>\n\t\t\t\t\t\t\t\t\t\t\t\t\t\t\t\t\t\t\t\t\t\t\t\t\t\t\t<div class=\"date-author\">15 Mai 2023 by <a href=\"https:\/\/ibiworld.eu\/de\/author\/ibi-world-italien\/\" title=\"Beitr\u00e4ge von IBI World Italien\" rel=\"author\">IBI World Italien<\/a> <\/div>\n\t\t\t\t\t\t\t\t\t\t\t\t<div class=\"teaser-content\">\n\t\t\t\t\t\tNach jahrelanger passiver und stiller Teilnahme beschloss Italien am 3. Mai, seine Beteiligung an der Internationalen Meeresbodenbeh\u00f6rde (ISA) zu aktivieren...\t\t\t\t\t\t<\/div>\n\t\t\t\t\t\t\t\t\t\t\t\t<div class=\"clear\"><\/div>\n\t\t\t\t\t<\/li>\n\t\t\t\t\t\t\t\t\t\t<li>\n\t\t\t\t\t\t<div class=\"small-custom-frame-wrapper alignleft\"><div class=\"custom-frame-inner-wrapper\"><div class=\"custom-frame-padding\"><a href=\"https:\/\/ibiworld.eu\/de\/warum-london-den-meeresboden-ausspionieren-will\/\" title=\"WARUM LONDON DEN MEERESBODEN AUSSPIONIEREN WILL\"><img src=\"https:\/\/ibiworld.eu\/de\/wp-content\/uploads\/2022\/11\/SVE017-01-60x60_c.jpg\" width=\"60\" height=\"60\" alt=\"WARUM LONDON DEN MEERESBODEN AUSSPIONIEREN WILL\" \/><\/a><\/div><\/div><\/div>\t\t\t\t\t\t<a class=\"teaser-title\" title=\"WARUM LONDON DEN MEERESBODEN AUSSPIONIEREN WILL\" href=\"https:\/\/ibiworld.eu\/de\/warum-london-den-meeresboden-ausspionieren-will\/\">WARUM LONDON DEN MEERESBODEN AUSSPIONIEREN WILL<\/a>\n\t\t\t\t\t\t\t\t\t\t\t\t\t\t\t\t\t\t\t\t\t\t\t\t\t\t\t<div class=\"date-author\">21 November 2022 by <a href=\"https:\/\/ibiworld.eu\/de\/author\/ibi-world-schweden\/\" title=\"Beitr\u00e4ge von IBI World Schweden\" rel=\"author\">IBI World Schweden<\/a> <\/div>\n\t\t\t\t\t\t\t\t\t\t\t\t<div class=\"teaser-content\">\n\t\t\t\t\t\tEin amerikanisches Unternehmen, DST Digital Sky Technology, das aus der NASA hervorgegangen ist, aber vom russischen \u00d6lgiganten Gazprom finanziell unterst\u00fctzt...\t\t\t\t\t\t<\/div>\n\t\t\t\t\t\t\t\t\t\t\t\t<div class=\"clear\"><\/div>\n\t\t\t\t\t<\/li>\n\t\t\t\t\t\t\t\t\t\t<li>\n\t\t\t\t\t\t<div class=\"small-custom-frame-wrapper alignleft\"><div class=\"custom-frame-inner-wrapper\"><div class=\"custom-frame-padding\"><a href=\"https:\/\/ibiworld.eu\/de\/der-geheime-krieg-um-den-arktischen-ozean\/\" title=\"DER GEHEIME KRIEG UM DEN ARKTISCHEN OZEAN\"><img src=\"https:\/\/ibiworld.eu\/de\/wp-content\/uploads\/2022\/04\/JPN008-01-60x60_c.jpg\" width=\"60\" height=\"60\" alt=\"DER GEHEIME KRIEG UM DEN ARKTISCHEN OZEAN\" \/><\/a><\/div><\/div><\/div>\t\t\t\t\t\t<a class=\"teaser-title\" title=\"DER GEHEIME KRIEG UM DEN ARKTISCHEN OZEAN\" href=\"https:\/\/ibiworld.eu\/de\/der-geheime-krieg-um-den-arktischen-ozean\/\">DER GEHEIME KRIEG UM DEN ARKTISCHEN OZEAN<\/a>\n\t\t\t\t\t\t\t\t\t\t\t\t\t\t\t\t\t\t\t\t\t\t\t\t\t\t\t<div class=\"date-author\">27 April 2022 by <a href=\"https:\/\/ibiworld.eu\/de\/author\/ibi-world-japan\/\" title=\"Beitr\u00e4ge von IBI World Japan\" rel=\"author\">IBI World Japan<\/a> <\/div>\n\t\t\t\t\t\t\t\t\t\t\t\t<div class=\"teaser-content\">\n\t\t\t\t\t\tUrspr\u00fcnglich wollten wir einen Bericht \u00fcber die Klimasituation und die Gefahren f\u00fcr die Tierwelt in der k\u00e4ltesten (und f\u00fcr das...\t\t\t\t\t\t<\/div>\n\t\t\t\t\t\t\t\t\t\t\t\t<div class=\"clear\"><\/div>\n\t\t\t\t\t<\/li>\n\t\t\t\t\t\t\t\t\t\t<li>\n\t\t\t\t\t\t<div class=\"small-custom-frame-wrapper alignleft\"><div class=\"custom-frame-inner-wrapper\"><div class=\"custom-frame-padding\"><a href=\"https:\/\/ibiworld.eu\/de\/aliser-usmanov-die-indiskrete-blicke-eines-oligarchen-auf-die-welt\/\" title=\"ALI\u0160ER USMANOV: DIE INDISKRETE BLICKE EINES OLIGARCHEN AUF DIE WELT\"><img src=\"https:\/\/ibiworld.eu\/de\/wp-content\/uploads\/2021\/07\/RUS007-01-60x60_c.jpg\" width=\"60\" height=\"60\" alt=\"ALI\u0160ER USMANOV: DIE INDISKRETE BLICKE EINES OLIGARCHEN AUF DIE WELT\" \/><\/a><\/div><\/div><\/div>\t\t\t\t\t\t<a class=\"teaser-title\" title=\"ALI\u0160ER USMANOV: DIE INDISKRETE BLICKE EINES OLIGARCHEN AUF DIE WELT\" href=\"https:\/\/ibiworld.eu\/de\/aliser-usmanov-die-indiskrete-blicke-eines-oligarchen-auf-die-welt\/\">ALI\u0160ER USMANOV: DIE INDISKRETE BLICKE EINES OLIGARCHEN AUF DIE WELT<\/a>\n\t\t\t\t\t\t\t\t\t\t\t\t\t\t\t\t\t\t\t\t\t\t\t\t\t\t\t<div class=\"date-author\">15 Juli 2021 by <a href=\"https:\/\/ibiworld.eu\/de\/author\/ibi-world-russland\/\" title=\"Beitr\u00e4ge von IBI World Russland\" rel=\"author\">IBI World Russland<\/a> <\/div>\n\t\t\t\t\t\t\t\t\t\t\t\t<div class=\"teaser-content\">\n\t\t\t\t\t\tWenn Sie im Leben einmal Reichtum erlangt haben, stehen Ihnen mehrere M\u00f6glichkeiten zur Verf\u00fcgung, von denen die allgemein bevorzugte ist,...\t\t\t\t\t\t<\/div>\n\t\t\t\t\t\t\t\t\t\t\t\t<div class=\"clear\"><\/div>\n\t\t\t\t\t<\/li>\n\t\t\t\t\t\t\t\t\t\t<li>\n\t\t\t\t\t\t<div class=\"small-custom-frame-wrapper alignleft\"><div class=\"custom-frame-inner-wrapper\"><div class=\"custom-frame-padding\"><a href=\"https:\/\/ibiworld.eu\/de\/die-finanziellen-intrigen-hinter-myanmars-blutigem-putsch\/\" title=\"DIE FINANZIELLEN INTRIGEN HINTER MYANMARS BLUTIGEM PUTSCH\"><img src=\"https:\/\/ibiworld.eu\/de\/wp-content\/uploads\/2021\/07\/JPN002-01-60x60_c.jpg\" width=\"60\" height=\"60\" alt=\"DIE FINANZIELLEN INTRIGEN HINTER MYANMARS BLUTIGEM PUTSCH\" \/><\/a><\/div><\/div><\/div>\t\t\t\t\t\t<a class=\"teaser-title\" title=\"DIE FINANZIELLEN INTRIGEN HINTER MYANMARS BLUTIGEM PUTSCH\" href=\"https:\/\/ibiworld.eu\/de\/die-finanziellen-intrigen-hinter-myanmars-blutigem-putsch\/\">DIE FINANZIELLEN INTRIGEN HINTER MYANMARS BLUTIGEM PUTSCH<\/a>\n\t\t\t\t\t\t\t\t\t\t\t\t\t\t\t\t\t\t\t\t\t\t\t\t\t\t\t<div class=\"date-author\">1 Juli 2021 by <a href=\"https:\/\/ibiworld.eu\/de\/author\/ibi-world-japan\/\" title=\"Beitr\u00e4ge von IBI World Japan\" rel=\"author\">IBI World Japan<\/a> <\/div>\n\t\t\t\t\t\t\t\t\t\t\t\t<div class=\"teaser-content\">\n\t\t\t\t\t\t1. Februar 2021. Die Metropole Yangon, die ehemalige Hauptstadt Myanmars, erlebt ein b\u00f6ses Erwachen: Die Anf\u00fchrerin und Ikone Aung San...\t\t\t\t\t\t<\/div>\n\t\t\t\t\t\t\t\t\t\t\t\t<div class=\"clear\"><\/div>\n\t\t\t\t\t<\/li>\n\t\t\t\t\t\t\t\t\t\t<li>\n\t\t\t\t\t\t<div class=\"small-custom-frame-wrapper alignleft\"><div class=\"custom-frame-inner-wrapper\"><div class=\"custom-frame-padding\"><a href=\"https:\/\/ibiworld.eu\/de\/heerema-die-lange-reise-vom-nationalsozialismus-zur-ausbeutung-des-meeresbodens\/\" title=\"HEEREMA: DIE LANGE REISE VOM NATIONALSOZIALISMUS ZUR AUSBEUTUNG DES MEERESBODENS\"><img src=\"https:\/\/ibiworld.eu\/de\/wp-content\/uploads\/2021\/05\/GER011-01-60x60_c.jpg\" width=\"60\" height=\"60\" alt=\"HEEREMA: DIE LANGE REISE VOM NATIONALSOZIALISMUS ZUR AUSBEUTUNG DES MEERESBODENS\" \/><\/a><\/div><\/div><\/div>\t\t\t\t\t\t<a class=\"teaser-title\" title=\"HEEREMA: DIE LANGE REISE VOM NATIONALSOZIALISMUS ZUR AUSBEUTUNG DES MEERESBODENS\" href=\"https:\/\/ibiworld.eu\/de\/heerema-die-lange-reise-vom-nationalsozialismus-zur-ausbeutung-des-meeresbodens\/\">HEEREMA: DIE LANGE REISE VOM NATIONALSOZIALISMUS ZUR AUSBEUTUNG DES MEERESBODENS<\/a>\n\t\t\t\t\t\t\t\t\t\t\t\t\t\t\t\t\t\t\t\t\t\t\t\t\t\t\t<div class=\"date-author\">8 Mai 2021 by <a href=\"https:\/\/ibiworld.eu\/de\/author\/ibi-world\/\" title=\"Beitr\u00e4ge von IBI World Deutschland\" rel=\"author\">IBI World Deutschland<\/a> <\/div>\n\t\t\t\t\t\t\t\t\t\t\t\t<div class=\"teaser-content\">\n\t\t\t\t\t\tAmsterdam, Dezember 1942. Trotz der harten Winterbedingungen und der Fortsetzung des Krieges ist dies ein Tag zum Feiern. SS-Offizier Pieter...\t\t\t\t\t\t<\/div>\n\t\t\t\t\t\t\t\t\t\t\t\t<div class=\"clear\"><\/div>\n\t\t\t\t\t<\/li>\n\t\t\t\t\t\t\t\t\t\t<li>\n\t\t\t\t\t\t<div class=\"small-custom-frame-wrapper alignleft\"><div class=\"custom-frame-inner-wrapper\"><div class=\"custom-frame-padding\"><a href=\"https:\/\/ibiworld.eu\/de\/militaerstuetzpunkte-und-minen-das-neue-gesicht-des-meeresbodens\/\" title=\"MILIT\u00c4RST\u00dcTZPUNKTE UND MINEN: DAS NEUE GESICHT DES MEERESBODENS\"><img src=\"https:\/\/ibiworld.eu\/de\/wp-content\/uploads\/2021\/04\/RUS010-01-60x60_c.jpg\" width=\"60\" height=\"60\" alt=\"MILIT\u00c4RST\u00dcTZPUNKTE UND MINEN: DAS NEUE GESICHT DES MEERESBODENS\" \/><\/a><\/div><\/div><\/div>\t\t\t\t\t\t<a class=\"teaser-title\" title=\"MILIT\u00c4RST\u00dcTZPUNKTE UND MINEN: DAS NEUE GESICHT DES MEERESBODENS\" href=\"https:\/\/ibiworld.eu\/de\/militaerstuetzpunkte-und-minen-das-neue-gesicht-des-meeresbodens\/\">MILIT\u00c4RST\u00dcTZPUNKTE UND MINEN: DAS NEUE GESICHT DES MEERESBODENS<\/a>\n\t\t\t\t\t\t\t\t\t\t\t\t\t\t\t\t\t\t\t\t\t\t\t\t\t\t\t<div class=\"date-author\">27 April 2021 by <a href=\"https:\/\/ibiworld.eu\/de\/author\/ibi-world-russland\/\" title=\"Beitr\u00e4ge von IBI World Russland\" rel=\"author\">IBI World Russland<\/a> <\/div>\n\t\t\t\t\t\t\t\t\t\t\t\t<div class=\"teaser-content\">\n\t\t\t\t\t\tDies ist eine Science-Fiction-Zeichnung. Aber wie weit ist die Realit\u00e4t von diesen erfundenen Bildern entfernt? Wenig. Die U-Boot-Milit\u00e4rst\u00fctzpunkte, von denen...\t\t\t\t\t\t<\/div>\n\t\t\t\t\t\t\t\t\t\t\t\t<div class=\"clear\"><\/div>\n\t\t\t\t\t<\/li>\n\t\t\t\t\t\t\t\t\t\t<li>\n\t\t\t\t\t\t<div class=\"small-custom-frame-wrapper alignleft\"><div class=\"custom-frame-inner-wrapper\"><div class=\"custom-frame-padding\"><a href=\"https:\/\/ibiworld.eu\/de\/die-ausbeutung-des-meeresbodens-neue-selbstzerstoerungsgrenze-der-menschheit\/\" title=\"DIE AUSBEUTUNG DES MEERESBODENS, NEUE SELBSTZERST\u00d6RUNGSGRENZE DER MENSCHHEIT\"><img src=\"https:\/\/ibiworld.eu\/de\/wp-content\/uploads\/2021\/03\/SVE002-01-60x60_c.jpg\" width=\"60\" height=\"60\" alt=\"DIE AUSBEUTUNG DES MEERESBODENS, NEUE SELBSTZERST\u00d6RUNGSGRENZE DER MENSCHHEIT\" \/><\/a><\/div><\/div><\/div>\t\t\t\t\t\t<a class=\"teaser-title\" title=\"DIE AUSBEUTUNG DES MEERESBODENS, NEUE SELBSTZERST\u00d6RUNGSGRENZE DER MENSCHHEIT\" href=\"https:\/\/ibiworld.eu\/de\/die-ausbeutung-des-meeresbodens-neue-selbstzerstoerungsgrenze-der-menschheit\/\">DIE AUSBEUTUNG DES MEERESBODENS, NEUE SELBSTZERST\u00d6RUNGSGRENZE DER MENSCHHEIT<\/a>\n\t\t\t\t\t\t\t\t\t\t\t\t\t\t\t\t\t\t\t\t\t\t\t\t\t\t\t<div class=\"date-author\">18 M\u00e4rz 2021 by <a href=\"https:\/\/ibiworld.eu\/de\/author\/ibi-world-schweden\/\" title=\"Beitr\u00e4ge von IBI World Schweden\" rel=\"author\">IBI World Schweden<\/a> <\/div>\n\t\t\t\t\t\t\t\t\t\t\t\t<div class=\"teaser-content\">\n\t\t\t\t\t\tIn einem seiner \u00e4u\u00dferst erfolgreichen Romane, &#8222;Der Schwarm&#8220;, der 2004 ver\u00f6ffentlicht wurde, erz\u00e4hlt der deutsche Schriftsteller Frank Sch\u00e4tzing, wie die...\t\t\t\t\t\t<\/div>\n\t\t\t\t\t\t\t\t\t\t\t\t<div class=\"clear\"><\/div>\n\t\t\t\t\t<\/li>\n\t\t\t\t\t\t\t\t<\/ul>\n\t\t\t<\/div><!-- end widget_recent_posts -->\n\t\t\t<\/div>[\/vc_column][\/vc_row]\n","protected":false},"excerpt":{"rendered":"<p>[vc_row][vc_column width=&#8220;2\/3&#8243;][vc_empty_space height=&#8220;63px&#8220;][vc_column_text] &nbsp; EDITORIAL: DIE DREISTE WUNSCH, DEN OZEAN ZU ZERST\u00d6REN Am 4. M\u00e4rz 2021, unter der Leitung von Daniela Camboni, die Finanzanalyse-Website Stansberry Research, die seit \u00fcber zwanzig Jahren eine der S\u00e4ulen der Weltanschauung des Mineralressourcenmarktes darstellt, sendet ein Interview von grundlegender Bedeutung[1]. Camboni ist<\/p>\n","protected":false},"author":1,"featured_media":0,"parent":0,"menu_order":0,"comment_status":"closed","ping_status":"closed","template":"page-FullWidth.php","meta":[],"_links":{"self":[{"href":"https:\/\/ibiworld.eu\/de\/wp-json\/wp\/v2\/pages\/656"}],"collection":[{"href":"https:\/\/ibiworld.eu\/de\/wp-json\/wp\/v2\/pages"}],"about":[{"href":"https:\/\/ibiworld.eu\/de\/wp-json\/wp\/v2\/types\/page"}],"author":[{"embeddable":true,"href":"https:\/\/ibiworld.eu\/de\/wp-json\/wp\/v2\/users\/1"}],"replies":[{"embeddable":true,"href":"https:\/\/ibiworld.eu\/de\/wp-json\/wp\/v2\/comments?post=656"}],"version-history":[{"count":7,"href":"https:\/\/ibiworld.eu\/de\/wp-json\/wp\/v2\/pages\/656\/revisions"}],"predecessor-version":[{"id":860,"href":"https:\/\/ibiworld.eu\/de\/wp-json\/wp\/v2\/pages\/656\/revisions\/860"}],"wp:attachment":[{"href":"https:\/\/ibiworld.eu\/de\/wp-json\/wp\/v2\/media?parent=656"}],"curies":[{"name":"wp","href":"https:\/\/api.w.org\/{rel}","templated":true}]}}