{"id":63,"date":"2020-07-27T02:09:09","date_gmt":"2020-07-27T00:09:09","guid":{"rendered":"http:\/\/ibiworld.eu\/de\/?page_id=63"},"modified":"2022-02-26T23:22:54","modified_gmt":"2022-02-26T22:22:54","slug":"projekte","status":"publish","type":"page","link":"https:\/\/ibiworld.eu\/de\/projekte\/","title":{"rendered":"PROJEKTE"},"content":{"rendered":"[vc_row][vc_column width=&#8220;2\/3&#8243;][vc_column_text]<img loading=\"lazy\" class=\"alignleft size-full wp-image-64\" src=\"https:\/\/ibiworld.eu\/de\/wp-content\/uploads\/2020\/07\/Foto-Paolo.jpg\" alt=\"\" width=\"200\" height=\"200\" srcset=\"https:\/\/ibiworld.eu\/de\/wp-content\/uploads\/2020\/07\/Foto-Paolo.jpg 200w, https:\/\/ibiworld.eu\/de\/wp-content\/uploads\/2020\/07\/Foto-Paolo-100x100.jpg 100w, https:\/\/ibiworld.eu\/de\/wp-content\/uploads\/2020\/07\/Foto-Paolo-150x150.jpg 150w\" sizes=\"(max-width: 200px) 100vw, 200px\" \/>Die Realit\u00e4t zu verstehen ist nunmehr eine Chim\u00e4re geworden. Wie immer eigentlich: Der Unterschied ist, dass dies heute vor aller Augen geschieht. Zu wissen, dass man es nicht wei\u00df, ist keine vertrauliche Information f\u00fcr Sokrates, sondern etwas, dass f\u00fcr jeden offensichtlich ist. Zu empfinden, dass wissen nicht m\u00f6glich ist, ist die gro\u00dfe Ern\u00fcchterung, die dem Traum von partizipativer Demokratie, Emanzipation, Gleichheit und Br\u00fcderlichkeit ein Ende setzt. Zweihundert Jahre nach der Franz\u00f6sischen Revolution wurde alles Innovative in diesem epochalen Ereignis geleugnet, vernichtet und gedem\u00fctigt.<\/p>\n<p>Zu verstehen, welche Behauptungen in Schl\u00fcsselgebieten wie Wissenschaft, Politik, Wirtschaft, Milit\u00e4rtechnologie und Energiemanagement glaubw\u00fcrdig sind, ist heute ebenso unm\u00f6glich wie die Verwendung des demokratischen Repr\u00e4sentationssystems (durch Abstimmung) in der Hoffnung, die Welt und das Schicksal der Zivilisation zum Besseren zu wenden. Komplexit\u00e4t hat es immer gegeben: Der Unterschied besteht darin, dass sie heute als Hammer verwendet wird, um jeglichen optimistischen Glauben abzubauen, weil einige Eckpfeiler der sozialen Organisation versagt haben. Die zehn Gebote, die Gott Mose diktiert hat und die seit Jahrhunderten (unabh\u00e4ngig von der religi\u00f6sen Lehre, mit der sie auferlegt wurden) die Grundlage f\u00fcr die Moral der westlichen Welt (und nicht nur der christlichen) waren, werden heute infrage gestellt. Vielleicht k\u00f6nnen Sie doch t\u00f6ten. Vielleicht k\u00f6nnen Sie im Namen eines Individualismus stehlen, Ihre Eltern entehren, Fetische anbeten, l\u00fcgen, ohne die logische Grenze der urspr\u00fcnglichen Idee zu gew\u00e4hren (meine Freiheit endet dort, wo ich Ihre Freiheit verletze oder Ihnen Gefahr oder Bedrohung bringe): der infantilste Teil der Selbstsucht.<\/p>\n<p>Klugheit, Fairness, b\u00fcrgerlicher Mut, Gerechtigkeitssinn, Ehrlichkeit und Zweifel werden als Schw\u00e4chen gelehrt und als solche erlebt. Arroganz (was gleichbedeutend ist mit selbstgef\u00e4lliger Ignoranz), Faulheit, Gewalt (insbesondere das, was aus Angst kommt, die wiederum fast immer Ignoranz ist), Lust (was die Verwendung von Sexualit\u00e4t als Instrument der Macht ist), Neid, Wut und Geiz sind pl\u00f6tzlich nicht nur akzeptable Eigenschaften, sondern auch gut gesehene Qualit\u00e4ten. Die christliche Kirche mit ihrer zynischen Heuchelei geh\u00f6rt zu den Hauptschuldigen dieser tiefgreifenden und anscheinend irreparablen Ver\u00e4nderung.<\/p>\n<p>Diese Subversion der Werte hatte eine revolution\u00e4re Bedeutung. Heute, wie Ende der 1920er-Jahre, zieht ein gro\u00dfer Teil der Bev\u00f6lkerung einen vernichtenden Holocaust, eine b\u00fcrokratische, zynische und sadistische Diktatur einer komplexen Demokratie vor, in der die L\u00f6sung von Problemen nicht verstanden wird. Es wird nicht angenommen, dass es politische Bewegungen gibt, die wissen, was los ist und etwas f\u00fcr die Probleml\u00f6sungen machen. Jeder Mensch nimmt wahr, dass er v\u00f6llig machtlos und (insbesondere in den letzten zwanzig Jahren) den Bedingungen der politischen, wirtschaftlichen und milit\u00e4rischen Macht ausgeliefert ist. Jegliche Meinungs\u00e4u\u00dferung wird einer Machtmaschine v\u00f6llig unterworfen \u2013 eine Maschine, die immer effizienter, immer invasiver, immer t\u00f6dlicher wird. Heute eine Geste des Trotzes zu wagen, ergibt kaum Sinn. Verschw\u00f6rungen funktionieren nur, wenn die Macht sie unterst\u00fctzt (aus Gr\u00fcnden, die wir nie erfahren werden); trotzige Handlungen, selbst sensationelle wie sich aus Protest in Brand zu setzen, werden zu etwas anderem pervertiert, das vom Mediensystem als etwas B\u00f6ses, Gef\u00e4hrliches und Unedles interpretiert wird.<\/p>\n<p>Man darf aber niemals glauben, dass fast die gesamte Menschheit nur Egoismus, Infantilismus, Ignoranz und Zerst\u00f6rung will. Im Gegenteil, wie der italienische Intellektuelle Enrico Cisnetto schreibt<a href=\"#_ftn1\" name=\"_ftnref1\">[1]<\/a>, glaubt die \u00fcberwiegende Mehrheit der Menschen, zumindest in Europa, an dieselben Werte wie vor siebzig Jahren &#8211; hat aber keine politische Vertretung mehr, ist sowohl vom Wahlkampf als auch von offiziellen Kreisen ausgeschlossen und die Informationen ignoriert sie. Kurz gesagt, wir leben in einer Diktatur einiger Schwachk\u00f6pfe, blutiger Narren und ihrer Feudalherren.<\/p>\n<p>Diese Entwicklung wurde bereits vor sechzig Jahren von vielen Intellektuellen vorhergesagt. 1974 schrieb der italienische Dichter Giorgio Gaber, der Demokratie (leider) oft als \u201eAberglauben\u201c<a href=\"#_ftn2\" name=\"_ftnref2\">[2]<\/a> bezeichnete, als er die Entwicklung der amerikanischen Gesellschaft kommentierte: \u201eFreiheit scheint f\u00fcr jedermann erreichbar zu sein, wie die Gitarre. Jeder spielt so, wie er will, aber jeder spielt genauso, wie es die Freiheit verlangt\u201c <a href=\"#_ftn3\" name=\"_ftnref3\">[3]<\/a>. Leider ist genau das passiert. Wer heute Ver\u00e4nderung verlangt, findet kein Echo. Viele Menschen, die auf der Stra\u00dfe protestieren, wissen nicht genau, was sie vorschlagen sollen und sind meistens instrumentalisiert, um die Angst der Bev\u00f6lkerung zu erh\u00f6hen. Da einerseits zynische und nicht empathische Selbstsucht als Grundwert der Menschheit bef\u00fcrwortet wird, werden andererseits die Geopolitik-Diktate verwendet, die die konzeptionelle Darstellung der Vernichtung der pers\u00f6nlichen Freiheit darstellen. Die Geopolitik sagt: Deutschland tut dies, die T\u00fcrkei denkt das, China sagt das. Als w\u00e4ren sie umrissene und zusammenh\u00e4ngende Einheiten. Als ob es nicht offensichtlich w\u00e4re, dass es innerhalb einer Gemeinschaft unm\u00f6glich ist, dass es 80 Millionen Deutsche gibt, die zu irgendeinem Thema gleich denken.<\/p>\n<p>Mark Birdsall, Gr\u00fcnder und Chefredakteur des Eye Spy Magazine, des \u00e4ltesten und renommiertesten Spionagemagazins, schrieb 2013 in seinem Aufsatz \u201eDie Zukunft der Intelligence im 21. Jahrhundert\u201c, dass milit\u00e4rische und industrielle Spionage der Vergangenheit nicht mehr dazu dient, die Realit\u00e4t zu erkl\u00e4ren und Geheimnisse zu enth\u00fcllen, sondern dazu, Ziele zu identifizieren, die blind getroffen werden sollen, ohne sich \u00fcber die Konsequenzen Gedanken zu machen. Heute &#8211; schreibt er &#8211; gibt es \u00fcberall Informationen, die nicht mehr verborgen sind, aber es gibt so viel davon, dass es fast unm\u00f6glich ist, sie zusammenzustellen, zu analysieren und zu erkl\u00e4ren. Birdsall kommt zu dem Schluss, dass von den zehn Spionagespezialisierungen nur eine dazu beitr\u00e4gt, die Welt zu verstehen: die Analyse des \u00f6ffentlichen und verf\u00fcgbaren Wissens, was er Open Source Intelligence nennt<a href=\"#_ftn4\" name=\"_ftnref4\">[4]<\/a>. Nun, das ist es, was wir versuchen zu tun. F\u00fcr uns, f\u00fcr jeden, der die Geduld hat, uns zu lesen, f\u00fcr diejenigen, die heute am Anfang ihrer Informationsreise stehen und auf wundersame Weise die gro\u00dfen konstitutiven Tugenden eines Menschen bewahren: Neugier, Empathie, Solidarit\u00e4t, Wahrnehmung der Gerechtigkeit und der gr\u00f6\u00dften, gef\u00e4hrlichsten, am meisten umk\u00e4mpften und teuersten aller G\u00fcter. Freiheit.<\/p>\n<p>&nbsp;<\/p>\n<p><a href=\"#_ftnref1\" name=\"_ftn1\">[1]<\/a> <a href=\"https:\/\/www.pensalibero.it\/tornare-indietro-o-andare-avanti\/\">https:\/\/www.pensalibero.it\/tornare-indietro-o-andare-avanti\/<\/a><\/p>\n<p><a href=\"#_ftnref2\" name=\"_ftn2\">[2]<\/a> Giorgio Gaber, Sergio Luporini. \u201c<em>Io se fossi Dio<\/em>\u201d, F1Team, Milano 1980<\/p>\n<p><a href=\"#_ftnref3\" name=\"_ftn3\">[3]<\/a> Giorgio Gaber, Sergio Luporini, \u201c<em>L\u2019America<\/em>\u201d, in \u201c<em>Libert\u00e0 obbligatoria<\/em>\u201d, Carosello, Milano 1976<\/p>\n<p><a href=\"#_ftnref4\" name=\"_ftn4\">[4]<\/a> Mark Birdsall, \u201c<em>The future of Intelligence in the 21<sup>st<\/sup> Century<\/em>\u201d, The Emirates Center for Strategic Studies &amp; Research, Abu Dhabi 2013, page 3. Available at <a href=\"https:\/\/www.ecssr.ae\/wp-content\/themes\/ecssr-child\/split\/100-The-Future-of-Intelligence-in-the-21st-Century_Preview.pdf\">https:\/\/www.ecssr.ae\/wp-content\/themes\/ecssr-child\/split\/100-The-Future-of-Intelligence-in-the-21st-Century_Preview.pdf<\/a>[\/vc_column_text][\/vc_column][vc_column width=&#8220;1\/3&#8243;][vc_column_text]<form  class=\"is-search-form is-form-style is-form-style-3 is-form-id-411 \" action=\"https:\/\/ibiworld.eu\/de\/\" method=\"get\" role=\"search\" ><label for=\"is-search-input-411\"><span class=\"is-screen-reader-text\">Search for:<\/span><input  type=\"search\" id=\"is-search-input-411\" name=\"s\" value=\"\" class=\"is-search-input\" placeholder=\"SUCHE HIER...\" autocomplete=off \/><\/label><button type=\"submit\" class=\"is-search-submit\"><span class=\"is-screen-reader-text\">Search Button<\/span><span class=\"is-search-icon\"><svg focusable=\"false\" aria-label=\"Search\" xmlns=\"http:\/\/www.w3.org\/2000\/svg\" viewBox=\"0 0 24 24\" width=\"24px\"><path d=\"M15.5 14h-.79l-.28-.27C15.41 12.59 16 11.11 16 9.5 16 5.91 13.09 3 9.5 3S3 5.91 3 9.5 5.91 16 9.5 16c1.61 0 3.09-.59 4.23-1.57l.27.28v.79l5 4.99L20.49 19l-4.99-5zm-6 0C7.01 14 5 11.99 5 9.5S7.01 5 9.5 5 14 7.01 14 9.5 11.99 14 9.5 14z\"><\/path><\/svg><\/span><\/button><input type=\"hidden\" name=\"id\" value=\"411\" \/><\/form>[\/vc_column_text][vc_wp_categories title=&#8220;ARCHIV&#8220; options=&#8220;dropdown,count,hierarchical&#8220;]<div class=\"widget widget_latest_posts\">\t\t\t<div class=\"latest_posts\">\n\t\t\t<ul class=\"small-thumb\">\n\t\t\t\t\t\t\t\t\t<li>\n\t\t\t\t\t\t<div class=\"small-custom-frame-wrapper alignleft\"><div class=\"custom-frame-inner-wrapper\"><div class=\"custom-frame-padding\"><a href=\"https:\/\/ibiworld.eu\/de\/zunehmend-beunruhigende-daten-ueber-trinkwasser\/\" title=\"ZUNEHMEND BEUNRUHIGENDE DATEN \u00dcBER TRINKWASSER\"><img src=\"https:\/\/ibiworld.eu\/de\/wp-content\/uploads\/2023\/08\/GER030-01-60x60_c.jpg\" width=\"60\" height=\"60\" alt=\"ZUNEHMEND BEUNRUHIGENDE DATEN \u00dcBER TRINKWASSER\" \/><\/a><\/div><\/div><\/div>\t\t\t\t\t\t<a class=\"teaser-title\" title=\"ZUNEHMEND BEUNRUHIGENDE DATEN \u00dcBER TRINKWASSER\" href=\"https:\/\/ibiworld.eu\/de\/zunehmend-beunruhigende-daten-ueber-trinkwasser\/\">ZUNEHMEND BEUNRUHIGENDE DATEN \u00dcBER TRINKWASSER<\/a>\n\t\t\t\t\t\t\t\t\t\t\t\t\t\t\t\t\t\t\t\t\t\t\t\t\t\t\t<div class=\"date-author\">5 August 2023 by <a href=\"https:\/\/ibiworld.eu\/de\/author\/ibi-world\/\" title=\"Beitr\u00e4ge von IBI World Deutschland\" rel=\"author\">IBI World Deutschland<\/a> <\/div>\n\t\t\t\t\t\t\t\t\t\t\t\t<div class=\"teaser-content\">\n\t\t\t\t\t\tWasser ist ein unersetzliches menschliches Bed\u00fcrfnis, eine unverzichtbare Ressource f\u00fcr die Wirtschaft und spielt eine Schl\u00fcsselrolle im Klimaregelkreislauf. Trinkwasser ist...\t\t\t\t\t\t<\/div>\n\t\t\t\t\t\t\t\t\t\t\t\t<div class=\"clear\"><\/div>\n\t\t\t\t\t<\/li>\n\t\t\t\t\t\t\t\t\t\t<li>\n\t\t\t\t\t\t<div class=\"small-custom-frame-wrapper alignleft\"><div class=\"custom-frame-inner-wrapper\"><div class=\"custom-frame-padding\"><a href=\"https:\/\/ibiworld.eu\/de\/ngorongoro-der-kapitalismus-vernichtet-die-maasai\/\" title=\"NGORONGORO: DER KAPITALISMUS VERNICHTET DIE MAASAI\"><img src=\"https:\/\/ibiworld.eu\/de\/wp-content\/uploads\/2023\/04\/GER021-01-60x60_c.jpg\" width=\"60\" height=\"60\" alt=\"NGORONGORO: DER KAPITALISMUS VERNICHTET DIE MAASAI\" \/><\/a><\/div><\/div><\/div>\t\t\t\t\t\t<a class=\"teaser-title\" title=\"NGORONGORO: DER KAPITALISMUS VERNICHTET DIE MAASAI\" href=\"https:\/\/ibiworld.eu\/de\/ngorongoro-der-kapitalismus-vernichtet-die-maasai\/\">NGORONGORO: DER KAPITALISMUS VERNICHTET DIE MAASAI<\/a>\n\t\t\t\t\t\t\t\t\t\t\t\t\t\t\t\t\t\t\t\t\t\t\t\t\t\t\t<div class=\"date-author\">28 April 2023 by <a href=\"https:\/\/ibiworld.eu\/de\/author\/ibi-world\/\" title=\"Beitr\u00e4ge von IBI World Deutschland\" rel=\"author\">IBI World Deutschland<\/a> <\/div>\n\t\t\t\t\t\t\t\t\t\t\t\t<div class=\"teaser-content\">\n\t\t\t\t\t\tIm Juni 2022 schlugen und schossen tansanische Polizisten und Beh\u00f6rden auf die Bewohner eines Massai-Dorfes. Sie schlagen auch wahllos auf...\t\t\t\t\t\t<\/div>\n\t\t\t\t\t\t\t\t\t\t\t\t<div class=\"clear\"><\/div>\n\t\t\t\t\t<\/li>\n\t\t\t\t\t\t\t\t\t\t<li>\n\t\t\t\t\t\t<div class=\"small-custom-frame-wrapper alignleft\"><div class=\"custom-frame-inner-wrapper\"><div class=\"custom-frame-padding\"><a href=\"https:\/\/ibiworld.eu\/de\/die-information-ist-korrupt\/\" title=\"DIE INFORMATION IST KORRUPT\"><img src=\"https:\/\/ibiworld.eu\/de\/wp-content\/uploads\/2023\/04\/GER026-01-60x60_c.jpg\" width=\"60\" height=\"60\" alt=\"DIE INFORMATION IST KORRUPT\" \/><\/a><\/div><\/div><\/div>\t\t\t\t\t\t<a class=\"teaser-title\" title=\"DIE INFORMATION IST KORRUPT\" href=\"https:\/\/ibiworld.eu\/de\/die-information-ist-korrupt\/\">DIE INFORMATION IST KORRUPT<\/a>\n\t\t\t\t\t\t\t\t\t\t\t\t\t\t\t\t\t\t\t\t\t\t\t\t\t\t\t<div class=\"date-author\">26 April 2023 by <a href=\"https:\/\/ibiworld.eu\/de\/author\/ibi-world\/\" title=\"Beitr\u00e4ge von IBI World Deutschland\" rel=\"author\">IBI World Deutschland<\/a> <\/div>\n\t\t\t\t\t\t\t\t\t\t\t\t<div class=\"teaser-content\">\n\t\t\t\t\t\tVor einigen Tagen wurde im Rahmen einer Untersuchung mehrerer internationaler Zeitungen eine weitere Person identifiziert, die gegen Bezahlung internationale journalistische...\t\t\t\t\t\t<\/div>\n\t\t\t\t\t\t\t\t\t\t\t\t<div class=\"clear\"><\/div>\n\t\t\t\t\t<\/li>\n\t\t\t\t\t\t\t\t<\/ul>\n\t\t\t<\/div><!-- end widget_recent_posts -->\n\t\t\t<\/div><div class=\"widget widget_latest_posts\">\t\t\t<div class=\"latest_posts\">\n\t\t\t<ul class=\"small-thumb\">\n\t\t\t\t\t\t\t\t\t<li>\n\t\t\t\t\t\t<div class=\"small-custom-frame-wrapper alignleft\"><div class=\"custom-frame-inner-wrapper\"><div class=\"custom-frame-padding\"><a href=\"https:\/\/ibiworld.eu\/de\/prigozhin-ermordet-und-jetzt\/\" title=\"PRIGOZHIN ERMORDET. UND JETZT?\"><img src=\"https:\/\/ibiworld.eu\/de\/wp-content\/uploads\/2023\/08\/RUS035-01-60x60_c.jpg\" width=\"60\" height=\"60\" alt=\"PRIGOZHIN ERMORDET. UND JETZT?\" \/><\/a><\/div><\/div><\/div>\t\t\t\t\t\t<a class=\"teaser-title\" title=\"PRIGOZHIN ERMORDET. UND JETZT?\" href=\"https:\/\/ibiworld.eu\/de\/prigozhin-ermordet-und-jetzt\/\">PRIGOZHIN ERMORDET. UND JETZT?<\/a>\n\t\t\t\t\t\t\t\t\t\t\t\t\t\t\t\t\t\t\t\t\t\t\t\t\t\t\t<div class=\"date-author\">25 August 2023 by <a href=\"https:\/\/ibiworld.eu\/de\/author\/ibi-world-russland\/\" title=\"Beitr\u00e4ge von IBI World Russland\" rel=\"author\">IBI World Russland<\/a> <\/div>\n\t\t\t\t\t\t\t\t\t\t\t\t<div class=\"teaser-content\">\n\t\t\t\t\t\tBei dem brennenden Wrack auf diesem Foto handelt es sich um das Privatflugzeug...\t\t\t\t\t\t<\/div>\n\t\t\t\t\t\t\t\t\t\t\t\t<div class=\"clear\"><\/div>\n\t\t\t\t\t<\/li>\n\t\t\t\t\t\t\t\t\t\t<li>\n\t\t\t\t\t\t<div class=\"small-custom-frame-wrapper alignleft\"><div class=\"custom-frame-inner-wrapper\"><div class=\"custom-frame-padding\"><a href=\"https:\/\/ibiworld.eu\/de\/omega-risk-die-soeldnerversoehnung\/\" title=\"OMEGA RISK, DIE S\u00d6LDNERVERS\u00d6HNUNG\"><img src=\"https:\/\/ibiworld.eu\/de\/wp-content\/uploads\/2023\/08\/SVE020-01-60x60_c.jpg\" width=\"60\" height=\"60\" alt=\"OMEGA RISK, DIE S\u00d6LDNERVERS\u00d6HNUNG\" \/><\/a><\/div><\/div><\/div>\t\t\t\t\t\t<a class=\"teaser-title\" title=\"OMEGA RISK, DIE S\u00d6LDNERVERS\u00d6HNUNG\" href=\"https:\/\/ibiworld.eu\/de\/omega-risk-die-soeldnerversoehnung\/\">OMEGA RISK, DIE S\u00d6LDNERVERS\u00d6HNUNG<\/a>\n\t\t\t\t\t\t\t\t\t\t\t\t\t\t\t\t\t\t\t\t\t\t\t\t\t\t\t<div class=\"date-author\">21 August 2023 by <a href=\"https:\/\/ibiworld.eu\/de\/author\/ibi-world-schweden\/\" title=\"Beitr\u00e4ge von IBI World Schweden\" rel=\"author\">IBI World Schweden<\/a> <\/div>\n\t\t\t\t\t\t\t\t\t\t\t\t<div class=\"teaser-content\">\n\t\t\t\t\t\tDrei\u00dfig Jahre nach dem Ende der Apartheid ist S\u00fcdafrika nach wie vor ein...\t\t\t\t\t\t<\/div>\n\t\t\t\t\t\t\t\t\t\t\t\t<div class=\"clear\"><\/div>\n\t\t\t\t\t<\/li>\n\t\t\t\t\t\t\t\t\t\t<li>\n\t\t\t\t\t\t<div class=\"small-custom-frame-wrapper alignleft\"><div class=\"custom-frame-inner-wrapper\"><div class=\"custom-frame-padding\"><a href=\"https:\/\/ibiworld.eu\/de\/weissrussland-ein-weiteres-vergessenes-massaker\/\" title=\"BELUTSCHISTAN, EIN WEITERES VERGESSENES MASSAKER\"><img src=\"https:\/\/ibiworld.eu\/de\/wp-content\/uploads\/2023\/08\/JPN023-01-60x60_c.jpg\" width=\"60\" height=\"60\" alt=\"BELUTSCHISTAN, EIN WEITERES VERGESSENES MASSAKER\" \/><\/a><\/div><\/div><\/div>\t\t\t\t\t\t<a class=\"teaser-title\" title=\"BELUTSCHISTAN, EIN WEITERES VERGESSENES MASSAKER\" href=\"https:\/\/ibiworld.eu\/de\/weissrussland-ein-weiteres-vergessenes-massaker\/\">BELUTSCHISTAN, EIN WEITERES VERGESSENES MASSAKER<\/a>\n\t\t\t\t\t\t\t\t\t\t\t\t\t\t\t\t\t\t\t\t\t\t\t\t\t\t\t<div class=\"date-author\">14 August 2023 by <a href=\"https:\/\/ibiworld.eu\/de\/author\/ibi-world-japan\/\" title=\"Beitr\u00e4ge von IBI World Japan\" rel=\"author\">IBI World Japan<\/a> <\/div>\n\t\t\t\t\t\t\t\t\t\t\t\t<div class=\"teaser-content\">\n\t\t\t\t\t\tSir Walter Raleigh, ein englischer Seefahrer und Dichter, der um die Mitte des...\t\t\t\t\t\t<\/div>\n\t\t\t\t\t\t\t\t\t\t\t\t<div class=\"clear\"><\/div>\n\t\t\t\t\t<\/li>\n\t\t\t\t\t\t\t\t\t\t<li>\n\t\t\t\t\t\t<div class=\"small-custom-frame-wrapper alignleft\"><div class=\"custom-frame-inner-wrapper\"><div class=\"custom-frame-padding\"><a href=\"https:\/\/ibiworld.eu\/de\/moskau-hat-einen-neuen-chefmetzger\/\" title=\"MOSKAU HAT EINEN NEUEN CHEFMETZGER\"><img src=\"https:\/\/ibiworld.eu\/de\/wp-content\/uploads\/2023\/08\/RUS032-01-60x60_c.jpg\" width=\"60\" height=\"60\" alt=\"MOSKAU HAT EINEN NEUEN CHEFMETZGER\" \/><\/a><\/div><\/div><\/div>\t\t\t\t\t\t<a class=\"teaser-title\" title=\"MOSKAU HAT EINEN NEUEN CHEFMETZGER\" href=\"https:\/\/ibiworld.eu\/de\/moskau-hat-einen-neuen-chefmetzger\/\">MOSKAU HAT EINEN NEUEN CHEFMETZGER<\/a>\n\t\t\t\t\t\t\t\t\t\t\t\t\t\t\t\t\t\t\t\t\t\t\t\t\t\t\t<div class=\"date-author\">14 August 2023 by <a href=\"https:\/\/ibiworld.eu\/de\/author\/ibi-world-russland\/\" title=\"Beitr\u00e4ge von IBI World Russland\" rel=\"author\">IBI World Russland<\/a> <\/div>\n\t\t\t\t\t\t\t\t\t\t\t\t<div class=\"teaser-content\">\n\t\t\t\t\t\tMaxim Shugaley, ein russischer Soziologe, der durch Filme \u00fcber sein Missgeschick in Libyen...\t\t\t\t\t\t<\/div>\n\t\t\t\t\t\t\t\t\t\t\t\t<div class=\"clear\"><\/div>\n\t\t\t\t\t<\/li>\n\t\t\t\t\t\t\t\t<\/ul>\n\t\t\t<\/div><!-- end widget_recent_posts -->\n\t\t\t<\/div>[vc_column_text]\n<h2 style=\"text-align: center;\">KATEGORIEN<\/h2>\n<p>&nbsp;<\/p>\n<h3><a href=\"https:\/\/ibiworld.eu\/de\/category\/wissenschaft-und-technologie\/\">WISSENSCHAFT UND TECHNOLOGIE<\/a><\/h3>\n<h3><a href=\"https:\/\/ibiworld.eu\/de\/category\/spionage\/\">SPIONAGE<\/a><\/h3>\n<h3><a href=\"https:\/\/ibiworld.eu\/de\/category\/geopolitik\/\">GEOPOLITIK<\/a><\/h3>\n<h3><a href=\"https:\/\/ibiworld.eu\/de\/category\/finanzen\/\">FINANZEN<\/a><\/h3>\n<h3><a href=\"https:\/\/ibiworld.eu\/de\/category\/industrie\/\">INDUSTRIE<\/a><\/h3>\n<h3><a href=\"https:\/\/ibiworld.eu\/de\/category\/lobbyismus\/\">LOBBYISMUS<\/a><\/h3>\n<h3><a href=\"https:\/\/ibiworld.eu\/de\/category\/militaer\/\">MILIT\u00c4R<\/a><\/h3>\n<h3><a href=\"https:\/\/ibiworld.eu\/de\/category\/menschenrechte\/\">MENSCHENRECHTE<\/a><\/h3>\n[\/vc_column_text][\/vc_column][\/vc_row]\n","protected":false},"excerpt":{"rendered":"<p>[vc_row][vc_column width=&#8220;2\/3&#8243;][vc_column_text]Die Realit\u00e4t zu verstehen ist nunmehr eine Chim\u00e4re geworden. Wie immer eigentlich: Der Unterschied ist, dass dies heute vor aller Augen geschieht. Zu wissen, dass man es nicht wei\u00df, ist keine vertrauliche Information f\u00fcr Sokrates, sondern etwas, dass f\u00fcr jeden offensichtlich ist. Zu empfinden, dass wissen<\/p>\n","protected":false},"author":1,"featured_media":0,"parent":0,"menu_order":0,"comment_status":"closed","ping_status":"closed","template":"page-FullWidth.php","meta":[],"_links":{"self":[{"href":"https:\/\/ibiworld.eu\/de\/wp-json\/wp\/v2\/pages\/63"}],"collection":[{"href":"https:\/\/ibiworld.eu\/de\/wp-json\/wp\/v2\/pages"}],"about":[{"href":"https:\/\/ibiworld.eu\/de\/wp-json\/wp\/v2\/types\/page"}],"author":[{"embeddable":true,"href":"https:\/\/ibiworld.eu\/de\/wp-json\/wp\/v2\/users\/1"}],"replies":[{"embeddable":true,"href":"https:\/\/ibiworld.eu\/de\/wp-json\/wp\/v2\/comments?post=63"}],"version-history":[{"count":16,"href":"https:\/\/ibiworld.eu\/de\/wp-json\/wp\/v2\/pages\/63\/revisions"}],"predecessor-version":[{"id":2312,"href":"https:\/\/ibiworld.eu\/de\/wp-json\/wp\/v2\/pages\/63\/revisions\/2312"}],"wp:attachment":[{"href":"https:\/\/ibiworld.eu\/de\/wp-json\/wp\/v2\/media?parent=63"}],"curies":[{"name":"wp","href":"https:\/\/api.w.org\/{rel}","templated":true}]}}