{"id":3303,"date":"2022-08-12T00:07:50","date_gmt":"2022-08-11T22:07:50","guid":{"rendered":"https:\/\/ibiworld.eu\/de\/?page_id=3303"},"modified":"2022-08-22T23:20:48","modified_gmt":"2022-08-22T21:20:48","slug":"frauenstimmen","status":"publish","type":"page","link":"https:\/\/ibiworld.eu\/de\/frauenstimmen\/","title":{"rendered":"FRAUENSTIMMEN"},"content":{"rendered":"[vc_row][vc_column width=&#8220;2\/3&#8243;][vc_empty_space height=&#8220;63px&#8220;][vc_column_text]\n<h3><img loading=\"lazy\" class=\"aligncenter size-full wp-image-3305\" src=\"https:\/\/ibiworld.eu\/de\/wp-content\/uploads\/2022\/08\/Voci-di-donna.jpg\" alt=\"\" width=\"518\" height=\"701\" srcset=\"https:\/\/ibiworld.eu\/de\/wp-content\/uploads\/2022\/08\/Voci-di-donna.jpg 518w, https:\/\/ibiworld.eu\/de\/wp-content\/uploads\/2022\/08\/Voci-di-donna-222x300.jpg 222w\" sizes=\"(max-width: 518px) 100vw, 518px\" \/><\/h3>\n<h3>EDITORIAL: <strong>DIESE UNBESCHREIBLICHEN STIMMEN, M\u00dcTTER VON UNS ALLEN<\/strong><\/h3>\n<p>Als sich Violeta Parra am 5. Februar 1967 im Alter von nur 50 Jahren mit einer Schrotflinte t\u00f6tete, starb die Wurzel eines Baumes, der zum Gl\u00fcck trotz menschlicher Bosheit weiter bl\u00fchte und Fr\u00fcchte trug. Das 20. Jahrhundert ist nicht nur das Jahrhundert der Bewusstseinsbildung des Proletariats, sondern auch das Jahrhundert, in dem zum ersten Mal die Stimme der Frauen &#8211; der Opfer eines Jahrtausende alten blinden und vulg\u00e4ren Patriarchats &#8211; laut, deutlich und (leider) verzweifelt zu h\u00f6ren ist.<\/p>\n<p>Es ist sehr schwierig, keine Plattit\u00fcden zu diesem Thema zu \u00e4u\u00dfern. Wir wollen nicht \u00fcber rosa Quoten, \u00dcberlegenheit, gleichen Lohn sprechen, denn das ist eine duldsame Rhetorik, die die aktuelle Situation f\u00fcr unumst\u00f6\u00dflich h\u00e4lt. Es gibt Frauen, die es geschafft haben, ihre Stimmen in unsere Tr\u00e4ume, in unsere Erinnerungen, in unsere Lebenserfahrung zu bringen, und Violeta war die Mutter von ihnen allen. Als neuntes Kind eines Bauernmusikers und einer N\u00e4herin wurde sie in einem abgelegenen Dorf auf der Hochebene zwischen Santiago und Concepci\u00f3n geboren und kam aus dem Nichts, von einem Ort, der nicht im Zentrum der vorherrschenden Wirtschaft und Kultur lag, so wie es f\u00fcr Jesus von Nazareth der Fall war.<\/p>\n<style type=\"text\/css\" id=\"umsMapStyles_14_91319\">\r\n\t#ultimate_maps_14_91319 {\r\n        width: 100%;\r\n        height: 500px;\r\n\t        border: 0px solid ;\r\n        margin: 0px;\r\n    }\r\n\t#mapsControlsNum_14_91319 {\r\n\t\twidth:100%\t}\r\n\t.umsMapDetailsContainer#umsMapDetailsContainer_14_91319 {\r\n\t\theight:500px;\r\n\t}\r\n\t.ums_MapPreview#ultimate_maps_14_91319 {\r\n\t\t\/*position:absolute;*\/\r\n\t\twidth:100%;\r\n\t}\r\n\t#mapConElem_14_91319{\r\n\t\twidth:100%\t}\r\n\t<\/style>\r\n<div class=\"ums_map_opts\" id=\"mapConElem_14_91319\" data-id=\"14\" data-view-id=\"14_91319\" > <div class=\"umsMapDetailsContainer\" id=\"umsMapDetailsContainer_14_91319\"> <i class=\"umsKMLLayersPreloader fa fa-spinner fa-spin\" aria-hidden=\"true\" style=\"display: none;\"><\/i> <div class=\"ums_MapPreview \" id=\"ultimate_maps_14_91319\"><\/div> <\/div> <div class=\"umsMapMarkerFilters\" id=\"umsMapMarkerFilters_14_91319\"> <\/div> <div class=\"umsMapProControlsCon\" id=\"umsMapProControlsCon_14_91319\"> <\/div> <div class=\"umsMapProDirectionsCon\" id=\"umsMapProDirectionsCon_14_91319\" > <\/div> <div class=\"umsMapProKmlFilterCon\" id=\"umsMapProKmlFilterCon_14_91319\" > <\/div> <div class=\"umsSocialSharingShell umsSocialSharingShell_14_91319\"> <\/div> <div style=\"clear: both;\"><\/div> <\/div> \n<p>Wie die anderen Frauen, \u00fcber deren Leben und Werk wir berichten, hat sie unsere Sicht der Dinge f\u00fcr immer ver\u00e4ndert. Wir sprechen nicht von Folk- oder Pop-Musikern, die aufgrund ihrer einzigartigen F\u00e4higkeiten eine professionelle Karriere im weltweiten Rampenlicht gemacht haben (wie Joni Mitchell, Dalida und Fran\u00e7oise Hardy), sondern von K\u00fcnstlerinnen des Schmerzes, die in ihren Texten und durch ihren Gesang Zeugnis davon abgelegt haben, was eine Mutter ist: eine echte Frau, die ihr Leben in die Hand genommen hat, die f\u00fcr ihre Freiheit und die Verteidigung ihrer Kinder jeden Preis zahlt.<\/p>\n<p>Diese Frauen haben Millionen von Kindern, verstreut \u00fcber die Geschichte dieses letzten Jahrhunderts des Todes, der Zerst\u00f6rung, aber auch der unvergleichlichen Sch\u00f6nheit. Sie sind das Gewissen aller, M\u00e4nner und Frauen, die im Bewusstsein ihrer Lehre aufgewachsen sind und sich von ihrer Sanftheit, ihrer Z\u00e4higkeit, ihrer unaussprechlichen Kraft und Vitalit\u00e4t haben einlullen lassen.<\/p>\n<p>Um sie zu beschreiben, haben wir das Gem\u00e4lde von Violeta mit dem Titel &#8222;Baum des Lebens&#8220; gew\u00e4hlt, das besser als tausend Worte die Mutterschaft beschreibt, die durch ihr Werk Generationen von Menschen beeinflussen und dieser selbstzerst\u00f6rerischen Menschheit einen Hoffnungsschimmer geben konnte.[\/vc_column_text][\/vc_column][vc_column width=&#8220;1\/3&#8243;][vc_column_text]<form  class=\"is-search-form is-form-style is-form-style-3 is-form-id-411 \" action=\"https:\/\/ibiworld.eu\/de\/\" method=\"get\" role=\"search\" ><label for=\"is-search-input-411\"><span class=\"is-screen-reader-text\">Search for:<\/span><input  type=\"search\" id=\"is-search-input-411\" name=\"s\" value=\"\" class=\"is-search-input\" placeholder=\"SUCHE HIER...\" autocomplete=off \/><\/label><button type=\"submit\" class=\"is-search-submit\"><span class=\"is-screen-reader-text\">Search Button<\/span><span class=\"is-search-icon\"><svg focusable=\"false\" aria-label=\"Search\" xmlns=\"http:\/\/www.w3.org\/2000\/svg\" viewBox=\"0 0 24 24\" width=\"24px\"><path d=\"M15.5 14h-.79l-.28-.27C15.41 12.59 16 11.11 16 9.5 16 5.91 13.09 3 9.5 3S3 5.91 3 9.5 5.91 16 9.5 16c1.61 0 3.09-.59 4.23-1.57l.27.28v.79l5 4.99L20.49 19l-4.99-5zm-6 0C7.01 14 5 11.99 5 9.5S7.01 5 9.5 5 14 7.01 14 9.5 11.99 14 9.5 14z\"><\/path><\/svg><\/span><\/button><input type=\"hidden\" name=\"id\" value=\"411\" \/><\/form>[\/vc_column_text][vc_wp_categories title=&#8220;ARCHIV&#8220; options=&#8220;dropdown,count,hierarchical&#8220;][vc_column_text]\n<h2>ARTIKEL<\/h2>\n[\/vc_column_text]<div class=\"widget widget_latest_posts\">\t\t\t<div class=\"latest_posts\">\n\t\t\t<ul class=\"small-thumb\">\n\t\t\t\t\t\t\t\t\t<li>\n\t\t\t\t\t\t<div class=\"small-custom-frame-wrapper alignleft\"><div class=\"custom-frame-inner-wrapper\"><div class=\"custom-frame-padding\"><a href=\"https:\/\/ibiworld.eu\/de\/miriam-makeba-die-stimme-afrikas\/\" title=\"MIRIAM MAKEBA, DIE STIMME AFRIKAS\"><img src=\"https:\/\/ibiworld.eu\/de\/wp-content\/uploads\/2022\/12\/USA009-01-60x60_c.jpg\" width=\"60\" height=\"60\" alt=\"MIRIAM MAKEBA, DIE STIMME AFRIKAS\" \/><\/a><\/div><\/div><\/div>\t\t\t\t\t\t<a class=\"teaser-title\" title=\"MIRIAM MAKEBA, DIE STIMME AFRIKAS\" href=\"https:\/\/ibiworld.eu\/de\/miriam-makeba-die-stimme-afrikas\/\">MIRIAM MAKEBA, DIE STIMME AFRIKAS<\/a>\n\t\t\t\t\t\t\t\t\t\t\t\t\t\t\t\t\t\t\t\t\t\t\t\t\t\t\t<div class=\"date-author\">8 Dezember 2022 by <a href=\"https:\/\/ibiworld.eu\/de\/author\/ibi-world-grossbritannien\/\" title=\"Beitr\u00e4ge von IBI World Grossbritannien\" rel=\"author\">IBI World Grossbritannien<\/a> <\/div>\n\t\t\t\t\t\t\t\t\t\t\t\t<div class=\"teaser-content\">\n\t\t\t\t\t\tIn den dunkelsten Jahren nach dem Zweiten Weltkrieg erreichte die Verfolgung der schwarzen Bev\u00f6lkerung in S\u00fcdafrika ein noch nie dagewesenes...\t\t\t\t\t\t<\/div>\n\t\t\t\t\t\t\t\t\t\t\t\t<div class=\"clear\"><\/div>\n\t\t\t\t\t<\/li>\n\t\t\t\t\t\t\t\t\t\t<li>\n\t\t\t\t\t\t<div class=\"small-custom-frame-wrapper alignleft\"><div class=\"custom-frame-inner-wrapper\"><div class=\"custom-frame-padding\"><a href=\"https:\/\/ibiworld.eu\/de\/marta-kubisova-jene-stimme-gegen-die-panzer\/\" title=\"MARTA KUBI\u0160OV\u00c1, JENE STIMME GEGEN DIE PANZER\"><img src=\"https:\/\/ibiworld.eu\/de\/wp-content\/uploads\/2022\/11\/RUS020-01-60x60_c.jpg\" width=\"60\" height=\"60\" alt=\"MARTA KUBI\u0160OV\u00c1, JENE STIMME GEGEN DIE PANZER\" \/><\/a><\/div><\/div><\/div>\t\t\t\t\t\t<a class=\"teaser-title\" title=\"MARTA KUBI\u0160OV\u00c1, JENE STIMME GEGEN DIE PANZER\" href=\"https:\/\/ibiworld.eu\/de\/marta-kubisova-jene-stimme-gegen-die-panzer\/\">MARTA KUBI\u0160OV\u00c1, JENE STIMME GEGEN DIE PANZER<\/a>\n\t\t\t\t\t\t\t\t\t\t\t\t\t\t\t\t\t\t\t\t\t\t\t\t\t\t\t<div class=\"date-author\">17 November 2022 by <a href=\"https:\/\/ibiworld.eu\/de\/author\/ibi-world-russland\/\" title=\"Beitr\u00e4ge von IBI World Russland\" rel=\"author\">IBI World Russland<\/a> <\/div>\n\t\t\t\t\t\t\t\t\t\t\t\t<div class=\"teaser-content\">\n\t\t\t\t\t\tEin kalter November im Jahr 1968, Schnee und Verzweiflung und ein Lied. Um die Demokratie zu verteidigen, singt eine charmante...\t\t\t\t\t\t<\/div>\n\t\t\t\t\t\t\t\t\t\t\t\t<div class=\"clear\"><\/div>\n\t\t\t\t\t<\/li>\n\t\t\t\t\t\t\t\t\t\t<li>\n\t\t\t\t\t\t<div class=\"small-custom-frame-wrapper alignleft\"><div class=\"custom-frame-inner-wrapper\"><div class=\"custom-frame-padding\"><a href=\"https:\/\/ibiworld.eu\/de\/cesaria-evora-die-melancholie-der-barfuessigen-diva\/\" title=\"CES\u00c1RIA \u00c9VORA: DIE MELANCHOLIE DER BARF\u00dc\u00dfIGEN DIVA\"><img src=\"https:\/\/ibiworld.eu\/de\/wp-content\/uploads\/2022\/10\/ESP020-01-60x60_c.jpg\" width=\"60\" height=\"60\" alt=\"CES\u00c1RIA \u00c9VORA: DIE MELANCHOLIE DER BARF\u00dc\u00dfIGEN DIVA\" \/><\/a><\/div><\/div><\/div>\t\t\t\t\t\t<a class=\"teaser-title\" title=\"CES\u00c1RIA \u00c9VORA: DIE MELANCHOLIE DER BARF\u00dc\u00dfIGEN DIVA\" href=\"https:\/\/ibiworld.eu\/de\/cesaria-evora-die-melancholie-der-barfuessigen-diva\/\">CES\u00c1RIA \u00c9VORA: DIE MELANCHOLIE DER BARF\u00dc\u00dfIGEN DIVA<\/a>\n\t\t\t\t\t\t\t\t\t\t\t\t\t\t\t\t\t\t\t\t\t\t\t\t\t\t\t<div class=\"date-author\">29 Oktober 2022 by <a href=\"https:\/\/ibiworld.eu\/de\/author\/ibi-world-spanien\/\" title=\"Beitr\u00e4ge von IBI World Spanien\" rel=\"author\">IBI World Spanien<\/a> <\/div>\n\t\t\t\t\t\t\t\t\t\t\t\t<div class=\"teaser-content\">\n\t\t\t\t\t\tDie pausb\u00e4ckigen Wangen, die runde, hohe Stirn, die dicken, schwarz gemalten Augenbrauen. Ihr Hals, ihre Handgelenke und ihre H\u00e4nde sind...\t\t\t\t\t\t<\/div>\n\t\t\t\t\t\t\t\t\t\t\t\t<div class=\"clear\"><\/div>\n\t\t\t\t\t<\/li>\n\t\t\t\t\t\t\t\t\t\t<li>\n\t\t\t\t\t\t<div class=\"small-custom-frame-wrapper alignleft\"><div class=\"custom-frame-inner-wrapper\"><div class=\"custom-frame-padding\"><a href=\"https:\/\/ibiworld.eu\/de\/amalia-rodrigues-und-die-unendliche-melancholie\/\" title=\"AM\u00c1LIA RODRIGUES UND DIE UNENDLICHE MELANCHOLIE\"><img src=\"https:\/\/ibiworld.eu\/de\/wp-content\/uploads\/2022\/10\/ESP021-01-60x60_c.jpg\" width=\"60\" height=\"60\" alt=\"AM\u00c1LIA RODRIGUES UND DIE UNENDLICHE MELANCHOLIE\" \/><\/a><\/div><\/div><\/div>\t\t\t\t\t\t<a class=\"teaser-title\" title=\"AM\u00c1LIA RODRIGUES UND DIE UNENDLICHE MELANCHOLIE\" href=\"https:\/\/ibiworld.eu\/de\/amalia-rodrigues-und-die-unendliche-melancholie\/\">AM\u00c1LIA RODRIGUES UND DIE UNENDLICHE MELANCHOLIE<\/a>\n\t\t\t\t\t\t\t\t\t\t\t\t\t\t\t\t\t\t\t\t\t\t\t\t\t\t\t<div class=\"date-author\">17 Oktober 2022 by <a href=\"https:\/\/ibiworld.eu\/de\/author\/ibi-world-spanien\/\" title=\"Beitr\u00e4ge von IBI World Spanien\" rel=\"author\">IBI World Spanien<\/a> <\/div>\n\t\t\t\t\t\t\t\t\t\t\t\t<div class=\"teaser-content\">\n\t\t\t\t\t\tSie tritt in einem schwarzen Kleid auf, mit einem Schal \u00fcber den Schultern, und trauert im Herzen. Der Kopf ist...\t\t\t\t\t\t<\/div>\n\t\t\t\t\t\t\t\t\t\t\t\t<div class=\"clear\"><\/div>\n\t\t\t\t\t<\/li>\n\t\t\t\t\t\t\t\t\t\t<li>\n\t\t\t\t\t\t<div class=\"small-custom-frame-wrapper alignleft\"><div class=\"custom-frame-inner-wrapper\"><div class=\"custom-frame-padding\"><a href=\"https:\/\/ibiworld.eu\/de\/rosa-balistreri-siziliens-schmerzensschreie\/\" title=\"ROSA BALISTRERI, SIZILIENS SCHMERZENSSCHREIE\"><img src=\"https:\/\/ibiworld.eu\/de\/wp-content\/uploads\/2022\/09\/ITA022-01-60x60_c.jpg\" width=\"60\" height=\"60\" alt=\"ROSA BALISTRERI, SIZILIENS SCHMERZENSSCHREIE\" \/><\/a><\/div><\/div><\/div>\t\t\t\t\t\t<a class=\"teaser-title\" title=\"ROSA BALISTRERI, SIZILIENS SCHMERZENSSCHREIE\" href=\"https:\/\/ibiworld.eu\/de\/rosa-balistreri-siziliens-schmerzensschreie\/\">ROSA BALISTRERI, SIZILIENS SCHMERZENSSCHREIE<\/a>\n\t\t\t\t\t\t\t\t\t\t\t\t\t\t\t\t\t\t\t\t\t\t\t\t\t\t\t<div class=\"date-author\">18 September 2022 by <a href=\"https:\/\/ibiworld.eu\/de\/author\/ibi-world-italien\/\" title=\"Beitr\u00e4ge von IBI World Italien\" rel=\"author\">IBI World Italien<\/a> <\/div>\n\t\t\t\t\t\t\t\t\t\t\t\t<div class=\"teaser-content\">\n\t\t\t\t\t\tWahre Lieder, die von Leiden, von Familiendramen erz\u00e4hlen, k\u00f6nnen nur von Menschen geschrieben werden, die ein gequ\u00e4ltes Leben f\u00fchren. Kleine...\t\t\t\t\t\t<\/div>\n\t\t\t\t\t\t\t\t\t\t\t\t<div class=\"clear\"><\/div>\n\t\t\t\t\t<\/li>\n\t\t\t\t\t\t\t\t\t\t<li>\n\t\t\t\t\t\t<div class=\"small-custom-frame-wrapper alignleft\"><div class=\"custom-frame-inner-wrapper\"><div class=\"custom-frame-padding\"><a href=\"https:\/\/ibiworld.eu\/de\/mercedes-sosa-die-stimme-der-stummen\/\" title=\"MERCEDES SOSA, DIE STIMME DER STUMMEN\"><img src=\"https:\/\/ibiworld.eu\/de\/wp-content\/uploads\/2022\/09\/ESP014-01-60x60_c.jpg\" width=\"60\" height=\"60\" alt=\"MERCEDES SOSA, DIE STIMME DER STUMMEN\" \/><\/a><\/div><\/div><\/div>\t\t\t\t\t\t<a class=\"teaser-title\" title=\"MERCEDES SOSA, DIE STIMME DER STUMMEN\" href=\"https:\/\/ibiworld.eu\/de\/mercedes-sosa-die-stimme-der-stummen\/\">MERCEDES SOSA, DIE STIMME DER STUMMEN<\/a>\n\t\t\t\t\t\t\t\t\t\t\t\t\t\t\t\t\t\t\t\t\t\t\t\t\t\t\t<div class=\"date-author\">9 September 2022 by <a href=\"https:\/\/ibiworld.eu\/de\/author\/ibi-world-spanien\/\" title=\"Beitr\u00e4ge von IBI World Spanien\" rel=\"author\">IBI World Spanien<\/a> <\/div>\n\t\t\t\t\t\t\t\t\t\t\t\t<div class=\"teaser-content\">\n\t\t\t\t\t\tWenn Sie mit den tragischen Ereignissen der Nachkriegszeit in Argentinien und den letzten f\u00fcnfzig Jahren der Zivil- und Kulturgeschichte des...\t\t\t\t\t\t<\/div>\n\t\t\t\t\t\t\t\t\t\t\t\t<div class=\"clear\"><\/div>\n\t\t\t\t\t<\/li>\n\t\t\t\t\t\t\t\t\t\t<li>\n\t\t\t\t\t\t<div class=\"small-custom-frame-wrapper alignleft\"><div class=\"custom-frame-inner-wrapper\"><div class=\"custom-frame-padding\"><a href=\"https:\/\/ibiworld.eu\/de\/violeta-parra-freiheit-ist-ein-absoluter-schmerz\/\" title=\"VIOLETA PARRA, FREIHEIT IST EIN ABSOLUTER SCHMERZ\"><img src=\"https:\/\/ibiworld.eu\/de\/wp-content\/uploads\/2022\/08\/ESP019-01-60x60_c.jpg\" width=\"60\" height=\"60\" alt=\"VIOLETA PARRA, FREIHEIT IST EIN ABSOLUTER SCHMERZ\" \/><\/a><\/div><\/div><\/div>\t\t\t\t\t\t<a class=\"teaser-title\" title=\"VIOLETA PARRA, FREIHEIT IST EIN ABSOLUTER SCHMERZ\" href=\"https:\/\/ibiworld.eu\/de\/violeta-parra-freiheit-ist-ein-absoluter-schmerz\/\">VIOLETA PARRA, FREIHEIT IST EIN ABSOLUTER SCHMERZ<\/a>\n\t\t\t\t\t\t\t\t\t\t\t\t\t\t\t\t\t\t\t\t\t\t\t\t\t\t\t<div class=\"date-author\">30 August 2022 by <a href=\"https:\/\/ibiworld.eu\/de\/author\/ibi-world-spanien\/\" title=\"Beitr\u00e4ge von IBI World Spanien\" rel=\"author\">IBI World Spanien<\/a> <\/div>\n\t\t\t\t\t\t\t\t\t\t\t\t<div class=\"teaser-content\">\n\t\t\t\t\t\tWenn man f\u00fcr eine Ver\u00e4nderung der Welt k\u00e4mpfen will, muss man unkonventionelle Waffen einsetzen, wie Musik und Poesie. So auch...\t\t\t\t\t\t<\/div>\n\t\t\t\t\t\t\t\t\t\t\t\t<div class=\"clear\"><\/div>\n\t\t\t\t\t<\/li>\n\t\t\t\t\t\t\t\t\t\t<li>\n\t\t\t\t\t\t<div class=\"small-custom-frame-wrapper alignleft\"><div class=\"custom-frame-inner-wrapper\"><div class=\"custom-frame-padding\"><a href=\"https:\/\/ibiworld.eu\/de\/sona-jobarteh-die-kora-die-die-afrikanische-sehnsucht-heilt\/\" title=\"SONA JOBARTEH: DIE KORA, DIE DIE AFRIKANISCHE SEHNSUCHT HEILT\"><img src=\"https:\/\/ibiworld.eu\/de\/wp-content\/uploads\/2022\/08\/FRA025-01-60x60_c.jpg\" width=\"60\" height=\"60\" alt=\"SONA JOBARTEH: DIE KORA, DIE DIE AFRIKANISCHE SEHNSUCHT HEILT\" \/><\/a><\/div><\/div><\/div>\t\t\t\t\t\t<a class=\"teaser-title\" title=\"SONA JOBARTEH: DIE KORA, DIE DIE AFRIKANISCHE SEHNSUCHT HEILT\" href=\"https:\/\/ibiworld.eu\/de\/sona-jobarteh-die-kora-die-die-afrikanische-sehnsucht-heilt\/\">SONA JOBARTEH: DIE KORA, DIE DIE AFRIKANISCHE SEHNSUCHT HEILT<\/a>\n\t\t\t\t\t\t\t\t\t\t\t\t\t\t\t\t\t\t\t\t\t\t\t\t\t\t\t<div class=\"date-author\">23 August 2022 by <a href=\"https:\/\/ibiworld.eu\/de\/author\/ibi-world-frankreich\/\" title=\"Beitr\u00e4ge von IBI World Frankreich\" rel=\"author\">IBI World Frankreich<\/a> <\/div>\n\t\t\t\t\t\t\t\t\t\t\t\t<div class=\"teaser-content\">\n\t\t\t\t\t\tEinige scheinbar unangenehme Momente der Kindheit k\u00f6nnen als Erwachsene wieder aufgegriffen und aufgearbeitet werden \u2013 so erging es wohl der...\t\t\t\t\t\t<\/div>\n\t\t\t\t\t\t\t\t\t\t\t\t<div class=\"clear\"><\/div>\n\t\t\t\t\t<\/li>\n\t\t\t\t\t\t\t\t\t\t<li>\n\t\t\t\t\t\t<div class=\"small-custom-frame-wrapper alignleft\"><div class=\"custom-frame-inner-wrapper\"><div class=\"custom-frame-padding\"><a href=\"https:\/\/ibiworld.eu\/de\/rim-banna-die-stimme-des-verwundeten-herzens-von-palaestina\/\" title=\"RIM BANNA, DIE STIMME DES VERWUNDETEN HERZENS VON PAL\u00c4STINA\"><img src=\"https:\/\/ibiworld.eu\/de\/wp-content\/uploads\/2022\/08\/FRA024-01-60x60_c.jpg\" width=\"60\" height=\"60\" alt=\"RIM BANNA, DIE STIMME DES VERWUNDETEN HERZENS VON PAL\u00c4STINA\" \/><\/a><\/div><\/div><\/div>\t\t\t\t\t\t<a class=\"teaser-title\" title=\"RIM BANNA, DIE STIMME DES VERWUNDETEN HERZENS VON PAL\u00c4STINA\" href=\"https:\/\/ibiworld.eu\/de\/rim-banna-die-stimme-des-verwundeten-herzens-von-palaestina\/\">RIM BANNA, DIE STIMME DES VERWUNDETEN HERZENS VON PAL\u00c4STINA<\/a>\n\t\t\t\t\t\t\t\t\t\t\t\t\t\t\t\t\t\t\t\t\t\t\t\t\t\t\t<div class=\"date-author\">11 August 2022 by <a href=\"https:\/\/ibiworld.eu\/de\/author\/ibi-world-frankreich\/\" title=\"Beitr\u00e4ge von IBI World Frankreich\" rel=\"author\">IBI World Frankreich<\/a> <\/div>\n\t\t\t\t\t\t\t\t\t\t\t\t<div class=\"teaser-content\">\n\t\t\t\t\t\t&nbsp; Ich bin ein Terrorist ohne Bomben und habe nur eine Waffe, meine Musik&#8220;[1]. Gesungen wird es von Rim Banna,...\t\t\t\t\t\t<\/div>\n\t\t\t\t\t\t\t\t\t\t\t\t<div class=\"clear\"><\/div>\n\t\t\t\t\t<\/li>\n\t\t\t\t\t\t\t\t<\/ul>\n\t\t\t<\/div><!-- end widget_recent_posts -->\n\t\t\t<\/div>[\/vc_column][\/vc_row]\n","protected":false},"excerpt":{"rendered":"<p>[vc_row][vc_column width=&#8220;2\/3&#8243;][vc_empty_space height=&#8220;63px&#8220;][vc_column_text] EDITORIAL: DIESE UNBESCHREIBLICHEN STIMMEN, M\u00dcTTER VON UNS ALLEN Als sich Violeta Parra am 5. Februar 1967 im Alter von nur 50 Jahren mit einer Schrotflinte t\u00f6tete, starb die Wurzel eines Baumes, der zum Gl\u00fcck trotz menschlicher Bosheit weiter bl\u00fchte und Fr\u00fcchte trug. Das 20.<\/p>\n","protected":false},"author":1,"featured_media":0,"parent":0,"menu_order":0,"comment_status":"closed","ping_status":"closed","template":"page-FullWidth.php","meta":[],"_links":{"self":[{"href":"https:\/\/ibiworld.eu\/de\/wp-json\/wp\/v2\/pages\/3303"}],"collection":[{"href":"https:\/\/ibiworld.eu\/de\/wp-json\/wp\/v2\/pages"}],"about":[{"href":"https:\/\/ibiworld.eu\/de\/wp-json\/wp\/v2\/types\/page"}],"author":[{"embeddable":true,"href":"https:\/\/ibiworld.eu\/de\/wp-json\/wp\/v2\/users\/1"}],"replies":[{"embeddable":true,"href":"https:\/\/ibiworld.eu\/de\/wp-json\/wp\/v2\/comments?post=3303"}],"version-history":[{"count":3,"href":"https:\/\/ibiworld.eu\/de\/wp-json\/wp\/v2\/pages\/3303\/revisions"}],"predecessor-version":[{"id":3387,"href":"https:\/\/ibiworld.eu\/de\/wp-json\/wp\/v2\/pages\/3303\/revisions\/3387"}],"wp:attachment":[{"href":"https:\/\/ibiworld.eu\/de\/wp-json\/wp\/v2\/media?parent=3303"}],"curies":[{"name":"wp","href":"https:\/\/api.w.org\/{rel}","templated":true}]}}