{"id":2749,"date":"2022-05-30T00:08:02","date_gmt":"2022-05-29T22:08:02","guid":{"rendered":"https:\/\/ibiworld.eu\/de\/?page_id=2749"},"modified":"2022-05-30T00:09:43","modified_gmt":"2022-05-29T22:09:43","slug":"rio-kongo","status":"publish","type":"page","link":"https:\/\/ibiworld.eu\/de\/rio-kongo\/","title":{"rendered":"RIO KONGO"},"content":{"rendered":"[vc_row][vc_column width=&#8220;2\/3&#8243;][vc_empty_space height=&#8220;63px&#8220;][vc_column_text]<strong><img loading=\"lazy\" class=\"aligncenter size-full wp-image-2750\" src=\"https:\/\/ibiworld.eu\/de\/wp-content\/uploads\/2022\/05\/Rio-Congo.jpg\" alt=\"\" width=\"1300\" height=\"737\" srcset=\"https:\/\/ibiworld.eu\/de\/wp-content\/uploads\/2022\/05\/Rio-Congo.jpg 1300w, https:\/\/ibiworld.eu\/de\/wp-content\/uploads\/2022\/05\/Rio-Congo-300x170.jpg 300w, https:\/\/ibiworld.eu\/de\/wp-content\/uploads\/2022\/05\/Rio-Congo-1024x581.jpg 1024w, https:\/\/ibiworld.eu\/de\/wp-content\/uploads\/2022\/05\/Rio-Congo-768x435.jpg 768w, https:\/\/ibiworld.eu\/de\/wp-content\/uploads\/2022\/05\/Rio-Congo-600x340.jpg 600w\" sizes=\"(max-width: 1300px) 100vw, 1300px\" \/><\/strong><\/p>\n<h3>EDITORIAL:<strong> DIE GESCHICHTE FLIE\u00dfT IN DEN GEW\u00c4SSERN DES KONGO-FLUSSES<\/strong><\/h3>\n<p><strong>\u00a0<\/strong><\/p>\n<p>Am 24. Oktober 1996 \u00fcberquerte die ruandische Armee den Kivu-See und drang in zairisches Gebiet ein. Ziel ist es, die Rebellenarmeen zu vernichten, die seit Jahren den See \u00fcberqueren, um Kigali zu terrorisieren. Die Zentralregierung in Kinshasa ist nicht in der Lage zu reagieren: Der grausame Diktator Mobutu Sese Seko ist krank, seine Minister und Leutnants sind korrupt und inkompetent. In den folgenden Tagen gingen auch die Armeen von Uganda, Burundi, Angola und Eritrea in die Offensive. Im Mai 1997 marschierte die angolanische Armee in Kinshasa ein, Mobutu floh, Zaire h\u00f6rte auf zu existieren und wurde durch einen sehr fragilen Staat namens Demokratische Republik Kongo ersetzt, der von einem der engsten Vertrauten Mobutus, Laurent Desir\u00e9 Kabila, gef\u00fchrt wurde.<\/p>\n<p>Die prek\u00e4re Situation h\u00e4lt nur anderthalb Jahre an, dann beschlie\u00dft Kabila, die Befreiung des Landes zu versuchen, und greift die im Osten des Landes versprengten Rebellenmilizen an. Diesmal ist Angola auf seiner Seite, denn sein Vater in Luanda, Jos\u00e9 Eduardo Dos Santos, bef\u00fcrchtet die Invasion der Enklave Cabinda an der M\u00fcndung des Rio Congo &#8211; das Gebiet mit den gr\u00f6\u00dften Bodensch\u00e4tzen in Angola. Der Zweite Kongo-Krieg forderte 5,4 Millionen Tote durch Kriegsverluste, Hunger und Krankheiten. Nach dem Ende des Zweiten Weltkriegs ist es das gr\u00f6\u00dfte Gemetzel, das die Menschheit kennt.<\/p>\n<p>Der neue Kongo ist eines der gr\u00f6\u00dften und reichsten L\u00e4nder der Welt, was die Umwelt und die Bodensch\u00e4tze angeht. Dieselben Aasgeier, die jahrelang das benachbarte Angola ausgepl\u00fcndert haben (Frankreich, die Vereinigten Staaten, Israel), st\u00fcrzen sich nun auf die gro\u00dfen Chancen, die ein geografisches Gebiet von der halben Gr\u00f6\u00dfe der Europ\u00e4ischen Union bietet. Bestechungsgelder f\u00fcr den Kabila-Clan und Schutz f\u00fcr die Dutzenden von milit\u00e4rischen Rebellengruppen, die kleine, reiche Regionen kontrollieren und von Erpressung, Piraterie und Schmuggel leben, reichen aus.<\/p>\n<style type=\"text\/css\" id=\"umsMapStyles_13_36943\">\r\n\t#ultimate_maps_13_36943 {\r\n        width: 100%;\r\n        height: 500px;\r\n\t        border: 0px solid ;\r\n        margin: 0px;\r\n    }\r\n\t#mapsControlsNum_13_36943 {\r\n\t\twidth:100%\t}\r\n\t.umsMapDetailsContainer#umsMapDetailsContainer_13_36943 {\r\n\t\theight:500px;\r\n\t}\r\n\t.ums_MapPreview#ultimate_maps_13_36943 {\r\n\t\t\/*position:absolute;*\/\r\n\t\twidth:100%;\r\n\t}\r\n\t#mapConElem_13_36943{\r\n\t\twidth:100%\t}\r\n\t<\/style>\r\n<div class=\"ums_map_opts\" id=\"mapConElem_13_36943\" data-id=\"13\" data-view-id=\"13_36943\" > <div class=\"umsMapDetailsContainer\" id=\"umsMapDetailsContainer_13_36943\"> <i class=\"umsKMLLayersPreloader fa fa-spinner fa-spin\" aria-hidden=\"true\" style=\"display: none;\"><\/i> <div class=\"ums_MapPreview \" id=\"ultimate_maps_13_36943\"><\/div> <\/div> <div class=\"umsMapMarkerFilters\" id=\"umsMapMarkerFilters_13_36943\"> <\/div> <div class=\"umsMapProControlsCon\" id=\"umsMapProControlsCon_13_36943\"> <\/div> <div class=\"umsMapProDirectionsCon\" id=\"umsMapProDirectionsCon_13_36943\" > <\/div> <div class=\"umsMapProKmlFilterCon\" id=\"umsMapProKmlFilterCon_13_36943\" > <\/div> <div class=\"umsSocialSharingShell umsSocialSharingShell_13_36943\"> <\/div> <div style=\"clear: both;\"><\/div> <\/div> \n<p>Nach dem Ende der beiden Kriege und nach der Ermordung Kabilas &#8211; der von seinem Sohn Joseph abgel\u00f6st wurde -, der Intervention der internationalen Gemeinschaft und der energischen Verteidigung der industriellen Interessen einer zunehmenden Zahl multinationaler Unternehmen hat die Demokratische Republik Kongo ein fragiles Gleichgewicht wiedererlangt, das auf der Gewaltlosigkeit zwischen dem Staat und den Rebellengruppen, zwischen dem Staat und dem organisierten Verbrechen und zwischen dem Staat und den ausl\u00e4ndischen Unternehmen beruht. In den 18 Jahren dieser \u00dcbergangsphase blickt die ganze Welt auf den Kongo &#8211; einen der tiefsten Fl\u00fcsse der Erde, der mit fast 5000 km gr\u00f6\u00dftenteils schiffbar ist und nach dem Nil der zweitgr\u00f6\u00dfte Fluss Afrikas ist. China baut ein Stra\u00dfen- und St\u00e4dtenetz, das den Hafen von Matadi (unweit von Kinshasa) mit den weit entfernten H\u00e4fen \u00c4gyptens und Eritreas verbinden wird, und Frankreich arbeitet daran, diesen kleinen Flusshafen zu einem internationalen Logistikzentrum auszubauen.<\/p>\n<p>Heute ist dieses Gleichgewicht nicht mehr ausreichend. Die Demokratische Republik Kongo und ihre Nachbarl\u00e4nder (insbesondere Ruanda und Angola) haben sich zum vielversprechendsten Wachstumsgebiet der Welt entwickelt. Die Herrschaft des Kabila-Clans ist vorbei, und es wird nun daran gearbeitet, die Rebellen und das organisierte Verbrechen endg\u00fcltig auszurotten und der Bev\u00f6lkerung Gesundheit, Bildung und W\u00fcrde zur\u00fcckzugeben. All dies geschieht nat\u00fcrlich mit den H\u00f6hen und Tiefen, die zur Tradition des afrikanischen Kontinents geh\u00f6ren, der jahrhundertelang Geisel des Kolonialismus und der unterw\u00fcrfigen und korrupten politischen F\u00fchrung war. Es ist ein entscheidender historischer Moment, nicht zuletzt, weil die neue Regierung in Kinshasa \u00fcberraschenderweise ein Bewusstsein entwickelt zu haben scheint und zum ersten Mal versucht, die Nachbarstaaten davon zu \u00fcberzeugen, den wichtigsten Krieg zu f\u00fchren, anstatt sinnlose Kriege zu f\u00fchren: den Krieg zur Verteidigung des \u00d6kosystems und zur Wiedererlangung des Besitzes ihrer nat\u00fcrlichen Reicht\u00fcmer, um sie den Afrikanern zur Verf\u00fcgung zu stellen. Eine Entwicklung, die wir mit Aufmerksamkeit und Begeisterung verfolgen m\u00fcssen.[\/vc_column_text][\/vc_column][vc_column width=&#8220;1\/3&#8243;][vc_column_text]<form  class=\"is-search-form is-form-style is-form-style-3 is-form-id-411 \" action=\"https:\/\/ibiworld.eu\/de\/\" method=\"get\" role=\"search\" ><label for=\"is-search-input-411\"><span class=\"is-screen-reader-text\">Search for:<\/span><input  type=\"search\" id=\"is-search-input-411\" name=\"s\" value=\"\" class=\"is-search-input\" placeholder=\"SUCHE HIER...\" autocomplete=off \/><\/label><button type=\"submit\" class=\"is-search-submit\"><span class=\"is-screen-reader-text\">Search Button<\/span><span class=\"is-search-icon\"><svg focusable=\"false\" aria-label=\"Search\" xmlns=\"http:\/\/www.w3.org\/2000\/svg\" viewBox=\"0 0 24 24\" width=\"24px\"><path d=\"M15.5 14h-.79l-.28-.27C15.41 12.59 16 11.11 16 9.5 16 5.91 13.09 3 9.5 3S3 5.91 3 9.5 5.91 16 9.5 16c1.61 0 3.09-.59 4.23-1.57l.27.28v.79l5 4.99L20.49 19l-4.99-5zm-6 0C7.01 14 5 11.99 5 9.5S7.01 5 9.5 5 14 7.01 14 9.5 11.99 14 9.5 14z\"><\/path><\/svg><\/span><\/button><input type=\"hidden\" name=\"id\" value=\"411\" \/><\/form>[\/vc_column_text][vc_wp_categories title=&#8220;ARCHIV&#8220; options=&#8220;dropdown,count,hierarchical&#8220;][vc_column_text]\n<h2>ARTIKEL<\/h2>\n[\/vc_column_text]<div class=\"widget widget_latest_posts\">\t\t\t<div class=\"latest_posts\">\n\t\t\t<ul class=\"small-thumb\">\n\t\t\t\t\t\t\t\t\t<li>\n\t\t\t\t\t\t<div class=\"small-custom-frame-wrapper alignleft\"><div class=\"custom-frame-inner-wrapper\"><div class=\"custom-frame-padding\"><a href=\"https:\/\/ibiworld.eu\/de\/russische-schatten-auf-dem-afriland-skandal\/\" title=\"RUSSISCHE SCHATTEN AUF DEM AFRILAND-SKANDAL\"><img src=\"https:\/\/ibiworld.eu\/de\/wp-content\/uploads\/2023\/03\/FRA012-01-60x60_c.jpg\" width=\"60\" height=\"60\" alt=\"RUSSISCHE SCHATTEN AUF DEM AFRILAND-SKANDAL\" \/><\/a><\/div><\/div><\/div>\t\t\t\t\t\t<a class=\"teaser-title\" title=\"RUSSISCHE SCHATTEN AUF DEM AFRILAND-SKANDAL\" href=\"https:\/\/ibiworld.eu\/de\/russische-schatten-auf-dem-afriland-skandal\/\">RUSSISCHE SCHATTEN AUF DEM AFRILAND-SKANDAL<\/a>\n\t\t\t\t\t\t\t\t\t\t\t\t\t\t\t\t\t\t\t\t\t\t\t\t\t\t\t<div class=\"date-author\">6 M\u00e4rz 2023 by <a href=\"https:\/\/ibiworld.eu\/de\/author\/ibi-world-frankreich\/\" title=\"Beitr\u00e4ge von IBI World Frankreich\" rel=\"author\">IBI World Frankreich<\/a> <\/div>\n\t\t\t\t\t\t\t\t\t\t\t\t<div class=\"teaser-content\">\n\t\t\t\t\t\tDer Einmarsch in die Ukraine ist ein umfassender strategischer Schachzug der russischen Regierung, der seit Jahren sorgf\u00e4ltig vorbereitet und bis...\t\t\t\t\t\t<\/div>\n\t\t\t\t\t\t\t\t\t\t\t\t<div class=\"clear\"><\/div>\n\t\t\t\t\t<\/li>\n\t\t\t\t\t\t\t\t\t\t<li>\n\t\t\t\t\t\t<div class=\"small-custom-frame-wrapper alignleft\"><div class=\"custom-frame-inner-wrapper\"><div class=\"custom-frame-padding\"><a href=\"https:\/\/ibiworld.eu\/de\/ruanda-kongo-und-uganda-die-verfluchte-grenze\/\" title=\"RUANDA, KONGO UND UGANDA: DIE VERFLUCHTE GRENZE\"><img src=\"https:\/\/ibiworld.eu\/de\/wp-content\/uploads\/2023\/02\/FRA028-01-60x60_c.jpg\" width=\"60\" height=\"60\" alt=\"RUANDA, KONGO UND UGANDA: DIE VERFLUCHTE GRENZE\" \/><\/a><\/div><\/div><\/div>\t\t\t\t\t\t<a class=\"teaser-title\" title=\"RUANDA, KONGO UND UGANDA: DIE VERFLUCHTE GRENZE\" href=\"https:\/\/ibiworld.eu\/de\/ruanda-kongo-und-uganda-die-verfluchte-grenze\/\">RUANDA, KONGO UND UGANDA: DIE VERFLUCHTE GRENZE<\/a>\n\t\t\t\t\t\t\t\t\t\t\t\t\t\t\t\t\t\t\t\t\t\t\t\t\t\t\t<div class=\"date-author\">3 Februar 2023 by <a href=\"https:\/\/ibiworld.eu\/de\/author\/ibi-world-frankreich\/\" title=\"Beitr\u00e4ge von IBI World Frankreich\" rel=\"author\">IBI World Frankreich<\/a> <\/div>\n\t\t\t\t\t\t\t\t\t\t\t\t<div class=\"teaser-content\">\n\t\t\t\t\t\tW\u00e4hrend die Augen der Welt auf die russisch-ukrainische Grenze und auf die Grenze zwischen China und Taiwan gerichtet sind, werden...\t\t\t\t\t\t<\/div>\n\t\t\t\t\t\t\t\t\t\t\t\t<div class=\"clear\"><\/div>\n\t\t\t\t\t<\/li>\n\t\t\t\t\t\t\t\t\t\t<li>\n\t\t\t\t\t\t<div class=\"small-custom-frame-wrapper alignleft\"><div class=\"custom-frame-inner-wrapper\"><div class=\"custom-frame-padding\"><a href=\"https:\/\/ibiworld.eu\/de\/cabinda-ein-krieg-der-nach-oel-stinkt\/\" title=\"CABINDA, EIN KRIEG, DER NACH \u00d6L STINKT\"><img src=\"https:\/\/ibiworld.eu\/de\/wp-content\/uploads\/2023\/01\/ESP015-01-60x60_c.jpg\" width=\"60\" height=\"60\" alt=\"CABINDA, EIN KRIEG, DER NACH \u00d6L STINKT\" \/><\/a><\/div><\/div><\/div>\t\t\t\t\t\t<a class=\"teaser-title\" title=\"CABINDA, EIN KRIEG, DER NACH \u00d6L STINKT\" href=\"https:\/\/ibiworld.eu\/de\/cabinda-ein-krieg-der-nach-oel-stinkt\/\">CABINDA, EIN KRIEG, DER NACH \u00d6L STINKT<\/a>\n\t\t\t\t\t\t\t\t\t\t\t\t\t\t\t\t\t\t\t\t\t\t\t\t\t\t\t<div class=\"date-author\">3 Januar 2023 by <a href=\"https:\/\/ibiworld.eu\/de\/author\/ibi-world-spanien\/\" title=\"Beitr\u00e4ge von IBI World Spanien\" rel=\"author\">IBI World Spanien<\/a> <\/div>\n\t\t\t\t\t\t\t\t\t\t\t\t<div class=\"teaser-content\">\n\t\t\t\t\t\tIn der Welt gibt es Konflikte, die von zu vielen Einzelinteressen \u00fcberschattet werden. Konflikte, die das Leben Zehntausender wehrloser Menschen...\t\t\t\t\t\t<\/div>\n\t\t\t\t\t\t\t\t\t\t\t\t<div class=\"clear\"><\/div>\n\t\t\t\t\t<\/li>\n\t\t\t\t\t\t\t\t\t\t<li>\n\t\t\t\t\t\t<div class=\"small-custom-frame-wrapper alignleft\"><div class=\"custom-frame-inner-wrapper\"><div class=\"custom-frame-padding\"><a href=\"https:\/\/ibiworld.eu\/de\/angola-kongo-china-und-geisterstaedte\/\" title=\"ANGOLA, KONGO, CHINA UND GEISTERST\u00c4DTE\"><img src=\"https:\/\/ibiworld.eu\/de\/wp-content\/uploads\/2022\/10\/JPN016-01-60x60_c.jpg\" width=\"60\" height=\"60\" alt=\"ANGOLA, KONGO, CHINA UND GEISTERST\u00c4DTE\" \/><\/a><\/div><\/div><\/div>\t\t\t\t\t\t<a class=\"teaser-title\" title=\"ANGOLA, KONGO, CHINA UND GEISTERST\u00c4DTE\" href=\"https:\/\/ibiworld.eu\/de\/angola-kongo-china-und-geisterstaedte\/\">ANGOLA, KONGO, CHINA UND GEISTERST\u00c4DTE<\/a>\n\t\t\t\t\t\t\t\t\t\t\t\t\t\t\t\t\t\t\t\t\t\t\t\t\t\t\t<div class=\"date-author\">29 Oktober 2022 by <a href=\"https:\/\/ibiworld.eu\/de\/author\/ibi-world-japan\/\" title=\"Beitr\u00e4ge von IBI World Japan\" rel=\"author\">IBI World Japan<\/a> <\/div>\n\t\t\t\t\t\t\t\t\t\t\t\t<div class=\"teaser-content\">\n\t\t\t\t\t\tDie Notwendigkeit, die Logistiknetze des Planeten zu verbessern, nimmt weiter zu, insbesondere da die Unsicherheit \u00fcber den Frieden und die...\t\t\t\t\t\t<\/div>\n\t\t\t\t\t\t\t\t\t\t\t\t<div class=\"clear\"><\/div>\n\t\t\t\t\t<\/li>\n\t\t\t\t\t\t\t\t\t\t<li>\n\t\t\t\t\t\t<div class=\"small-custom-frame-wrapper alignleft\"><div class=\"custom-frame-inner-wrapper\"><div class=\"custom-frame-padding\"><a href=\"https:\/\/ibiworld.eu\/de\/in-ugandas-paradies-regiert-die-hoelle\/\" title=\"IN UGANDAS PARADIES REGIERT DIE H\u00d6LLE\"><img src=\"https:\/\/ibiworld.eu\/de\/wp-content\/uploads\/2022\/06\/UK022-01-60x60_c.jpg\" width=\"60\" height=\"60\" alt=\"IN UGANDAS PARADIES REGIERT DIE H\u00d6LLE\" \/><\/a><\/div><\/div><\/div>\t\t\t\t\t\t<a class=\"teaser-title\" title=\"IN UGANDAS PARADIES REGIERT DIE H\u00d6LLE\" href=\"https:\/\/ibiworld.eu\/de\/in-ugandas-paradies-regiert-die-hoelle\/\">IN UGANDAS PARADIES REGIERT DIE H\u00d6LLE<\/a>\n\t\t\t\t\t\t\t\t\t\t\t\t\t\t\t\t\t\t\t\t\t\t\t\t\t\t\t<div class=\"date-author\">16 Juni 2022 by <a href=\"https:\/\/ibiworld.eu\/de\/author\/ibi-world-grossbritannien\/\" title=\"Beitr\u00e4ge von IBI World Grossbritannien\" rel=\"author\">IBI World Grossbritannien<\/a> <\/div>\n\t\t\t\t\t\t\t\t\t\t\t\t<div class=\"teaser-content\">\n\t\t\t\t\t\tJeden Tag verschwinden in Uganda Dutzende von Menschen, die auf der Stra\u00dfe get\u00f6tet oder ohne Anklage verhaftet werden, und andere...\t\t\t\t\t\t<\/div>\n\t\t\t\t\t\t\t\t\t\t\t\t<div class=\"clear\"><\/div>\n\t\t\t\t\t<\/li>\n\t\t\t\t\t\t\t\t\t\t<li>\n\t\t\t\t\t\t<div class=\"small-custom-frame-wrapper alignleft\"><div class=\"custom-frame-inner-wrapper\"><div class=\"custom-frame-padding\"><a href=\"https:\/\/ibiworld.eu\/de\/afrikas-zukunft-haengt-vom-kongo-ab\/\" title=\"AFRIKAS ZUKUNFT H\u00c4NGT VOM KONGO AB\"><img src=\"https:\/\/ibiworld.eu\/de\/wp-content\/uploads\/2022\/05\/FRA019-01-60x60_c.jpg\" width=\"60\" height=\"60\" alt=\"AFRIKAS ZUKUNFT H\u00c4NGT VOM KONGO AB\" \/><\/a><\/div><\/div><\/div>\t\t\t\t\t\t<a class=\"teaser-title\" title=\"AFRIKAS ZUKUNFT H\u00c4NGT VOM KONGO AB\" href=\"https:\/\/ibiworld.eu\/de\/afrikas-zukunft-haengt-vom-kongo-ab\/\">AFRIKAS ZUKUNFT H\u00c4NGT VOM KONGO AB<\/a>\n\t\t\t\t\t\t\t\t\t\t\t\t\t\t\t\t\t\t\t\t\t\t\t\t\t\t\t<div class=\"date-author\">31 Mai 2022 by <a href=\"https:\/\/ibiworld.eu\/de\/author\/ibi-world-frankreich\/\" title=\"Beitr\u00e4ge von IBI World Frankreich\" rel=\"author\">IBI World Frankreich<\/a> <\/div>\n\t\t\t\t\t\t\t\t\t\t\t\t<div class=\"teaser-content\">\n\t\t\t\t\t\tAfrika w\u00e4chst. Trotz schrecklicher Kriege, Hungersn\u00f6te, Elend, Korruption und Diktaturen treten neue Generationen von Politikern und Industriellen voller Enthusiasmus und...\t\t\t\t\t\t<\/div>\n\t\t\t\t\t\t\t\t\t\t\t\t<div class=\"clear\"><\/div>\n\t\t\t\t\t<\/li>\n\t\t\t\t\t\t\t\t\t\t<li>\n\t\t\t\t\t\t<div class=\"small-custom-frame-wrapper alignleft\"><div class=\"custom-frame-inner-wrapper\"><div class=\"custom-frame-padding\"><a href=\"https:\/\/ibiworld.eu\/de\/eric-monga-mumba-und-katanga-das-wahre-gesicht-der-macht\/\" title=\"ERIC MONGA MUMBA UND KATANGA: DAS WAHRE GESICHT DER MACHT\"><img src=\"https:\/\/ibiworld.eu\/de\/wp-content\/uploads\/2021\/06\/FRA005-01-60x60_c.jpg\" width=\"60\" height=\"60\" alt=\"ERIC MONGA MUMBA UND KATANGA: DAS WAHRE GESICHT DER MACHT\" \/><\/a><\/div><\/div><\/div>\t\t\t\t\t\t<a class=\"teaser-title\" title=\"ERIC MONGA MUMBA UND KATANGA: DAS WAHRE GESICHT DER MACHT\" href=\"https:\/\/ibiworld.eu\/de\/eric-monga-mumba-und-katanga-das-wahre-gesicht-der-macht\/\">ERIC MONGA MUMBA UND KATANGA: DAS WAHRE GESICHT DER MACHT<\/a>\n\t\t\t\t\t\t\t\t\t\t\t\t\t\t\t\t\t\t\t\t\t\t\t\t\t\t\t<div class=\"date-author\">13 Juni 2021 by <a href=\"https:\/\/ibiworld.eu\/de\/author\/ibi-world-frankreich\/\" title=\"Beitr\u00e4ge von IBI World Frankreich\" rel=\"author\">IBI World Frankreich<\/a> <\/div>\n\t\t\t\t\t\t\t\t\t\t\t\t<div class=\"teaser-content\">\n\t\t\t\t\t\tDas letzte halbe Jahrhundert der Geschichte der Demokratischen Republik Kongo (ehemals Zaire) ist voller Blut. Blut, das in B\u00fcrgerkriegen, aber...\t\t\t\t\t\t<\/div>\n\t\t\t\t\t\t\t\t\t\t\t\t<div class=\"clear\"><\/div>\n\t\t\t\t\t<\/li>\n\t\t\t\t\t\t\t\t\t\t<li>\n\t\t\t\t\t\t<div class=\"small-custom-frame-wrapper alignleft\"><div class=\"custom-frame-inner-wrapper\"><div class=\"custom-frame-padding\"><a href=\"https:\/\/ibiworld.eu\/de\/soeldner-und-emiraten-die-globale-gefahr-der-privaten-todesindustrie\/\" title=\"S\u00d6LDNER UND EMIRATEN: DIE GLOBALE GEFAHR DER PRIVATEN TODESINDUSTRIE\"><img src=\"https:\/\/ibiworld.eu\/de\/wp-content\/uploads\/2021\/03\/UK008-01-60x60_c.jpg\" width=\"60\" height=\"60\" alt=\"S\u00d6LDNER UND EMIRATEN: DIE GLOBALE GEFAHR DER PRIVATEN TODESINDUSTRIE\" \/><\/a><\/div><\/div><\/div>\t\t\t\t\t\t<a class=\"teaser-title\" title=\"S\u00d6LDNER UND EMIRATEN: DIE GLOBALE GEFAHR DER PRIVATEN TODESINDUSTRIE\" href=\"https:\/\/ibiworld.eu\/de\/soeldner-und-emiraten-die-globale-gefahr-der-privaten-todesindustrie\/\">S\u00d6LDNER UND EMIRATEN: DIE GLOBALE GEFAHR DER PRIVATEN TODESINDUSTRIE<\/a>\n\t\t\t\t\t\t\t\t\t\t\t\t\t\t\t\t\t\t\t\t\t\t\t\t\t\t\t<div class=\"date-author\">12 M\u00e4rz 2021 by <a href=\"https:\/\/ibiworld.eu\/de\/author\/ibi-world-grossbritannien\/\" title=\"Beitr\u00e4ge von IBI World Grossbritannien\" rel=\"author\">IBI World Grossbritannien<\/a> <\/div>\n\t\t\t\t\t\t\t\t\t\t\t\t<div class=\"teaser-content\">\n\t\t\t\t\t\tEs gibt mehr als zwei Millionen von ihnen. Die gr\u00f6\u00dfte Armee, die die Welt je gesehen hat. Sie verteidigen nicht...\t\t\t\t\t\t<\/div>\n\t\t\t\t\t\t\t\t\t\t\t\t<div class=\"clear\"><\/div>\n\t\t\t\t\t<\/li>\n\t\t\t\t\t\t\t\t\t\t<li>\n\t\t\t\t\t\t<div class=\"small-custom-frame-wrapper alignleft\"><div class=\"custom-frame-inner-wrapper\"><div class=\"custom-frame-padding\"><a href=\"https:\/\/ibiworld.eu\/de\/60-jahren-diktatur-und-200-jahren-kriegen-sklaverei-und-schmuggel-willkommen-in-kongo\/\" title=\"60 JAHREN DIKTATUR UND 200 JAHREN KRIEGEN, SKLAVEREI UND SCHMUGGEL: WILLKOMMEN IN KONGO\"><img src=\"https:\/\/ibiworld.eu\/de\/wp-content\/uploads\/2021\/01\/UK007-01-60x60_c.jpg\" width=\"60\" height=\"60\" alt=\"60 JAHREN DIKTATUR UND 200 JAHREN KRIEGEN, SKLAVEREI UND SCHMUGGEL: WILLKOMMEN IN KONGO\" \/><\/a><\/div><\/div><\/div>\t\t\t\t\t\t<a class=\"teaser-title\" title=\"60 JAHREN DIKTATUR UND 200 JAHREN KRIEGEN, SKLAVEREI UND SCHMUGGEL: WILLKOMMEN IN KONGO\" href=\"https:\/\/ibiworld.eu\/de\/60-jahren-diktatur-und-200-jahren-kriegen-sklaverei-und-schmuggel-willkommen-in-kongo\/\">60 JAHREN DIKTATUR UND 200 JAHREN KRIEGEN, SKLAVEREI UND SCHMUGGEL: WILLKOMMEN IN KONGO<\/a>\n\t\t\t\t\t\t\t\t\t\t\t\t\t\t\t\t\t\t\t\t\t\t\t\t\t\t\t<div class=\"date-author\">23 Januar 2021 by <a href=\"https:\/\/ibiworld.eu\/de\/author\/ibi-world-grossbritannien\/\" title=\"Beitr\u00e4ge von IBI World Grossbritannien\" rel=\"author\">IBI World Grossbritannien<\/a> <\/div>\n\t\t\t\t\t\t\t\t\t\t\t\t<div class=\"teaser-content\">\n\t\t\t\t\t\tDas Leben im reichsten Land der Welt ist kein Segen, sondern die H\u00f6lle. Seit \u00fcber zwei Jahrhunderten ist die Ausbeutung...\t\t\t\t\t\t<\/div>\n\t\t\t\t\t\t\t\t\t\t\t\t<div class=\"clear\"><\/div>\n\t\t\t\t\t<\/li>\n\t\t\t\t\t\t\t\t<\/ul>\n\t\t\t<\/div><!-- end widget_recent_posts -->\n\t\t\t<\/div>[\/vc_column][\/vc_row]\n","protected":false},"excerpt":{"rendered":"<p>[vc_row][vc_column width=&#8220;2\/3&#8243;][vc_empty_space height=&#8220;63px&#8220;][vc_column_text] EDITORIAL: DIE GESCHICHTE FLIE\u00dfT IN DEN GEW\u00c4SSERN DES KONGO-FLUSSES \u00a0 Am 24. Oktober 1996 \u00fcberquerte die ruandische Armee den Kivu-See und drang in zairisches Gebiet ein. Ziel ist es, die Rebellenarmeen zu vernichten, die seit Jahren den See \u00fcberqueren, um Kigali zu terrorisieren. Die<\/p>\n","protected":false},"author":1,"featured_media":0,"parent":0,"menu_order":0,"comment_status":"closed","ping_status":"closed","template":"page-FullWidth.php","meta":[],"_links":{"self":[{"href":"https:\/\/ibiworld.eu\/de\/wp-json\/wp\/v2\/pages\/2749"}],"collection":[{"href":"https:\/\/ibiworld.eu\/de\/wp-json\/wp\/v2\/pages"}],"about":[{"href":"https:\/\/ibiworld.eu\/de\/wp-json\/wp\/v2\/types\/page"}],"author":[{"embeddable":true,"href":"https:\/\/ibiworld.eu\/de\/wp-json\/wp\/v2\/users\/1"}],"replies":[{"embeddable":true,"href":"https:\/\/ibiworld.eu\/de\/wp-json\/wp\/v2\/comments?post=2749"}],"version-history":[{"count":2,"href":"https:\/\/ibiworld.eu\/de\/wp-json\/wp\/v2\/pages\/2749\/revisions"}],"predecessor-version":[{"id":2752,"href":"https:\/\/ibiworld.eu\/de\/wp-json\/wp\/v2\/pages\/2749\/revisions\/2752"}],"wp:attachment":[{"href":"https:\/\/ibiworld.eu\/de\/wp-json\/wp\/v2\/media?parent=2749"}],"curies":[{"name":"wp","href":"https:\/\/api.w.org\/{rel}","templated":true}]}}