{"id":2444,"date":"2022-03-27T22:14:59","date_gmt":"2022-03-27T20:14:59","guid":{"rendered":"https:\/\/ibiworld.eu\/de\/?page_id=2444"},"modified":"2022-05-06T23:26:41","modified_gmt":"2022-05-06T21:26:41","slug":"folter-beenden","status":"publish","type":"page","link":"https:\/\/ibiworld.eu\/de\/folter-beenden\/","title":{"rendered":"FOLTER BEENDEN"},"content":{"rendered":"[vc_row][vc_column width=&#8220;2\/3&#8243;][vc_empty_space height=&#8220;63px&#8220;][vc_column_text]<strong><img loading=\"lazy\" class=\"aligncenter size-full wp-image-2445\" src=\"https:\/\/ibiworld.eu\/de\/wp-content\/uploads\/2022\/03\/EDIT012-01.jpg\" alt=\"\" width=\"1900\" height=\"1029\" srcset=\"https:\/\/ibiworld.eu\/de\/wp-content\/uploads\/2022\/03\/EDIT012-01.jpg 1900w, https:\/\/ibiworld.eu\/de\/wp-content\/uploads\/2022\/03\/EDIT012-01-300x162.jpg 300w, https:\/\/ibiworld.eu\/de\/wp-content\/uploads\/2022\/03\/EDIT012-01-1024x555.jpg 1024w, https:\/\/ibiworld.eu\/de\/wp-content\/uploads\/2022\/03\/EDIT012-01-768x416.jpg 768w, https:\/\/ibiworld.eu\/de\/wp-content\/uploads\/2022\/03\/EDIT012-01-1536x832.jpg 1536w, https:\/\/ibiworld.eu\/de\/wp-content\/uploads\/2022\/03\/EDIT012-01-600x325.jpg 600w\" sizes=\"(max-width: 1900px) 100vw, 1900px\" \/><\/strong><\/p>\n<p>&nbsp;<\/p>\n<h3>LEITARTIKEL: <strong>MIT DIKTATOREN DARF MAN NICHT MEHR VERHANDELN<\/strong><\/h3>\n<p>Der Krieg in der Ukraine hat eine weitere tragische Wahrheit gezeigt. Wenn man mit Diktatoren verhandelt und versucht, f\u00fcr beide Seiten vorteilhafte Kompromisse zu finden, werden Fehler gemacht, die tragische Folgen haben. Erstens: Ein Diktator hat keine Skrupel, sein eigenes Volk zu foltern und zu massakrieren &#8211; also hat er (wie Putin, Hitler, Stalin und viele andere gezeigt haben) auch keine Skrupel, den Rest der Menschheit zu massakrieren und zu foltern. Zweitens: Da das einzige Ziel eines Regimes die Selbsterhaltung gegen den Willen aller ist, sind Folter und Mord die wichtigste und wirksamste Methode, aber Propagandal\u00fcgen (was wir heute als Fake News bezeichnen) sowie religi\u00f6se Indoktrination (wie in der T\u00fcrkei und vielen muslimischen L\u00e4ndern) werden zu einem noch heimt\u00fcckischeren Problem &#8211; denn sie wecken selbst bei vielen B\u00fcrgern demokratischer Nationen Zweifel.<\/p>\n<p>Der dritte: In Italien gibt es ein Sprichwort, das besagt: &#8222;Wer mit den Lahmen geht, lernt hinken&#8220;, und so sind wir gezwungen zuzugeben, dass in den letzten 50 Jahren die Demokratie, auch im Westen, vor allem durch den amerikanischen Imperialismus und den europ\u00e4ischen Neokolonialismus, schwer verwundet wurde, gewaltt\u00e4tige und antidemokratische rechtsextreme Bewegungen erstarken, Die Angst breitet sich aus, w\u00e4hrend die Desinformation zunimmt &#8211; aufgrund des Verfalls der Bildungseinrichtungen und der Verwandlung der B\u00fcrger (die ihre Mitverantwortung verstanden haben) in Verbraucher (die nur ihr eigenes individuelles Wohlergehen wahrnehmen und nicht mehr in der Lage sind, das Gesamtbild der Probleme zu sehen).<\/p>\n<style type=\"text\/css\" id=\"umsMapStyles_12_30240\">\r\n\t#ultimate_maps_12_30240 {\r\n        width: 100%;\r\n        height: 500px;\r\n\t        border: 0px solid ;\r\n        margin: 0px;\r\n    }\r\n\t#mapsControlsNum_12_30240 {\r\n\t\twidth:100%\t}\r\n\t.umsMapDetailsContainer#umsMapDetailsContainer_12_30240 {\r\n\t\theight:500px;\r\n\t}\r\n\t.ums_MapPreview#ultimate_maps_12_30240 {\r\n\t\t\/*position:absolute;*\/\r\n\t\twidth:100%;\r\n\t}\r\n\t#mapConElem_12_30240{\r\n\t\twidth:100%\t}\r\n\t<\/style>\r\n<div class=\"ums_map_opts\" id=\"mapConElem_12_30240\" data-id=\"12\" data-view-id=\"12_30240\" > <div class=\"umsMapDetailsContainer\" id=\"umsMapDetailsContainer_12_30240\"> <i class=\"umsKMLLayersPreloader fa fa-spinner fa-spin\" aria-hidden=\"true\" style=\"display: none;\"><\/i> <div class=\"ums_MapPreview \" id=\"ultimate_maps_12_30240\"><\/div> <\/div> <div class=\"umsMapMarkerFilters\" id=\"umsMapMarkerFilters_12_30240\"> <\/div> <div class=\"umsMapProControlsCon\" id=\"umsMapProControlsCon_12_30240\"> <\/div> <div class=\"umsMapProDirectionsCon\" id=\"umsMapProDirectionsCon_12_30240\" > <\/div> <div class=\"umsMapProKmlFilterCon\" id=\"umsMapProKmlFilterCon_12_30240\" > <\/div> <div class=\"umsSocialSharingShell umsSocialSharingShell_12_30240\"> <\/div> <div style=\"clear: both;\"><\/div> <\/div> \n<p>Der Krieg in der Ukraine ist ein furchtbarer Schock, auch wenn es sich &#8222;nur&#8220; um das x-te Massaker des Moskauer Regimes handelt, nach den Massakern in Syrien, Georgien, Armenien, Tschetschenien und Belarus. Diesmal haben wir Angst, weil die Bomben nur wenige Kilometer von unseren Grenzen entfernt pfeifen &#8211; und weil Millionen von Frauen und M\u00e4nnern auf der Flucht verzweifelt auf unseren Stra\u00dfen ankommen: Frauen und M\u00e4nner, die wir als Schwestern und Br\u00fcder empfinden, weil sie so sind wie wir, und nicht als Menschen, die aus Welten fliehen, die uns kulturell unverst\u00e4ndlich sind.<\/p>\n<p>Die Welle der Solidarit\u00e4t, die Europa erfasst hat, muss genutzt werden, um uns an all die anderen vergessenen Massaker zu erinnern, vor allem an die, die nur wenige Kilometer von unserer Heimat entfernt sind. Und sie muss uns die Kraft geben, den wirtschaftlichen Preis strenger internationaler Sanktionen zu akzeptieren und unsere Regierungen zu zwingen, viel weiter und viel tiefer zu gehen &#8211; vor allem in L\u00e4ndern wie der T\u00fcrkei, die Angst haben. Wir alle m\u00fcssen verstehen, dass die Alternative nicht darin besteht, Gazprom zu bezahlen und warm zu bleiben oder Gazprom nicht zu bezahlen und kalt zu bleiben. Die Alternative w\u00e4re, Gazprom nicht zu stoppen und russische Panzer vor unseren H\u00e4usern und Erdogans Todesschwadronen in unseren Stra\u00dfen zu erleben.[\/vc_column_text][\/vc_column][vc_column width=&#8220;1\/3&#8243;][vc_column_text]<form  class=\"is-search-form is-form-style is-form-style-3 is-form-id-411 \" action=\"https:\/\/ibiworld.eu\/de\/\" method=\"get\" role=\"search\" ><label for=\"is-search-input-411\"><span class=\"is-screen-reader-text\">Search for:<\/span><input  type=\"search\" id=\"is-search-input-411\" name=\"s\" value=\"\" class=\"is-search-input\" placeholder=\"SUCHE HIER...\" autocomplete=off \/><\/label><button type=\"submit\" class=\"is-search-submit\"><span class=\"is-screen-reader-text\">Search Button<\/span><span class=\"is-search-icon\"><svg focusable=\"false\" aria-label=\"Search\" xmlns=\"http:\/\/www.w3.org\/2000\/svg\" viewBox=\"0 0 24 24\" width=\"24px\"><path d=\"M15.5 14h-.79l-.28-.27C15.41 12.59 16 11.11 16 9.5 16 5.91 13.09 3 9.5 3S3 5.91 3 9.5 5.91 16 9.5 16c1.61 0 3.09-.59 4.23-1.57l.27.28v.79l5 4.99L20.49 19l-4.99-5zm-6 0C7.01 14 5 11.99 5 9.5S7.01 5 9.5 5 14 7.01 14 9.5 11.99 14 9.5 14z\"><\/path><\/svg><\/span><\/button><input type=\"hidden\" name=\"id\" value=\"411\" \/><\/form>[\/vc_column_text][vc_wp_categories title=&#8220;ARCHIV&#8220; options=&#8220;dropdown,count,hierarchical&#8220;][vc_column_text]\n<h2>ARTIKEL<\/h2>\n[\/vc_column_text]<div class=\"widget widget_latest_posts\">\t\t\t<div class=\"latest_posts\">\n\t\t\t<ul class=\"small-thumb\">\n\t\t\t\t\t\t\t\t\t<li>\n\t\t\t\t\t\t<div class=\"small-custom-frame-wrapper alignleft\"><div class=\"custom-frame-inner-wrapper\"><div class=\"custom-frame-padding\"><a href=\"https:\/\/ibiworld.eu\/de\/zu-tode-getreten-fuer-einen-schleier-aus-stoff\/\" title=\"ZU TODE GETRETEN. F\u00dcR EINEN SCHLEIER AUS STOFF\"><img src=\"https:\/\/ibiworld.eu\/de\/wp-content\/uploads\/2022\/10\/JPN019-01-60x60_c.jpg\" width=\"60\" height=\"60\" alt=\"ZU TODE GETRETEN. F\u00dcR EINEN SCHLEIER AUS STOFF\" \/><\/a><\/div><\/div><\/div>\t\t\t\t\t\t<a class=\"teaser-title\" title=\"ZU TODE GETRETEN. F\u00dcR EINEN SCHLEIER AUS STOFF\" href=\"https:\/\/ibiworld.eu\/de\/zu-tode-getreten-fuer-einen-schleier-aus-stoff\/\">ZU TODE GETRETEN. F\u00dcR EINEN SCHLEIER AUS STOFF<\/a>\n\t\t\t\t\t\t\t\t\t\t\t\t\t\t\t\t\t\t\t\t\t\t\t\t\t\t\t<div class=\"date-author\">4 Oktober 2022 by <a href=\"https:\/\/ibiworld.eu\/de\/author\/ibi-world-japan\/\" title=\"Beitr\u00e4ge von IBI World Japan\" rel=\"author\">IBI World Japan<\/a> <\/div>\n\t\t\t\t\t\t\t\t\t\t\t\t<div class=\"teaser-content\">\n\t\t\t\t\t\tEs sind vier oder sechs von ihnen in Tarnanz\u00fcgen. Sie haben vielleicht stundenlang in einem an einer Stra\u00dfenecke geparkten Lieferwagen...\t\t\t\t\t\t<\/div>\n\t\t\t\t\t\t\t\t\t\t\t\t<div class=\"clear\"><\/div>\n\t\t\t\t\t<\/li>\n\t\t\t\t\t\t\t\t\t\t<li>\n\t\t\t\t\t\t<div class=\"small-custom-frame-wrapper alignleft\"><div class=\"custom-frame-inner-wrapper\"><div class=\"custom-frame-padding\"><a href=\"https:\/\/ibiworld.eu\/de\/einsam-wie-die-kurden\/\" title=\"EINSAM WIE DIE KURDEN\"><img src=\"https:\/\/ibiworld.eu\/de\/wp-content\/uploads\/2022\/09\/USA002-01-60x60_c.jpg\" width=\"60\" height=\"60\" alt=\"EINSAM WIE DIE KURDEN\" \/><\/a><\/div><\/div><\/div>\t\t\t\t\t\t<a class=\"teaser-title\" title=\"EINSAM WIE DIE KURDEN\" href=\"https:\/\/ibiworld.eu\/de\/einsam-wie-die-kurden\/\">EINSAM WIE DIE KURDEN<\/a>\n\t\t\t\t\t\t\t\t\t\t\t\t\t\t\t\t\t\t\t\t\t\t\t\t\t\t\t<div class=\"date-author\">13 September 2022 by <a href=\"https:\/\/ibiworld.eu\/de\/author\/ibi-world-grossbritannien\/\" title=\"Beitr\u00e4ge von IBI World Grossbritannien\" rel=\"author\">IBI World Grossbritannien<\/a> <\/div>\n\t\t\t\t\t\t\t\t\t\t\t\t<div class=\"teaser-content\">\n\t\t\t\t\t\tEs gibt ein altes kurdisches Sprichwort, das in einem Satz eine so gro\u00dfe Wahrheit sagt, dass sie unertr\u00e4glich ist: &#8222;Die...\t\t\t\t\t\t<\/div>\n\t\t\t\t\t\t\t\t\t\t\t\t<div class=\"clear\"><\/div>\n\t\t\t\t\t<\/li>\n\t\t\t\t\t\t\t\t\t\t<li>\n\t\t\t\t\t\t<div class=\"small-custom-frame-wrapper alignleft\"><div class=\"custom-frame-inner-wrapper\"><div class=\"custom-frame-padding\"><a href=\"https:\/\/ibiworld.eu\/de\/haiti-in-blut-der-terror-der-kriminellen-banden\/\" title=\"HAITI IN BLUT: DER TERROR DER KRIMINELLEN BANDEN\"><img src=\"https:\/\/ibiworld.eu\/de\/wp-content\/uploads\/2022\/08\/ESP018-01-60x60_c.jpg\" width=\"60\" height=\"60\" alt=\"HAITI IN BLUT: DER TERROR DER KRIMINELLEN BANDEN\" \/><\/a><\/div><\/div><\/div>\t\t\t\t\t\t<a class=\"teaser-title\" title=\"HAITI IN BLUT: DER TERROR DER KRIMINELLEN BANDEN\" href=\"https:\/\/ibiworld.eu\/de\/haiti-in-blut-der-terror-der-kriminellen-banden\/\">HAITI IN BLUT: DER TERROR DER KRIMINELLEN BANDEN<\/a>\n\t\t\t\t\t\t\t\t\t\t\t\t\t\t\t\t\t\t\t\t\t\t\t\t\t\t\t<div class=\"date-author\">4 August 2022 by <a href=\"https:\/\/ibiworld.eu\/de\/author\/ibi-world-spanien\/\" title=\"Beitr\u00e4ge von IBI World Spanien\" rel=\"author\">IBI World Spanien<\/a> <\/div>\n\t\t\t\t\t\t\t\t\t\t\t\t<div class=\"teaser-content\">\n\t\t\t\t\t\t&nbsp; Es gibt grausame und endlose Konflikte, die niemanden mehr interessieren, da die Ukraine-Krise die Aufmerksamkeit der ganzen Welt auf...\t\t\t\t\t\t<\/div>\n\t\t\t\t\t\t\t\t\t\t\t\t<div class=\"clear\"><\/div>\n\t\t\t\t\t<\/li>\n\t\t\t\t\t\t\t\t\t\t<li>\n\t\t\t\t\t\t<div class=\"small-custom-frame-wrapper alignleft\"><div class=\"custom-frame-inner-wrapper\"><div class=\"custom-frame-padding\"><a href=\"https:\/\/ibiworld.eu\/de\/der-voelkermord-an-den-uiguren-interview-mit-dolkun-isa\/\" title=\"DER V\u00d6LKERMORD AN DEN UIGUREN: INTERVIEW MIT DOLKUN ISA\"><img src=\"https:\/\/ibiworld.eu\/de\/wp-content\/uploads\/2022\/07\/JPN009_01-60x60_c.jpg\" width=\"60\" height=\"60\" alt=\"DER V\u00d6LKERMORD AN DEN UIGUREN: INTERVIEW MIT DOLKUN ISA\" \/><\/a><\/div><\/div><\/div>\t\t\t\t\t\t<a class=\"teaser-title\" title=\"DER V\u00d6LKERMORD AN DEN UIGUREN: INTERVIEW MIT DOLKUN ISA\" href=\"https:\/\/ibiworld.eu\/de\/der-voelkermord-an-den-uiguren-interview-mit-dolkun-isa\/\">DER V\u00d6LKERMORD AN DEN UIGUREN: INTERVIEW MIT DOLKUN ISA<\/a>\n\t\t\t\t\t\t\t\t\t\t\t\t\t\t\t\t\t\t\t\t\t\t\t\t\t\t\t<div class=\"date-author\">13 Juli 2022 by <a href=\"https:\/\/ibiworld.eu\/de\/author\/ibi-world-japan\/\" title=\"Beitr\u00e4ge von IBI World Japan\" rel=\"author\">IBI World Japan<\/a> <\/div>\n\t\t\t\t\t\t\t\t\t\t\t\t<div class=\"teaser-content\">\n\t\t\t\t\t\tSeit 2017 hat die chinesische Regierung auf Anweisung des Generalsekret\u00e4rs der Kommunistischen Partei, Xi Jinping, ein staatliches Programm zur Inhaftierung,...\t\t\t\t\t\t<\/div>\n\t\t\t\t\t\t\t\t\t\t\t\t<div class=\"clear\"><\/div>\n\t\t\t\t\t<\/li>\n\t\t\t\t\t\t\t\t\t\t<li>\n\t\t\t\t\t\t<div class=\"small-custom-frame-wrapper alignleft\"><div class=\"custom-frame-inner-wrapper\"><div class=\"custom-frame-padding\"><a href=\"https:\/\/ibiworld.eu\/de\/sri-lanka-im-galopp-in-die-katastrophe\/\" title=\"SRI LANKA: IM GALOPP IN DIE KATASTROPHE\"><img src=\"https:\/\/ibiworld.eu\/de\/wp-content\/uploads\/2022\/05\/JPN013-01-60x60_c.jpg\" width=\"60\" height=\"60\" alt=\"SRI LANKA: IM GALOPP IN DIE KATASTROPHE\" \/><\/a><\/div><\/div><\/div>\t\t\t\t\t\t<a class=\"teaser-title\" title=\"SRI LANKA: IM GALOPP IN DIE KATASTROPHE\" href=\"https:\/\/ibiworld.eu\/de\/sri-lanka-im-galopp-in-die-katastrophe\/\">SRI LANKA: IM GALOPP IN DIE KATASTROPHE<\/a>\n\t\t\t\t\t\t\t\t\t\t\t\t\t\t\t\t\t\t\t\t\t\t\t\t\t\t\t<div class=\"date-author\">27 Mai 2022 by <a href=\"https:\/\/ibiworld.eu\/de\/author\/ibi-world-japan\/\" title=\"Beitr\u00e4ge von IBI World Japan\" rel=\"author\">IBI World Japan<\/a> <\/div>\n\t\t\t\t\t\t\t\t\t\t\t\t<div class=\"teaser-content\">\n\t\t\t\t\t\tSri Lanka steht in Flammen. Diesmal handelt es sich nicht um einen ethnischen Konflikt, sondern um den Hunger und die...\t\t\t\t\t\t<\/div>\n\t\t\t\t\t\t\t\t\t\t\t\t<div class=\"clear\"><\/div>\n\t\t\t\t\t<\/li>\n\t\t\t\t\t\t\t\t\t\t<li>\n\t\t\t\t\t\t<div class=\"small-custom-frame-wrapper alignleft\"><div class=\"custom-frame-inner-wrapper\"><div class=\"custom-frame-padding\"><a href=\"https:\/\/ibiworld.eu\/de\/schweden-wenn-der-traum-der-fluechtlinge-zum-albtraum-wird\/\" title=\"SCHWEDEN: WENN DER TRAUM DER FL\u00dcCHTLINGE ZUM ALBTRAUM WIRD\"><img src=\"https:\/\/ibiworld.eu\/de\/wp-content\/uploads\/2022\/04\/SVE011-01-60x60_c.jpg\" width=\"60\" height=\"60\" alt=\"SCHWEDEN: WENN DER TRAUM DER FL\u00dcCHTLINGE ZUM ALBTRAUM WIRD\" \/><\/a><\/div><\/div><\/div>\t\t\t\t\t\t<a class=\"teaser-title\" title=\"SCHWEDEN: WENN DER TRAUM DER FL\u00dcCHTLINGE ZUM ALBTRAUM WIRD\" href=\"https:\/\/ibiworld.eu\/de\/schweden-wenn-der-traum-der-fluechtlinge-zum-albtraum-wird\/\">SCHWEDEN: WENN DER TRAUM DER FL\u00dcCHTLINGE ZUM ALBTRAUM WIRD<\/a>\n\t\t\t\t\t\t\t\t\t\t\t\t\t\t\t\t\t\t\t\t\t\t\t\t\t\t\t<div class=\"date-author\">30 April 2022 by <a href=\"https:\/\/ibiworld.eu\/de\/author\/ibi-world-schweden\/\" title=\"Beitr\u00e4ge von IBI World Schweden\" rel=\"author\">IBI World Schweden<\/a> <\/div>\n\t\t\t\t\t\t\t\t\t\t\t\t<div class=\"teaser-content\">\n\t\t\t\t\t\tDies ist eine rohe und verzweifelte Geschichte. Es ist die Geschichte von Kindern, die missbraucht und aus ihren Familien gerissen...\t\t\t\t\t\t<\/div>\n\t\t\t\t\t\t\t\t\t\t\t\t<div class=\"clear\"><\/div>\n\t\t\t\t\t<\/li>\n\t\t\t\t\t\t\t\t\t\t<li>\n\t\t\t\t\t\t<div class=\"small-custom-frame-wrapper alignleft\"><div class=\"custom-frame-inner-wrapper\"><div class=\"custom-frame-padding\"><a href=\"https:\/\/ibiworld.eu\/de\/wie-die-tuerkei-intellektuelle-foltert-und-toetet\/\" title=\"WIE DIE T\u00dcRKEI INTELLEKTUELLE FOLTERT UND T\u00d6TET\"><img src=\"https:\/\/ibiworld.eu\/de\/wp-content\/uploads\/2022\/03\/RUS018-01-60x60_c.jpg\" width=\"60\" height=\"60\" alt=\"WIE DIE T\u00dcRKEI INTELLEKTUELLE FOLTERT UND T\u00d6TET\" \/><\/a><\/div><\/div><\/div>\t\t\t\t\t\t<a class=\"teaser-title\" title=\"WIE DIE T\u00dcRKEI INTELLEKTUELLE FOLTERT UND T\u00d6TET\" href=\"https:\/\/ibiworld.eu\/de\/wie-die-tuerkei-intellektuelle-foltert-und-toetet\/\">WIE DIE T\u00dcRKEI INTELLEKTUELLE FOLTERT UND T\u00d6TET<\/a>\n\t\t\t\t\t\t\t\t\t\t\t\t\t\t\t\t\t\t\t\t\t\t\t\t\t\t\t<div class=\"date-author\">17 M\u00e4rz 2022 by <a href=\"https:\/\/ibiworld.eu\/de\/author\/ibi-world-russland\/\" title=\"Beitr\u00e4ge von IBI World Russland\" rel=\"author\">IBI World Russland<\/a> <\/div>\n\t\t\t\t\t\t\t\t\t\t\t\t<div class=\"teaser-content\">\n\t\t\t\t\t\tWir leben in einer Zeit nie da gewesener Gewalt. Eingeh\u00fcllt in die Watte unserer westlichen Demokratie (deren M\u00e4ngel und Verzerrungen...\t\t\t\t\t\t<\/div>\n\t\t\t\t\t\t\t\t\t\t\t\t<div class=\"clear\"><\/div>\n\t\t\t\t\t<\/li>\n\t\t\t\t\t\t\t\t\t\t<li>\n\t\t\t\t\t\t<div class=\"small-custom-frame-wrapper alignleft\"><div class=\"custom-frame-inner-wrapper\"><div class=\"custom-frame-padding\"><a href=\"https:\/\/ibiworld.eu\/de\/das-grauen-das-wir-geworden-sind\/\" title=\"DAS GRAUEN, DAS WIR GEWORDEN SIND\"><img src=\"https:\/\/ibiworld.eu\/de\/wp-content\/uploads\/2021\/07\/ITA016-01-60x60_c.jpg\" width=\"60\" height=\"60\" alt=\"DAS GRAUEN, DAS WIR GEWORDEN SIND\" \/><\/a><\/div><\/div><\/div>\t\t\t\t\t\t<a class=\"teaser-title\" title=\"DAS GRAUEN, DAS WIR GEWORDEN SIND\" href=\"https:\/\/ibiworld.eu\/de\/das-grauen-das-wir-geworden-sind\/\">DAS GRAUEN, DAS WIR GEWORDEN SIND<\/a>\n\t\t\t\t\t\t\t\t\t\t\t\t\t\t\t\t\t\t\t\t\t\t\t\t\t\t\t<div class=\"date-author\">23 Juli 2021 by <a href=\"https:\/\/ibiworld.eu\/de\/author\/ibi-world-italien\/\" title=\"Beitr\u00e4ge von IBI World Italien\" rel=\"author\">IBI World Italien<\/a> <\/div>\n\t\t\t\t\t\t\t\t\t\t\t\t<div class=\"teaser-content\">\n\t\t\t\t\t\tVor zwanzig Jahren, w\u00e4hrend des G8-Gipfels in Genua, hatte ich aufgeh\u00f6rt, ein B\u00fcrger zu sein und war nur noch ein...\t\t\t\t\t\t<\/div>\n\t\t\t\t\t\t\t\t\t\t\t\t<div class=\"clear\"><\/div>\n\t\t\t\t\t<\/li>\n\t\t\t\t\t\t\t\t\t\t<li>\n\t\t\t\t\t\t<div class=\"small-custom-frame-wrapper alignleft\"><div class=\"custom-frame-inner-wrapper\"><div class=\"custom-frame-padding\"><a href=\"https:\/\/ibiworld.eu\/de\/die-finanziellen-intrigen-hinter-myanmars-blutigem-putsch\/\" title=\"DIE FINANZIELLEN INTRIGEN HINTER MYANMARS BLUTIGEM PUTSCH\"><img src=\"https:\/\/ibiworld.eu\/de\/wp-content\/uploads\/2021\/07\/JPN002-01-60x60_c.jpg\" width=\"60\" height=\"60\" alt=\"DIE FINANZIELLEN INTRIGEN HINTER MYANMARS BLUTIGEM PUTSCH\" \/><\/a><\/div><\/div><\/div>\t\t\t\t\t\t<a class=\"teaser-title\" title=\"DIE FINANZIELLEN INTRIGEN HINTER MYANMARS BLUTIGEM PUTSCH\" href=\"https:\/\/ibiworld.eu\/de\/die-finanziellen-intrigen-hinter-myanmars-blutigem-putsch\/\">DIE FINANZIELLEN INTRIGEN HINTER MYANMARS BLUTIGEM PUTSCH<\/a>\n\t\t\t\t\t\t\t\t\t\t\t\t\t\t\t\t\t\t\t\t\t\t\t\t\t\t\t<div class=\"date-author\">1 Juli 2021 by <a href=\"https:\/\/ibiworld.eu\/de\/author\/ibi-world-japan\/\" title=\"Beitr\u00e4ge von IBI World Japan\" rel=\"author\">IBI World Japan<\/a> <\/div>\n\t\t\t\t\t\t\t\t\t\t\t\t<div class=\"teaser-content\">\n\t\t\t\t\t\t1. Februar 2021. Die Metropole Yangon, die ehemalige Hauptstadt Myanmars, erlebt ein b\u00f6ses Erwachen: Die Anf\u00fchrerin und Ikone Aung San...\t\t\t\t\t\t<\/div>\n\t\t\t\t\t\t\t\t\t\t\t\t<div class=\"clear\"><\/div>\n\t\t\t\t\t<\/li>\n\t\t\t\t\t\t\t\t\t\t<li>\n\t\t\t\t\t\t<div class=\"small-custom-frame-wrapper alignleft\"><div class=\"custom-frame-inner-wrapper\"><div class=\"custom-frame-padding\"><a href=\"https:\/\/ibiworld.eu\/de\/gezi-park-das-symbol-des-zusammenbruchs-der-tuerkei\/\" title=\"GEZI PARK: DAS SYMBOL DES ZUSAMMENBRUCHS DER T\u00dcRKEI\"><img src=\"https:\/\/ibiworld.eu\/de\/wp-content\/uploads\/2021\/04\/ITA009-01-60x60_c.jpg\" width=\"60\" height=\"60\" alt=\"GEZI PARK: DAS SYMBOL DES ZUSAMMENBRUCHS DER T\u00dcRKEI\" \/><\/a><\/div><\/div><\/div>\t\t\t\t\t\t<a class=\"teaser-title\" title=\"GEZI PARK: DAS SYMBOL DES ZUSAMMENBRUCHS DER T\u00dcRKEI\" href=\"https:\/\/ibiworld.eu\/de\/gezi-park-das-symbol-des-zusammenbruchs-der-tuerkei\/\">GEZI PARK: DAS SYMBOL DES ZUSAMMENBRUCHS DER T\u00dcRKEI<\/a>\n\t\t\t\t\t\t\t\t\t\t\t\t\t\t\t\t\t\t\t\t\t\t\t\t\t\t\t<div class=\"date-author\">16 April 2021 by <a href=\"https:\/\/ibiworld.eu\/de\/author\/ibi-world-italien\/\" title=\"Beitr\u00e4ge von IBI World Italien\" rel=\"author\">IBI World Italien<\/a> <\/div>\n\t\t\t\t\t\t\t\t\t\t\t\t<div class=\"teaser-content\">\n\t\t\t\t\t\tAus der Ferne besteht die Gefahr von Missverst\u00e4ndnissen: Die T\u00fcrkei spielt sowohl diplomatisch als auch milit\u00e4risch wie ein Pokerspieler, der...\t\t\t\t\t\t<\/div>\n\t\t\t\t\t\t\t\t\t\t\t\t<div class=\"clear\"><\/div>\n\t\t\t\t\t<\/li>\n\t\t\t\t\t\t\t\t<\/ul>\n\t\t\t<\/div><!-- end widget_recent_posts -->\n\t\t\t<\/div>[\/vc_column][\/vc_row]\n","protected":false},"excerpt":{"rendered":"<p>[vc_row][vc_column width=&#8220;2\/3&#8243;][vc_empty_space height=&#8220;63px&#8220;][vc_column_text] &nbsp; LEITARTIKEL: MIT DIKTATOREN DARF MAN NICHT MEHR VERHANDELN Der Krieg in der Ukraine hat eine weitere tragische Wahrheit gezeigt. Wenn man mit Diktatoren verhandelt und versucht, f\u00fcr beide Seiten vorteilhafte Kompromisse zu finden, werden Fehler gemacht, die tragische Folgen haben. Erstens: Ein Diktator<\/p>\n","protected":false},"author":1,"featured_media":0,"parent":0,"menu_order":0,"comment_status":"closed","ping_status":"closed","template":"page-FullWidth.php","meta":[],"_links":{"self":[{"href":"https:\/\/ibiworld.eu\/de\/wp-json\/wp\/v2\/pages\/2444"}],"collection":[{"href":"https:\/\/ibiworld.eu\/de\/wp-json\/wp\/v2\/pages"}],"about":[{"href":"https:\/\/ibiworld.eu\/de\/wp-json\/wp\/v2\/types\/page"}],"author":[{"embeddable":true,"href":"https:\/\/ibiworld.eu\/de\/wp-json\/wp\/v2\/users\/1"}],"replies":[{"embeddable":true,"href":"https:\/\/ibiworld.eu\/de\/wp-json\/wp\/v2\/comments?post=2444"}],"version-history":[{"count":2,"href":"https:\/\/ibiworld.eu\/de\/wp-json\/wp\/v2\/pages\/2444\/revisions"}],"predecessor-version":[{"id":2632,"href":"https:\/\/ibiworld.eu\/de\/wp-json\/wp\/v2\/pages\/2444\/revisions\/2632"}],"wp:attachment":[{"href":"https:\/\/ibiworld.eu\/de\/wp-json\/wp\/v2\/media?parent=2444"}],"curies":[{"name":"wp","href":"https:\/\/api.w.org\/{rel}","templated":true}]}}