{"id":2275,"date":"2022-02-21T00:16:42","date_gmt":"2022-02-20T23:16:42","guid":{"rendered":"https:\/\/ibiworld.eu\/de\/?page_id=2275"},"modified":"2022-02-26T23:43:21","modified_gmt":"2022-02-26T22:43:21","slug":"der-krieg-um-die-arktis","status":"publish","type":"page","link":"https:\/\/ibiworld.eu\/de\/der-krieg-um-die-arktis\/","title":{"rendered":"DER KRIEG UM DIE ARKTIS"},"content":{"rendered":"[vc_row][vc_column width=&#8220;2\/3&#8243;][vc_empty_space height=&#8220;63px&#8220;][vc_column_text]\n<h3><img loading=\"lazy\" class=\"aligncenter size-full wp-image-2276\" src=\"https:\/\/ibiworld.eu\/de\/wp-content\/uploads\/2022\/02\/EDIT11.jpg\" alt=\"\" width=\"800\" height=\"600\" srcset=\"https:\/\/ibiworld.eu\/de\/wp-content\/uploads\/2022\/02\/EDIT11.jpg 800w, https:\/\/ibiworld.eu\/de\/wp-content\/uploads\/2022\/02\/EDIT11-300x225.jpg 300w, https:\/\/ibiworld.eu\/de\/wp-content\/uploads\/2022\/02\/EDIT11-768x576.jpg 768w, https:\/\/ibiworld.eu\/de\/wp-content\/uploads\/2022\/02\/EDIT11-600x450.jpg 600w\" sizes=\"(max-width: 800px) 100vw, 800px\" \/><\/h3>\n<h3>EDITORIAL:<strong> DAS LETZTE THULE, ENDSTATION DER MENSCHHEIT<\/strong><\/h3>\n<p>&nbsp;<\/p>\n<p>Ich wage mir das Gesicht des griechischen Seefahrers Pytheas im Jahr 325 v. Chr. nicht vorzustellen, als er, nachdem er die S\u00e4ulen des Herkules durchquert und die G\u00f6tter herausgefordert hatte, um fruchtbare, mineralienreiche L\u00e4nder zu finden, auf diese gewaltigen Berge aus ewigem Eis stie\u00df und erkannte, dass er nicht weitergehen konnte. Es war eine andere, unver\u00e4nderliche, unbekannte Welt. Alexander der Gro\u00dfe war gerade dabei, sein Leben inmitten seines verr\u00fcckten Feldzugs im Osten aufzugeben. In Rom ist die Monarchie vorbei und die Republik ist geboren. In China lehrt Gongsung Long den Rationalismus und sucht nach einem metaphysischen Zusammenhang zwischen Namen und Omen. Alles ist noch m\u00f6glich, und Zeus sitzt immer noch auf dem Thron unserer \u00c4ngste, von dem aus er die Blitze schleudert, die die Erde erzittern lassen.<\/p>\n<p>Stattdessen habe ich die dokumentarischen Bilder der ersten Rettungsaktion am Nordpol vor Augen. Wir schreiben das Jahr 1928: Zwei Jahre nach der ersten Reise mit Roald Amundsen hat der Forscher Umberto Nobile eine zweite Reise zum Ende der Welt unternommen, und sein Luftschiff ist abgest\u00fcrzt. Sie fanden ihn nach sieben Wochen, zu seinem Gl\u00fcck, denn er und einige seiner Mitarbeiter, die dem Absturz des Luftschiffs entkommen waren, hatten das Zelt, in dem sie ihre Tage betend und z\u00e4hneknirschend verbrachten, rot angestrichen. Ein roter Punkt in einer unmenschlichen und unver\u00e4nderlichen wei\u00dfen Unermesslichkeit.<\/p>\n<p>Und ich denke daran, wie der Pol in weniger als hundert Jahren aussehen wird, wenn die Gletscher verschwunden sind und die Narwale ihre H\u00f6rner nicht mehr brauchen, um das Eis zu durchbrechen und an die Oberfl\u00e4che zur\u00fcckzukehren. Wenn es \u00fcberall Menschen gibt, mit monstr\u00f6sen Maschinen, die Minen graben, Atom-U-Booten, die sich mit finsteren Blicken anschauen, raumschiffartigen Fischerbooten, die die wenigen \u00fcbriggebliebenen Fische auf dem Planeten ausrotten. Der letzte \u00fcberlebende Winkel des Planeten, w\u00e4hrend der Rest in W\u00fcsten verbrennt, von Wirbelst\u00fcrmen hinweggefegt wird oder in Flutwellen ertrinkt, die ganze Inseln ausl\u00f6schen.<\/p>\n<style type=\"text\/css\" id=\"umsMapStyles_10_71600\">\r\n\t#ultimate_maps_10_71600 {\r\n        width: 100%;\r\n        height: 500px;\r\n\t        border: 0px solid ;\r\n        margin: 0px;\r\n    }\r\n\t#mapsControlsNum_10_71600 {\r\n\t\twidth:100%\t}\r\n\t.umsMapDetailsContainer#umsMapDetailsContainer_10_71600 {\r\n\t\theight:500px;\r\n\t}\r\n\t.ums_MapPreview#ultimate_maps_10_71600 {\r\n\t\t\/*position:absolute;*\/\r\n\t\twidth:100%;\r\n\t}\r\n\t#mapConElem_10_71600{\r\n\t\twidth:100%\t}\r\n\t<\/style>\r\n<div class=\"ums_map_opts\" id=\"mapConElem_10_71600\" data-id=\"10\" data-view-id=\"10_71600\" > <div class=\"umsMapDetailsContainer\" id=\"umsMapDetailsContainer_10_71600\"> <i class=\"umsKMLLayersPreloader fa fa-spinner fa-spin\" aria-hidden=\"true\" style=\"display: none;\"><\/i> <div class=\"ums_MapPreview \" id=\"ultimate_maps_10_71600\"><\/div> <\/div> <div class=\"umsMapMarkerFilters\" id=\"umsMapMarkerFilters_10_71600\"> <\/div> <div class=\"umsMapProControlsCon\" id=\"umsMapProControlsCon_10_71600\"> <\/div> <div class=\"umsMapProDirectionsCon\" id=\"umsMapProDirectionsCon_10_71600\" > <\/div> <div class=\"umsMapProKmlFilterCon\" id=\"umsMapProKmlFilterCon_10_71600\" > <\/div> <div class=\"umsSocialSharingShell umsSocialSharingShell_10_71600\"> <\/div> <div style=\"clear: both;\"><\/div> <\/div> \n<p>Mir ist klar, dass der Kampf um die Arktis, der vor allem von den drei gro\u00dfen Milit\u00e4rm\u00e4chten gef\u00fchrt wird, ein Symbol f\u00fcr den Massenselbstmord der Menschheit ist &#8211; die extreme Torheit von Regierungen, die immer noch glauben, dass Fortschritt und Konsum eine Linie sind, die nach oben zeigt und nicht gestoppt werden darf &#8211; und die davon tr\u00e4umen, die \u00dcberlebenden einer ihrer Meinung nach \u00fcberlegenen Rasse zum Mars oder wer wei\u00df wohin zu bringen, um auf einem unm\u00f6glichen Planeten das wunderbare Leben wieder aufzubauen, das uns auf dem blauen Planeten gegeben wurde. Unsere Mutter Erde, verraten und t\u00f6dlich verwundet.<\/p>\n<p>W\u00e4hrend sie uns mit der &#8222;Taxonomie&#8220; necken und uns erkl\u00e4ren, wie der Klimawandel das Leben ausl\u00f6schen wird, w\u00e4hrend sie in Gas- und Atomkraftwerke investieren und lokale Kriege vorbereiten, die denen des Mittelalters \u00e4hneln, ist es meiner Meinung nach notwendig, einen \u00e4u\u00dferst sorgf\u00e4ltigen Blick auf das zu werfen, was dort oben passiert, wo niemand hinschaut und wo schreckliche Dinge geschehen, und das nicht nur, weil die Gletscher schmelzen, sondern auch, weil die Russen ihre radioaktiven Abf\u00e4lle dort oben abladen und das unter dem ewigen Frost verborgene Methan, sobald es freigesetzt wird, sich in Methanhydrat verwandelt und in dieser Form in einigen Jahren einen Film aufbaut, der den Planeten umgibt und ihn auf Temperaturen aufheizt, die selbst die heutige Wissenschaft nicht berechnen kann.<\/p>\n<p>Francesco Guccini sang: Wir werden nicht mehr da sein. Aber unsere Kinder und Enkelkinder werden da sein, und es w\u00e4re sch\u00f6n, wenn wir sie lieben und uns um ihre Zukunft k\u00fcmmern w\u00fcrden, auch wenn der tr\u00fcgerische Schein der Normalit\u00e4t uns in unserer Faulheit und unserem t\u00e4glichen Egoismus verw\u00f6hnt.[\/vc_column_text][\/vc_column][vc_column width=&#8220;1\/3&#8243;][vc_column_text]<form  class=\"is-search-form is-form-style is-form-style-3 is-form-id-411 \" action=\"https:\/\/ibiworld.eu\/de\/\" method=\"get\" role=\"search\" ><label for=\"is-search-input-411\"><span class=\"is-screen-reader-text\">Search for:<\/span><input  type=\"search\" id=\"is-search-input-411\" name=\"s\" value=\"\" class=\"is-search-input\" placeholder=\"SUCHE HIER...\" autocomplete=off \/><\/label><button type=\"submit\" class=\"is-search-submit\"><span class=\"is-screen-reader-text\">Search Button<\/span><span class=\"is-search-icon\"><svg focusable=\"false\" aria-label=\"Search\" xmlns=\"http:\/\/www.w3.org\/2000\/svg\" viewBox=\"0 0 24 24\" width=\"24px\"><path d=\"M15.5 14h-.79l-.28-.27C15.41 12.59 16 11.11 16 9.5 16 5.91 13.09 3 9.5 3S3 5.91 3 9.5 5.91 16 9.5 16c1.61 0 3.09-.59 4.23-1.57l.27.28v.79l5 4.99L20.49 19l-4.99-5zm-6 0C7.01 14 5 11.99 5 9.5S7.01 5 9.5 5 14 7.01 14 9.5 11.99 14 9.5 14z\"><\/path><\/svg><\/span><\/button><input type=\"hidden\" name=\"id\" value=\"411\" \/><\/form>[\/vc_column_text][vc_wp_categories title=&#8220;ARCHIV&#8220; options=&#8220;dropdown,count,hierarchical&#8220;][vc_column_text]\n<h2>ARTIKEL<\/h2>\n[\/vc_column_text]<div class=\"widget widget_latest_posts\">\t\t\t<div class=\"latest_posts\">\n\t\t\t<ul class=\"small-thumb\">\n\t\t\t\t\t\t\t\t\t<li>\n\t\t\t\t\t\t<div class=\"small-custom-frame-wrapper alignleft\"><div class=\"custom-frame-inner-wrapper\"><div class=\"custom-frame-padding\"><a href=\"https:\/\/ibiworld.eu\/de\/gotland-wo-der-neue-weltkrieg-beginnt\/\" title=\"G\u00d8TLAND, WO DER NEUE WELTKRIEG BEGINNT\"><img src=\"https:\/\/ibiworld.eu\/de\/wp-content\/uploads\/2022\/07\/SVE015-01-60x60_c.jpg\" width=\"60\" height=\"60\" alt=\"G\u00d8TLAND, WO DER NEUE WELTKRIEG BEGINNT\" \/><\/a><\/div><\/div><\/div>\t\t\t\t\t\t<a class=\"teaser-title\" title=\"G\u00d8TLAND, WO DER NEUE WELTKRIEG BEGINNT\" href=\"https:\/\/ibiworld.eu\/de\/gotland-wo-der-neue-weltkrieg-beginnt\/\">G\u00d8TLAND, WO DER NEUE WELTKRIEG BEGINNT<\/a>\n\t\t\t\t\t\t\t\t\t\t\t\t\t\t\t\t\t\t\t\t\t\t\t\t\t\t\t<div class=\"date-author\">25 Juli 2022 by <a href=\"https:\/\/ibiworld.eu\/de\/author\/ibi-world-schweden\/\" title=\"Beitr\u00e4ge von IBI World Schweden\" rel=\"author\">IBI World Schweden<\/a> <\/div>\n\t\t\t\t\t\t\t\t\t\t\t\t<div class=\"teaser-content\">\n\t\t\t\t\t\tEs gibt eine gro\u00dfe, vergessene Insel in der Ostsee, die so gro\u00df ist, dass sie S\u00fc\u00dfwasserfl\u00fcsse hat, die in ein...\t\t\t\t\t\t<\/div>\n\t\t\t\t\t\t\t\t\t\t\t\t<div class=\"clear\"><\/div>\n\t\t\t\t\t<\/li>\n\t\t\t\t\t\t\t\t\t\t<li>\n\t\t\t\t\t\t<div class=\"small-custom-frame-wrapper alignleft\"><div class=\"custom-frame-inner-wrapper\"><div class=\"custom-frame-padding\"><a href=\"https:\/\/ibiworld.eu\/de\/der-geheime-krieg-um-den-arktischen-ozean\/\" title=\"DER GEHEIME KRIEG UM DEN ARKTISCHEN OZEAN\"><img src=\"https:\/\/ibiworld.eu\/de\/wp-content\/uploads\/2022\/04\/JPN008-01-60x60_c.jpg\" width=\"60\" height=\"60\" alt=\"DER GEHEIME KRIEG UM DEN ARKTISCHEN OZEAN\" \/><\/a><\/div><\/div><\/div>\t\t\t\t\t\t<a class=\"teaser-title\" title=\"DER GEHEIME KRIEG UM DEN ARKTISCHEN OZEAN\" href=\"https:\/\/ibiworld.eu\/de\/der-geheime-krieg-um-den-arktischen-ozean\/\">DER GEHEIME KRIEG UM DEN ARKTISCHEN OZEAN<\/a>\n\t\t\t\t\t\t\t\t\t\t\t\t\t\t\t\t\t\t\t\t\t\t\t\t\t\t\t<div class=\"date-author\">27 April 2022 by <a href=\"https:\/\/ibiworld.eu\/de\/author\/ibi-world-japan\/\" title=\"Beitr\u00e4ge von IBI World Japan\" rel=\"author\">IBI World Japan<\/a> <\/div>\n\t\t\t\t\t\t\t\t\t\t\t\t<div class=\"teaser-content\">\n\t\t\t\t\t\tUrspr\u00fcnglich wollten wir einen Bericht \u00fcber die Klimasituation und die Gefahren f\u00fcr die Tierwelt in der k\u00e4ltesten (und f\u00fcr das...\t\t\t\t\t\t<\/div>\n\t\t\t\t\t\t\t\t\t\t\t\t<div class=\"clear\"><\/div>\n\t\t\t\t\t<\/li>\n\t\t\t\t\t\t\t\t\t\t<li>\n\t\t\t\t\t\t<div class=\"small-custom-frame-wrapper alignleft\"><div class=\"custom-frame-inner-wrapper\"><div class=\"custom-frame-padding\"><a href=\"https:\/\/ibiworld.eu\/de\/groenland-das-neue-gelobte-land-der-menschheit\/\" title=\"GR\u00d6NLAND, DAS NEUE GELOBTE LAND DER MENSCHHEIT\"><img src=\"https:\/\/ibiworld.eu\/de\/wp-content\/uploads\/2022\/02\/SVE003-01-scaled-60x60_c.jpg\" width=\"60\" height=\"60\" alt=\"GR\u00d6NLAND, DAS NEUE GELOBTE LAND DER MENSCHHEIT\" \/><\/a><\/div><\/div><\/div>\t\t\t\t\t\t<a class=\"teaser-title\" title=\"GR\u00d6NLAND, DAS NEUE GELOBTE LAND DER MENSCHHEIT\" href=\"https:\/\/ibiworld.eu\/de\/groenland-das-neue-gelobte-land-der-menschheit\/\">GR\u00d6NLAND, DAS NEUE GELOBTE LAND DER MENSCHHEIT<\/a>\n\t\t\t\t\t\t\t\t\t\t\t\t\t\t\t\t\t\t\t\t\t\t\t\t\t\t\t<div class=\"date-author\">22 Februar 2022 by <a href=\"https:\/\/ibiworld.eu\/de\/author\/ibi-world-schweden\/\" title=\"Beitr\u00e4ge von IBI World Schweden\" rel=\"author\">IBI World Schweden<\/a> <\/div>\n\t\t\t\t\t\t\t\t\t\t\t\t<div class=\"teaser-content\">\n\t\t\t\t\t\t1957 ver\u00f6ffentlichte der englische Romancier Nevil Shute sein Meisterwerk &#8222;On the beach&#8220;. Es hat einen Atomkrieg gegeben, die gesamte Menschheit...\t\t\t\t\t\t<\/div>\n\t\t\t\t\t\t\t\t\t\t\t\t<div class=\"clear\"><\/div>\n\t\t\t\t\t<\/li>\n\t\t\t\t\t\t\t\t<\/ul>\n\t\t\t<\/div><!-- end widget_recent_posts -->\n\t\t\t<\/div>[\/vc_column][\/vc_row]\n","protected":false},"excerpt":{"rendered":"<p>[vc_row][vc_column width=&#8220;2\/3&#8243;][vc_empty_space height=&#8220;63px&#8220;][vc_column_text] EDITORIAL: DAS LETZTE THULE, ENDSTATION DER MENSCHHEIT &nbsp; Ich wage mir das Gesicht des griechischen Seefahrers Pytheas im Jahr 325 v. Chr. nicht vorzustellen, als er, nachdem er die S\u00e4ulen des Herkules durchquert und die G\u00f6tter herausgefordert hatte, um fruchtbare, mineralienreiche L\u00e4nder zu finden,<\/p>\n","protected":false},"author":1,"featured_media":0,"parent":0,"menu_order":0,"comment_status":"closed","ping_status":"closed","template":"page-FullWidth.php","meta":[],"_links":{"self":[{"href":"https:\/\/ibiworld.eu\/de\/wp-json\/wp\/v2\/pages\/2275"}],"collection":[{"href":"https:\/\/ibiworld.eu\/de\/wp-json\/wp\/v2\/pages"}],"about":[{"href":"https:\/\/ibiworld.eu\/de\/wp-json\/wp\/v2\/types\/page"}],"author":[{"embeddable":true,"href":"https:\/\/ibiworld.eu\/de\/wp-json\/wp\/v2\/users\/1"}],"replies":[{"embeddable":true,"href":"https:\/\/ibiworld.eu\/de\/wp-json\/wp\/v2\/comments?post=2275"}],"version-history":[{"count":5,"href":"https:\/\/ibiworld.eu\/de\/wp-json\/wp\/v2\/pages\/2275\/revisions"}],"predecessor-version":[{"id":2322,"href":"https:\/\/ibiworld.eu\/de\/wp-json\/wp\/v2\/pages\/2275\/revisions\/2322"}],"wp:attachment":[{"href":"https:\/\/ibiworld.eu\/de\/wp-json\/wp\/v2\/media?parent=2275"}],"curies":[{"name":"wp","href":"https:\/\/api.w.org\/{rel}","templated":true}]}}