{"id":2091,"date":"2022-01-18T21:42:09","date_gmt":"2022-01-18T20:42:09","guid":{"rendered":"https:\/\/ibiworld.eu\/de\/?page_id=2091"},"modified":"2022-05-06T23:05:31","modified_gmt":"2022-05-06T21:05:31","slug":"steueroasen","status":"publish","type":"page","link":"https:\/\/ibiworld.eu\/de\/steueroasen\/","title":{"rendered":"STEUEROASEN"},"content":{"rendered":"[vc_row][vc_column width=&#8220;2\/3&#8243;][vc_empty_space height=&#8220;63px&#8220;][vc_column_text]<img loading=\"lazy\" class=\"aligncenter size-full wp-image-2092\" src=\"https:\/\/ibiworld.eu\/de\/wp-content\/uploads\/2022\/01\/EDIT10.jpg\" alt=\"\" width=\"618\" height=\"354\" srcset=\"https:\/\/ibiworld.eu\/de\/wp-content\/uploads\/2022\/01\/EDIT10.jpg 618w, https:\/\/ibiworld.eu\/de\/wp-content\/uploads\/2022\/01\/EDIT10-300x172.jpg 300w, https:\/\/ibiworld.eu\/de\/wp-content\/uploads\/2022\/01\/EDIT10-600x344.jpg 600w\" sizes=\"(max-width: 618px) 100vw, 618px\" \/><\/p>\n<h3>EDITORIAL:<strong> SCHMUGGLER, BANKER, TODESH\u00c4NDLER: DIE GESCHICHTE DER STEUERPARADIESE<\/strong><\/h3>\n<p>&nbsp;<\/p>\n<p>Die Geschichte der Steueroasen beginnt in der zweiten H\u00e4lfte des 19. Jahrhunderts mit der Entscheidung des F\u00fcrstentums Monaco, ein Casino zuzulassen &#8211; eine T\u00e4tigkeit, die in Frankreich verboten ist. Aus dieser Entscheidung entstand ein ganzes Bank- und Finanzsystem, das in der Lage war, anderswo illegale Dienstleistungen anzubieten, aber in franz\u00f6sischen Francs &#8211; einer starken, weltweit akzeptierten W\u00e4hrung. Dann kam die gro\u00dfe deutsche Bankenkrise und mit ihr die Eile, das Privatverm\u00f6gen der reichsten Familien in ausl\u00e4ndischen Banken zu verstecken, mit dem internationalen Handel von Effekten (d.h. B\u00f6rsentiteln), die in Koffern transportiert werden, die denen von Schmugglern \u00e4hneln, die in vielen europ\u00e4ischen Gebieten mit hohen Warenz\u00f6llen Lebensmittel auf dem R\u00fccken von Eseln durch gef\u00e4hrliche und lange M\u00e4rsche \u00fcber Berge oder Meere transportieren.<\/p>\n<p>Bei Ausbruch des Ersten Weltkriegs entstanden etwa zehn Frankenh\u00e4fen: Sie wurden aufgrund der Schwierigkeiten bei der Versorgung der Kriegsparteien mit Rohstoffen und der Notwendigkeit, die Abnehmer geheim zu halten, gegr\u00fcndet (um nicht auf Seeblockaden zu sto\u00dfen, wie z. B. die britische, die Deutschland daran hinderte, chilenischen Salpeter zu kaufen, der die Grundlage f\u00fcr die Herstellung von Kugeln der deutschen Industrie bildete). Die Schweiz wurde zur Drehscheibe der meisten geheimen Transaktionen &#8211; so geheim, dass sogar Transaktionen zwischen kriegf\u00fchrenden Staaten m\u00f6glich waren, wie historische Rekonstruktionen in den letzten Jahren des 20.<\/p>\n<style type=\"text\/css\" id=\"umsMapStyles_11_79890\">\r\n\t#ultimate_maps_11_79890 {\r\n        width: 100%;\r\n        height: 500px;\r\n\t        border: 0px solid ;\r\n        margin: 0px;\r\n    }\r\n\t#mapsControlsNum_11_79890 {\r\n\t\twidth:100%\t}\r\n\t.umsMapDetailsContainer#umsMapDetailsContainer_11_79890 {\r\n\t\theight:500px;\r\n\t}\r\n\t.ums_MapPreview#ultimate_maps_11_79890 {\r\n\t\t\/*position:absolute;*\/\r\n\t\twidth:100%;\r\n\t}\r\n\t#mapConElem_11_79890{\r\n\t\twidth:100%\t}\r\n\t<\/style>\r\n<div class=\"ums_map_opts\" id=\"mapConElem_11_79890\" data-id=\"11\" data-view-id=\"11_79890\" > <div class=\"umsMapDetailsContainer\" id=\"umsMapDetailsContainer_11_79890\"> <i class=\"umsKMLLayersPreloader fa fa-spinner fa-spin\" aria-hidden=\"true\" style=\"display: none;\"><\/i> <div class=\"ums_MapPreview \" id=\"ultimate_maps_11_79890\"><\/div> <\/div> <div class=\"umsMapMarkerFilters\" id=\"umsMapMarkerFilters_11_79890\"> <\/div> <div class=\"umsMapProControlsCon\" id=\"umsMapProControlsCon_11_79890\"> <\/div> <div class=\"umsMapProDirectionsCon\" id=\"umsMapProDirectionsCon_11_79890\" > <\/div> <div class=\"umsMapProKmlFilterCon\" id=\"umsMapProKmlFilterCon_11_79890\" > <\/div> <div class=\"umsSocialSharingShell umsSocialSharingShell_11_79890\"> <\/div> <div style=\"clear: both;\"><\/div> <\/div> \n<p>Nach dem Krieg kam die gro\u00dfe Rezession, und mit ihr die Notwendigkeit f\u00fcr gro\u00dfe Unternehmen und kapitalistische Familien, die Zahlung von Z\u00f6llen und Verm\u00f6genssteuern so weit wie m\u00f6glich zu vermeiden. Ein deutscher Wirtschaftswissenschaftler, Robert Liefmann, beschrieb zwischen 1924 und 1938 diese neue, im Entstehen begriffene Welt und lehrte die ersten multinationalen Unternehmen, aber auch kleine b\u00e4uerliche L\u00e4nder wie Liechtenstein und Luxemburg, dass sie durch die Einf\u00fchrung von Gesetzen, die die Geheimhaltung garantieren, noch bessere Ergebnisse erzielen k\u00f6nnen als die Schweizer Banken.<\/p>\n<p>W\u00e4hrend des Zweiten Weltkriegs kehrte sich die Beziehung zwischen kriegf\u00fchrenden Staaten und Steueroasen um: Nun waren es kleine Rechtsordnungen mit besonderen Gesetzen, die sich den politischen und milit\u00e4rischen F\u00fchrern pr\u00e4sentierten und ihre Dienste anboten. Das Vereinigte K\u00f6nigreich tut dies im gro\u00dfen Stil: Es kann auf die sechs Offshore-Zonen der Isle of Man, Jersey, Gibraltar, Guernsey, Hongkong und die Jungferninseln z\u00e4hlen. Nach dem Ende des Krieges wurde das Gesch\u00e4ft mit der Steuerhinterziehung zu einem System, das praktisch von der ganzen Welt akzeptiert wurde, da alle Industrienationen mindestens eine Offshore-Gerichtsbarkeit kontrollieren. Aber Steueroasen dienen jetzt auch dem Handel mit Waffen, Drogen, Sklaven und allem, was in gro\u00dfen Nationen offiziell verboten ist &#8211; aber von denselben Nationen f\u00fcr diplomatische oder koloniale Kriege genutzt wird.<\/p>\n<p>Am Ende des 20. Jahrhunderts, mit der Explosion der milit\u00e4rischen Terrorgruppen, \u00e4nderte die internationale Gemeinschaft ihre Haltung. Heute geht es nicht mehr darum, die Steuerhinterziehung und den illegalen Handel einzud\u00e4mmen, sondern vielmehr darum, die Steuerstr\u00f6me zu kontrollieren. Nationale Gesetze \u00e4ndern sich, und Steueroasen werden weitgehend obsolet: Es gibt zu viele von ihnen, sie sind unsicher, sie sind extrem teuer, und sie werden immer noch von polizeilichen Ermittlungen durchbrochen. In den letzten zwanzig Jahren hat sich das System der Steueroasen tiefgreifend ver\u00e4ndert. Es ist an der Zeit zu erkl\u00e4ren, wie &#8211; und zu beobachten, wie die wenigen Orte, die noch funktionieren, es geschafft haben, das Ende des Kalten Krieges und den Beginn der neuen Religionskriege zu \u00fcberleben.[\/vc_column_text][\/vc_column][vc_column width=&#8220;1\/3&#8243;][vc_column_text]<form  class=\"is-search-form is-form-style is-form-style-3 is-form-id-411 \" action=\"https:\/\/ibiworld.eu\/de\/\" method=\"get\" role=\"search\" ><label for=\"is-search-input-411\"><span class=\"is-screen-reader-text\">Search for:<\/span><input  type=\"search\" id=\"is-search-input-411\" name=\"s\" value=\"\" class=\"is-search-input\" placeholder=\"SUCHE HIER...\" autocomplete=off \/><\/label><button type=\"submit\" class=\"is-search-submit\"><span class=\"is-screen-reader-text\">Search Button<\/span><span class=\"is-search-icon\"><svg focusable=\"false\" aria-label=\"Search\" xmlns=\"http:\/\/www.w3.org\/2000\/svg\" viewBox=\"0 0 24 24\" width=\"24px\"><path d=\"M15.5 14h-.79l-.28-.27C15.41 12.59 16 11.11 16 9.5 16 5.91 13.09 3 9.5 3S3 5.91 3 9.5 5.91 16 9.5 16c1.61 0 3.09-.59 4.23-1.57l.27.28v.79l5 4.99L20.49 19l-4.99-5zm-6 0C7.01 14 5 11.99 5 9.5S7.01 5 9.5 5 14 7.01 14 9.5 11.99 14 9.5 14z\"><\/path><\/svg><\/span><\/button><input type=\"hidden\" name=\"id\" value=\"411\" \/><\/form>[\/vc_column_text][vc_wp_categories title=&#8220;ARCHIV&#8220; options=&#8220;dropdown,count,hierarchical&#8220;][vc_column_text]\n<h2>ARTIKEL<\/h2>\n[\/vc_column_text]<div class=\"widget widget_latest_posts\">\t\t\t<div class=\"latest_posts\">\n\t\t\t<ul class=\"small-thumb\">\n\t\t\t\t\t\t\t\t\t<li>\n\t\t\t\t\t\t<div class=\"small-custom-frame-wrapper alignleft\"><div class=\"custom-frame-inner-wrapper\"><div class=\"custom-frame-padding\"><a href=\"https:\/\/ibiworld.eu\/de\/tortola-die-ewige-pirateninsel\/\" title=\"TORTOLA, DIE EWIGE PIRATENINSEL\"><img src=\"https:\/\/ibiworld.eu\/de\/wp-content\/uploads\/2023\/02\/UK027-01-60x60_c.jpg\" width=\"60\" height=\"60\" alt=\"TORTOLA, DIE EWIGE PIRATENINSEL\" \/><\/a><\/div><\/div><\/div>\t\t\t\t\t\t<a class=\"teaser-title\" title=\"TORTOLA, DIE EWIGE PIRATENINSEL\" href=\"https:\/\/ibiworld.eu\/de\/tortola-die-ewige-pirateninsel\/\">TORTOLA, DIE EWIGE PIRATENINSEL<\/a>\n\t\t\t\t\t\t\t\t\t\t\t\t\t\t\t\t\t\t\t\t\t\t\t\t\t\t\t<div class=\"date-author\">5 Februar 2023 by <a href=\"https:\/\/ibiworld.eu\/de\/author\/ibi-world-grossbritannien\/\" title=\"Beitr\u00e4ge von IBI World Grossbritannien\" rel=\"author\">IBI World Grossbritannien<\/a> <\/div>\n\t\t\t\t\t\t\t\t\t\t\t\t<div class=\"teaser-content\">\n\t\t\t\t\t\tWollt ihr modisch sein? Wollt ihr eure Ersparnisse zusammen mit denen der m\u00e4chtigsten M\u00e4nner der Welt verstecken? Ihr Wunsch ist...\t\t\t\t\t\t<\/div>\n\t\t\t\t\t\t\t\t\t\t\t\t<div class=\"clear\"><\/div>\n\t\t\t\t\t<\/li>\n\t\t\t\t\t\t\t\t\t\t<li>\n\t\t\t\t\t\t<div class=\"small-custom-frame-wrapper alignleft\"><div class=\"custom-frame-inner-wrapper\"><div class=\"custom-frame-padding\"><a href=\"https:\/\/ibiworld.eu\/de\/das-ueppige-elend-der-roemischen-theokratie\/\" title=\"DAS \u00dcPPIGE ELEND DER R\u00d6MISCHEN THEOKRATIE\"><img src=\"https:\/\/ibiworld.eu\/de\/wp-content\/uploads\/2023\/01\/ITA019-01-60x60_c.jpg\" width=\"60\" height=\"60\" alt=\"DAS \u00dcPPIGE ELEND DER R\u00d6MISCHEN THEOKRATIE\" \/><\/a><\/div><\/div><\/div>\t\t\t\t\t\t<a class=\"teaser-title\" title=\"DAS \u00dcPPIGE ELEND DER R\u00d6MISCHEN THEOKRATIE\" href=\"https:\/\/ibiworld.eu\/de\/das-ueppige-elend-der-roemischen-theokratie\/\">DAS \u00dcPPIGE ELEND DER R\u00d6MISCHEN THEOKRATIE<\/a>\n\t\t\t\t\t\t\t\t\t\t\t\t\t\t\t\t\t\t\t\t\t\t\t\t\t\t\t<div class=\"date-author\">13 Januar 2023 by <a href=\"https:\/\/ibiworld.eu\/de\/author\/ibi-world-italien\/\" title=\"Beitr\u00e4ge von IBI World Italien\" rel=\"author\">IBI World Italien<\/a> <\/div>\n\t\t\t\t\t\t\t\t\t\t\t\t<div class=\"teaser-content\">\n\t\t\t\t\t\tAm 20. September 1870 wurde nicht nur die Hauptstadt des neuen italienischen Staates erobert, sondern auch einer s\u00e4kularen Theokratie ein...\t\t\t\t\t\t<\/div>\n\t\t\t\t\t\t\t\t\t\t\t\t<div class=\"clear\"><\/div>\n\t\t\t\t\t<\/li>\n\t\t\t\t\t\t\t\t\t\t<li>\n\t\t\t\t\t\t<div class=\"small-custom-frame-wrapper alignleft\"><div class=\"custom-frame-inner-wrapper\"><div class=\"custom-frame-padding\"><a href=\"https:\/\/ibiworld.eu\/de\/tuvalu-das-neue-atlantis\/\" title=\"TUVALU, DAS NEUE ATLANTIS\"><img src=\"https:\/\/ibiworld.eu\/de\/wp-content\/uploads\/2022\/11\/JPN020-01-60x60_c.jpg\" width=\"60\" height=\"60\" alt=\"TUVALU, DAS NEUE ATLANTIS\" \/><\/a><\/div><\/div><\/div>\t\t\t\t\t\t<a class=\"teaser-title\" title=\"TUVALU, DAS NEUE ATLANTIS\" href=\"https:\/\/ibiworld.eu\/de\/tuvalu-das-neue-atlantis\/\">TUVALU, DAS NEUE ATLANTIS<\/a>\n\t\t\t\t\t\t\t\t\t\t\t\t\t\t\t\t\t\t\t\t\t\t\t\t\t\t\t<div class=\"date-author\">29 November 2022 by <a href=\"https:\/\/ibiworld.eu\/de\/author\/ibi-world-japan\/\" title=\"Beitr\u00e4ge von IBI World Japan\" rel=\"author\">IBI World Japan<\/a> <\/div>\n\t\t\t\t\t\t\t\t\t\t\t\t<div class=\"teaser-content\">\n\t\t\t\t\t\tWir h\u00f6ren oft von globaler Erw\u00e4rmung, dem Treibhauseffekt und dem Anstieg der Meere, ohne diesen Ph\u00e4nomenen die geb\u00fchrende Bedeutung beizumessen....\t\t\t\t\t\t<\/div>\n\t\t\t\t\t\t\t\t\t\t\t\t<div class=\"clear\"><\/div>\n\t\t\t\t\t<\/li>\n\t\t\t\t\t\t\t\t\t\t<li>\n\t\t\t\t\t\t<div class=\"small-custom-frame-wrapper alignleft\"><div class=\"custom-frame-inner-wrapper\"><div class=\"custom-frame-padding\"><a href=\"https:\/\/ibiworld.eu\/de\/san-marino-die-geschichte-eines-angekuendigten-zusammenbruchs\/\" title=\"SAN MARINO: DIE GESCHICHTE EINES ANGEK\u00dcNDIGTEN ZUSAMMENBRUCHS\"><img src=\"https:\/\/ibiworld.eu\/de\/wp-content\/uploads\/2022\/11\/ITA018-01-60x60_c.jpg\" width=\"60\" height=\"60\" alt=\"SAN MARINO: DIE GESCHICHTE EINES ANGEK\u00dcNDIGTEN ZUSAMMENBRUCHS\" \/><\/a><\/div><\/div><\/div>\t\t\t\t\t\t<a class=\"teaser-title\" title=\"SAN MARINO: DIE GESCHICHTE EINES ANGEK\u00dcNDIGTEN ZUSAMMENBRUCHS\" href=\"https:\/\/ibiworld.eu\/de\/san-marino-die-geschichte-eines-angekuendigten-zusammenbruchs\/\">SAN MARINO: DIE GESCHICHTE EINES ANGEK\u00dcNDIGTEN ZUSAMMENBRUCHS<\/a>\n\t\t\t\t\t\t\t\t\t\t\t\t\t\t\t\t\t\t\t\t\t\t\t\t\t\t\t<div class=\"date-author\">12 November 2022 by <a href=\"https:\/\/ibiworld.eu\/de\/author\/ibi-world-italien\/\" title=\"Beitr\u00e4ge von IBI World Italien\" rel=\"author\">IBI World Italien<\/a> <\/div>\n\t\t\t\t\t\t\t\t\t\t\t\t<div class=\"teaser-content\">\n\t\t\t\t\t\tAls Napoleon Bonaparte die Macht in Paris \u00fcbernahm, war eine seiner ersten \u00c4u\u00dferungen, seine Bewunderung f\u00fcr San Marino zum Ausdruck...\t\t\t\t\t\t<\/div>\n\t\t\t\t\t\t\t\t\t\t\t\t<div class=\"clear\"><\/div>\n\t\t\t\t\t<\/li>\n\t\t\t\t\t\t\t\t\t\t<li>\n\t\t\t\t\t\t<div class=\"small-custom-frame-wrapper alignleft\"><div class=\"custom-frame-inner-wrapper\"><div class=\"custom-frame-padding\"><a href=\"https:\/\/ibiworld.eu\/de\/cesaria-evora-die-melancholie-der-barfuessigen-diva\/\" title=\"CES\u00c1RIA \u00c9VORA: DIE MELANCHOLIE DER BARF\u00dc\u00dfIGEN DIVA\"><img src=\"https:\/\/ibiworld.eu\/de\/wp-content\/uploads\/2022\/10\/ESP020-01-60x60_c.jpg\" width=\"60\" height=\"60\" alt=\"CES\u00c1RIA \u00c9VORA: DIE MELANCHOLIE DER BARF\u00dc\u00dfIGEN DIVA\" \/><\/a><\/div><\/div><\/div>\t\t\t\t\t\t<a class=\"teaser-title\" title=\"CES\u00c1RIA \u00c9VORA: DIE MELANCHOLIE DER BARF\u00dc\u00dfIGEN DIVA\" href=\"https:\/\/ibiworld.eu\/de\/cesaria-evora-die-melancholie-der-barfuessigen-diva\/\">CES\u00c1RIA \u00c9VORA: DIE MELANCHOLIE DER BARF\u00dc\u00dfIGEN DIVA<\/a>\n\t\t\t\t\t\t\t\t\t\t\t\t\t\t\t\t\t\t\t\t\t\t\t\t\t\t\t<div class=\"date-author\">29 Oktober 2022 by <a href=\"https:\/\/ibiworld.eu\/de\/author\/ibi-world-spanien\/\" title=\"Beitr\u00e4ge von IBI World Spanien\" rel=\"author\">IBI World Spanien<\/a> <\/div>\n\t\t\t\t\t\t\t\t\t\t\t\t<div class=\"teaser-content\">\n\t\t\t\t\t\tDie pausb\u00e4ckigen Wangen, die runde, hohe Stirn, die dicken, schwarz gemalten Augenbrauen. Ihr Hals, ihre Handgelenke und ihre H\u00e4nde sind...\t\t\t\t\t\t<\/div>\n\t\t\t\t\t\t\t\t\t\t\t\t<div class=\"clear\"><\/div>\n\t\t\t\t\t<\/li>\n\t\t\t\t\t\t\t\t\t\t<li>\n\t\t\t\t\t\t<div class=\"small-custom-frame-wrapper alignleft\"><div class=\"custom-frame-inner-wrapper\"><div class=\"custom-frame-padding\"><a href=\"https:\/\/ibiworld.eu\/de\/die-zarte-kleine-treuhand-in-jersey\/\" title=\"DIE ZARTE KLEINE TREUHAND IN JERSEY\"><img src=\"https:\/\/ibiworld.eu\/de\/wp-content\/uploads\/2022\/07\/UK018-01-60x60_c.jpg\" width=\"60\" height=\"60\" alt=\"DIE ZARTE KLEINE TREUHAND IN JERSEY\" \/><\/a><\/div><\/div><\/div>\t\t\t\t\t\t<a class=\"teaser-title\" title=\"DIE ZARTE KLEINE TREUHAND IN JERSEY\" href=\"https:\/\/ibiworld.eu\/de\/die-zarte-kleine-treuhand-in-jersey\/\">DIE ZARTE KLEINE TREUHAND IN JERSEY<\/a>\n\t\t\t\t\t\t\t\t\t\t\t\t\t\t\t\t\t\t\t\t\t\t\t\t\t\t\t<div class=\"date-author\">19 Juli 2022 by <a href=\"https:\/\/ibiworld.eu\/de\/author\/ibi-world-grossbritannien\/\" title=\"Beitr\u00e4ge von IBI World Grossbritannien\" rel=\"author\">IBI World Grossbritannien<\/a> <\/div>\n\t\t\t\t\t\t\t\t\t\t\t\t<div class=\"teaser-content\">\n\t\t\t\t\t\tSchl\u00f6sser und Leuchtt\u00fcrme im Sonnenuntergang, Romantik pur: Jersey ist eine Insel vor der K\u00fcste der Normandie, am Ausgang des \u00c4rmelkanals,...\t\t\t\t\t\t<\/div>\n\t\t\t\t\t\t\t\t\t\t\t\t<div class=\"clear\"><\/div>\n\t\t\t\t\t<\/li>\n\t\t\t\t\t\t\t\t\t\t<li>\n\t\t\t\t\t\t<div class=\"small-custom-frame-wrapper alignleft\"><div class=\"custom-frame-inner-wrapper\"><div class=\"custom-frame-padding\"><a href=\"https:\/\/ibiworld.eu\/de\/emirate-das-groesste-verbrecherparadies-der-welt\/\" title=\"EMIRATE: DAS GR\u00d6\u00dfTE VERBRECHERPARADIES DER WELT\"><img src=\"https:\/\/ibiworld.eu\/de\/wp-content\/uploads\/2022\/03\/UK017-01-60x60_c.jpg\" width=\"60\" height=\"60\" alt=\"EMIRATE: DAS GR\u00d6\u00dfTE VERBRECHERPARADIES DER WELT\" \/><\/a><\/div><\/div><\/div>\t\t\t\t\t\t<a class=\"teaser-title\" title=\"EMIRATE: DAS GR\u00d6\u00dfTE VERBRECHERPARADIES DER WELT\" href=\"https:\/\/ibiworld.eu\/de\/emirate-das-groesste-verbrecherparadies-der-welt\/\">EMIRATE: DAS GR\u00d6\u00dfTE VERBRECHERPARADIES DER WELT<\/a>\n\t\t\t\t\t\t\t\t\t\t\t\t\t\t\t\t\t\t\t\t\t\t\t\t\t\t\t<div class=\"date-author\">28 M\u00e4rz 2022 by <a href=\"https:\/\/ibiworld.eu\/de\/author\/ibi-world-grossbritannien\/\" title=\"Beitr\u00e4ge von IBI World Grossbritannien\" rel=\"author\">IBI World Grossbritannien<\/a> <\/div>\n\t\t\t\t\t\t\t\t\t\t\t\t<div class=\"teaser-content\">\n\t\t\t\t\t\tEs gibt eine Steueroase, die das Geld aus der Steuerhinterziehung gar nicht braucht, weil sie immer noch zu den reichsten...\t\t\t\t\t\t<\/div>\n\t\t\t\t\t\t\t\t\t\t\t\t<div class=\"clear\"><\/div>\n\t\t\t\t\t<\/li>\n\t\t\t\t\t\t\t\t\t\t<li>\n\t\t\t\t\t\t<div class=\"small-custom-frame-wrapper alignleft\"><div class=\"custom-frame-inner-wrapper\"><div class=\"custom-frame-padding\"><a href=\"https:\/\/ibiworld.eu\/de\/seychellen-das-sparschwein-der-oligarchen\/\" title=\"SEYCHELLEN: DAS SPARSCHWEIN DER OLIGARCHEN\"><img src=\"https:\/\/ibiworld.eu\/de\/wp-content\/uploads\/2022\/03\/UK019-01-60x60_c.jpg\" width=\"60\" height=\"60\" alt=\"SEYCHELLEN: DAS SPARSCHWEIN DER OLIGARCHEN\" \/><\/a><\/div><\/div><\/div>\t\t\t\t\t\t<a class=\"teaser-title\" title=\"SEYCHELLEN: DAS SPARSCHWEIN DER OLIGARCHEN\" href=\"https:\/\/ibiworld.eu\/de\/seychellen-das-sparschwein-der-oligarchen\/\">SEYCHELLEN: DAS SPARSCHWEIN DER OLIGARCHEN<\/a>\n\t\t\t\t\t\t\t\t\t\t\t\t\t\t\t\t\t\t\t\t\t\t\t\t\t\t\t<div class=\"date-author\">21 M\u00e4rz 2022 by <a href=\"https:\/\/ibiworld.eu\/de\/author\/ibi-world-grossbritannien\/\" title=\"Beitr\u00e4ge von IBI World Grossbritannien\" rel=\"author\">IBI World Grossbritannien<\/a> <\/div>\n\t\t\t\t\t\t\t\t\t\t\t\t<div class=\"teaser-content\">\n\t\t\t\t\t\tH\u00e4tte man mich vor Jahren nach meinen idealen Flitterwochen gefragt, h\u00e4tte ich gesagt: die Seychellen. Sch\u00f6n und exotisch, weit weg...\t\t\t\t\t\t<\/div>\n\t\t\t\t\t\t\t\t\t\t\t\t<div class=\"clear\"><\/div>\n\t\t\t\t\t<\/li>\n\t\t\t\t\t\t\t\t\t\t<li>\n\t\t\t\t\t\t<div class=\"small-custom-frame-wrapper alignleft\"><div class=\"custom-frame-inner-wrapper\"><div class=\"custom-frame-padding\"><a href=\"https:\/\/ibiworld.eu\/de\/madeira-die-insel-von-cristiano-ronaldo\/\" title=\"MADEIRA, DIE INSEL VON CRISTIANO RONALDO\"><img src=\"https:\/\/ibiworld.eu\/de\/wp-content\/uploads\/2022\/02\/ESP010-01-60x60_c.jpg\" width=\"60\" height=\"60\" alt=\"MADEIRA, DIE INSEL VON CRISTIANO RONALDO\" \/><\/a><\/div><\/div><\/div>\t\t\t\t\t\t<a class=\"teaser-title\" title=\"MADEIRA, DIE INSEL VON CRISTIANO RONALDO\" href=\"https:\/\/ibiworld.eu\/de\/madeira-die-insel-von-cristiano-ronaldo\/\">MADEIRA, DIE INSEL VON CRISTIANO RONALDO<\/a>\n\t\t\t\t\t\t\t\t\t\t\t\t\t\t\t\t\t\t\t\t\t\t\t\t\t\t\t<div class=\"date-author\">8 Februar 2022 by <a href=\"https:\/\/ibiworld.eu\/de\/author\/ibi-world-spanien\/\" title=\"Beitr\u00e4ge von IBI World Spanien\" rel=\"author\">IBI World Spanien<\/a> <\/div>\n\t\t\t\t\t\t\t\t\t\t\t\t<div class=\"teaser-content\">\n\t\t\t\t\t\tWenn Sie sich umh\u00f6ren, wird man Ihnen sagen, dass Madeira eines der vielen touristischen Ziele im Atlantischen Ozean ist, voll...\t\t\t\t\t\t<\/div>\n\t\t\t\t\t\t\t\t\t\t\t\t<div class=\"clear\"><\/div>\n\t\t\t\t\t<\/li>\n\t\t\t\t\t\t\t\t\t\t<li>\n\t\t\t\t\t\t<div class=\"small-custom-frame-wrapper alignleft\"><div class=\"custom-frame-inner-wrapper\"><div class=\"custom-frame-padding\"><a href=\"https:\/\/ibiworld.eu\/de\/die-unehrenhaften-ritter-von-enemalta\/\" title=\"DIE UNEHRENHAFTEN RITTER VON (ENE)MALTA\"><img src=\"https:\/\/ibiworld.eu\/de\/wp-content\/uploads\/2022\/02\/1-60x60_c.jpg\" width=\"60\" height=\"60\" alt=\"DIE UNEHRENHAFTEN RITTER VON (ENE)MALTA\" \/><\/a><\/div><\/div><\/div>\t\t\t\t\t\t<a class=\"teaser-title\" title=\"DIE UNEHRENHAFTEN RITTER VON (ENE)MALTA\" href=\"https:\/\/ibiworld.eu\/de\/die-unehrenhaften-ritter-von-enemalta\/\">DIE UNEHRENHAFTEN RITTER VON (ENE)MALTA<\/a>\n\t\t\t\t\t\t\t\t\t\t\t\t\t\t\t\t\t\t\t\t\t\t\t\t\t\t\t<div class=\"date-author\">2 Februar 2022 by <a href=\"https:\/\/ibiworld.eu\/de\/author\/ibi-world-grossbritannien\/\" title=\"Beitr\u00e4ge von IBI World Grossbritannien\" rel=\"author\">IBI World Grossbritannien<\/a> <\/div>\n\t\t\t\t\t\t\t\t\t\t\t\t<div class=\"teaser-content\">\n\t\t\t\t\t\tDie Journalistin Daphne Caruana Galizia hat einen kleinen Renault, mit dem sie in die Stadt f\u00e4hrt, um zu arbeiten oder...\t\t\t\t\t\t<\/div>\n\t\t\t\t\t\t\t\t\t\t\t\t<div class=\"clear\"><\/div>\n\t\t\t\t\t<\/li>\n\t\t\t\t\t\t\t\t\t\t<li>\n\t\t\t\t\t\t<div class=\"small-custom-frame-wrapper alignleft\"><div class=\"custom-frame-inner-wrapper\"><div class=\"custom-frame-padding\"><a href=\"https:\/\/ibiworld.eu\/de\/curacao-geburt-und-tod-eines-steuerparadieses\/\" title=\"CURA\u00c7AO: GEBURT UND TOD EINES STEUERPARADIESES\"><img src=\"https:\/\/ibiworld.eu\/de\/wp-content\/uploads\/2022\/01\/SVE007-01-scaled-60x60_c.jpg\" width=\"60\" height=\"60\" alt=\"CURA\u00c7AO: GEBURT UND TOD EINES STEUERPARADIESES\" \/><\/a><\/div><\/div><\/div>\t\t\t\t\t\t<a class=\"teaser-title\" title=\"CURA\u00c7AO: GEBURT UND TOD EINES STEUERPARADIESES\" href=\"https:\/\/ibiworld.eu\/de\/curacao-geburt-und-tod-eines-steuerparadieses\/\">CURA\u00c7AO: GEBURT UND TOD EINES STEUERPARADIESES<\/a>\n\t\t\t\t\t\t\t\t\t\t\t\t\t\t\t\t\t\t\t\t\t\t\t\t\t\t\t<div class=\"date-author\">2 Januar 2022 by <a href=\"https:\/\/ibiworld.eu\/de\/author\/ibi-world-schweden\/\" title=\"Beitr\u00e4ge von IBI World Schweden\" rel=\"author\">IBI World Schweden<\/a> <\/div>\n\t\t\t\t\t\t\t\t\t\t\t\t<div class=\"teaser-content\">\n\t\t\t\t\t\tWenn man nach einem stundenlangen Flug auf dem internationalen Flughafen von Cura\u00e7ao (dem gr\u00f6\u00dften und sch\u00f6nsten in Mittelamerika) landen, ist...\t\t\t\t\t\t<\/div>\n\t\t\t\t\t\t\t\t\t\t\t\t<div class=\"clear\"><\/div>\n\t\t\t\t\t<\/li>\n\t\t\t\t\t\t\t\t\t\t<li>\n\t\t\t\t\t\t<div class=\"small-custom-frame-wrapper alignleft\"><div class=\"custom-frame-inner-wrapper\"><div class=\"custom-frame-padding\"><a href=\"https:\/\/ibiworld.eu\/de\/der-verzauberte-berg-und-die-gnome-der-finanz\/\" title=\"DER VERZAUBERTE BERG UND DIE GNOME DER FINANZ\"><img src=\"https:\/\/ibiworld.eu\/de\/wp-content\/uploads\/2021\/02\/ESP002-01-60x60_c.jpg\" width=\"60\" height=\"60\" alt=\"DER VERZAUBERTE BERG UND DIE GNOME DER FINANZ\" \/><\/a><\/div><\/div><\/div>\t\t\t\t\t\t<a class=\"teaser-title\" title=\"DER VERZAUBERTE BERG UND DIE GNOME DER FINANZ\" href=\"https:\/\/ibiworld.eu\/de\/der-verzauberte-berg-und-die-gnome-der-finanz\/\">DER VERZAUBERTE BERG UND DIE GNOME DER FINANZ<\/a>\n\t\t\t\t\t\t\t\t\t\t\t\t\t\t\t\t\t\t\t\t\t\t\t\t\t\t\t<div class=\"date-author\">19 Februar 2021 by <a href=\"https:\/\/ibiworld.eu\/de\/author\/ibi-world-spanien\/\" title=\"Beitr\u00e4ge von IBI World Spanien\" rel=\"author\">IBI World Spanien<\/a> <\/div>\n\t\t\t\t\t\t\t\t\t\t\t\t<div class=\"teaser-content\">\n\t\t\t\t\t\tEs ist ein Land, das ein Drittel so breit ist wie die Stadt London oder Rom, die H\u00e4lfte Berlins. Es...\t\t\t\t\t\t<\/div>\n\t\t\t\t\t\t\t\t\t\t\t\t<div class=\"clear\"><\/div>\n\t\t\t\t\t<\/li>\n\t\t\t\t\t\t\t\t<\/ul>\n\t\t\t<\/div><!-- end widget_recent_posts -->\n\t\t\t<\/div>[\/vc_column][\/vc_row]\n","protected":false},"excerpt":{"rendered":"<p>[vc_row][vc_column width=&#8220;2\/3&#8243;][vc_empty_space height=&#8220;63px&#8220;][vc_column_text] EDITORIAL: SCHMUGGLER, BANKER, TODESH\u00c4NDLER: DIE GESCHICHTE DER STEUERPARADIESE &nbsp; Die Geschichte der Steueroasen beginnt in der zweiten H\u00e4lfte des 19. Jahrhunderts mit der Entscheidung des F\u00fcrstentums Monaco, ein Casino zuzulassen &#8211; eine T\u00e4tigkeit, die in Frankreich verboten ist. Aus dieser Entscheidung entstand ein ganzes<\/p>\n","protected":false},"author":1,"featured_media":0,"parent":0,"menu_order":0,"comment_status":"closed","ping_status":"closed","template":"page-FullWidth.php","meta":[],"_links":{"self":[{"href":"https:\/\/ibiworld.eu\/de\/wp-json\/wp\/v2\/pages\/2091"}],"collection":[{"href":"https:\/\/ibiworld.eu\/de\/wp-json\/wp\/v2\/pages"}],"about":[{"href":"https:\/\/ibiworld.eu\/de\/wp-json\/wp\/v2\/types\/page"}],"author":[{"embeddable":true,"href":"https:\/\/ibiworld.eu\/de\/wp-json\/wp\/v2\/users\/1"}],"replies":[{"embeddable":true,"href":"https:\/\/ibiworld.eu\/de\/wp-json\/wp\/v2\/comments?post=2091"}],"version-history":[{"count":4,"href":"https:\/\/ibiworld.eu\/de\/wp-json\/wp\/v2\/pages\/2091\/revisions"}],"predecessor-version":[{"id":2631,"href":"https:\/\/ibiworld.eu\/de\/wp-json\/wp\/v2\/pages\/2091\/revisions\/2631"}],"wp:attachment":[{"href":"https:\/\/ibiworld.eu\/de\/wp-json\/wp\/v2\/media?parent=2091"}],"curies":[{"name":"wp","href":"https:\/\/api.w.org\/{rel}","templated":true}]}}