{"id":1994,"date":"2022-01-09T17:15:05","date_gmt":"2022-01-09T16:15:05","guid":{"rendered":"https:\/\/ibiworld.eu\/de\/?page_id=1994"},"modified":"2022-02-26T23:41:07","modified_gmt":"2022-02-26T22:41:07","slug":"pulverfass-russland","status":"publish","type":"page","link":"https:\/\/ibiworld.eu\/de\/pulverfass-russland\/","title":{"rendered":"PULVERFASS RUSSLAND"},"content":{"rendered":"[vc_row][vc_column width=&#8220;2\/3&#8243;][vc_empty_space height=&#8220;63px&#8220;][vc_column_text]<img loading=\"lazy\" class=\"aligncenter size-full wp-image-1995\" src=\"https:\/\/ibiworld.eu\/de\/wp-content\/uploads\/2022\/01\/EDIT05.jpg\" alt=\"\" width=\"1136\" height=\"852\" srcset=\"https:\/\/ibiworld.eu\/de\/wp-content\/uploads\/2022\/01\/EDIT05.jpg 1136w, https:\/\/ibiworld.eu\/de\/wp-content\/uploads\/2022\/01\/EDIT05-300x225.jpg 300w, https:\/\/ibiworld.eu\/de\/wp-content\/uploads\/2022\/01\/EDIT05-1024x768.jpg 1024w, https:\/\/ibiworld.eu\/de\/wp-content\/uploads\/2022\/01\/EDIT05-768x576.jpg 768w, https:\/\/ibiworld.eu\/de\/wp-content\/uploads\/2022\/01\/EDIT05-600x450.jpg 600w\" sizes=\"(max-width: 1136px) 100vw, 1136px\" \/><\/p>\n<h3>EDITORIAL: <strong>DIE KALTBL\u00dcTIGE DOGGE<\/strong><\/h3>\n<p>&nbsp;<\/p>\n<p>Erst die milit\u00e4rische Invasion in der Ukraine, dann die Unterst\u00fctzung der Unterdr\u00fcckung des belarussischen Volkes und jetzt die Unterst\u00fctzung des m\u00f6rderischen kasachischen Regimes von Nursultan Nasarbajew. Hinzu kommt die Verfolgung aller, die sich in der russischen Politik kritisch zum Machtgebaren \u00e4u\u00dfern; politische Morde; der mit \u00f6ffentlichen Geldern errichtete milliardenschwere Palast auf der Krim; die milit\u00e4rische Unterst\u00fctzung der Aseris gegen Berg-Karabach; die Abschiebung asiatischer Migranten an der eisigen Grenze zu Polen; die Unterst\u00fctzung der kurdischen Diktatur gegen das kurdische Volk; die Atom-U-Boote, die durch die internationalen Gew\u00e4sser des Polarmeeres fahren, um allen zu zeigen, wer im Polareis das Sagen hat.<\/p>\n<p>Die internationale Politik Moskaus l\u00e4sst keinen Zweifel aufkommen: Der Zusammenbruch der Sowjetunion zwang die Zentralmacht, das Ende ihres Einflusses auf die L\u00e4nder des Warschauer Pakts zu akzeptieren und eine jahrelange schwere Wirtschaftskrise zu ertragen. Jetzt, ein Vierteljahrhundert sp\u00e4ter, versucht der Kreml, zumindest die Grenzen der UdSSR, wie sie aus dem Zweiten Weltkrieg hervorgingen, wiederherzustellen &#8211; geduldig und hartn\u00e4ckig, Schritt f\u00fcr Schritt, mit der Kontrolle \u00fcber die lokalen Regierungen und Wirtschaften und dann, wenn m\u00f6glich, mit Annexionen &#8211; wenn n\u00f6tig auch durch offen milit\u00e4rische Aktionen.<\/p>\n<style type=\"text\/css\" id=\"umsMapStyles_9_67855\">\r\n\t#ultimate_maps_9_67855 {\r\n        width: 100%;\r\n        height: 500px;\r\n\t        border: 0px solid ;\r\n        margin: 0px;\r\n    }\r\n\t#mapsControlsNum_9_67855 {\r\n\t\twidth:100%\t}\r\n\t.umsMapDetailsContainer#umsMapDetailsContainer_9_67855 {\r\n\t\theight:500px;\r\n\t}\r\n\t.ums_MapPreview#ultimate_maps_9_67855 {\r\n\t\t\/*position:absolute;*\/\r\n\t\twidth:100%;\r\n\t}\r\n\t#mapConElem_9_67855{\r\n\t\twidth:100%\t}\r\n\t<\/style>\r\n<div class=\"ums_map_opts\" id=\"mapConElem_9_67855\" data-id=\"9\" data-view-id=\"9_67855\" > <div class=\"umsMapDetailsContainer\" id=\"umsMapDetailsContainer_9_67855\"> <i class=\"umsKMLLayersPreloader fa fa-spinner fa-spin\" aria-hidden=\"true\" style=\"display: none;\"><\/i> <div class=\"ums_MapPreview \" id=\"ultimate_maps_9_67855\"><\/div> <\/div> <div class=\"umsMapMarkerFilters\" id=\"umsMapMarkerFilters_9_67855\"> <\/div> <div class=\"umsMapProControlsCon\" id=\"umsMapProControlsCon_9_67855\"> <\/div> <div class=\"umsMapProDirectionsCon\" id=\"umsMapProDirectionsCon_9_67855\" > <\/div> <div class=\"umsMapProKmlFilterCon\" id=\"umsMapProKmlFilterCon_9_67855\" > <\/div> <div class=\"umsSocialSharingShell umsSocialSharingShell_9_67855\"> <\/div> <div style=\"clear: both;\"><\/div> <\/div> \n<p>Der ehemalige sowjetische Geheimdienstoffizier Wladimir Putin, der seit 1999 das Kommando in der Russischen F\u00f6deration innehat, kennt nur einen Weg, um nationale und internationale Probleme zu l\u00f6sen: Gewalt, Einsch\u00fcchterung und Erpressung. Er ist sich der Tatsache bewusst, dass die Gasreserven seines Landes f\u00fcr die Energieversorgung des gesamten europ\u00e4ischen Kontinents notwendig sind und dass Russland in einer zwischen China und dem Westen geteilten Welt eine entscheidende Rolle spielen kann.<\/p>\n<p>Der russische Diktator wird im Jahr 2022 70 Jahre alt, hat also noch einige Jahre absoluter Macht vor sich, auch wenn es im Moment schwer vorstellbar ist, wer ihn in Zukunft abl\u00f6sen wird. Wir k\u00f6nnen feststellen, dass die Welt in ihrem Machthunger immer wieder mit neuen Krisen konfrontiert wird. Und f\u00fcr jede Krise werden Millionen von Menschen als Geiseln gehalten und Tausende von Unschuldigen durch ihren pragmatischen Zynismus zum Tode verurteilt.<\/p>\n<p>Hinzu kommt, dass sich Putin im Kampf um das \u00f6kologische \u00dcberleben des Planeten ebenso wie der brasilianische Diktator Jair Bolsonaro einen Dreck um all die katastrophalen Vorhersagen und die fieberhaften diplomatischen und industriellen Aktivit\u00e4ten zur Eind\u00e4mmung der fortschreitenden Erw\u00e4rmung des Planeten schert. Putin zeigt, dass er nur ein Interesse hat: die Best\u00e4tigung seiner absoluten Macht im eigenen Land und der russischen &#8222;Gr\u00f6\u00dfe&#8220; in der Welt. Egal zu welchem Preis. In einer solchen Situation ist es wichtig, den \u00dcberblick zu behalten, damit die \u00f6ffentliche Meinung in der ganzen Welt wei\u00df, welche Kr\u00e4fte am Werk sind.[\/vc_column_text][\/vc_column][vc_column width=&#8220;1\/3&#8243;][vc_column_text]<form  class=\"is-search-form is-form-style is-form-style-3 is-form-id-411 \" action=\"https:\/\/ibiworld.eu\/de\/\" method=\"get\" role=\"search\" ><label for=\"is-search-input-411\"><span class=\"is-screen-reader-text\">Search for:<\/span><input  type=\"search\" id=\"is-search-input-411\" name=\"s\" value=\"\" class=\"is-search-input\" placeholder=\"SUCHE HIER...\" autocomplete=off \/><\/label><button type=\"submit\" class=\"is-search-submit\"><span class=\"is-screen-reader-text\">Search Button<\/span><span class=\"is-search-icon\"><svg focusable=\"false\" aria-label=\"Search\" xmlns=\"http:\/\/www.w3.org\/2000\/svg\" viewBox=\"0 0 24 24\" width=\"24px\"><path d=\"M15.5 14h-.79l-.28-.27C15.41 12.59 16 11.11 16 9.5 16 5.91 13.09 3 9.5 3S3 5.91 3 9.5 5.91 16 9.5 16c1.61 0 3.09-.59 4.23-1.57l.27.28v.79l5 4.99L20.49 19l-4.99-5zm-6 0C7.01 14 5 11.99 5 9.5S7.01 5 9.5 5 14 7.01 14 9.5 11.99 14 9.5 14z\"><\/path><\/svg><\/span><\/button><input type=\"hidden\" name=\"id\" value=\"411\" \/><\/form>[\/vc_column_text][vc_wp_categories title=&#8220;ARCHIV&#8220; options=&#8220;dropdown,count,hierarchical&#8220;][vc_column_text]\n<h2>ARTIKEL<\/h2>\n[\/vc_column_text]<div class=\"widget widget_latest_posts\">\t\t\t<div class=\"latest_posts\">\n\t\t\t<ul class=\"small-thumb\">\n\t\t\t\t\t\t\t\t\t<li>\n\t\t\t\t\t\t<div class=\"small-custom-frame-wrapper alignleft\"><div class=\"custom-frame-inner-wrapper\"><div class=\"custom-frame-padding\"><a href=\"https:\/\/ibiworld.eu\/de\/prigozhin-ermordet-und-jetzt\/\" title=\"PRIGOZHIN ERMORDET. UND JETZT?\"><img src=\"https:\/\/ibiworld.eu\/de\/wp-content\/uploads\/2023\/08\/RUS035-01-60x60_c.jpg\" width=\"60\" height=\"60\" alt=\"PRIGOZHIN ERMORDET. UND JETZT?\" \/><\/a><\/div><\/div><\/div>\t\t\t\t\t\t<a class=\"teaser-title\" title=\"PRIGOZHIN ERMORDET. UND JETZT?\" href=\"https:\/\/ibiworld.eu\/de\/prigozhin-ermordet-und-jetzt\/\">PRIGOZHIN ERMORDET. UND JETZT?<\/a>\n\t\t\t\t\t\t\t\t\t\t\t\t\t\t\t\t\t\t\t\t\t\t\t\t\t\t\t<div class=\"date-author\">25 August 2023 by <a href=\"https:\/\/ibiworld.eu\/de\/author\/ibi-world-russland\/\" title=\"Beitr\u00e4ge von IBI World Russland\" rel=\"author\">IBI World Russland<\/a> <\/div>\n\t\t\t\t\t\t\t\t\t\t\t\t<div class=\"teaser-content\">\n\t\t\t\t\t\tBei dem brennenden Wrack auf diesem Foto handelt es sich um das Privatflugzeug von Jewgeni Prigoschin, dem Chef der russischen...\t\t\t\t\t\t<\/div>\n\t\t\t\t\t\t\t\t\t\t\t\t<div class=\"clear\"><\/div>\n\t\t\t\t\t<\/li>\n\t\t\t\t\t\t\t\t\t\t<li>\n\t\t\t\t\t\t<div class=\"small-custom-frame-wrapper alignleft\"><div class=\"custom-frame-inner-wrapper\"><div class=\"custom-frame-padding\"><a href=\"https:\/\/ibiworld.eu\/de\/moskau-hat-einen-neuen-chefmetzger\/\" title=\"MOSKAU HAT EINEN NEUEN CHEFMETZGER\"><img src=\"https:\/\/ibiworld.eu\/de\/wp-content\/uploads\/2023\/08\/RUS032-01-60x60_c.jpg\" width=\"60\" height=\"60\" alt=\"MOSKAU HAT EINEN NEUEN CHEFMETZGER\" \/><\/a><\/div><\/div><\/div>\t\t\t\t\t\t<a class=\"teaser-title\" title=\"MOSKAU HAT EINEN NEUEN CHEFMETZGER\" href=\"https:\/\/ibiworld.eu\/de\/moskau-hat-einen-neuen-chefmetzger\/\">MOSKAU HAT EINEN NEUEN CHEFMETZGER<\/a>\n\t\t\t\t\t\t\t\t\t\t\t\t\t\t\t\t\t\t\t\t\t\t\t\t\t\t\t<div class=\"date-author\">14 August 2023 by <a href=\"https:\/\/ibiworld.eu\/de\/author\/ibi-world-russland\/\" title=\"Beitr\u00e4ge von IBI World Russland\" rel=\"author\">IBI World Russland<\/a> <\/div>\n\t\t\t\t\t\t\t\t\t\t\t\t<div class=\"teaser-content\">\n\t\t\t\t\t\tMaxim Shugaley, ein russischer Soziologe, der durch Filme \u00fcber sein Missgeschick in Libyen ber\u00fchmt wurde, ist der neue Chef des...\t\t\t\t\t\t<\/div>\n\t\t\t\t\t\t\t\t\t\t\t\t<div class=\"clear\"><\/div>\n\t\t\t\t\t<\/li>\n\t\t\t\t\t\t\t\t\t\t<li>\n\t\t\t\t\t\t<div class=\"small-custom-frame-wrapper alignleft\"><div class=\"custom-frame-inner-wrapper\"><div class=\"custom-frame-padding\"><a href=\"https:\/\/ibiworld.eu\/de\/russische-schatten-auf-dem-afriland-skandal\/\" title=\"RUSSISCHE SCHATTEN AUF DEM AFRILAND-SKANDAL\"><img src=\"https:\/\/ibiworld.eu\/de\/wp-content\/uploads\/2023\/03\/FRA012-01-60x60_c.jpg\" width=\"60\" height=\"60\" alt=\"RUSSISCHE SCHATTEN AUF DEM AFRILAND-SKANDAL\" \/><\/a><\/div><\/div><\/div>\t\t\t\t\t\t<a class=\"teaser-title\" title=\"RUSSISCHE SCHATTEN AUF DEM AFRILAND-SKANDAL\" href=\"https:\/\/ibiworld.eu\/de\/russische-schatten-auf-dem-afriland-skandal\/\">RUSSISCHE SCHATTEN AUF DEM AFRILAND-SKANDAL<\/a>\n\t\t\t\t\t\t\t\t\t\t\t\t\t\t\t\t\t\t\t\t\t\t\t\t\t\t\t<div class=\"date-author\">6 M\u00e4rz 2023 by <a href=\"https:\/\/ibiworld.eu\/de\/author\/ibi-world-frankreich\/\" title=\"Beitr\u00e4ge von IBI World Frankreich\" rel=\"author\">IBI World Frankreich<\/a> <\/div>\n\t\t\t\t\t\t\t\t\t\t\t\t<div class=\"teaser-content\">\n\t\t\t\t\t\tDer Einmarsch in die Ukraine ist ein umfassender strategischer Schachzug der russischen Regierung, der seit Jahren sorgf\u00e4ltig vorbereitet und bis...\t\t\t\t\t\t<\/div>\n\t\t\t\t\t\t\t\t\t\t\t\t<div class=\"clear\"><\/div>\n\t\t\t\t\t<\/li>\n\t\t\t\t\t\t\t\t\t\t<li>\n\t\t\t\t\t\t<div class=\"small-custom-frame-wrapper alignleft\"><div class=\"custom-frame-inner-wrapper\"><div class=\"custom-frame-padding\"><a href=\"https:\/\/ibiworld.eu\/de\/lawrow-afrika-und-die-neue-globale-ordnung\/\" title=\"LAWROW, AFRIKA UND DIE NEUE GLOBALE ORDNUNG\"><img src=\"https:\/\/ibiworld.eu\/de\/wp-content\/uploads\/2023\/02\/RUS019-01-60x60_c.jpg\" width=\"60\" height=\"60\" alt=\"LAWROW, AFRIKA UND DIE NEUE GLOBALE ORDNUNG\" \/><\/a><\/div><\/div><\/div>\t\t\t\t\t\t<a class=\"teaser-title\" title=\"LAWROW, AFRIKA UND DIE NEUE GLOBALE ORDNUNG\" href=\"https:\/\/ibiworld.eu\/de\/lawrow-afrika-und-die-neue-globale-ordnung\/\">LAWROW, AFRIKA UND DIE NEUE GLOBALE ORDNUNG<\/a>\n\t\t\t\t\t\t\t\t\t\t\t\t\t\t\t\t\t\t\t\t\t\t\t\t\t\t\t<div class=\"date-author\">23 Februar 2023 by <a href=\"https:\/\/ibiworld.eu\/de\/author\/ibi-world-russland\/\" title=\"Beitr\u00e4ge von IBI World Russland\" rel=\"author\">IBI World Russland<\/a> <\/div>\n\t\t\t\t\t\t\t\t\t\t\t\t<div class=\"teaser-content\">\n\t\t\t\t\t\tEin Jahr nach Beginn des Krieges: Wer gewinnt ihn? Milit\u00e4risch konnte sich Kiew dank der westlichen Unterst\u00fctzung behaupten. Aber auf...\t\t\t\t\t\t<\/div>\n\t\t\t\t\t\t\t\t\t\t\t\t<div class=\"clear\"><\/div>\n\t\t\t\t\t<\/li>\n\t\t\t\t\t\t\t\t\t\t<li>\n\t\t\t\t\t\t<div class=\"small-custom-frame-wrapper alignleft\"><div class=\"custom-frame-inner-wrapper\"><div class=\"custom-frame-padding\"><a href=\"https:\/\/ibiworld.eu\/de\/wenn-die-oligarchen-die-flucht-ergreifen\/\" title=\"WENN DIE OLIGARCHEN DIE FLUCHT ERGREIFEN\"><img src=\"https:\/\/ibiworld.eu\/de\/wp-content\/uploads\/2023\/01\/RUS028-01-60x60_c.jpg\" width=\"60\" height=\"60\" alt=\"WENN DIE OLIGARCHEN DIE FLUCHT ERGREIFEN\" \/><\/a><\/div><\/div><\/div>\t\t\t\t\t\t<a class=\"teaser-title\" title=\"WENN DIE OLIGARCHEN DIE FLUCHT ERGREIFEN\" href=\"https:\/\/ibiworld.eu\/de\/wenn-die-oligarchen-die-flucht-ergreifen\/\">WENN DIE OLIGARCHEN DIE FLUCHT ERGREIFEN<\/a>\n\t\t\t\t\t\t\t\t\t\t\t\t\t\t\t\t\t\t\t\t\t\t\t\t\t\t\t<div class=\"date-author\">31 Januar 2023 by <a href=\"https:\/\/ibiworld.eu\/de\/author\/ibi-world-russland\/\" title=\"Beitr\u00e4ge von IBI World Russland\" rel=\"author\">IBI World Russland<\/a> <\/div>\n\t\t\t\t\t\t\t\t\t\t\t\t<div class=\"teaser-content\">\n\t\t\t\t\t\tDie gegen Russland verh\u00e4ngten Sanktionen haben kaum sichtbare Auswirkungen auf Putins kriegerische Entscheidungen, und der Krieg kostet Dutzende von Milliarden...\t\t\t\t\t\t<\/div>\n\t\t\t\t\t\t\t\t\t\t\t\t<div class=\"clear\"><\/div>\n\t\t\t\t\t<\/li>\n\t\t\t\t\t\t\t\t\t\t<li>\n\t\t\t\t\t\t<div class=\"small-custom-frame-wrapper alignleft\"><div class=\"custom-frame-inner-wrapper\"><div class=\"custom-frame-padding\"><a href=\"https:\/\/ibiworld.eu\/de\/haftar-der-spion-der-aus-der-kaelte-kam\/\" title=\"HAFTAR, DER SPION, DER AUS DER K\u00c4LTE KAM\"><img src=\"https:\/\/ibiworld.eu\/de\/wp-content\/uploads\/2023\/01\/RUS025-01-60x60_c.jpg\" width=\"60\" height=\"60\" alt=\"HAFTAR, DER SPION, DER AUS DER K\u00c4LTE KAM\" \/><\/a><\/div><\/div><\/div>\t\t\t\t\t\t<a class=\"teaser-title\" title=\"HAFTAR, DER SPION, DER AUS DER K\u00c4LTE KAM\" href=\"https:\/\/ibiworld.eu\/de\/haftar-der-spion-der-aus-der-kaelte-kam\/\">HAFTAR, DER SPION, DER AUS DER K\u00c4LTE KAM<\/a>\n\t\t\t\t\t\t\t\t\t\t\t\t\t\t\t\t\t\t\t\t\t\t\t\t\t\t\t<div class=\"date-author\">26 Januar 2023 by <a href=\"https:\/\/ibiworld.eu\/de\/author\/ibi-world-russland\/\" title=\"Beitr\u00e4ge von IBI World Russland\" rel=\"author\">IBI World Russland<\/a> <\/div>\n\t\t\t\t\t\t\t\t\t\t\t\t<div class=\"teaser-content\">\n\t\t\t\t\t\t&nbsp; Mehr als zehn Jahre nach dem blutigen Ende der Diktatur von Muammar Gaddafi ist Libyen nach wie vor ein...\t\t\t\t\t\t<\/div>\n\t\t\t\t\t\t\t\t\t\t\t\t<div class=\"clear\"><\/div>\n\t\t\t\t\t<\/li>\n\t\t\t\t\t\t\t\t\t\t<li>\n\t\t\t\t\t\t<div class=\"small-custom-frame-wrapper alignleft\"><div class=\"custom-frame-inner-wrapper\"><div class=\"custom-frame-padding\"><a href=\"https:\/\/ibiworld.eu\/de\/hundert-jahre-spaeter-sarajevo-brennt-weiter\/\" title=\"HUNDERT JAHRE SP\u00c4TER: SARAJEVO BRENNT WEITER\"><img src=\"https:\/\/ibiworld.eu\/de\/wp-content\/uploads\/2022\/12\/RUS021-01-60x60_c.jpg\" width=\"60\" height=\"60\" alt=\"HUNDERT JAHRE SP\u00c4TER: SARAJEVO BRENNT WEITER\" \/><\/a><\/div><\/div><\/div>\t\t\t\t\t\t<a class=\"teaser-title\" title=\"HUNDERT JAHRE SP\u00c4TER: SARAJEVO BRENNT WEITER\" href=\"https:\/\/ibiworld.eu\/de\/hundert-jahre-spaeter-sarajevo-brennt-weiter\/\">HUNDERT JAHRE SP\u00c4TER: SARAJEVO BRENNT WEITER<\/a>\n\t\t\t\t\t\t\t\t\t\t\t\t\t\t\t\t\t\t\t\t\t\t\t\t\t\t\t<div class=\"date-author\">17 Dezember 2022 by <a href=\"https:\/\/ibiworld.eu\/de\/author\/ibi-world-russland\/\" title=\"Beitr\u00e4ge von IBI World Russland\" rel=\"author\">IBI World Russland<\/a> <\/div>\n\t\t\t\t\t\t\t\t\t\t\t\t<div class=\"teaser-content\">\n\t\t\t\t\t\tEuropa befindet sich in einer tiefen Krise. Genau wie vor einem Jahrhundert k\u00f6nnte Sarajevo der Schauplatz sein, an dem der...\t\t\t\t\t\t<\/div>\n\t\t\t\t\t\t\t\t\t\t\t\t<div class=\"clear\"><\/div>\n\t\t\t\t\t<\/li>\n\t\t\t\t\t\t\t\t\t\t<li>\n\t\t\t\t\t\t<div class=\"small-custom-frame-wrapper alignleft\"><div class=\"custom-frame-inner-wrapper\"><div class=\"custom-frame-padding\"><a href=\"https:\/\/ibiworld.eu\/de\/ein-weiterer-sieg-fuer-wladimir-putin\/\" title=\"EIN WEITERER SIEG F\u00dcR WLADIMIR PUTIN\"><img src=\"https:\/\/ibiworld.eu\/de\/wp-content\/uploads\/2022\/12\/RUS027-01-60x60_c.jpg\" width=\"60\" height=\"60\" alt=\"EIN WEITERER SIEG F\u00dcR WLADIMIR PUTIN\" \/><\/a><\/div><\/div><\/div>\t\t\t\t\t\t<a class=\"teaser-title\" title=\"EIN WEITERER SIEG F\u00dcR WLADIMIR PUTIN\" href=\"https:\/\/ibiworld.eu\/de\/ein-weiterer-sieg-fuer-wladimir-putin\/\">EIN WEITERER SIEG F\u00dcR WLADIMIR PUTIN<\/a>\n\t\t\t\t\t\t\t\t\t\t\t\t\t\t\t\t\t\t\t\t\t\t\t\t\t\t\t<div class=\"date-author\">9 Dezember 2022 by <a href=\"https:\/\/ibiworld.eu\/de\/author\/ibi-world-russland\/\" title=\"Beitr\u00e4ge von IBI World Russland\" rel=\"author\">IBI World Russland<\/a> <\/div>\n\t\t\t\t\t\t\t\t\t\t\t\t<div class=\"teaser-content\">\n\t\t\t\t\t\tIn der Er\u00f6ffnungsszene des Films &#8222;Lord of War&#8220; von 2005 erkl\u00e4rt Nicolas Cage, tadellos gekleidet in einer Kriegsszene, in der...\t\t\t\t\t\t<\/div>\n\t\t\t\t\t\t\t\t\t\t\t\t<div class=\"clear\"><\/div>\n\t\t\t\t\t<\/li>\n\t\t\t\t\t\t\t\t\t\t<li>\n\t\t\t\t\t\t<div class=\"small-custom-frame-wrapper alignleft\"><div class=\"custom-frame-inner-wrapper\"><div class=\"custom-frame-padding\"><a href=\"https:\/\/ibiworld.eu\/de\/wegen-putin-stirbt-man-auch-in-moskau\/\" title=\"WEGEN PUTIN STIRBT MAN AUCH IN MOSKAU\"><img src=\"https:\/\/ibiworld.eu\/de\/wp-content\/uploads\/2022\/09\/RUS022-01-60x60_c.jpg\" width=\"60\" height=\"60\" alt=\"WEGEN PUTIN STIRBT MAN AUCH IN MOSKAU\" \/><\/a><\/div><\/div><\/div>\t\t\t\t\t\t<a class=\"teaser-title\" title=\"WEGEN PUTIN STIRBT MAN AUCH IN MOSKAU\" href=\"https:\/\/ibiworld.eu\/de\/wegen-putin-stirbt-man-auch-in-moskau\/\">WEGEN PUTIN STIRBT MAN AUCH IN MOSKAU<\/a>\n\t\t\t\t\t\t\t\t\t\t\t\t\t\t\t\t\t\t\t\t\t\t\t\t\t\t\t<div class=\"date-author\">3 September 2022 by <a href=\"https:\/\/ibiworld.eu\/de\/author\/ibi-world-russland\/\" title=\"Beitr\u00e4ge von IBI World Russland\" rel=\"author\">IBI World Russland<\/a> <\/div>\n\t\t\t\t\t\t\t\t\t\t\t\t<div class=\"teaser-content\">\n\t\t\t\t\t\tEr wurde aus einem Fenster im sechsten Stock eines Moskauer Krankenhauses geworfen: Der Vorstandsvorsitzende des russischen \u00d6lgiganten, Ravil Maganov, starb...\t\t\t\t\t\t<\/div>\n\t\t\t\t\t\t\t\t\t\t\t\t<div class=\"clear\"><\/div>\n\t\t\t\t\t<\/li>\n\t\t\t\t\t\t\t\t\t\t<li>\n\t\t\t\t\t\t<div class=\"small-custom-frame-wrapper alignleft\"><div class=\"custom-frame-inner-wrapper\"><div class=\"custom-frame-padding\"><a href=\"https:\/\/ibiworld.eu\/de\/zum-tod-der-ikone-des-russischen-neofaschismus\/\" title=\"ZUM TOD DER IKONE DES RUSSISCHEN NEOFASCHISMUS\"><img src=\"https:\/\/ibiworld.eu\/de\/wp-content\/uploads\/2022\/08\/RUS023-01-60x60_c.jpg\" width=\"60\" height=\"60\" alt=\"ZUM TOD DER IKONE DES RUSSISCHEN NEOFASCHISMUS\" \/><\/a><\/div><\/div><\/div>\t\t\t\t\t\t<a class=\"teaser-title\" title=\"ZUM TOD DER IKONE DES RUSSISCHEN NEOFASCHISMUS\" href=\"https:\/\/ibiworld.eu\/de\/zum-tod-der-ikone-des-russischen-neofaschismus\/\">ZUM TOD DER IKONE DES RUSSISCHEN NEOFASCHISMUS<\/a>\n\t\t\t\t\t\t\t\t\t\t\t\t\t\t\t\t\t\t\t\t\t\t\t\t\t\t\t<div class=\"date-author\">24 August 2022 by <a href=\"https:\/\/ibiworld.eu\/de\/author\/ibi-world-russland\/\" title=\"Beitr\u00e4ge von IBI World Russland\" rel=\"author\">IBI World Russland<\/a> <\/div>\n\t\t\t\t\t\t\t\t\t\t\t\t<div class=\"teaser-content\">\n\t\t\t\t\t\tEine Szene aus einem amerikanischen Film. Das Opfer steigt ins Auto, dreht den Schl\u00fcssel um, und aus einigen Metern Entfernung...\t\t\t\t\t\t<\/div>\n\t\t\t\t\t\t\t\t\t\t\t\t<div class=\"clear\"><\/div>\n\t\t\t\t\t<\/li>\n\t\t\t\t\t\t\t\t\t\t<li>\n\t\t\t\t\t\t<div class=\"small-custom-frame-wrapper alignleft\"><div class=\"custom-frame-inner-wrapper\"><div class=\"custom-frame-padding\"><a href=\"https:\/\/ibiworld.eu\/de\/minsk-zwei-jahre-danach-trauer-ohne-hoffnung\/\" title=\"MINSK, ZWEI JAHRE DANACH: TRAUER OHNE HOFFNUNG\"><img src=\"https:\/\/ibiworld.eu\/de\/wp-content\/uploads\/2022\/08\/RUS015-01-60x60_c.jpg\" width=\"60\" height=\"60\" alt=\"MINSK, ZWEI JAHRE DANACH: TRAUER OHNE HOFFNUNG\" \/><\/a><\/div><\/div><\/div>\t\t\t\t\t\t<a class=\"teaser-title\" title=\"MINSK, ZWEI JAHRE DANACH: TRAUER OHNE HOFFNUNG\" href=\"https:\/\/ibiworld.eu\/de\/minsk-zwei-jahre-danach-trauer-ohne-hoffnung\/\">MINSK, ZWEI JAHRE DANACH: TRAUER OHNE HOFFNUNG<\/a>\n\t\t\t\t\t\t\t\t\t\t\t\t\t\t\t\t\t\t\t\t\t\t\t\t\t\t\t<div class=\"date-author\">19 August 2022 by <a href=\"https:\/\/ibiworld.eu\/de\/author\/ibi-world-russland\/\" title=\"Beitr\u00e4ge von IBI World Russland\" rel=\"author\">IBI World Russland<\/a> <\/div>\n\t\t\t\t\t\t\t\t\t\t\t\t<div class=\"teaser-content\">\n\t\t\t\t\t\tVor zwei Jahren stimmten Millionen von Wei\u00dfrussen, die der autorit\u00e4ren Regierung von Alexander Lukaschenko \u00fcberdr\u00fcssig waren, f\u00fcr einen Wechsel. Am...\t\t\t\t\t\t<\/div>\n\t\t\t\t\t\t\t\t\t\t\t\t<div class=\"clear\"><\/div>\n\t\t\t\t\t<\/li>\n\t\t\t\t\t\t\t\t\t\t<li>\n\t\t\t\t\t\t<div class=\"small-custom-frame-wrapper alignleft\"><div class=\"custom-frame-inner-wrapper\"><div class=\"custom-frame-padding\"><a href=\"https:\/\/ibiworld.eu\/de\/noam-chomsky-die-welt-im-umbruch\/\" title=\"NOAM CHOMSKY: DIE WELT IM UMBRUCH\"><img src=\"https:\/\/ibiworld.eu\/de\/wp-content\/uploads\/2022\/07\/USA001-01-60x60_c.jpg\" width=\"60\" height=\"60\" alt=\"NOAM CHOMSKY: DIE WELT IM UMBRUCH\" \/><\/a><\/div><\/div><\/div>\t\t\t\t\t\t<a class=\"teaser-title\" title=\"NOAM CHOMSKY: DIE WELT IM UMBRUCH\" href=\"https:\/\/ibiworld.eu\/de\/noam-chomsky-die-welt-im-umbruch\/\">NOAM CHOMSKY: DIE WELT IM UMBRUCH<\/a>\n\t\t\t\t\t\t\t\t\t\t\t\t\t\t\t\t\t\t\t\t\t\t\t\t\t\t\t<div class=\"date-author\">27 Juli 2022 by <a href=\"https:\/\/ibiworld.eu\/de\/author\/ibi-world-grossbritannien\/\" title=\"Beitr\u00e4ge von IBI World Grossbritannien\" rel=\"author\">IBI World Grossbritannien<\/a> <\/div>\n\t\t\t\t\t\t\t\t\t\t\t\t<div class=\"teaser-content\">\n\t\t\t\t\t\tDer Einmarsch in die Ukraine entsetzt uns. Denn wie der Krieg im ehemaligen Jugoslawien ist er so nah: Menschen, die...\t\t\t\t\t\t<\/div>\n\t\t\t\t\t\t\t\t\t\t\t\t<div class=\"clear\"><\/div>\n\t\t\t\t\t<\/li>\n\t\t\t\t\t\t\t\t\t\t<li>\n\t\t\t\t\t\t<div class=\"small-custom-frame-wrapper alignleft\"><div class=\"custom-frame-inner-wrapper\"><div class=\"custom-frame-padding\"><a href=\"https:\/\/ibiworld.eu\/de\/gotland-wo-der-neue-weltkrieg-beginnt\/\" title=\"G\u00d8TLAND, WO DER NEUE WELTKRIEG BEGINNT\"><img src=\"https:\/\/ibiworld.eu\/de\/wp-content\/uploads\/2022\/07\/SVE015-01-60x60_c.jpg\" width=\"60\" height=\"60\" alt=\"G\u00d8TLAND, WO DER NEUE WELTKRIEG BEGINNT\" \/><\/a><\/div><\/div><\/div>\t\t\t\t\t\t<a class=\"teaser-title\" title=\"G\u00d8TLAND, WO DER NEUE WELTKRIEG BEGINNT\" href=\"https:\/\/ibiworld.eu\/de\/gotland-wo-der-neue-weltkrieg-beginnt\/\">G\u00d8TLAND, WO DER NEUE WELTKRIEG BEGINNT<\/a>\n\t\t\t\t\t\t\t\t\t\t\t\t\t\t\t\t\t\t\t\t\t\t\t\t\t\t\t<div class=\"date-author\">25 Juli 2022 by <a href=\"https:\/\/ibiworld.eu\/de\/author\/ibi-world-schweden\/\" title=\"Beitr\u00e4ge von IBI World Schweden\" rel=\"author\">IBI World Schweden<\/a> <\/div>\n\t\t\t\t\t\t\t\t\t\t\t\t<div class=\"teaser-content\">\n\t\t\t\t\t\tEs gibt eine gro\u00dfe, vergessene Insel in der Ostsee, die so gro\u00df ist, dass sie S\u00fc\u00dfwasserfl\u00fcsse hat, die in ein...\t\t\t\t\t\t<\/div>\n\t\t\t\t\t\t\t\t\t\t\t\t<div class=\"clear\"><\/div>\n\t\t\t\t\t<\/li>\n\t\t\t\t\t\t\t\t\t\t<li>\n\t\t\t\t\t\t<div class=\"small-custom-frame-wrapper alignleft\"><div class=\"custom-frame-inner-wrapper\"><div class=\"custom-frame-padding\"><a href=\"https:\/\/ibiworld.eu\/de\/putin-die-zeit-der-abrechnung\/\" title=\"PUTIN: DIE ZEIT DER ABRECHNUNG\"><img src=\"https:\/\/ibiworld.eu\/de\/wp-content\/uploads\/2022\/07\/RUS009-01-60x60_c.jpg\" width=\"60\" height=\"60\" alt=\"PUTIN: DIE ZEIT DER ABRECHNUNG\" \/><\/a><\/div><\/div><\/div>\t\t\t\t\t\t<a class=\"teaser-title\" title=\"PUTIN: DIE ZEIT DER ABRECHNUNG\" href=\"https:\/\/ibiworld.eu\/de\/putin-die-zeit-der-abrechnung\/\">PUTIN: DIE ZEIT DER ABRECHNUNG<\/a>\n\t\t\t\t\t\t\t\t\t\t\t\t\t\t\t\t\t\t\t\t\t\t\t\t\t\t\t<div class=\"date-author\">8 Juli 2022 by <a href=\"https:\/\/ibiworld.eu\/de\/author\/ibi-world-russland\/\" title=\"Beitr\u00e4ge von IBI World Russland\" rel=\"author\">IBI World Russland<\/a> <\/div>\n\t\t\t\t\t\t\t\t\t\t\t\t<div class=\"teaser-content\">\n\t\t\t\t\t\tInnerhalb von drei Monaten sind vier Topmanager, die eng mit dem gr\u00f6\u00dften russischen Gasunternehmen Gazprom verbunden sind, gestorben. Sie starben...\t\t\t\t\t\t<\/div>\n\t\t\t\t\t\t\t\t\t\t\t\t<div class=\"clear\"><\/div>\n\t\t\t\t\t<\/li>\n\t\t\t\t\t\t\t\t\t\t<li>\n\t\t\t\t\t\t<div class=\"small-custom-frame-wrapper alignleft\"><div class=\"custom-frame-inner-wrapper\"><div class=\"custom-frame-padding\"><a href=\"https:\/\/ibiworld.eu\/de\/trafigura-putin-und-die-nutzlosen-sanktionen\/\" title=\"TRAFIGURA, PUTIN UND DIE NUTZLOSEN SANKTIONEN\"><img src=\"https:\/\/ibiworld.eu\/de\/wp-content\/uploads\/2022\/06\/FRA017-01-60x60_c.jpg\" width=\"60\" height=\"60\" alt=\"TRAFIGURA, PUTIN UND DIE NUTZLOSEN SANKTIONEN\" \/><\/a><\/div><\/div><\/div>\t\t\t\t\t\t<a class=\"teaser-title\" title=\"TRAFIGURA, PUTIN UND DIE NUTZLOSEN SANKTIONEN\" href=\"https:\/\/ibiworld.eu\/de\/trafigura-putin-und-die-nutzlosen-sanktionen\/\">TRAFIGURA, PUTIN UND DIE NUTZLOSEN SANKTIONEN<\/a>\n\t\t\t\t\t\t\t\t\t\t\t\t\t\t\t\t\t\t\t\t\t\t\t\t\t\t\t<div class=\"date-author\">3 Juni 2022 by <a href=\"https:\/\/ibiworld.eu\/de\/author\/ibi-world-frankreich\/\" title=\"Beitr\u00e4ge von IBI World Frankreich\" rel=\"author\">IBI World Frankreich<\/a> <\/div>\n\t\t\t\t\t\t\t\t\t\t\t\t<div class=\"teaser-content\">\n\t\t\t\t\t\tDer Einmarsch in die Ukraine im Jahr 2022 hat eine Reihe von Wirtschaftssanktionen gegen Russland ausgel\u00f6st, von denen die wichtigsten...\t\t\t\t\t\t<\/div>\n\t\t\t\t\t\t\t\t\t\t\t\t<div class=\"clear\"><\/div>\n\t\t\t\t\t<\/li>\n\t\t\t\t\t\t\t\t<\/ul>\n\t\t\t<\/div><!-- end widget_recent_posts -->\n\t\t\t<\/div>[\/vc_column][\/vc_row]\n","protected":false},"excerpt":{"rendered":"<p>[vc_row][vc_column width=&#8220;2\/3&#8243;][vc_empty_space height=&#8220;63px&#8220;][vc_column_text] EDITORIAL: DIE KALTBL\u00dcTIGE DOGGE &nbsp; Erst die milit\u00e4rische Invasion in der Ukraine, dann die Unterst\u00fctzung der Unterdr\u00fcckung des belarussischen Volkes und jetzt die Unterst\u00fctzung des m\u00f6rderischen kasachischen Regimes von Nursultan Nasarbajew. Hinzu kommt die Verfolgung aller, die sich in der russischen Politik kritisch zum<\/p>\n","protected":false},"author":1,"featured_media":0,"parent":0,"menu_order":0,"comment_status":"closed","ping_status":"closed","template":"page-FullWidth.php","meta":[],"_links":{"self":[{"href":"https:\/\/ibiworld.eu\/de\/wp-json\/wp\/v2\/pages\/1994"}],"collection":[{"href":"https:\/\/ibiworld.eu\/de\/wp-json\/wp\/v2\/pages"}],"about":[{"href":"https:\/\/ibiworld.eu\/de\/wp-json\/wp\/v2\/types\/page"}],"author":[{"embeddable":true,"href":"https:\/\/ibiworld.eu\/de\/wp-json\/wp\/v2\/users\/1"}],"replies":[{"embeddable":true,"href":"https:\/\/ibiworld.eu\/de\/wp-json\/wp\/v2\/comments?post=1994"}],"version-history":[{"count":4,"href":"https:\/\/ibiworld.eu\/de\/wp-json\/wp\/v2\/pages\/1994\/revisions"}],"predecessor-version":[{"id":2320,"href":"https:\/\/ibiworld.eu\/de\/wp-json\/wp\/v2\/pages\/1994\/revisions\/2320"}],"wp:attachment":[{"href":"https:\/\/ibiworld.eu\/de\/wp-json\/wp\/v2\/media?parent=1994"}],"curies":[{"name":"wp","href":"https:\/\/api.w.org\/{rel}","templated":true}]}}