{"id":1926,"date":"2022-01-04T23:53:43","date_gmt":"2022-01-04T22:53:43","guid":{"rendered":"https:\/\/ibiworld.eu\/de\/?page_id=1926"},"modified":"2022-02-26T23:33:38","modified_gmt":"2022-02-26T22:33:38","slug":"laboratorium-suedafrika","status":"publish","type":"page","link":"https:\/\/ibiworld.eu\/de\/laboratorium-suedafrika\/","title":{"rendered":"LABORATORIUM S\u00dcDAFRIKA"},"content":{"rendered":"[vc_row][vc_column width=&#8220;2\/3&#8243;][vc_empty_space height=&#8220;63px&#8220;][vc_column_text]<img loading=\"lazy\" class=\"aligncenter size-full wp-image-1928\" src=\"https:\/\/ibiworld.eu\/de\/wp-content\/uploads\/2022\/01\/EDIT06.jpg\" alt=\"\" width=\"601\" height=\"406\" srcset=\"https:\/\/ibiworld.eu\/de\/wp-content\/uploads\/2022\/01\/EDIT06.jpg 601w, https:\/\/ibiworld.eu\/de\/wp-content\/uploads\/2022\/01\/EDIT06-300x203.jpg 300w\" sizes=\"(max-width: 601px) 100vw, 601px\" \/><\/p>\n<h3>EDITORIAL: <strong>DIE ZULUS: DAS VERSUCHSKANINCHENVOLK UND DER NIEDERGANG DER NATIONALSTAATEN<\/strong><\/h3>\n<p>&nbsp;<\/p>\n<p>In jeder Epoche der langen Geschichte der menschlichen Zivilisation kam es vor, dass ein bestimmtes Gebiet aus Gr\u00fcnden des wirtschaftlichen und milit\u00e4rischen Gleichgewichts in ein Freiluftlabor verwandelt wurde. Zum Beispiel Italien &#8211; ein zerfallenes Gebiet, das im Wesentlichen unter der Kontrolle der gro\u00dfen Monarchien (Spanien, \u00d6sterreich und Frankreich) stand, die auf der Halbinsel mit verschiedenen Arten von diplomatischen und milit\u00e4rischen Ans\u00e4tzen experimentierten, um die Kontrolle \u00fcber die rebellischen Einheimische zu behalten, und versuchten, B\u00fcrgerkriege und Zusammenst\u00f6\u00dfe zwischen den Gro\u00dfm\u00e4chten zu vermeiden.<\/p>\n<p>Die Geschichte des italienischen Risorgimento, die mit dem Wiener Kongress 1815 begann und am 20. September 1870 mit dem Fall Roms endete, zeigte, dass die Theorie, die Klemens von Metternich und andere am Ende des napoleonischen Sturms entwickelt hatten, der Praxis nicht standhielt: Italien wurde eine Nation und hat bis heute eine wichtige Geschichte innerhalb der internationalen Gemeinschaft. Das 20. Jahrhundert wurde dann zu einem Flickenteppich von Versuchslaboratorien, vor allem aufgrund des Kalten Krieges: die Teilung Koreas, die Teilung Vietnams, die Teilung Deutschlands, die Kriege in Syrien, Afghanistan und im Irak und schlie\u00dflich die interne rassische Abspaltung S\u00fcdafrikas, die trotz tiefgreifender Ver\u00e4nderungen mehr als ein Jahrhundert andauerte.<\/p>\n<p>Im Jahr 1913, dem Jahr der Unabh\u00e4ngigkeit vom Vereinigten K\u00f6nigreich, beinhaltete der mit London unterzeichnete Vertrag den Beitritt zum Commonwealth und die Unterzeichnung des Land Act: Schwarze durften weder H\u00e4user noch Land besitzen und hatten kein Wahlrecht: Wie in den Vereinigten Staaten Ende des 18. Jahrhunderts wurden die Eingeborenen in Reservate gesperrt und nur als Arbeitskr\u00e4fte f\u00fcr die Wei\u00dfen eingesetzt<a href=\"#_ftn1\" name=\"_ftnref1\">[1]<\/a>.<\/p>\n<style type=\"text\/css\" id=\"umsMapStyles_8_83845\">\r\n\t#ultimate_maps_8_83845 {\r\n        width: 100%;\r\n        height: 500px;\r\n\t        border: 0px solid ;\r\n        margin: 0px;\r\n    }\r\n\t#mapsControlsNum_8_83845 {\r\n\t\twidth:100%\t}\r\n\t.umsMapDetailsContainer#umsMapDetailsContainer_8_83845 {\r\n\t\theight:500px;\r\n\t}\r\n\t.ums_MapPreview#ultimate_maps_8_83845 {\r\n\t\t\/*position:absolute;*\/\r\n\t\twidth:100%;\r\n\t}\r\n\t#mapConElem_8_83845{\r\n\t\twidth:100%\t}\r\n\t<\/style>\r\n<div class=\"ums_map_opts\" id=\"mapConElem_8_83845\" data-id=\"8\" data-view-id=\"8_83845\" > <div class=\"umsMapDetailsContainer\" id=\"umsMapDetailsContainer_8_83845\"> <i class=\"umsKMLLayersPreloader fa fa-spinner fa-spin\" aria-hidden=\"true\" style=\"display: none;\"><\/i> <div class=\"ums_MapPreview \" id=\"ultimate_maps_8_83845\"><\/div> <\/div> <div class=\"umsMapMarkerFilters\" id=\"umsMapMarkerFilters_8_83845\"> <\/div> <div class=\"umsMapProControlsCon\" id=\"umsMapProControlsCon_8_83845\"> <\/div> <div class=\"umsMapProDirectionsCon\" id=\"umsMapProDirectionsCon_8_83845\" > <\/div> <div class=\"umsMapProKmlFilterCon\" id=\"umsMapProKmlFilterCon_8_83845\" > <\/div> <div class=\"umsSocialSharingShell umsSocialSharingShell_8_83845\"> <\/div> <div style=\"clear: both;\"><\/div> <\/div> \n<p>Im Jahr 1948 erlie\u00df S\u00fcdafrika ein noch strengeres Gesetz zur Rassentrennung, die so genannte Apartheid. Mit diesem Gesetz wurden die meisten verfassungsm\u00e4\u00dfigen Rechte der Schwarzen abgeschafft, es wurden Zwangsma\u00dfnahmen ergriffen, um Beziehungen zwischen den Rassen zu verhindern (sogar innerhalb der schwarzen Gemeinschaft, zwischen Bantu und Zulu), und auf diese Weise f\u00fchrte die wei\u00dfe Minderheit ein halbes Jahrhundert lang die Nation als ein einziges schreckliches Gef\u00e4ngnis, in dem es nur wenig brauchte, um get\u00f6tet oder zu lebenslanger Zwangsarbeit verurteilt zu werden<a href=\"#_ftn2\" name=\"_ftnref2\">[2]<\/a>.<\/p>\n<p>In diesem Jahrhundert hat sich nicht nur Afrika, sondern die ganze Welt tiefgreifend ver\u00e4ndert. Als wir 1989 den Zusammenbruch der Sowjetunion und ihre innere und \u00e4u\u00dfere Zersplitterung (mit dem Ende ihrer internationalen Einflusssph\u00e4re) erleben, stellen wir schmerzlich fest, dass die Lektion des Zweiten Weltkriegs nicht gelernt oder vergessen wurde: Der jugoslawische B\u00fcrgerkrieg zeigt, dass ethnische Gruppen st\u00e4rker sind als nationale Interessen, und dies gilt umso mehr f\u00fcr den dunklen Kontinent, wo die nationalen Grenzen in den Jahrhunderten des Kolonialismus mit Bleistift und Lineal gezogen wurden, ohne die Realit\u00e4t der einheimischen Bev\u00f6lkerung zu ber\u00fccksichtigen.<\/p>\n<p><strong><img loading=\"lazy\" class=\"aligncenter size-full wp-image-1942\" src=\"https:\/\/ibiworld.eu\/de\/wp-content\/uploads\/2022\/01\/EDIT06-02.jpg\" alt=\"\" width=\"792\" height=\"990\" srcset=\"https:\/\/ibiworld.eu\/de\/wp-content\/uploads\/2022\/01\/EDIT06-02.jpg 792w, https:\/\/ibiworld.eu\/de\/wp-content\/uploads\/2022\/01\/EDIT06-02-240x300.jpg 240w, https:\/\/ibiworld.eu\/de\/wp-content\/uploads\/2022\/01\/EDIT06-02-768x960.jpg 768w, https:\/\/ibiworld.eu\/de\/wp-content\/uploads\/2022\/01\/EDIT06-02-600x750.jpg 600w\" sizes=\"(max-width: 792px) 100vw, 792px\" \/>24. Juni 1995: Pr\u00e4sident Nelson Mandela, der die M\u00fctze und das Trikot der Springboks tr\u00e4gt, sch\u00fcttelt dem Kapit\u00e4n der Weltmeistermannschaft, Fran\u00e7ois Pienaar, die Hand<\/strong><a href=\"#_ftn3\" name=\"_ftnref3\"><strong>[3]<\/strong><\/a><\/p>\n<p>S\u00fcdafrika ist eines der ersten L\u00e4nder, das einen tiefgreifenden Wandel erlebt: Nach den Jahren der rassistischen Grausamkeit von Pr\u00e4sident Pieter Willem Botha, bekannt als das gro\u00dfe Krokodil, beschlie\u00dft der neue Pr\u00e4sident Frederik Willem De Klerk, dass es f\u00fcr das \u00dcberleben der Wirtschaft notwendig ist, das internationale Embargo aufzuheben, das seit Jahren schwer auf dem Wohl des Landes lastet. Er leitete eine \u00dcbergangsphase ein und nahm Verhandlungen mit Nelson Mandela auf, dem ber\u00fchmtesten und gem\u00e4\u00dfigtesten Vertreter des ANC, der Organisation, in der alle schwarzen St\u00e4mme S\u00fcdafrikas f\u00fcr die Freiheit k\u00e4mpfen.<\/p>\n<p>Mandela sitzt seit fast 28 Jahren im Gef\u00e4ngnis. Der Marxist und stolze Angeh\u00f6rige der k\u00f6niglichen Familie Thembu vom Stamm der Xhosa bildete 1990 zusammen mit De Klerk die erste rassen\u00fcbergreifende Regierung, in der er sich vor allem f\u00fcr die Verurteilung der Apartheid-Folterer einsetzte, aber auch f\u00fcr die Schaffung der Voraussetzungen f\u00fcr eine Nation, in der Wei\u00dfe, Bantu und Zulus in Frieden zusammenleben k\u00f6nnen<a href=\"#_ftn4\" name=\"_ftnref4\">[4]<\/a>. Dies beinhaltet eine Reihe von proaktiven Ma\u00dfnahmen und Kompromissen, die (teilweise) auf epische und romantische Weise in Clint Eastwoods Film &#8222;Invictus&#8220; \u00fcber die Rugby-Weltmeisterschaft 1995 erz\u00e4hlt werden, die trotz aller Widrigkeiten von einer gemischten s\u00fcdafrikanischen Nationalmannschaft gewonnen wurde, zum ersten Mal unter den Farben der neuen Regenbogenflagge<a href=\"#_ftn5\" name=\"_ftnref5\">[5]<\/a>.<\/p>\n<p>Das komplexeste Experiment der neuen Verfassung, die vom ANC (jetzt eine legitime politische Partei) und der neuen Demokratischen Partei (von Wei\u00dfen gef\u00fchrt) ausgearbeitet wurde, besteht darin, der legislativen Macht des Parlaments, der exekutiven Macht der Regierung und der judikativen Macht der Justiz eine vierte Macht hinzuzuf\u00fcgen: die monarchische Macht. Seit 1994 hat das Zulu-K\u00f6nigshaus unter der F\u00fchrung von K\u00f6nig Goodwill Zwelithini, der von 1969 bis zu seinem Tod (2021) im Amt war, in zunehmendem Ma\u00dfe ein Vetorecht bei vielen parlamentarischen Entscheidungen erworben (insbesondere bei Entscheidungen, die die Provinz KwaZulu-Natal betreffen, in der die Monarchie ihren Sitz hat)<a href=\"#_ftn6\" name=\"_ftnref6\">[6]<\/a>. Er gr\u00fcndete seine eigene Partei (IFP Inkatha Freedom Party<a href=\"#_ftn7\" name=\"_ftnref7\">[7]<\/a>), erwirkte Gesetze (Black Empowerment Laws<a href=\"#_ftn8\" name=\"_ftnref8\">[8]<\/a>) zur Umverteilung der Gewinne multinationaler Unternehmen und gr\u00fcndete seine eigene Stiftung, den Ingonyama Trust<a href=\"#_ftn9\" name=\"_ftnref9\">[9]<\/a>, um seinen immensen Reichtum (oft) unter Missachtung der staatlichen Gesetze zu verwalten<a href=\"#_ftn10\" name=\"_ftnref10\">[10]<\/a>.<\/p>\n<p>Mandela starb, bevor er den Zusammenbruch dessen erleben konnte, wozu er mit Liebe, Geduld, Intelligenz und M\u00e4\u00dfigung so viel beigetragen hatte: ein modernes und westliches Land, das von Afrikanern in Harmonie mit den Nachkommen der wei\u00dfen Kolonialisten gef\u00fchrt wird. Nach Jahren der Krise aufgrund der tiefen Korruption der ANC-F\u00fchrung waren die neun Jahre der Pr\u00e4sidentschaft von Jacob Zuma der H\u00f6hepunkt einer Abw\u00e4rtsparabel: Als Vertreter des Zulu-Stammes der Msholozi verwandelte Zuma die Macht des organisierten Verbrechens in eine alternative Macht zu der des Staates. Nach der Wahlniederlage 2018 und insbesondere nach dem Tod von K\u00f6nig Zwelithini startete Zuma ein ehrgeiziges und revoltierendes Programm zur Machtergreifung, zur Abkehr von der Demokratie und zur Ausnutzung aller internen Spannungen, um ein neues Imperium aufzubauen.<\/p>\n<p>Dies geschieht nicht ohne Gegenreaktion: Selbst ausl\u00e4ndische multinationale Unternehmen, die im Allgemeinen Stabilit\u00e4t fordern und aus diesem Grund oft diktatorische Regime lieben, sehen sich heute der Erpressung durch Banden barbarischer Gewalt ausgesetzt, die ohne jede Kontrolle herrschen, drohen und t\u00f6ten. Die demokratische Gemeinschaft leidet vor allem unter der tiefgreifenden Schw\u00e4che des ANC, die in der Korruption seines gesamten politischen und administrativen Apparates begr\u00fcndet liegt, und bereitet sich auf das Schlimmste vor. Und sie warnt zu Recht: Was heute in S\u00fcdafrika geschieht, k\u00f6nnte bald auch anderswo passieren &#8211; sogar in Europa.<\/p>\n<p>&nbsp;<\/p>\n<p><a href=\"#_ftnref1\" name=\"_ftn1\">[1]<\/a> <a href=\"https:\/\/www.history.com\/topics\/africa\/apartheid\">https:\/\/www.history.com\/topics\/africa\/apartheid<\/a><\/p>\n<p><a href=\"#_ftnref2\" name=\"_ftn2\">[2]<\/a> <a href=\"https:\/\/www.britannica.com\/topic\/apartheid\">https:\/\/www.britannica.com\/topic\/apartheid<\/a><\/p>\n<p><a href=\"#_ftnref3\" name=\"_ftn3\">[3]<\/a> <a href=\"https:\/\/www.ilpost.it\/2013\/12\/07\/mandela-rugby-sudafrica-1995\/\">https:\/\/www.ilpost.it\/2013\/12\/07\/mandela-rugby-sudafrica-1995\/<\/a><\/p>\n<p><a href=\"#_ftnref4\" name=\"_ftn4\">[4]<\/a> Anthony Sampson, \u201c<em>Mandela, the authorized biography<\/em>\u201d, Harper &amp; Collins, London 2011<\/p>\n<p><a href=\"#_ftnref5\" name=\"_ftn5\">[5]<\/a> <a href=\"https:\/\/www.youtube.com\/watch?v=yM4_TrGFfwo\">https:\/\/www.youtube.com\/watch?v=yM4_TrGFfwo<\/a><\/p>\n<p><a href=\"#_ftnref6\" name=\"_ftn6\">[6]<\/a> <a href=\"https:\/\/www.thesouthafrican.com\/news\/goodwill-zwelithini-five-quick-facts-about-zulu-king\/\">https:\/\/www.thesouthafrican.com\/news\/goodwill-zwelithini-five-quick-facts-about-zulu-king\/<\/a><\/p>\n<p><a href=\"#_ftnref7\" name=\"_ftn7\">[7]<\/a> <a href=\"https:\/\/www.ifp.org.za\/\">https:\/\/www.ifp.org.za\/<\/a><\/p>\n<p><a href=\"#_ftnref8\" name=\"_ftn8\">[8]<\/a> <a href=\"https:\/\/www.gov.za\/faq\/finance-business\/where-do-i-find-information-broad-based-black-economic-empowerment-bee\">https:\/\/www.gov.za\/faq\/finance-business\/where-do-i-find-information-broad-based-black-economic-empowerment-bee<\/a><\/p>\n<p><a href=\"#_ftnref9\" name=\"_ftn9\">[9]<\/a> <a href=\"http:\/\/www.ingonyamatrust.org.za\/\">http:\/\/www.ingonyamatrust.org.za\/<\/a><\/p>\n<p><a href=\"#_ftnref10\" name=\"_ftn10\">[10]<\/a> <a href=\"https:\/\/www.news24.com\/News24\/Zulu-king-wants-R18m-for-more-palaces-20120905\">https:\/\/www.news24.com\/News24\/Zulu-king-wants-R18m-for-more-palaces-20120905<\/a>[\/vc_column_text][\/vc_column][vc_column width=&#8220;1\/3&#8243;][vc_column_text]<form  class=\"is-search-form is-form-style is-form-style-3 is-form-id-411 \" action=\"https:\/\/ibiworld.eu\/de\/\" method=\"get\" role=\"search\" ><label for=\"is-search-input-411\"><span class=\"is-screen-reader-text\">Search for:<\/span><input  type=\"search\" id=\"is-search-input-411\" name=\"s\" value=\"\" class=\"is-search-input\" placeholder=\"SUCHE HIER...\" autocomplete=off \/><\/label><button type=\"submit\" class=\"is-search-submit\"><span class=\"is-screen-reader-text\">Search Button<\/span><span class=\"is-search-icon\"><svg focusable=\"false\" aria-label=\"Search\" xmlns=\"http:\/\/www.w3.org\/2000\/svg\" viewBox=\"0 0 24 24\" width=\"24px\"><path d=\"M15.5 14h-.79l-.28-.27C15.41 12.59 16 11.11 16 9.5 16 5.91 13.09 3 9.5 3S3 5.91 3 9.5 5.91 16 9.5 16c1.61 0 3.09-.59 4.23-1.57l.27.28v.79l5 4.99L20.49 19l-4.99-5zm-6 0C7.01 14 5 11.99 5 9.5S7.01 5 9.5 5 14 7.01 14 9.5 11.99 14 9.5 14z\"><\/path><\/svg><\/span><\/button><input type=\"hidden\" name=\"id\" value=\"411\" \/><\/form>[\/vc_column_text][vc_wp_categories title=&#8220;ARCHIV&#8220; options=&#8220;dropdown,count,hierarchical&#8220;][vc_column_text]\n<h2>ARTIKEL<\/h2>\n[\/vc_column_text]<div class=\"widget widget_latest_posts\">\t\t\t<div class=\"latest_posts\">\n\t\t\t<ul class=\"small-thumb\">\n\t\t\t\t\t\t\t\t\t<li>\n\t\t\t\t\t\t<div class=\"small-custom-frame-wrapper alignleft\"><div class=\"custom-frame-inner-wrapper\"><div class=\"custom-frame-padding\"><a href=\"https:\/\/ibiworld.eu\/de\/omega-risk-die-soeldnerversoehnung\/\" title=\"OMEGA RISK, DIE S\u00d6LDNERVERS\u00d6HNUNG\"><img src=\"https:\/\/ibiworld.eu\/de\/wp-content\/uploads\/2023\/08\/SVE020-01-60x60_c.jpg\" width=\"60\" height=\"60\" alt=\"OMEGA RISK, DIE S\u00d6LDNERVERS\u00d6HNUNG\" \/><\/a><\/div><\/div><\/div>\t\t\t\t\t\t<a class=\"teaser-title\" title=\"OMEGA RISK, DIE S\u00d6LDNERVERS\u00d6HNUNG\" href=\"https:\/\/ibiworld.eu\/de\/omega-risk-die-soeldnerversoehnung\/\">OMEGA RISK, DIE S\u00d6LDNERVERS\u00d6HNUNG<\/a>\n\t\t\t\t\t\t\t\t\t\t\t\t\t\t\t\t\t\t\t\t\t\t\t\t\t\t\t<div class=\"date-author\">21 August 2023 by <a href=\"https:\/\/ibiworld.eu\/de\/author\/ibi-world-schweden\/\" title=\"Beitr\u00e4ge von IBI World Schweden\" rel=\"author\">IBI World Schweden<\/a> <\/div>\n\t\t\t\t\t\t\t\t\t\t\t\t<div class=\"teaser-content\">\n\t\t\t\t\t\tDrei\u00dfig Jahre nach dem Ende der Apartheid ist S\u00fcdafrika nach wie vor ein riesiges Freiluftlabor dessen, was Afrika sein k\u00f6nnte...\t\t\t\t\t\t<\/div>\n\t\t\t\t\t\t\t\t\t\t\t\t<div class=\"clear\"><\/div>\n\t\t\t\t\t<\/li>\n\t\t\t\t\t\t\t\t\t\t<li>\n\t\t\t\t\t\t<div class=\"small-custom-frame-wrapper alignleft\"><div class=\"custom-frame-inner-wrapper\"><div class=\"custom-frame-padding\"><a href=\"https:\/\/ibiworld.eu\/de\/die-schmutzigen-und-italienischen-rubine-von-mosambik\/\" title=\"DIE SCHMUTZIGEN (UND ITALIENISCHEN) RUBINE VON MOSAMBIK\"><img src=\"https:\/\/ibiworld.eu\/de\/wp-content\/uploads\/2023\/07\/UK016-01-60x60_c.jpg\" width=\"60\" height=\"60\" alt=\"DIE SCHMUTZIGEN (UND ITALIENISCHEN) RUBINE VON MOSAMBIK\" \/><\/a><\/div><\/div><\/div>\t\t\t\t\t\t<a class=\"teaser-title\" title=\"DIE SCHMUTZIGEN (UND ITALIENISCHEN) RUBINE VON MOSAMBIK\" href=\"https:\/\/ibiworld.eu\/de\/die-schmutzigen-und-italienischen-rubine-von-mosambik\/\">DIE SCHMUTZIGEN (UND ITALIENISCHEN) RUBINE VON MOSAMBIK<\/a>\n\t\t\t\t\t\t\t\t\t\t\t\t\t\t\t\t\t\t\t\t\t\t\t\t\t\t\t<div class=\"date-author\">24 Juli 2023 by <a href=\"https:\/\/ibiworld.eu\/de\/author\/ibi-world-grossbritannien\/\" title=\"Beitr\u00e4ge von IBI World Grossbritannien\" rel=\"author\">IBI World Grossbritannien<\/a> <\/div>\n\t\t\t\t\t\t\t\t\t\t\t\t<div class=\"teaser-content\">\n\t\t\t\t\t\t&nbsp; Die afrikanische Bergbauwelt, und nicht nur die, ist die H\u00f6lle. Aber sie ist nicht sehr bekannt. Es gibt Namen,...\t\t\t\t\t\t<\/div>\n\t\t\t\t\t\t\t\t\t\t\t\t<div class=\"clear\"><\/div>\n\t\t\t\t\t<\/li>\n\t\t\t\t\t\t\t\t\t\t<li>\n\t\t\t\t\t\t<div class=\"small-custom-frame-wrapper alignleft\"><div class=\"custom-frame-inner-wrapper\"><div class=\"custom-frame-padding\"><a href=\"https:\/\/ibiworld.eu\/de\/suedafrika-der-schatten-des-verbrechens-hinter-dem-praesidentenskandal\/\" title=\"S\u00dcDAFRIKA: DER SCHATTEN DES VERBRECHENS HINTER DEM PR\u00c4SIDENTENSKANDAL\"><img src=\"https:\/\/ibiworld.eu\/de\/wp-content\/uploads\/2022\/12\/USA016-01-60x60_c.jpg\" width=\"60\" height=\"60\" alt=\"S\u00dcDAFRIKA: DER SCHATTEN DES VERBRECHENS HINTER DEM PR\u00c4SIDENTENSKANDAL\" \/><\/a><\/div><\/div><\/div>\t\t\t\t\t\t<a class=\"teaser-title\" title=\"S\u00dcDAFRIKA: DER SCHATTEN DES VERBRECHENS HINTER DEM PR\u00c4SIDENTENSKANDAL\" href=\"https:\/\/ibiworld.eu\/de\/suedafrika-der-schatten-des-verbrechens-hinter-dem-praesidentenskandal\/\">S\u00dcDAFRIKA: DER SCHATTEN DES VERBRECHENS HINTER DEM PR\u00c4SIDENTENSKANDAL<\/a>\n\t\t\t\t\t\t\t\t\t\t\t\t\t\t\t\t\t\t\t\t\t\t\t\t\t\t\t<div class=\"date-author\">7 Dezember 2022 by <a href=\"https:\/\/ibiworld.eu\/de\/author\/ibi-world-grossbritannien\/\" title=\"Beitr\u00e4ge von IBI World Grossbritannien\" rel=\"author\">IBI World Grossbritannien<\/a> <\/div>\n\t\t\t\t\t\t\t\t\t\t\t\t<div class=\"teaser-content\">\n\t\t\t\t\t\tDer s\u00fcdafrikanische Pr\u00e4sident Cyril Ramaphosa ist einem Verfahren, das zu seinem R\u00fccktritt f\u00fchren wird, einen Schritt n\u00e4her gekommen. Wie im...\t\t\t\t\t\t<\/div>\n\t\t\t\t\t\t\t\t\t\t\t\t<div class=\"clear\"><\/div>\n\t\t\t\t\t<\/li>\n\t\t\t\t\t\t\t\t\t\t<li>\n\t\t\t\t\t\t<div class=\"small-custom-frame-wrapper alignleft\"><div class=\"custom-frame-inner-wrapper\"><div class=\"custom-frame-padding\"><a href=\"https:\/\/ibiworld.eu\/de\/der-gupta-klan-und-die-pluenderung-suedafrikas\/\" title=\"DER GUPTA-KLAN UND DIE PL\u00dcNDERUNG S\u00dcDAFRIKAS\"><img src=\"https:\/\/ibiworld.eu\/de\/wp-content\/uploads\/2022\/07\/UK030-01-60x60_c.jpg\" width=\"60\" height=\"60\" alt=\"DER GUPTA-KLAN UND DIE PL\u00dcNDERUNG S\u00dcDAFRIKAS\" \/><\/a><\/div><\/div><\/div>\t\t\t\t\t\t<a class=\"teaser-title\" title=\"DER GUPTA-KLAN UND DIE PL\u00dcNDERUNG S\u00dcDAFRIKAS\" href=\"https:\/\/ibiworld.eu\/de\/der-gupta-klan-und-die-pluenderung-suedafrikas\/\">DER GUPTA-KLAN UND DIE PL\u00dcNDERUNG S\u00dcDAFRIKAS<\/a>\n\t\t\t\t\t\t\t\t\t\t\t\t\t\t\t\t\t\t\t\t\t\t\t\t\t\t\t<div class=\"date-author\">22 Juli 2022 by <a href=\"https:\/\/ibiworld.eu\/de\/author\/ibi-world-grossbritannien\/\" title=\"Beitr\u00e4ge von IBI World Grossbritannien\" rel=\"author\">IBI World Grossbritannien<\/a> <\/div>\n\t\t\t\t\t\t\t\t\t\t\t\t<div class=\"teaser-content\">\n\t\t\t\t\t\tVor einigen Monaten haben wir \u00fcber die Unruhen in KwaZulu-Natal geschrieben und dar\u00fcber, wie der ehemalige Pr\u00e4sident Zuma und seine...\t\t\t\t\t\t<\/div>\n\t\t\t\t\t\t\t\t\t\t\t\t<div class=\"clear\"><\/div>\n\t\t\t\t\t<\/li>\n\t\t\t\t\t\t\t\t\t\t<li>\n\t\t\t\t\t\t<div class=\"small-custom-frame-wrapper alignleft\"><div class=\"custom-frame-inner-wrapper\"><div class=\"custom-frame-padding\"><a href=\"https:\/\/ibiworld.eu\/de\/wie-jacob-zuma-sich-auf-einen-buergerkrieg-vorbereitet\/\" title=\"WIE JACOB ZUMA SICH AUF EINEN B\u00dcRGERKRIEG VORBEREITET\"><img src=\"https:\/\/ibiworld.eu\/de\/wp-content\/uploads\/2022\/01\/UK013-01-60x60_c.jpg\" width=\"60\" height=\"60\" alt=\"WIE JACOB ZUMA SICH AUF EINEN B\u00dcRGERKRIEG VORBEREITET\" \/><\/a><\/div><\/div><\/div>\t\t\t\t\t\t<a class=\"teaser-title\" title=\"WIE JACOB ZUMA SICH AUF EINEN B\u00dcRGERKRIEG VORBEREITET\" href=\"https:\/\/ibiworld.eu\/de\/wie-jacob-zuma-sich-auf-einen-buergerkrieg-vorbereitet\/\">WIE JACOB ZUMA SICH AUF EINEN B\u00dcRGERKRIEG VORBEREITET<\/a>\n\t\t\t\t\t\t\t\t\t\t\t\t\t\t\t\t\t\t\t\t\t\t\t\t\t\t\t<div class=\"date-author\">13 Januar 2022 by <a href=\"https:\/\/ibiworld.eu\/de\/author\/ibi-world-grossbritannien\/\" title=\"Beitr\u00e4ge von IBI World Grossbritannien\" rel=\"author\">IBI World Grossbritannien<\/a> <\/div>\n\t\t\t\t\t\t\t\t\t\t\t\t<div class=\"teaser-content\">\n\t\t\t\t\t\tDer Traum von Madiba ist tot. Seit fast vier Jahren steht das demokratische System S\u00fcdafrikas kurz vor dem Zusammenbruch. Armut,...\t\t\t\t\t\t<\/div>\n\t\t\t\t\t\t\t\t\t\t\t\t<div class=\"clear\"><\/div>\n\t\t\t\t\t<\/li>\n\t\t\t\t\t\t\t\t\t\t<li>\n\t\t\t\t\t\t<div class=\"small-custom-frame-wrapper alignleft\"><div class=\"custom-frame-inner-wrapper\"><div class=\"custom-frame-padding\"><a href=\"https:\/\/ibiworld.eu\/de\/kwazulu-natal-die-letzte-grosse-schwarze-monarchie\/\" title=\"KWAZULU-NATAL, DIE LETZTE GRO\u00dfE SCHWARZE MONARCHIE\"><img src=\"https:\/\/ibiworld.eu\/de\/wp-content\/uploads\/2022\/01\/UK012-01-scaled-60x60_c.jpg\" width=\"60\" height=\"60\" alt=\"KWAZULU-NATAL, DIE LETZTE GRO\u00dfE SCHWARZE MONARCHIE\" \/><\/a><\/div><\/div><\/div>\t\t\t\t\t\t<a class=\"teaser-title\" title=\"KWAZULU-NATAL, DIE LETZTE GRO\u00dfE SCHWARZE MONARCHIE\" href=\"https:\/\/ibiworld.eu\/de\/kwazulu-natal-die-letzte-grosse-schwarze-monarchie\/\">KWAZULU-NATAL, DIE LETZTE GRO\u00dfE SCHWARZE MONARCHIE<\/a>\n\t\t\t\t\t\t\t\t\t\t\t\t\t\t\t\t\t\t\t\t\t\t\t\t\t\t\t<div class=\"date-author\">5 Januar 2022 by <a href=\"https:\/\/ibiworld.eu\/de\/author\/ibi-world-grossbritannien\/\" title=\"Beitr\u00e4ge von IBI World Grossbritannien\" rel=\"author\">IBI World Grossbritannien<\/a> <\/div>\n\t\t\t\t\t\t\t\t\t\t\t\t<div class=\"teaser-content\">\n\t\t\t\t\t\tObwohl wir in einer eurozentrischen Kultur aufgewachsen sind, wissen wir heute, dass zur Zeit der R\u00f6mer und Griechen in Afrika...\t\t\t\t\t\t<\/div>\n\t\t\t\t\t\t\t\t\t\t\t\t<div class=\"clear\"><\/div>\n\t\t\t\t\t<\/li>\n\t\t\t\t\t\t\t\t\t\t<li>\n\t\t\t\t\t\t<div class=\"small-custom-frame-wrapper alignleft\"><div class=\"custom-frame-inner-wrapper\"><div class=\"custom-frame-padding\"><a href=\"https:\/\/ibiworld.eu\/de\/wie-suedafrika-seinen-al-capone-aufbaut\/\" title=\"WIE S\u00dcDAFRIKA SEINEN AL CAPONE AUFBAUT\"><img src=\"https:\/\/ibiworld.eu\/de\/wp-content\/uploads\/2021\/11\/ESP005-01-60x60_c.jpg\" width=\"60\" height=\"60\" alt=\"WIE S\u00dcDAFRIKA SEINEN AL CAPONE AUFBAUT\" \/><\/a><\/div><\/div><\/div>\t\t\t\t\t\t<a class=\"teaser-title\" title=\"WIE S\u00dcDAFRIKA SEINEN AL CAPONE AUFBAUT\" href=\"https:\/\/ibiworld.eu\/de\/wie-suedafrika-seinen-al-capone-aufbaut\/\">WIE S\u00dcDAFRIKA SEINEN AL CAPONE AUFBAUT<\/a>\n\t\t\t\t\t\t\t\t\t\t\t\t\t\t\t\t\t\t\t\t\t\t\t\t\t\t\t<div class=\"date-author\">21 November 2021 by <a href=\"https:\/\/ibiworld.eu\/de\/author\/ibi-world-spanien\/\" title=\"Beitr\u00e4ge von IBI World Spanien\" rel=\"author\">IBI World Spanien<\/a> <\/div>\n\t\t\t\t\t\t\t\t\t\t\t\t<div class=\"teaser-content\">\n\t\t\t\t\t\tVor etwas mehr als 30 Jahren, am 30. Juni 1991, hob das s\u00fcdafrikanische Parlament die menschenverachtenden Apartheidgesetze auf: Bis zu...\t\t\t\t\t\t<\/div>\n\t\t\t\t\t\t\t\t\t\t\t\t<div class=\"clear\"><\/div>\n\t\t\t\t\t<\/li>\n\t\t\t\t\t\t\t\t<\/ul>\n\t\t\t<\/div><!-- end widget_recent_posts -->\n\t\t\t<\/div>[\/vc_column][\/vc_row]\n","protected":false},"excerpt":{"rendered":"<p>[vc_row][vc_column width=&#8220;2\/3&#8243;][vc_empty_space height=&#8220;63px&#8220;][vc_column_text] EDITORIAL: DIE ZULUS: DAS VERSUCHSKANINCHENVOLK UND DER NIEDERGANG DER NATIONALSTAATEN &nbsp; In jeder Epoche der langen Geschichte der menschlichen Zivilisation kam es vor, dass ein bestimmtes Gebiet aus Gr\u00fcnden des wirtschaftlichen und milit\u00e4rischen Gleichgewichts in ein Freiluftlabor verwandelt wurde. Zum Beispiel Italien &#8211; ein<\/p>\n","protected":false},"author":1,"featured_media":0,"parent":0,"menu_order":0,"comment_status":"closed","ping_status":"closed","template":"page-FullWidth.php","meta":[],"_links":{"self":[{"href":"https:\/\/ibiworld.eu\/de\/wp-json\/wp\/v2\/pages\/1926"}],"collection":[{"href":"https:\/\/ibiworld.eu\/de\/wp-json\/wp\/v2\/pages"}],"about":[{"href":"https:\/\/ibiworld.eu\/de\/wp-json\/wp\/v2\/types\/page"}],"author":[{"embeddable":true,"href":"https:\/\/ibiworld.eu\/de\/wp-json\/wp\/v2\/users\/1"}],"replies":[{"embeddable":true,"href":"https:\/\/ibiworld.eu\/de\/wp-json\/wp\/v2\/comments?post=1926"}],"version-history":[{"count":6,"href":"https:\/\/ibiworld.eu\/de\/wp-json\/wp\/v2\/pages\/1926\/revisions"}],"predecessor-version":[{"id":2318,"href":"https:\/\/ibiworld.eu\/de\/wp-json\/wp\/v2\/pages\/1926\/revisions\/2318"}],"wp:attachment":[{"href":"https:\/\/ibiworld.eu\/de\/wp-json\/wp\/v2\/media?parent=1926"}],"curies":[{"name":"wp","href":"https:\/\/api.w.org\/{rel}","templated":true}]}}