{"id":131,"date":"2020-08-14T01:36:20","date_gmt":"2020-08-13T23:36:20","guid":{"rendered":"http:\/\/ibiworld.eu\/de\/?page_id=131"},"modified":"2023-10-02T00:34:03","modified_gmt":"2023-10-01T22:34:03","slug":"startseite","status":"publish","type":"page","link":"https:\/\/ibiworld.eu\/de\/","title":{"rendered":"STARTSEITE"},"content":{"rendered":"[vc_row][vc_column][vc_column_text]\n<h4>Wir wurden in einer Welt hineingeboren, die sich inmitten eines industriellen Aufschwungs befand, in der der Gesamtmehrwert &#8211; zumindest im Westen &#8211; im Gleichschritt mit der Produktionssteigerung, dem wissenschaftlichen und technischen Fortschritt und der neuen Verf\u00fcgbarkeit von Logistik und Vertrieb wuchs. In dieser Welt musste der Binnenmarkt auf jede erdenkliche Weise unterst\u00fctzt werden, denn die wachsende Produktion brauchte Abnehmer, und die Arbeiterklasse, die f\u00fcr die Gew\u00e4hrleistung dieses Wachstums von grundlegender Bedeutung war, hatte eine au\u00dferordentliche Verhandlungsmacht. Es war eine Welt von B\u00fcrgern, die von zwei gigantischen supranationalen M\u00e4chten (den Vereinigten Staaten und der Sowjetunion) verfolgt wurden, die \u00fcber fremde V\u00f6lker entschieden, ohne ihnen eine Wahl oder ein Stimmrecht zu geben, die Regierungen bildeten und wieder absetzten, die kritische Seelen folterten und t\u00f6teten, die Panzer auf die Stra\u00dfe brachten und Sie in einen Gulag oder in ein Umerziehungslager in Guantanamo schickten.<br \/>\nDann kam 1973, und diese Welt ging zu Ende &#8211; im Osten wie im Westen. Gerald Ford l\u00f6ste zun\u00e4chst Spiro Agnew und dann Richard Nixon ab, der in den Watergate-Skandal verwickelt war. In vielen schw\u00e4cheren L\u00e4ndern gab es gewaltsame Regimewechsel (Chile, DDR usw.). In Italien, Deutschland und anderen europ\u00e4ischen L\u00e4ndern begannen die Jahre des Bleis und die Jahre von Gladio. Die gewerkschaftliche Vertretung ist aus verschiedenen Gr\u00fcnden in eine Krise geraten. Aus dieser Krise ist eine neue Welt entstanden, die Finanzwelt, die unabh\u00e4ngig von der Produktion Geld aus Geld schafft. Den Menschen wurde gesagt, es sei lahm, sich bewusst zu sein, und die B\u00fcrger wurden zu Konsumenten gemacht. Den Menschen wurde gesagt, dass es lahm sei, zu studieren, sich zu informieren und auf die Stra\u00dfe zu gehen, und die Menschen versteckten sich in ihren H\u00e4usern und hinter Anrufen bei Thomas Gottschalk, und Ulrich Wickert verschwand aus dem Fernsehen und wurde durch Leute wie Johannes B. Kerner ersetzt.<br \/>\nDann kam 2008 der gro\u00dfe globale Bankenkollaps, und auch diese neue Welt ging zu Ende. Die Verbraucher sind zu Prek\u00e4ren, Vertriebenen, Migranten, Bettlern, Zwangsarbeitern, chronisch Arbeitslosen, Abgeh\u00e4ngten und Analphabeten geworden. Der Wert der W\u00e4hlerstimme wurde zunichte gemacht. Religion ist zum Fundamentalismus geworden, bei Christen, Muslimen und Juden gleicherma\u00dfen. Die Menschen glaubten weiterhin an das Geld, obwohl die eigentliche Botschaft lautete: Keine Produktion mehr, die Erde h\u00e4lt das nicht mehr aus. Keine Finanzspekulationen mehr, die regelm\u00e4\u00dfigen Zusammenbr\u00fcche hinterlassen eine Spur von Opfern, die sich nicht wehren k\u00f6nnen.<br \/>\nDas ist die Welt, in der wir heute leben. Weder Industrien, noch Banken, noch Parteien, noch Gewerkschaften z\u00e4hlen mehr. Nur Panzer z\u00e4hlen. Und es gibt keinen sicheren Ort, an dem man sich verstecken kann. Diese Website dient dazu, diese Welt zu erkl\u00e4ren: in ihrer ungeheuren Komplexit\u00e4t und erschreckenden Einfachheit.<\/h4>\n[\/vc_column_text][vc_empty_space height=&#8220;10px&#8220;][vc_column_text]\n<h3 style=\"text-align: justify;\"><span style=\"line-height: 1.5em;\">Seit 2004 ist <b>Info Brokers International<\/b> eine der weitaus vielf\u00e4ltigste Gemeinschaft von unabh\u00e4ngigen Rechercheure aus Italien, Deutschland, Russland und aus der Schweiz. Die leitende Pers\u00f6nlichkeiten kommen aus Jahrzehnten Wirtschaftsjournalismus oder aus der Finanzwelt. Unsere Kunden sind Banken, Industrien, Versicherungsgesellschaften, aber auch staatlichen Beh\u00f6rden und Rechtsanw\u00e4lte. Wir stellen zur Verf\u00fcgung ein imposanter Netz von freien MitarbeiterInnen, derer Kompetenz in s\u00e4mtlichen R\u00e4ume der Wirtschaft, der Justiz und der Politik reicht. Wir arbeiten vor allem in Europa, in Afrika und in Asien, unser Schwerpunkt liegt in der Untersuchung in den Offshore-Gerichtsbarkeiten.<\/span><\/h3>\n[\/vc_column_text][vc_empty_space][vc_column_text]\n<h2 style=\"text-align: center;\">Das Team<\/h2>\n[\/vc_column_text][vc_row_inner][vc_column_inner width=&#8220;1\/4&#8243;][vc_single_image image=&#8220;4957&#8243; img_size=&#8220;300&#215;300&#8243; alignment=&#8220;center&#8220;][vc_column_text]\n<h4 style=\"text-align: center;\"><strong>Paolo Fusi<\/strong><br \/>\nAnalyst\/Researcher, CEO\/Founder<br \/>\ndirector, member of the board (1959)<\/h4>\n[\/vc_column_text][\/vc_column_inner][vc_column_inner width=&#8220;1\/4&#8243;][vc_single_image image=&#8220;4959&#8243; img_size=&#8220;300&#215;300&#8243; alignment=&#8220;center&#8220;][vc_column_text]\n<h4 style=\"text-align: center;\"><strong>Claudio Oliva<\/strong><br \/>\nAnalyst\/Researcher<br \/>\ndirector, member of the board (1978)<\/h4>\n[\/vc_column_text][\/vc_column_inner][vc_column_inner width=&#8220;1\/4&#8243;][vc_single_image image=&#8220;4958&#8243; img_size=&#8220;300&#215;300&#8243; alignment=&#8220;center&#8220;][vc_column_text]\n<h4 style=\"text-align: center;\"><strong>Gelena Katkova<\/strong><br \/>\nAnalyst\/Researcher<br \/>\ndirector, member of the board (1983)<\/h4>\n[\/vc_column_text][\/vc_column_inner][vc_column_inner width=&#8220;1\/4&#8243;][vc_single_image image=&#8220;4960&#8243; img_size=&#8220;300&#215;300&#8243; alignment=&#8220;center&#8220;][vc_column_text]\n<h4 style=\"text-align: center;\"><strong>Simone Coccia<\/strong><br \/>\nAnalyst\/Researcher<br \/>\ndirector, member of the board (1964)<\/h4>\n[\/vc_column_text][\/vc_column_inner][\/vc_row_inner][\/vc_column][\/vc_row]\n","protected":false},"excerpt":{"rendered":"<p>[vc_row][vc_column][vc_column_text] Wir wurden in einer Welt hineingeboren, die sich inmitten eines industriellen Aufschwungs befand, in der der Gesamtmehrwert &#8211; zumindest im Westen &#8211; im Gleichschritt mit der Produktionssteigerung, dem wissenschaftlichen und technischen Fortschritt und der neuen Verf\u00fcgbarkeit von Logistik und Vertrieb wuchs. In dieser Welt musste der<\/p>\n","protected":false},"author":1,"featured_media":0,"parent":0,"menu_order":0,"comment_status":"closed","ping_status":"closed","template":"page-FullWidth.php","meta":[],"_links":{"self":[{"href":"https:\/\/ibiworld.eu\/de\/wp-json\/wp\/v2\/pages\/131"}],"collection":[{"href":"https:\/\/ibiworld.eu\/de\/wp-json\/wp\/v2\/pages"}],"about":[{"href":"https:\/\/ibiworld.eu\/de\/wp-json\/wp\/v2\/types\/page"}],"author":[{"embeddable":true,"href":"https:\/\/ibiworld.eu\/de\/wp-json\/wp\/v2\/users\/1"}],"replies":[{"embeddable":true,"href":"https:\/\/ibiworld.eu\/de\/wp-json\/wp\/v2\/comments?post=131"}],"version-history":[{"count":29,"href":"https:\/\/ibiworld.eu\/de\/wp-json\/wp\/v2\/pages\/131\/revisions"}],"predecessor-version":[{"id":4962,"href":"https:\/\/ibiworld.eu\/de\/wp-json\/wp\/v2\/pages\/131\/revisions\/4962"}],"wp:attachment":[{"href":"https:\/\/ibiworld.eu\/de\/wp-json\/wp\/v2\/media?parent=131"}],"curies":[{"name":"wp","href":"https:\/\/api.w.org\/{rel}","templated":true}]}}